{"id":6022,"date":"2015-03-17T13:25:52","date_gmt":"2015-03-17T13:25:52","guid":{"rendered":"http:\/\/localhost\/mobilus\/?page_id=6022"},"modified":"2015-05-06T07:39:55","modified_gmt":"2015-05-06T07:39:55","slug":"cosmo","status":"publish","type":"page","link":"https:\/\/mobilus.pl\/en\/technologie\/cosmo\/","title":{"rendered":"COSMO"},"content":{"rendered":"<div class=\"wpb-content-wrapper\">[vc_row css=\".vc_custom_1428582875505{margin-bottom: 50px !important;}\" parallax=\"no\" font_color=\"#ffffff\"][vc_column width=\"1\/1\" css=\".vc_custom_1428583712261{background-color: #b9b9b9 !important;}\"][vc_column_text]\n<h4><strong><span style=\"color: #ffffff;\">Si\u0142ownik Mobilus M35\u00a0ERS<\/span><\/strong><\/h4>\n[\/vc_column_text][\/vc_column][\/vc_row][vc_row css=\".vc_custom_1428923930194{margin-top: -30px !important;}\" parallax=\"no\"][vc_column width=\"1\/1\"][vc_gallery type=\"image_grid\" interval=\"3\" images=\"5869,5866,5875,5873,5874,5867\" onclick=\"link_no\" custom_links_target=\"_self\" img_size=\"full\"][vc_images_carousel images=\"6134,6135\" onclick=\"link_no\" custom_links_target=\"_self\" mode=\"horizontal\" speed=\"3000\" slides_per_view=\"1\" autoplay=\"yes\" img_size=\"full\" hide_prev_next_buttons=\"yes\" wrap=\"yes\"][\/vc_column][\/vc_row][vc_row css=\".vc_custom_1427372808712{margin-top: 15px !important;border-left-width: 1px !important;border-left-color: #c8c8c8 !important;}\" parallax=\"no\"][vc_column width=\"1\/1\"][vc_column_text css=\".vc_custom_1427372217034{margin-bottom: 0px !important;}\"]\n<h4><strong>Opis<\/strong><\/h4>\n[\/vc_column_text][vc_column_text]Si\u0142owniki 230 V~,\u00a0z elektronicznymi kra\u0144c\u00f3wkami, zintegrowanym, dwukierunkowym modu\u0142em radiowym i uk\u0142adem detekcji przeszk\u00f3d SENSO.[\/vc_column_text][\/vc_column][\/vc_row][vc_row css=\".vc_custom_1427372819496{margin-top: 15px !important;border-left-width: 1px !important;border-left-color: #c8c8c8 !important;}\" parallax=\"no\"][vc_column width=\"1\/1\"][vc_column_text css=\".vc_custom_1427373618665{margin-bottom: 0px !important;}\"]\n<h4><strong>Specyfikacja<\/strong><\/h4>\n[\/vc_column_text][vc_column_text css=\".vc_custom_1427644336413{margin-top: 0px !important;}\"]<div class=\"custom-table custom-table-2\">\n<table width=\"100%\">\n<thead>\n<tr>\n<th style=\"text-align: center;\">Model<\/th>\n<th style=\"text-align: center;\">\n<p class=\"p1\"><span class=\"s1\">min. \u015b<\/span>rednica rury nawojowej [ mm ]\n<\/th>\n<th style=\"text-align: center;\">[ Nm ]<\/th>\n<th style=\"text-align: center;\">[ rpm ]<\/th>\n<th style=\"text-align: center;\">[ W ]<\/th>\n<th style=\"text-align: center;\">D\u0142ugo\u015b\u0107 [ mm ]<\/th>\n<th style=\"text-align: center;\">Zasilanie<\/th>\n<\/tr>\n<\/thead>\n<tbody>\n<tr>\n<td style=\"text-align: center;\"><strong>MOBILUS M35\u00a0ERS 10\/14<\/strong><\/td>\n<td style=\"text-align: center;\">40<\/td>\n<td style=\"text-align: center;\">10<\/td>\n<td style=\"text-align: center;\">14<\/td>\n<td style=\"text-align: center;\">130<\/td>\n<td style=\"text-align: center;\">505<\/td>\n<td style=\"text-align: center;\">230 V~ 50 Hz<\/td>\n<\/tr>\n<tr>\n<td style=\"text-align: center;\"><strong>MOBILUS M35\u00a0ERS 13\/14<\/strong><\/td>\n<td style=\"text-align: center;\">40<\/td>\n<td style=\"text-align: center;\">13<\/td>\n<td style=\"text-align: center;\">14<\/td>\n<td style=\"text-align: center;\">160<\/td>\n<td style=\"text-align: center;\">505<\/td>\n<td style=\"text-align: center;\">230 V~ 50 Hz<\/td>\n<\/tr>\n<\/tbody>\n<\/table>\n<\/div>[\/vc_column_text][\/vc_column][\/vc_row][vc_row css=\".vc_custom_1427373511559{border-left-width: 1px !important;border-left-color: #c8c8c8 !important;}\" parallax=\"no\"][vc_column width=\"1\/1\"][vc_column_text css=\".vc_custom_1427371866186{margin-bottom: -1px !important;}\"]\n<h5>Wymiary<\/h5>\n[\/vc_column_text][vc_single_image image=\"6425\" border_color=\"grey\" img_link_target=\"_self\" img_size=\"full\" img_link_large=\"yes\"][vc_column_text css=\".vc_custom_1427484479515{margin-bottom: -1px !important;}\"]\n<h5>ADAPTACJE<\/h5>\n[\/vc_column_text][vc_row_inner][\/vc_row_inner][vc_column_inner width=\"1\/12\" css=\".vc_custom_1427484388692{margin-top: 0px !important;margin-right: 0px !important;margin-bottom: 0px !important;margin-left: 0px !important;padding-top: 0px !important;padding-right: 0px !important;padding-bottom: 0px !important;padding-left: 0px !important;}\"][vc_single_image image=\"6404\" border_color=\"grey\" img_link_target=\"_self\" img_size=\"100x125\" img_link_large=\"yes\"][vc_column_text css=\".vc_custom_1427485958070{margin-top: -25px !important;margin-right: 0px !important;margin-bottom: 0px !important;margin-left: 0px !important;padding-top: 0px !important;padding-right: 0px !important;padding-bottom: 0px !important;padding-left: 0px !important;}\"]\n<p style=\"text-align: center;\"><strong>PICO.020<\/strong><\/p>\n[\/vc_column_text][\/vc_column_inner][vc_column_inner width=\"1\/12\" css=\".vc_custom_1427484388692{margin-top: 0px !important;margin-right: 0px !important;margin-bottom: 0px !important;margin-left: 0px !important;padding-top: 0px !important;padding-right: 0px !important;padding-bottom: 0px !important;padding-left: 0px !important;}\"][vc_single_image image=\"6409\" border_color=\"grey\" img_link_target=\"_self\" img_size=\"100x125\" img_link_large=\"yes\"][vc_column_text css=\".vc_custom_1427485950991{margin-top: -25px !important;margin-right: 0px !important;margin-bottom: 0px !important;margin-left: 0px !important;padding-top: 0px !important;padding-right: 0px !important;padding-bottom: 0px !important;padding-left: 0px !important;}\"]\n<p style=\"text-align: center;\"><strong>PICO.029<\/strong><\/p>\n[\/vc_column_text][\/vc_column_inner][vc_column_inner width=\"1\/12\" css=\".vc_custom_1427484388692{margin-top: 0px !important;margin-right: 0px !important;margin-bottom: 0px !important;margin-left: 0px !important;padding-top: 0px !important;padding-right: 0px !important;padding-bottom: 0px !important;padding-left: 0px !important;}\"][vc_single_image image=\"6408\" border_color=\"grey\" img_link_target=\"_self\" img_size=\"100x125\" img_link_large=\"yes\"][vc_column_text css=\".vc_custom_1427485944509{margin-top: -25px !important;margin-right: 0px !important;margin-bottom: 0px !important;margin-left: 0px !important;padding-top: 0px !important;padding-right: 0px !important;padding-bottom: 0px !important;padding-left: 0px !important;}\"]\n<p style=\"text-align: center;\"><strong>PICO.025<\/strong><\/p>\n[\/vc_column_text][\/vc_column_inner][vc_column_inner width=\"1\/12\" css=\".vc_custom_1427484388692{margin-top: 0px !important;margin-right: 0px !important;margin-bottom: 0px !important;margin-left: 0px !important;padding-top: 0px !important;padding-right: 0px !important;padding-bottom: 0px !important;padding-left: 0px !important;}\"][vc_single_image image=\"6406\" border_color=\"grey\" img_link_target=\"_self\" img_size=\"100x125\" img_link_large=\"yes\"][vc_column_text css=\".vc_custom_1427485974478{margin-top: -25px !important;margin-right: 0px !important;margin-bottom: 0px !important;margin-left: 0px !important;padding-top: 0px !important;padding-right: 0px !important;padding-bottom: 0px !important;padding-left: 0px !important;}\"]\n<p style=\"text-align: center;\"><strong>PICO.022<\/strong><\/p>\n[\/vc_column_text][\/vc_column_inner][vc_column_inner width=\"1\/12\" css=\".vc_custom_1427484388692{margin-top: 0px !important;margin-right: 0px !important;margin-bottom: 0px !important;margin-left: 0px !important;padding-top: 0px !important;padding-right: 0px !important;padding-bottom: 0px !important;padding-left: 0px !important;}\"][vc_single_image image=\"6405\" border_color=\"grey\" img_link_target=\"_self\" img_size=\"100x125\" img_link_large=\"yes\"][vc_column_text css=\".vc_custom_1427650206421{margin-top: -25px !important;margin-right: 0px !important;margin-bottom: 0px !important;margin-left: 0px !important;padding-top: 0px !important;padding-right: 0px !important;padding-bottom: 0px !important;padding-left: 0px !important;}\"]\n<p style=\"text-align: center;\"><strong>PICO.021<\/strong><\/p>\n[\/vc_column_text][\/vc_column_inner][vc_column_inner width=\"1\/12\" css=\".vc_custom_1427484388692{margin-top: 0px !important;margin-right: 0px !important;margin-bottom: 0px !important;margin-left: 0px !important;padding-top: 0px !important;padding-right: 0px !important;padding-bottom: 0px !important;padding-left: 0px !important;}\"][vc_single_image image=\"6407\" border_color=\"grey\" img_link_target=\"_self\" img_size=\"100x125\" img_link_large=\"yes\"][vc_column_text css=\".vc_custom_1427650216373{margin-top: -25px !important;margin-right: 0px !important;margin-bottom: 0px !important;margin-left: 0px !important;padding-top: 0px !important;padding-right: 0px !important;padding-bottom: 0px !important;padding-left: 0px !important;}\"]\n<p style=\"text-align: center;\"><strong>PICO.023<\/strong><\/p>\n[\/vc_column_text][\/vc_column_inner][\/vc_column][\/vc_row][vc_row css=\".vc_custom_1427373573396{margin-top: 15px !important;border-left-width: 1px !important;border-left-color: #c8c8c8 !important;}\" parallax=\"no\"][vc_column width=\"1\/1\"][vc_column_text css=\".vc_custom_1427373656338{margin-bottom: -1px !important;}\"]\n<h4><strong>Do pobrania<\/strong><\/h4>\n[\/vc_column_text][\/vc_column][\/vc_row]\n<\/div>","protected":false},"excerpt":{"rendered":"<p>[vc_row css=&#8221;.vc_custom_1428582875505{margin-bottom: 50px !important;}&#8221; parallax=&#8221;no&#8221; font_color=&#8221;#ffffff&#8221;][vc_column width=&#8221;1\/1&#8243; css=&#8221;.vc_custom_1428583712261{background-color: #b9b9b9 !important;}&#8221;][vc_column_text]<br \/>\nSi\u0142ownik Mobilus M35\u00a0ERS<br \/>\n[\/vc_column_text][\/vc_column][\/vc_row][vc_row css=&#8221;.vc_custom_1428923930194{margin-top: -30px !important;}&#8221; parallax=&#8221;no&#8221;][vc_column width=&#8221;1\/1&#8243;][vc_gallery type=&#8221;image_grid&#8221; interval=&#8221;3&#8243; images=&#8221;5869,5866,5875,5873,5874,5867&#8243; onclick=&#8221;link_no&#8221; custom_links_target=&#8221;_self&#8221; img_size=&#8221;full&#8221;][vc_images_carousel images=&#8221;6134,6135&#8243; onclick=&#8221;link_no&#8221; custom_links_target=&#8221;_self&#8221; mode=&#8221;horizontal&#8221; speed=&#8221;3000&#8243; slides_per_view=&#8221;1&#8243; autoplay=&#8221;yes&#8221; img_size=&#8221;full&#8221; hide_prev_next_buttons=&#8221;yes&#8221; wrap=&#8221;yes&#8221;][\/vc_column][\/vc_row][vc_row css=&#8221;.vc_custom_1427372808712{margin-top: 15px !important;border-left-width: 1px !important;border-left-color: #c8c8c8 !important;}&#8221; parallax=&#8221;no&#8221;][vc_column width=&#8221;1\/1&#8243;][vc_column_text css=&#8221;.vc_custom_1427372217034{margin-bottom: 0px !important;}&#8221;]<br \/>\nOpis<br \/>\n[\/vc_column_text][vc_column_text]Si\u0142owniki 230 V~,\u00a0z elektronicznymi kra\u0144c\u00f3wkami, zintegrowanym, dwukierunkowym modu\u0142em radiowym i uk\u0142adem detekcji przeszk\u00f3d SENSO.[\/vc_column_text][\/vc_column][\/vc_row][vc_row css=&#8221;.vc_custom_1427372819496{margin-top: 15px !important;border-left-width: 1px !important;border-left-color: #c8c8c8 !important;}&#8221; parallax=&#8221;no&#8221;][vc_column width=&#8221;1\/1&#8243;][vc_column_text css=&#8221;.vc_custom_1427373618665{margin-bottom: 0px !important;}&#8221;]<br \/>\nSpecyfikacja<br \/>\n[\/vc_column_text][vc_column_text css=&#8221;.vc_custom_1427644336413{margin-top: 0px !important;}&#8221;][\/vc_column_text][\/vc_column][\/vc_row][vc_row css=&#8221;.vc_custom_1427373511559{border-left-width: 1px !important;border-left-color: #c8c8c8 !important;}&#8221; parallax=&#8221;no&#8221;][vc_column width=&#8221;1\/1&#8243;][vc_column_text css=&#8221;.vc_custom_1427371866186{margin-bottom: -1px !important;}&#8221;]<br \/>\nWymiary<br \/>\n[\/vc_column_text][vc_single_image image=&#8221;6425&#8243; border_color=&#8221;grey&#8221; img_link_target=&#8221;_self&#8221; img_size=&#8221;full&#8221; img_link_large=&#8221;yes&#8221;][vc_column_text css=&#8221;.vc_custom_1427484479515{margin-bottom: -1px<\/p>\n","protected":false},"author":1,"featured_media":0,"parent":5408,"menu_order":0,"comment_status":"open","ping_status":"open","template":"page-sidebar-left.php","meta":{"footnotes":""},"class_list":["post-6022","page","type-page","status-publish","hentry"],"yoast_head":"<!-- This site is optimized with the Yoast SEO plugin v24.4 - https:\/\/yoast.com\/wordpress\/plugins\/seo\/ -->\n<title>COSMO - Mobilus Motor<\/title>\n<meta name=\"robots\" content=\"index, follow, max-snippet:-1, max-image-preview:large, max-video-preview:-1\" \/>\n<link rel=\"canonical\" href=\"https:\/\/mobilus.pl\/en\/technologie\/cosmo\/\" \/>\n<meta property=\"og:locale\" content=\"en_US\" \/>\n<meta property=\"og:type\" content=\"article\" \/>\n<meta property=\"og:title\" content=\"COSMO - Mobilus Motor\" \/>\n<meta property=\"og:description\" content=\"[vc_row css=&quot;.vc_custom_1428582875505{margin-bottom: 50px !important;}&quot; parallax=&quot;no&quot; font_color=&quot;#ffffff&quot;][vc_column width=&quot;1\/1&quot; css=&quot;.vc_custom_1428583712261{background-color: #b9b9b9 !important;}&quot;][vc_column_text] Si\u0142ownik Mobilus M35\u00a0ERS [\/vc_column_text][\/vc_column][\/vc_row][vc_row css=&quot;.vc_custom_1428923930194{margin-top: -30px !important;}&quot; parallax=&quot;no&quot;][vc_column width=&quot;1\/1&quot;][vc_gallery type=&quot;image_grid&quot; interval=&quot;3&quot; images=&quot;5869,5866,5875,5873,5874,5867&quot; onclick=&quot;link_no&quot; custom_links_target=&quot;_self&quot; img_size=&quot;full&quot;][vc_images_carousel images=&quot;6134,6135&quot; onclick=&quot;link_no&quot; custom_links_target=&quot;_self&quot; mode=&quot;horizontal&quot; speed=&quot;3000&quot; slides_per_view=&quot;1&quot; autoplay=&quot;yes&quot; img_size=&quot;full&quot; hide_prev_next_buttons=&quot;yes&quot; wrap=&quot;yes&quot;][\/vc_column][\/vc_row][vc_row css=&quot;.vc_custom_1427372808712{margin-top: 15px !important;border-left-width: 1px !important;border-left-color: #c8c8c8 !important;}&quot; parallax=&quot;no&quot;][vc_column width=&quot;1\/1&quot;][vc_column_text css=&quot;.vc_custom_1427372217034{margin-bottom: 0px !important;}&quot;] Opis [\/vc_column_text][vc_column_text]Si\u0142owniki 230 V~,\u00a0z elektronicznymi kra\u0144c\u00f3wkami, zintegrowanym, dwukierunkowym modu\u0142em radiowym i uk\u0142adem detekcji przeszk\u00f3d SENSO.[\/vc_column_text][\/vc_column][\/vc_row][vc_row css=&quot;.vc_custom_1427372819496{margin-top: 15px !important;border-left-width: 1px !important;border-left-color: #c8c8c8 !important;}&quot; parallax=&quot;no&quot;][vc_column width=&quot;1\/1&quot;][vc_column_text css=&quot;.vc_custom_1427373618665{margin-bottom: 0px !important;}&quot;] Specyfikacja [\/vc_column_text][vc_column_text css=&quot;.vc_custom_1427644336413{margin-top: 0px !important;}&quot;][\/vc_column_text][\/vc_column][\/vc_row][vc_row css=&quot;.vc_custom_1427373511559{border-left-width: 1px !important;border-left-color: #c8c8c8 !important;}&quot; parallax=&quot;no&quot;][vc_column width=&quot;1\/1&quot;][vc_column_text css=&quot;.vc_custom_1427371866186{margin-bottom: -1px !important;}&quot;] Wymiary [\/vc_column_text][vc_single_image image=&quot;6425&quot; border_color=&quot;grey&quot; img_link_target=&quot;_self&quot; img_size=&quot;full&quot; img_link_large=&quot;yes&quot;][vc_column_text css=&quot;.vc_custom_1427484479515{margin-bottom: -1px\" \/>\n<meta property=\"og:url\" content=\"https:\/\/mobilus.pl\/en\/technologie\/cosmo\/\" \/>\n<meta property=\"og:site_name\" content=\"Mobilus Motor\" \/>\n<meta property=\"article:publisher\" content=\"https:\/\/web.facebook.com\/mobiluspl\/\" \/>\n<meta property=\"article:modified_time\" content=\"2015-05-06T07:39:55+00:00\" \/>\n<meta name=\"twitter:card\" content=\"summary_large_image\" \/>\n<meta name=\"twitter:label1\" content=\"Est. reading time\" \/>\n\t<meta name=\"twitter:data1\" content=\"4 minutes\" \/>\n<script type=\"application\/ld+json\" class=\"yoast-schema-graph\">{\"@context\":\"https:\/\/schema.org\",\"@graph\":[{\"@type\":\"WebPage\",\"@id\":\"https:\/\/mobilus.pl\/en\/technologie\/cosmo\/\",\"url\":\"https:\/\/mobilus.pl\/en\/technologie\/cosmo\/\",\"name\":\"COSMO - Mobilus Motor\",\"isPartOf\":{\"@id\":\"https:\/\/mobilus.pl\/#website\"},\"datePublished\":\"2015-03-17T13:25:52+00:00\",\"dateModified\":\"2015-05-06T07:39:55+00:00\",\"breadcrumb\":{\"@id\":\"https:\/\/mobilus.pl\/en\/technologie\/cosmo\/#breadcrumb\"},\"inLanguage\":\"en-US\",\"potentialAction\":[{\"@type\":\"ReadAction\",\"target\":[\"https:\/\/mobilus.pl\/en\/technologie\/cosmo\/\"]}]},{\"@type\":\"BreadcrumbList\",\"@id\":\"https:\/\/mobilus.pl\/en\/technologie\/cosmo\/#breadcrumb\",\"itemListElement\":[{\"@type\":\"ListItem\",\"position\":1,\"name\":\"Strona g\u0142\u00f3wna\",\"item\":\"https:\/\/mobilus.pl\/\"},{\"@type\":\"ListItem\",\"position\":2,\"name\":\"Technology\",\"item\":\"https:\/\/mobilus.pl\/en\/technologie\/\"},{\"@type\":\"ListItem\",\"position\":3,\"name\":\"COSMO\"}]},{\"@type\":\"WebSite\",\"@id\":\"https:\/\/mobilus.pl\/#website\",\"url\":\"https:\/\/mobilus.pl\/\",\"name\":\"Mobilus Motor\",\"description\":\"enjoy the mobility\",\"publisher\":{\"@id\":\"https:\/\/mobilus.pl\/#organization\"},\"potentialAction\":[{\"@type\":\"SearchAction\",\"target\":{\"@type\":\"EntryPoint\",\"urlTemplate\":\"https:\/\/mobilus.pl\/?s={search_term_string}\"},\"query-input\":{\"@type\":\"PropertyValueSpecification\",\"valueRequired\":true,\"valueName\":\"search_term_string\"}}],\"inLanguage\":\"en-US\"},{\"@type\":\"Organization\",\"@id\":\"https:\/\/mobilus.pl\/#organization\",\"name\":\"Mobilus Motor\",\"url\":\"https:\/\/mobilus.pl\/\",\"logo\":{\"@type\":\"ImageObject\",\"inLanguage\":\"en-US\",\"@id\":\"https:\/\/mobilus.pl\/#\/schema\/logo\/image\/\",\"url\":\"https:\/\/mobilus.pl\/wp-content\/uploads\/2014\/09\/mobilus_2013_small.png\",\"contentUrl\":\"https:\/\/mobilus.pl\/wp-content\/uploads\/2014\/09\/mobilus_2013_small.png\",\"width\":180,\"height\":50,\"caption\":\"Mobilus Motor\"},\"image\":{\"@id\":\"https:\/\/mobilus.pl\/#\/schema\/logo\/image\/\"},\"sameAs\":[\"https:\/\/web.facebook.com\/mobiluspl\/\",\"https:\/\/www.instagram.com\/mobiluspl\/\",\"https:\/\/www.youtube.com\/channel\/UCB6ay8tvzv2HRlpIRqWaZeQ\"]}]}<\/script>\n<!-- \/ Yoast SEO plugin. -->","yoast_head_json":{"title":"COSMO - Mobilus Motor","robots":{"index":"index","follow":"follow","max-snippet":"max-snippet:-1","max-image-preview":"max-image-preview:large","max-video-preview":"max-video-preview:-1"},"canonical":"https:\/\/mobilus.pl\/en\/technologie\/cosmo\/","og_locale":"en_US","og_type":"article","og_title":"COSMO - Mobilus Motor","og_description":"[vc_row css=\".vc_custom_1428582875505{margin-bottom: 50px !important;}\" parallax=\"no\" font_color=\"#ffffff\"][vc_column width=\"1\/1\" css=\".vc_custom_1428583712261{background-color: #b9b9b9 !important;}\"][vc_column_text] Si\u0142ownik Mobilus M35\u00a0ERS [\/vc_column_text][\/vc_column][\/vc_row][vc_row css=\".vc_custom_1428923930194{margin-top: -30px !important;}\" parallax=\"no\"][vc_column width=\"1\/1\"][vc_gallery type=\"image_grid\" interval=\"3\" images=\"5869,5866,5875,5873,5874,5867\" onclick=\"link_no\" custom_links_target=\"_self\" img_size=\"full\"][vc_images_carousel images=\"6134,6135\" onclick=\"link_no\" custom_links_target=\"_self\" mode=\"horizontal\" speed=\"3000\" slides_per_view=\"1\" autoplay=\"yes\" img_size=\"full\" hide_prev_next_buttons=\"yes\" wrap=\"yes\"][\/vc_column][\/vc_row][vc_row css=\".vc_custom_1427372808712{margin-top: 15px !important;border-left-width: 1px !important;border-left-color: #c8c8c8 !important;}\" parallax=\"no\"][vc_column width=\"1\/1\"][vc_column_text css=\".vc_custom_1427372217034{margin-bottom: 0px !important;}\"] Opis [\/vc_column_text][vc_column_text]Si\u0142owniki 230 V~,\u00a0z elektronicznymi kra\u0144c\u00f3wkami, zintegrowanym, dwukierunkowym modu\u0142em radiowym i uk\u0142adem detekcji przeszk\u00f3d SENSO.[\/vc_column_text][\/vc_column][\/vc_row][vc_row css=\".vc_custom_1427372819496{margin-top: 15px !important;border-left-width: 1px !important;border-left-color: #c8c8c8 !important;}\" parallax=\"no\"][vc_column width=\"1\/1\"][vc_column_text css=\".vc_custom_1427373618665{margin-bottom: 0px !important;}\"] Specyfikacja [\/vc_column_text][vc_column_text css=\".vc_custom_1427644336413{margin-top: 0px !important;}\"][\/vc_column_text][\/vc_column][\/vc_row][vc_row css=\".vc_custom_1427373511559{border-left-width: 1px !important;border-left-color: #c8c8c8 !important;}\" parallax=\"no\"][vc_column width=\"1\/1\"][vc_column_text css=\".vc_custom_1427371866186{margin-bottom: -1px !important;}\"] Wymiary [\/vc_column_text][vc_single_image image=\"6425\" border_color=\"grey\" img_link_target=\"_self\" img_size=\"full\" img_link_large=\"yes\"][vc_column_text css=\".vc_custom_1427484479515{margin-bottom: -1px","og_url":"https:\/\/mobilus.pl\/en\/technologie\/cosmo\/","og_site_name":"Mobilus Motor","article_publisher":"https:\/\/web.facebook.com\/mobiluspl\/","article_modified_time":"2015-05-06T07:39:55+00:00","twitter_card":"summary_large_image","twitter_misc":{"Est. reading time":"4 minutes"},"schema":{"@context":"https:\/\/schema.org","@graph":[{"@type":"WebPage","@id":"https:\/\/mobilus.pl\/en\/technologie\/cosmo\/","url":"https:\/\/mobilus.pl\/en\/technologie\/cosmo\/","name":"COSMO - Mobilus Motor","isPartOf":{"@id":"https:\/\/mobilus.pl\/#website"},"datePublished":"2015-03-17T13:25:52+00:00","dateModified":"2015-05-06T07:39:55+00:00","breadcrumb":{"@id":"https:\/\/mobilus.pl\/en\/technologie\/cosmo\/#breadcrumb"},"inLanguage":"en-US","potentialAction":[{"@type":"ReadAction","target":["https:\/\/mobilus.pl\/en\/technologie\/cosmo\/"]}]},{"@type":"BreadcrumbList","@id":"https:\/\/mobilus.pl\/en\/technologie\/cosmo\/#breadcrumb","itemListElement":[{"@type":"ListItem","position":1,"name":"Strona g\u0142\u00f3wna","item":"https:\/\/mobilus.pl\/"},{"@type":"ListItem","position":2,"name":"Technology","item":"https:\/\/mobilus.pl\/en\/technologie\/"},{"@type":"ListItem","position":3,"name":"COSMO"}]},{"@type":"WebSite","@id":"https:\/\/mobilus.pl\/#website","url":"https:\/\/mobilus.pl\/","name":"Mobilus Motor","description":"enjoy the mobility","publisher":{"@id":"https:\/\/mobilus.pl\/#organization"},"potentialAction":[{"@type":"SearchAction","target":{"@type":"EntryPoint","urlTemplate":"https:\/\/mobilus.pl\/?s={search_term_string}"},"query-input":{"@type":"PropertyValueSpecification","valueRequired":true,"valueName":"search_term_string"}}],"inLanguage":"en-US"},{"@type":"Organization","@id":"https:\/\/mobilus.pl\/#organization","name":"Mobilus Motor","url":"https:\/\/mobilus.pl\/","logo":{"@type":"ImageObject","inLanguage":"en-US","@id":"https:\/\/mobilus.pl\/#\/schema\/logo\/image\/","url":"https:\/\/mobilus.pl\/wp-content\/uploads\/2014\/09\/mobilus_2013_small.png","contentUrl":"https:\/\/mobilus.pl\/wp-content\/uploads\/2014\/09\/mobilus_2013_small.png","width":180,"height":50,"caption":"Mobilus Motor"},"image":{"@id":"https:\/\/mobilus.pl\/#\/schema\/logo\/image\/"},"sameAs":["https:\/\/web.facebook.com\/mobiluspl\/","https:\/\/www.instagram.com\/mobiluspl\/","https:\/\/www.youtube.com\/channel\/UCB6ay8tvzv2HRlpIRqWaZeQ"]}]}},"_links":{"self":[{"href":"https:\/\/mobilus.pl\/en\/wp-json\/wp\/v2\/pages\/6022"}],"collection":[{"href":"https:\/\/mobilus.pl\/en\/wp-json\/wp\/v2\/pages"}],"about":[{"href":"https:\/\/mobilus.pl\/en\/wp-json\/wp\/v2\/types\/page"}],"author":[{"embeddable":true,"href":"https:\/\/mobilus.pl\/en\/wp-json\/wp\/v2\/users\/1"}],"replies":[{"embeddable":true,"href":"https:\/\/mobilus.pl\/en\/wp-json\/wp\/v2\/comments?post=6022"}],"version-history":[{"count":2,"href":"https:\/\/mobilus.pl\/en\/wp-json\/wp\/v2\/pages\/6022\/revisions"}],"predecessor-version":[{"id":7758,"href":"https:\/\/mobilus.pl\/en\/wp-json\/wp\/v2\/pages\/6022\/revisions\/7758"}],"up":[{"embeddable":true,"href":"https:\/\/mobilus.pl\/en\/wp-json\/wp\/v2\/pages\/5408"}],"wp:attachment":[{"href":"https:\/\/mobilus.pl\/en\/wp-json\/wp\/v2\/media?parent=6022"}],"curies":[{"name":"wp","href":"https:\/\/api.w.org\/{rel}","templated":true}]}}