{"id":5271,"date":"2014-02-12T14:49:37","date_gmt":"2014-02-12T14:49:37","guid":{"rendered":"http:\/\/richer.artstudioworks.net\/?page_id=2722"},"modified":"2026-04-24T06:46:25","modified_gmt":"2026-04-24T06:46:25","slug":"strona-glowna","status":"publish","type":"page","link":"https:\/\/mobilus.pl\/en\/","title":{"rendered":"Start page"},"content":{"rendered":"<div class=\"wpb-content-wrapper\">[vc_row full_width=\"stretch\"][vc_column][rev_slider_vc alias=\"2024_tuya\"][\/vc_column][\/vc_row][vc_row disable_element=\"yes\"][vc_column]<div class=\"separator_block center\" style=\"margin-bottom:30px;\"><h2>INFORMACJA DOTYCZ\u0104CA PRACY BIURA OBS\u0141UGI KLIENTA<\/h2><div class=\"separator short\"><div class=\"separator_line\"><\/div><\/div><div class=\"clearfix\"><\/div><\/div>[\/vc_column][\/vc_row][vc_row disable_element=\"yes\"][vc_column][vc_empty_space][\/vc_column][\/vc_row][vc_row disable_element=\"yes\" css=\".vc_custom_1723888160939{background-color: #ffc600 !important;}\"][vc_column width=\"1\/4\" css=\".vc_custom_1745930492817{background-color: #ffc600 !important;}\"][vc_single_image image=\"8424\" img_size=\"75x75\" alignment=\"right\"][\/vc_column][vc_column width=\"3\/4\" css=\".vc_custom_1745930398963{background-color: #ffc600 !important;}\"][vc_column_text]\n<h3>Informujemy, \u017ce firma Mobilus Motor w dniu 02.05.2025 b\u0119dzie zamkni\u0119ta.<\/h3>\n[\/vc_column_text][\/vc_column][\/vc_row][vc_row][vc_column][vc_empty_space][\/vc_column][\/vc_row][vc_row disable_element=\"yes\"][vc_column][vc_column_text]<span style=\"color: #ff0000; font-size: large;\"><strong>Drodzy Klienci,<br \/>\nInformujemy, \u017ce w zwi\u0105zku z obecn\u0105 sytuacj\u0105, zawieszamy obs\u0142ug\u0119 w naszym biurze os\u00f3b z zewn\u0105trz. Prosimy w zwi\u0105zku z tym o wyrozumia\u0142o\u015b\u0107.<br \/>\n<\/strong><\/span><span style=\"color: #ff0000; font-size: large;\"><strong> Bezpiecze\u0144stwo ka\u017cdego z nas jest teraz najwa\u017cniejsze.<\/strong><\/span><\/p>\n<p><strong><span style=\"color: #008000; font-size: large;\">Prosimy o kontakt mailowy:<\/span> <a style=\"font-size: large;\" href=\"mailto:info@mobilus.pl\">info@mobilus.pl\u00a0<\/a><\/strong><strong><span style=\"color: #008000; font-size: large;\">lub telefoniczny:<\/span> <a style=\"font-size: large;\" href=\"tel:+48 61 825 81 11\">+48 61 825 81 11<\/a><\/strong><br \/>\n<span style=\"color: #008000; font-size: large;\"><strong>Jeste\u015bmy do Pa\u0144stwa dyspozycji od poniedzia\u0142ku do pi\u0105tku w godzinach od 8.00 do 16.00.<\/strong><\/span>[\/vc_column_text][\/vc_column][\/vc_row][vc_row][vc_column][vc_column_text][\/vc_column_text][\/vc_column][\/vc_row][vc_row full_width=\"stretch\"][vc_column]<div class=\"separator_block center\" style=\"margin-bottom:30px;\"><h4>DISCOVER OUR PRODUCTS<\/h4><div class=\"separator short\"><div class=\"separator_line\"><\/div><\/div><div class=\"clearfix\"><\/div><\/div>[\/vc_column][\/vc_row][vc_row][vc_column width=\"1\/4\" css=\".vc_custom_1478774597268{padding-bottom: 0px !important;}\"][vc_single_image image=\"10067\" img_size=\"full\" alignment=\"center\" css_animation=\"appear\"][vc_column_text css=\".vc_custom_1709627107746{margin-top: -15px !important;}\"]\n<hr \/>\n<h5 style=\"margin-top: -10px;\"><strong><span style=\"color: #808080;\">\u00a0 \u00a0 \u00a0 \u00a0 \u00a0 \u00a0 \u00a0<a title=\"Si\u0142owniki\" href=\"https:\/\/mobilus.pl\/mobilus-products\/mobilus-tubular-motors\/\">\u25a0 \u00a0 \u00a0 Tubular motors<\/a><\/span><\/strong><\/h5>\n<h5><strong><span style=\"color: #808080;\">\u00a0 \u00a0 \u00a0 \u00a0 \u00a0 \u00a0 \u00a0<a title=\"Si\u0142owniki\" href=\"https:\/\/mobilus.pl\/mobilus-products\/mobilus-tubular-motors\/silowniki-mobilus-m35\/mobilus-m35-mr-tuya\/?_gl=1*129g77w*_up*MQ..*_ga*Njk1Njg1NjI0LjE3MDk2MjYwMzc.*_ga_56092FQ3KX*MTcwOTYyNjAzNi4xLjEuMTcwOTYyNjk5My4wLjAuMA..\">\u25a0 \u00a0 \u00a0 TUYA tubular motors<\/a><\/span><\/strong><\/h5>\n[\/vc_column_text][\/vc_column][vc_column width=\"1\/4\"][vc_single_image image=\"10069\" img_size=\"full\" alignment=\"center\" css_animation=\"appear\"][vc_column_text css=\".vc_custom_1683807696931{margin-top: -15px !important;}\"]\n<hr \/>\n<h5 style=\"margin-top: -10px;\"><strong><span style=\"color: #808080;\">\u00a0 \u00a0 \u00a0 \u00a0 \u00a0 \u00a0 \u00a0<a title=\"Piloty\" href=\"https:\/\/mobilus.pl\/mobilus-products\/sterowanie-mobilus\/\">\u25a0 \u00a0 \u00a0 Controls<\/a><\/span><\/strong><\/h5>\n<h5><strong><span style=\"color: #808080;\">\u00a0 \u00a0 \u00a0 \u00a0 \u00a0 \u00a0 \u00a0<a title=\"Si\u0142owniki\" href=\"https:\/\/mobilus.pl\/files\/software\/gtw\/Mobilus_20221208.apk\">\u25a0 \u00a0 \u00a0 App Mobilus DOM .apk<\/a><\/span><\/strong><\/h5>\n[\/vc_column_text][\/vc_column][vc_column width=\"1\/4\"][vc_single_image image=\"12083\" img_size=\"full\" alignment=\"center\" css_animation=\"appear\"][vc_column_text css=\".vc_custom_1656411255730{margin-top: -15px !important;}\"]\n<hr \/>\n<h5 style=\"margin-top: -10px;\"><strong><span style=\"color: #808080;\">\u00a0 \u00a0 \u00a0 \u00a0 \u00a0 \u00a0 \u00a0<a title=\"Modu\u0142y\" href=\"https:\/\/mobilus.pl\/mobilus-products\/moduly-mobilus\/\">\u25a0 \u00a0 \u00a0 Modules<\/a><\/span><\/strong><\/h5>\n<h5><strong><span style=\"color: #808080;\">\u00a0 \u00a0 \u00a0 \u00a0 \u00a0 \u00a0 \u00a0<a title=\"Modu\u0142y\" href=\"https:\/\/mobilus.pl\/c-mr-bt\/\">\u25a0 \u00a0 \u00a0 Modules Apple Home<\/a><\/span><\/strong><\/h5>\n[\/vc_column_text][\/vc_column][vc_column width=\"1\/4\"][vc_single_image image=\"10073\" img_size=\"full\" alignment=\"center\" css_animation=\"appear\"][vc_column_text css=\".vc_custom_1478775099819{margin-top: -15px !important;}\"]\n<hr \/>\n<h5 style=\"margin-top: -10px;\"><strong><span style=\"color: #808080;\">\u00a0 \u00a0 \u00a0 \u00a0 \u00a0 \u00a0 \u00a0<a title=\"Si\u0142owniki\" href=\"https:\/\/mobilus.pl\/mobilus-products\/akcesoria-mobilus\/\">\u25a0 \u00a0 \u00a0 Accessories<\/a><\/span><\/strong><\/h5>\n[\/vc_column_text][\/vc_column][\/vc_row][vc_row full_width=\"stretch\"][vc_column][vc_empty_space height=\"50px\"][\/vc_column][vc_column offset=\"vc_hidden-lg vc_hidden-md vc_hidden-sm\"][vc_single_image image=\"13001\" img_size=\"medium\" alignment=\"center\" onclick=\"custom_link\" link=\"https:\/\/mobilus.pl\/files\/software\/gtw\/Mobilus_20221208.apk\"][vc_single_image image=\"13002\" img_size=\"medium\" alignment=\"center\" onclick=\"custom_link\" link=\"https:\/\/mobilus.pl\/pobierz-2\/\"][\/vc_column][\/vc_row][vc_row disable_element=\"yes\"][vc_column][vc_single_image image=\"12712\" img_size=\"full\" alignment=\"center\" onclick=\"custom_link\" link=\"https:\/\/mobilus.pl\/senso\/\"][\/vc_column][\/vc_row][vc_row parallax=\"no\"][vc_column][vc_single_image image=\"13078\" img_size=\"full\" alignment=\"center\" onclick=\"custom_link\" link=\"https:\/\/mobilus.pl\/c-mr-bt\/\"][\/vc_column][\/vc_row][vc_row content_placement=\"bottom\"][vc_column width=\"3\/4\"][vc_single_image image=\"13046\" img_size=\"full\" alignment=\"right\" onclick=\"custom_link\" link=\"https:\/\/play.google.com\/store\/apps\/details?id=pl.com.mobilelabs.mobilus&amp;gl=PL\"][\/vc_column][vc_column width=\"1\/4\"][vc_single_image image=\"13043\" img_size=\"full\" onclick=\"custom_link\" link=\"https:\/\/apps.apple.com\/pl\/app\/mobilus-dom\/id1223410102?l=pl\"][\/vc_column][\/vc_row][vc_row parallax=\"no\"][vc_column width=\"1\/2\"][vc_single_image image=\"12145\" img_size=\"full\" alignment=\"center\" onclick=\"custom_link\" link=\"https:\/\/mobilus.pl\/alexa\/\"][\/vc_column][vc_column width=\"1\/2\"][vc_single_image image=\"12786\" img_size=\"full\" alignment=\"center\" onclick=\"custom_link\" link=\"https:\/\/mobilus.pl\/mobilus-products\/czujniki-mobilus\/s-wl\/\"][\/vc_column][\/vc_row][vc_row parallax=\"no\"][vc_column width=\"1\/3\"][vc_single_image image=\"9588\" img_size=\"full\" alignment=\"center\"][vc_column_text css=\".vc_custom_1478701230339{margin-bottom: 25px !important;}\"]\n<h4 style=\"text-align: center;\">COMFORT<\/h4>\n<p style=\"text-align: center;\">\"Enjoy the mobility\" is an expression of our commitment. In working on solutions that increase the comfort of everyday life. The goal of MOBILUS MOTOR is to provide new solutions enabling the choice of control. Without having to use the usual patterns.[\/vc_column_text][\/vc_column][vc_column width=\"1\/3\"][vc_single_image image=\"8009\" img_size=\"full\" alignment=\"center\"][vc_column_text css=\".vc_custom_1425619212480{margin-bottom: 25px !important;}\"]\n<h4 style=\"text-align: center;\">Technology<\/h4>\n<p style=\"text-align: center;\">By improving manufacturing and quality control processes, we offer technically advanced products that meet the expectations of the most demanding customers. The production process as well as finished products, subjected to multiple inspections by modern testing devices, allow us to offer products with a long-term warranty.<\/p>\n[\/vc_column_text][\/vc_column][vc_column width=\"1\/3\"][vc_single_image image=\"6122\" img_size=\"full\" alignment=\"center\"][vc_column_text css=\".vc_custom_1425328007941{margin-bottom: 25px !important;}\"]\n<h4 style=\"text-align: center;\">Ecology<\/h4>\n<p style=\"text-align: center;\">The use of MOBILUS MOTOR automation increases energy savings. The use of energy-saving solutions in everyday life has a positive impact on the natural environment around us. We create products that support the work of covers that reduce energy consumption.<\/p>\n[\/vc_column_text][\/vc_column][\/vc_row][vc_row][vc_column][vc_separator][\/vc_column][\/vc_row][vc_row full_width=\"stretch\"][vc_column]<div class=\"separator_block center\" style=\"margin-bottom:30px;\"><h4>Associations<\/h4><div class=\"separator short\"><div class=\"separator_line\"><\/div><\/div><div class=\"clearfix\"><\/div><\/div>[\/vc_column][\/vc_row][vc_row][vc_column width=\"1\/2\"][vc_single_image image=\"12972\" img_size=\"medium\" alignment=\"right\" onclick=\"custom_link\" img_link_target=\"_blank\" link=\"https:\/\/www.threadgroup.org\"][\/vc_column][vc_column width=\"1\/2\"][vc_single_image image=\"12971\" img_size=\"medium\" onclick=\"custom_link\" img_link_target=\"_blank\" link=\"https:\/\/www.bluetooth.com\"][\/vc_column][\/vc_row][vc_row parallax=\"no\" css=\".vc_custom_1404912522107{margin-bottom: 0px !important;padding-top: 20px !important;padding-bottom: 20px !important;background-color: #f6f6f6 !important;}\"][vc_column]<div class=\"callout \" style=\"color:#222222;text-align:center;\"><div class=\"callout-content\">\n<h1 style=\"font-size: 1vw;\">Smart solutions from Mobilus Motor. Take advantage of our experience and solutions.<\/h1>\n<\/div><\/div>[\/vc_column][\/vc_row]\n<\/div>","protected":false},"excerpt":{"rendered":"<p>[vc_row full_width=&#8221;stretch&#8221;][vc_column][rev_slider_vc alias=&#8221;2024_tuya&#8221;][\/vc_column][\/vc_row][vc_row disable_element=&#8221;yes&#8221;][vc_column][\/vc_column][\/vc_row][vc_row disable_element=&#8221;yes&#8221;][vc_column][vc_empty_space][\/vc_column][\/vc_row][vc_row disable_element=&#8221;yes&#8221; css=&#8221;.vc_custom_1723888160939{background-color: #ffc600 !important;}&#8221;][vc_column width=&#8221;1\/4&#8243; css=&#8221;.vc_custom_1745930492817{background-color: #ffc600 !important;}&#8221;][vc_single_image image=&#8221;8424&#8243; img_size=&#8221;75&#215;75&#8243; alignment=&#8221;right&#8221;][\/vc_column][vc_column width=&#8221;3\/4&#8243; css=&#8221;.vc_custom_1745930398963{background-color: #ffc600 !important;}&#8221;][vc_column_text]<br \/>\nInformujemy, \u017ce firma Mobilus Motor w dniu 02.05.2025 b\u0119dzie zamkni\u0119ta.<br \/>\n[\/vc_column_text][\/vc_column][\/vc_row][vc_row][vc_column][vc_empty_space][\/vc_column][\/vc_row][vc_row disable_element=&#8221;yes&#8221;][vc_column][vc_column_text]Drodzy Klienci,<br \/>\nInformujemy, \u017ce w zwi\u0105zku z obecn\u0105 sytuacj\u0105, zawieszamy obs\u0142ug\u0119 w naszym biurze os\u00f3b z zewn\u0105trz. Prosimy w zwi\u0105zku z tym o wyrozumia\u0142o\u015b\u0107.<br \/>\n Bezpiecze\u0144stwo ka\u017cdego z nas jest teraz najwa\u017cniejsze.<\/p>\n<p>Prosimy o kontakt mailowy: info@mobilus.pl\u00a0lub telefoniczny: +48 61 825 81 11<br \/>\nJeste\u015bmy do Pa\u0144stwa dyspozycji od poniedzia\u0142ku do pi\u0105tku w godzinach od 8.00 do 16.00.[\/vc_column_text][\/vc_column][\/vc_row][vc_row][vc_column][vc_column_text][\/vc_column_text][\/vc_column][\/vc_row][vc_row full_width=&#8221;stretch&#8221;][vc_column][\/vc_column][\/vc_row][vc_row][vc_column width=&#8221;1\/4&#8243; css=&#8221;.vc_custom_1478774597268{padding-bottom: 0px !important;}&#8221;][vc_single_image image=&#8221;10067&#8243; img_size=&#8221;full&#8221; alignment=&#8221;center&#8221;<\/p>\n","protected":false},"author":1,"featured_media":0,"parent":0,"menu_order":0,"comment_status":"closed","ping_status":"closed","template":"page-fullwidth.php","meta":{"footnotes":""},"class_list":["post-5271","page","type-page","status-publish","hentry","page_keywords-cosmo","page_keywords-do-rur-40","page_keywords-do-rur-50","page_keywords-mobilus","page_keywords-napedy-do-rolet","page_keywords-napedy-do-rolet-zewnetrznych","page_keywords-pilot-rg3","page_keywords-producent-silnikow-do-rolet","page_keywords-producent-silnikow-do-rolet-zewnetrznych","page_keywords-radiowe-sterowanie-rolet","page_keywords-reddot-2016","page_keywords-silniki-do-markiz","page_keywords-silniki-do-rolet","page_keywords-silniki-do-rolet-zewnetrznych","page_keywords-silniki-radiowe","page_keywords-silowniki","page_keywords-silowniki-do-rolet","page_keywords-sterowniki-do-rolet","page_keywords-sterowniki-do-rolet-zewnetrznych","page_keywords-sterowniki-radiowe-do-rolet"],"yoast_head":"<!-- This site is optimized with the Yoast SEO plugin v24.4 - https:\/\/yoast.com\/wordpress\/plugins\/seo\/ -->\n<title>Start page - Mobilus Motor<\/title>\n<meta name=\"robots\" content=\"index, follow, max-snippet:-1, max-image-preview:large, max-video-preview:-1\" \/>\n<link rel=\"canonical\" href=\"https:\/\/mobilus.pl\/\" \/>\n<meta property=\"og:locale\" content=\"en_US\" \/>\n<meta property=\"og:type\" content=\"article\" \/>\n<meta property=\"og:title\" content=\"[:pl]Strona g\u0142\u00f3wna[:en]Start page[:de]Startseite[:] - Mobilus Motor\" \/>\n<meta property=\"og:description\" content=\"[vc_row full_width=&quot;stretch&quot;][vc_column][rev_slider_vc alias=&quot;2024_tuya&quot;][\/vc_column][\/vc_row][vc_row disable_element=&quot;yes&quot;][vc_column][\/vc_column][\/vc_row][vc_row disable_element=&quot;yes&quot;][vc_column][vc_empty_space][\/vc_column][\/vc_row][vc_row disable_element=&quot;yes&quot; css=&quot;.vc_custom_1723888160939{background-color: #ffc600 !important;}&quot;][vc_column width=&quot;1\/4&quot; css=&quot;.vc_custom_1745930492817{background-color: #ffc600 !important;}&quot;][vc_single_image image=&quot;8424&quot; img_size=&quot;75x75&quot; alignment=&quot;right&quot;][\/vc_column][vc_column width=&quot;3\/4&quot; css=&quot;.vc_custom_1745930398963{background-color: #ffc600 !important;}&quot;][vc_column_text] Informujemy, \u017ce firma Mobilus Motor w dniu 02.05.2025 b\u0119dzie zamkni\u0119ta. [\/vc_column_text][\/vc_column][\/vc_row][vc_row][vc_column][vc_empty_space][\/vc_column][\/vc_row][vc_row disable_element=&quot;yes&quot;][vc_column][vc_column_text]Drodzy Klienci, Informujemy, \u017ce w zwi\u0105zku z obecn\u0105 sytuacj\u0105, zawieszamy obs\u0142ug\u0119 w naszym biurze os\u00f3b z zewn\u0105trz. Prosimy w zwi\u0105zku z tym o wyrozumia\u0142o\u015b\u0107. Bezpiecze\u0144stwo ka\u017cdego z nas jest teraz najwa\u017cniejsze. Prosimy o kontakt mailowy: info@mobilus.pl\u00a0lub telefoniczny: +48 61 825 81 11 Jeste\u015bmy do Pa\u0144stwa dyspozycji od poniedzia\u0142ku do pi\u0105tku w godzinach od 8.00 do 16.00.[\/vc_column_text][\/vc_column][\/vc_row][vc_row][vc_column][vc_column_text][\/vc_column_text][\/vc_column][\/vc_row][vc_row full_width=&quot;stretch&quot;][vc_column][\/vc_column][\/vc_row][vc_row][vc_column width=&quot;1\/4&quot; css=&quot;.vc_custom_1478774597268{padding-bottom: 0px !important;}&quot;][vc_single_image image=&quot;10067&quot; img_size=&quot;full&quot; alignment=&quot;center&quot;\" \/>\n<meta property=\"og:url\" content=\"https:\/\/mobilus.pl\/\" \/>\n<meta property=\"og:site_name\" content=\"Mobilus Motor\" \/>\n<meta property=\"article:publisher\" content=\"https:\/\/web.facebook.com\/mobiluspl\/\" \/>\n<meta property=\"article:modified_time\" content=\"2026-04-24T06:46:25+00:00\" \/>\n<meta name=\"twitter:card\" content=\"summary_large_image\" \/>\n<meta name=\"twitter:label1\" content=\"Est. reading time\" \/>\n\t<meta name=\"twitter:data1\" content=\"3 minutes\" \/>\n<script type=\"application\/ld+json\" class=\"yoast-schema-graph\">{\"@context\":\"https:\/\/schema.org\",\"@graph\":[{\"@type\":\"WebPage\",\"@id\":\"https:\/\/mobilus.pl\/\",\"url\":\"https:\/\/mobilus.pl\/\",\"name\":\"[:pl]Strona g\u0142\u00f3wna[:en]Start page[:de]Startseite[:] - Mobilus Motor\",\"isPartOf\":{\"@id\":\"https:\/\/mobilus.pl\/#website\"},\"datePublished\":\"2014-02-12T14:49:37+00:00\",\"dateModified\":\"2026-04-24T06:46:25+00:00\",\"breadcrumb\":{\"@id\":\"https:\/\/mobilus.pl\/#breadcrumb\"},\"inLanguage\":\"en-US\",\"potentialAction\":[{\"@type\":\"ReadAction\",\"target\":[\"https:\/\/mobilus.pl\/\"]}]},{\"@type\":\"BreadcrumbList\",\"@id\":\"https:\/\/mobilus.pl\/#breadcrumb\",\"itemListElement\":[{\"@type\":\"ListItem\",\"position\":1,\"name\":\"Strona g\u0142\u00f3wna\",\"item\":\"https:\/\/mobilus.pl\/\"},{\"@type\":\"ListItem\",\"position\":2,\"name\":\"Strona g\u0142\u00f3wna\"}]},{\"@type\":\"WebSite\",\"@id\":\"https:\/\/mobilus.pl\/#website\",\"url\":\"https:\/\/mobilus.pl\/\",\"name\":\"Mobilus Motor\",\"description\":\"enjoy the mobility\",\"publisher\":{\"@id\":\"https:\/\/mobilus.pl\/#organization\"},\"potentialAction\":[{\"@type\":\"SearchAction\",\"target\":{\"@type\":\"EntryPoint\",\"urlTemplate\":\"https:\/\/mobilus.pl\/?s={search_term_string}\"},\"query-input\":{\"@type\":\"PropertyValueSpecification\",\"valueRequired\":true,\"valueName\":\"search_term_string\"}}],\"inLanguage\":\"en-US\"},{\"@type\":\"Organization\",\"@id\":\"https:\/\/mobilus.pl\/#organization\",\"name\":\"Mobilus Motor\",\"url\":\"https:\/\/mobilus.pl\/\",\"logo\":{\"@type\":\"ImageObject\",\"inLanguage\":\"en-US\",\"@id\":\"https:\/\/mobilus.pl\/#\/schema\/logo\/image\/\",\"url\":\"https:\/\/mobilus.pl\/wp-content\/uploads\/2014\/09\/mobilus_2013_small.png\",\"contentUrl\":\"https:\/\/mobilus.pl\/wp-content\/uploads\/2014\/09\/mobilus_2013_small.png\",\"width\":180,\"height\":50,\"caption\":\"Mobilus Motor\"},\"image\":{\"@id\":\"https:\/\/mobilus.pl\/#\/schema\/logo\/image\/\"},\"sameAs\":[\"https:\/\/web.facebook.com\/mobiluspl\/\",\"https:\/\/www.instagram.com\/mobiluspl\/\",\"https:\/\/www.youtube.com\/channel\/UCB6ay8tvzv2HRlpIRqWaZeQ\"]}]}<\/script>\n<!-- \/ Yoast SEO plugin. -->","yoast_head_json":{"title":"[:pl]Strona g\u0142\u00f3wna[:en]Start page[:de]Startseite[:] - Mobilus Motor","robots":{"index":"index","follow":"follow","max-snippet":"max-snippet:-1","max-image-preview":"max-image-preview:large","max-video-preview":"max-video-preview:-1"},"canonical":"https:\/\/mobilus.pl\/","og_locale":"en_US","og_type":"article","og_title":"[:pl]Strona g\u0142\u00f3wna[:en]Start page[:de]Startseite[:] - Mobilus Motor","og_description":"[vc_row full_width=\"stretch\"][vc_column][rev_slider_vc alias=\"2024_tuya\"][\/vc_column][\/vc_row][vc_row disable_element=\"yes\"][vc_column][\/vc_column][\/vc_row][vc_row disable_element=\"yes\"][vc_column][vc_empty_space][\/vc_column][\/vc_row][vc_row disable_element=\"yes\" css=\".vc_custom_1723888160939{background-color: #ffc600 !important;}\"][vc_column width=\"1\/4\" css=\".vc_custom_1745930492817{background-color: #ffc600 !important;}\"][vc_single_image image=\"8424\" img_size=\"75x75\" alignment=\"right\"][\/vc_column][vc_column width=\"3\/4\" css=\".vc_custom_1745930398963{background-color: #ffc600 !important;}\"][vc_column_text] Informujemy, \u017ce firma Mobilus Motor w dniu 02.05.2025 b\u0119dzie zamkni\u0119ta. [\/vc_column_text][\/vc_column][\/vc_row][vc_row][vc_column][vc_empty_space][\/vc_column][\/vc_row][vc_row disable_element=\"yes\"][vc_column][vc_column_text]Drodzy Klienci, Informujemy, \u017ce w zwi\u0105zku z obecn\u0105 sytuacj\u0105, zawieszamy obs\u0142ug\u0119 w naszym biurze os\u00f3b z zewn\u0105trz. Prosimy w zwi\u0105zku z tym o wyrozumia\u0142o\u015b\u0107. Bezpiecze\u0144stwo ka\u017cdego z nas jest teraz najwa\u017cniejsze. Prosimy o kontakt mailowy: info@mobilus.pl\u00a0lub telefoniczny: +48 61 825 81 11 Jeste\u015bmy do Pa\u0144stwa dyspozycji od poniedzia\u0142ku do pi\u0105tku w godzinach od 8.00 do 16.00.[\/vc_column_text][\/vc_column][\/vc_row][vc_row][vc_column][vc_column_text][\/vc_column_text][\/vc_column][\/vc_row][vc_row full_width=\"stretch\"][vc_column][\/vc_column][\/vc_row][vc_row][vc_column width=\"1\/4\" css=\".vc_custom_1478774597268{padding-bottom: 0px !important;}\"][vc_single_image image=\"10067\" img_size=\"full\" alignment=\"center\"","og_url":"https:\/\/mobilus.pl\/","og_site_name":"Mobilus Motor","article_publisher":"https:\/\/web.facebook.com\/mobiluspl\/","article_modified_time":"2026-04-24T06:46:25+00:00","twitter_card":"summary_large_image","twitter_misc":{"Est. reading time":"3 minutes"},"schema":{"@context":"https:\/\/schema.org","@graph":[{"@type":"WebPage","@id":"https:\/\/mobilus.pl\/","url":"https:\/\/mobilus.pl\/","name":"[:pl]Strona g\u0142\u00f3wna[:en]Start page[:de]Startseite[:] - Mobilus Motor","isPartOf":{"@id":"https:\/\/mobilus.pl\/#website"},"datePublished":"2014-02-12T14:49:37+00:00","dateModified":"2026-04-24T06:46:25+00:00","breadcrumb":{"@id":"https:\/\/mobilus.pl\/#breadcrumb"},"inLanguage":"en-US","potentialAction":[{"@type":"ReadAction","target":["https:\/\/mobilus.pl\/"]}]},{"@type":"BreadcrumbList","@id":"https:\/\/mobilus.pl\/#breadcrumb","itemListElement":[{"@type":"ListItem","position":1,"name":"Strona g\u0142\u00f3wna","item":"https:\/\/mobilus.pl\/"},{"@type":"ListItem","position":2,"name":"Strona g\u0142\u00f3wna"}]},{"@type":"WebSite","@id":"https:\/\/mobilus.pl\/#website","url":"https:\/\/mobilus.pl\/","name":"Mobilus Motor","description":"enjoy the mobility","publisher":{"@id":"https:\/\/mobilus.pl\/#organization"},"potentialAction":[{"@type":"SearchAction","target":{"@type":"EntryPoint","urlTemplate":"https:\/\/mobilus.pl\/?s={search_term_string}"},"query-input":{"@type":"PropertyValueSpecification","valueRequired":true,"valueName":"search_term_string"}}],"inLanguage":"en-US"},{"@type":"Organization","@id":"https:\/\/mobilus.pl\/#organization","name":"Mobilus Motor","url":"https:\/\/mobilus.pl\/","logo":{"@type":"ImageObject","inLanguage":"en-US","@id":"https:\/\/mobilus.pl\/#\/schema\/logo\/image\/","url":"https:\/\/mobilus.pl\/wp-content\/uploads\/2014\/09\/mobilus_2013_small.png","contentUrl":"https:\/\/mobilus.pl\/wp-content\/uploads\/2014\/09\/mobilus_2013_small.png","width":180,"height":50,"caption":"Mobilus Motor"},"image":{"@id":"https:\/\/mobilus.pl\/#\/schema\/logo\/image\/"},"sameAs":["https:\/\/web.facebook.com\/mobiluspl\/","https:\/\/www.instagram.com\/mobiluspl\/","https:\/\/www.youtube.com\/channel\/UCB6ay8tvzv2HRlpIRqWaZeQ"]}]}},"_links":{"self":[{"href":"https:\/\/mobilus.pl\/en\/wp-json\/wp\/v2\/pages\/5271"}],"collection":[{"href":"https:\/\/mobilus.pl\/en\/wp-json\/wp\/v2\/pages"}],"about":[{"href":"https:\/\/mobilus.pl\/en\/wp-json\/wp\/v2\/types\/page"}],"author":[{"embeddable":true,"href":"https:\/\/mobilus.pl\/en\/wp-json\/wp\/v2\/users\/1"}],"replies":[{"embeddable":true,"href":"https:\/\/mobilus.pl\/en\/wp-json\/wp\/v2\/comments?post=5271"}],"version-history":[{"count":63,"href":"https:\/\/mobilus.pl\/en\/wp-json\/wp\/v2\/pages\/5271\/revisions"}],"predecessor-version":[{"id":13672,"href":"https:\/\/mobilus.pl\/en\/wp-json\/wp\/v2\/pages\/5271\/revisions\/13672"}],"wp:attachment":[{"href":"https:\/\/mobilus.pl\/en\/wp-json\/wp\/v2\/media?parent=5271"}],"curies":[{"name":"wp","href":"https:\/\/api.w.org\/{rel}","templated":true}]}}