{"id":23,"date":"2013-01-06T12:46:48","date_gmt":"2013-01-06T12:46:48","guid":{"rendered":"http:\/\/artstudioworks.net\/wordpress\/energy\/?page_id=23"},"modified":"2024-04-17T13:16:58","modified_gmt":"2024-04-17T13:16:58","slug":"contact","status":"publish","type":"page","link":"https:\/\/mobilus.pl\/en\/contact\/","title":{"rendered":"Kontakt"},"content":{"rendered":"<div class=\"wpb-content-wrapper\">[vc_row][vc_column width=\"2\/3\"]<div class=\"separator_block left\" style=\"margin-bottom:30px;\"><h3>Contact form<\/h3><div class=\"separator short\"><div class=\"separator_line\"><\/div><\/div><div class=\"clearfix\"><\/div><\/div>[vc_column_text]You can use the form below to send us a message.[\/vc_column_text]\n<div class=\"wpcf7 no-js\" id=\"wpcf7-f12993-o2\" lang=\"en-US\" dir=\"ltr\" data-wpcf7-id=\"12993\">\n<div class=\"screen-reader-response\"><p role=\"status\" aria-live=\"polite\" aria-atomic=\"true\"><\/p> <ul><\/ul><\/div>\n<form action=\"\/en\/wp-json\/wp\/v2\/pages\/23#wpcf7-f12993-o2\" method=\"post\" class=\"wpcf7-form init\" aria-label=\"Contact form\" novalidate=\"novalidate\" data-status=\"init\">\n<div style=\"display: none;\">\n<input type=\"hidden\" name=\"_wpcf7\" value=\"12993\" \/>\n<input type=\"hidden\" name=\"_wpcf7_version\" value=\"6.0.3\" \/>\n<input type=\"hidden\" name=\"_wpcf7_locale\" value=\"en_US\" \/>\n<input type=\"hidden\" name=\"_wpcf7_unit_tag\" value=\"wpcf7-f12993-o2\" \/>\n<input type=\"hidden\" name=\"_wpcf7_container_post\" value=\"0\" \/>\n<input type=\"hidden\" name=\"_wpcf7_posted_data_hash\" value=\"\" \/>\n<\/div>\n<p><span class=\"wpcf7-form-control-wrap\" data-name=\"your-email\"><input size=\"40\" maxlength=\"400\" class=\"wpcf7-form-control wpcf7-email wpcf7-validates-as-required wpcf7-text wpcf7-validates-as-email input\" aria-required=\"true\" aria-invalid=\"false\" value=\"Email\" type=\"email\" name=\"your-email\" \/><\/span>\n<\/p>\n<p><span class=\"wpcf7-form-control-wrap\" data-name=\"your-subject\"><input size=\"40\" maxlength=\"400\" class=\"wpcf7-form-control wpcf7-text wpcf7-validates-as-required input\" aria-required=\"true\" aria-invalid=\"false\" value=\"Topic\" type=\"text\" name=\"your-subject\" \/><\/span>\n<\/p>\n<p><span class=\"wpcf7-form-control-wrap\" data-name=\"your-message\"><textarea cols=\"40\" rows=\"10\" maxlength=\"2000\" class=\"wpcf7-form-control wpcf7-textarea input\" aria-invalid=\"false\" name=\"your-message\">Content<\/textarea><\/span>\n<\/p>\n<p><span class=\"wpcf7-form-control-wrap\" data-name=\"PrivacyPolicy\"><span class=\"wpcf7-form-control wpcf7-checkbox wpcf7-validates-as-required\"><span class=\"wpcf7-list-item first last\"><input type=\"checkbox\" name=\"PrivacyPolicy[]\" value=\"I agree to the processing of my personal data by Mobilus Motor Sp. z o.o.\" \/><span class=\"wpcf7-list-item-label\">I agree to the processing of my personal data by Mobilus Motor Sp. z o.o.<\/span><\/span><\/span><\/span>\n<\/p>\n<p><input class=\"wpcf7-form-control wpcf7-submit has-spinner button medium\" type=\"submit\" value=\"Send\" \/>\n<\/p><div class=\"wpcf7-response-output\" aria-hidden=\"true\"><\/div>\n<\/form>\n<\/div>\n[\/vc_column][vc_column width=\"1\/3\"]<div class=\"separator_block left\" style=\"margin-bottom:25px;\"><h3>ADDRESS<\/h3><div class=\"separator short\"><div class=\"separator_line\"><\/div><\/div><div class=\"clearfix\"><\/div><\/div>[vc_column_text]\n<h6>HEADQUARTERS<\/h6>\n<p><strong>Mobilus Motor Sp. z o.o.<\/strong><br \/>\nStreet\u00a0Mi\u0119towa 37<br \/>\n61-680 Pozna\u0144, Polska<\/p>\n<h6>Office<\/h6>\n<p>tel:\u00a0+48 61 825 81 11<br \/>\ne-mail: <a href=\"mailto:info@mobilus.pl\">info@mobilus.pl<\/a><br \/>\nskype: mobilusmotor<\/p>\n<p>&nbsp;<\/p>\n<p><strong>NIP<\/strong> 972-10-78-008, <strong>REGON<\/strong> 634538898,<br \/>\n<strong>KRS<\/strong> 0000188418 S\u0105d Rejonowy Pozna\u0144-Nowe Miasto i Wilda w Poznaniu VIII Wydzia\u0142 Gospodarczy KRS<br \/>\nkapita\u0142 zak\u0142adowy 496,000.00 PLN[\/vc_column_text][\/vc_column][\/vc_row][vc_row][vc_column]<div class=\"separator_block left\" style=\"margin-bottom:25px;\"><h3>Regional sales managers<\/h3><div class=\"separator short\"><div class=\"separator_line\"><\/div><\/div><div class=\"clearfix\"><\/div><\/div>[\/vc_column][\/vc_row][vc_row][vc_column width=\"1\/4\"][vc_gallery interval=\"0\" images=\"11753\" img_size=\"300x205\"][\/vc_column][vc_column width=\"1\/4\"][vc_column_text]\n<h6>SALES MANAGER<\/h6>\n<p><strong>Krzysztof Wojciechowski<\/strong><\/p>\n<p>tel:\u00a0+48 605\u00a0542\u00a0823<br \/>\ne-mail: <a href=\"mailto:mjurkiewicz@mobilus.pl\">kwojciechowski@mobilus.pl<\/a><\/p>\n<p><span style=\"text-decoration: underline;\"><em>Voivodeship:<\/em><\/span><\/p>\n<ul>\n<li>kujawsko-pomorskie,<\/li>\n<li>pomorskie,<\/li>\n<li>\u0142\u00f3dzkie,<\/li>\n<li>lubuskie,<\/li>\n<li>wielkopolskie,<\/li>\n<li>mazowieckie,<\/li>\n<li>warmi\u0144sko-mazurskie,<\/li>\n<li>podlaskie,<\/li>\n<li>zachodniopomorskie.<\/li>\n<\/ul>\n[\/vc_column_text][\/vc_column][vc_column width=\"1\/4\"][vc_column_text]\n<h6>SALES MANAGER<\/h6>\n<p><strong>Wojciech\u00a0Stanieczek<\/strong><\/p>\n<p>tel:\u00a0+48 730 000\u00a0723<br \/>\ne-mail: <a href=\"mailto:wstanieczek@mobilus.pl\">wstanieczek@mobilus.pl<\/a><\/p>\n<p><span style=\"text-decoration: underline;\"><em>Voivodeship:<\/em><\/span><\/p>\n<ul>\n<li>dolno\u015bl\u0105skie,<\/li>\n<li>ma\u0142opolskie,<\/li>\n<li>opolskie,<\/li>\n<li>podkarpackie,<\/li>\n<li>\u015bl\u0105skie,<\/li>\n<li>lubelskie,<\/li>\n<li>\u015bwi\u0119tokrzyskie.<\/li>\n<\/ul>\n[\/vc_column_text][\/vc_column][vc_column width=\"1\/4\" offset=\"vc_hidden-lg vc_hidden-md vc_hidden-sm vc_hidden-xs\"][vc_column_text]\n<h6>SALES MANAGER<\/h6>\n<p><strong>Przemys\u0142aw Szewczak<\/strong><\/p>\n<p>tel:\u00a0+48 730 999\u00a0661<br \/>\ne-mail:\u00a0<a href=\"mailto:pszewczak@mobilus.pl\">pszewczak@mobilus.pl<\/a><\/p>\n<p><span style=\"text-decoration: underline;\"><em>Voivodeship:<\/em><\/span><\/p>\n<ul>\n<li>mazowieckie,<\/li>\n<li>podlaskie,<\/li>\n<li>warmi\u0144sko-mazurskie.<\/li>\n<\/ul>\n[\/vc_column_text][\/vc_column][\/vc_row]\n<\/div>","protected":false},"excerpt":{"rendered":"<div class=\"wpb-content-wrapper\">[vc_row][vc_column width=&#8221;2\/3&#8243;][vc_column_text]You can use the form below to send us a message.[\/vc_column_text][\/vc_column][vc_column width=&#8221;1\/3&#8243;][vc_column_text]<\/p>\n<h6>HEADQUARTERS<\/h6>\n<p><strong>Mobilus Motor Sp. z o.o.<\/strong><br \/>\nStreet\u00a0Mi\u0119towa 37<br \/>\n61-680 Pozna\u0144, Polska<\/p>\n<h6>Office<\/h6>\n<p>tel:\u00a0+48 61 825 81 11<br \/>\ne-mail: <a href=\"mailto:info@mobilus.pl\">info@mobilus.pl<\/a><br \/>\nskype: mobilusmotor<\/p>\n<p>&nbsp;<\/p>\n<p><strong>NIP<\/strong> 972-10-78-008, <strong>REGON<\/strong> 634538898,<br \/>\n<strong>KRS<\/strong> 0000188418 S\u0105d Rejonowy Pozna\u0144-Nowe Miasto i Wilda w Poznaniu VIII Wydzia\u0142 Gospodarczy KRS<br \/>\nkapita\u0142 zak\u0142adowy 496,000.00 PLN[\/vc_column_text][\/vc_column][\/vc_row][vc_row][vc_column][\/vc_column][\/vc_row][vc_row][vc_column width=&#8221;1\/4&#8243;][vc_gallery interval=&#8221;0&#8243; images=&#8221;11753&#8243; img_size=&#8221;300&#215;205&#8243;][\/vc_column][vc_column width=&#8221;1\/4&#8243;][vc_column_text]<\/p>\n<h6>SALES MANAGER<\/h6>\n<p><strong>Krzysztof Wojciechowski<\/strong><\/p>\n<p>tel:\u00a0+48 605\u00a0542\u00a0823<br \/>\ne-mail: <a href=\"mailto:mjurkiewicz@mobilus.pl\">kwojciechowski@mobilus.pl<\/a><\/p>\n<p><span style=\"text-decoration: underline;\"><em>Voivodeship:<\/em><\/span><\/p>\n<ul>\n<li>kujawsko-pomorskie,<\/li>\n<li>pomorskie,<\/li>\n<li>\u0142\u00f3dzkie,<\/li>\n<li>lubuskie,<\/li>\n<li>wielkopolskie,<\/li>\n<li>mazowieckie,<\/li>\n<li>warmi\u0144sko-mazurskie,<\/li>\n<li>podlaskie,<\/li>\n<li>zachodniopomorskie.<\/li>\n<\/ul>\n<p>[\/vc_column_text][\/vc_column][vc_column width=&#8221;1\/4&#8243;][vc_column_text]<\/p>\n<h6>SALES MANAGER<\/h6>\n<p><strong>Wojciech\u00a0Stanieczek<\/strong><\/p>\n<p>tel:\u00a0+48 730 000\u00a0723<br \/>\ne-mail: <a href=\"mailto:wstanieczek@mobilus.pl\">wstanieczek@mobilus.pl<\/a><\/p>\n<p><span style=\"text-decoration: underline;\"><em>Voivodeship:<\/em><\/span><\/p>\n<ul>\n<li>dolno\u015bl\u0105skie,<\/li>\n<li>ma\u0142opolskie,<\/li>\n<li>opolskie,<\/li>\n<li>podkarpackie,<\/li>\n<li>\u015bl\u0105skie,<\/li>\n<li>lubelskie,<\/li>\n<li>\u015bwi\u0119tokrzyskie.<\/li>\n<\/ul>\n<p>[\/vc_column_text][\/vc_column][vc_column width=&#8221;1\/4&#8243; offset=&#8221;vc_hidden-lg vc_hidden-md vc_hidden-sm vc_hidden-xs&#8221;][vc_column_text]<\/p>\n<h6>SALES MANAGER<\/h6>\n<p><strong>Przemys\u0142aw Szewczak<\/strong><\/p>\n<p>tel:\u00a0+48 730 999\u00a0661<br \/>\ne-mail:\u00a0<a href=\"mailto:pszewczak@mobilus.pl\">pszewczak@mobilus.pl<\/a><\/p>\n<p><span style=\"text-decoration: underline;\"><em>Voivodeship:<\/em><\/span><\/p>\n<ul>\n<li>mazowieckie,<\/li>\n<li>podlaskie,<\/li>\n<li>warmi\u0144sko-mazurskie.<\/li>\n<\/ul>\n<p>[\/vc_column_text][\/vc_column][\/vc_row]\n<\/p><\/div>\n","protected":false},"author":1,"featured_media":0,"parent":0,"menu_order":0,"comment_status":"closed","ping_status":"open","template":"page-contact.php","meta":{"footnotes":""},"class_list":["post-23","page","type-page","status-publish","hentry"],"yoast_head":"<!-- This site is optimized with the Yoast SEO plugin v24.4 - https:\/\/yoast.com\/wordpress\/plugins\/seo\/ -->\n<title>Kontakt - Mobilus Motor<\/title>\n<meta name=\"robots\" content=\"index, follow, max-snippet:-1, max-image-preview:large, max-video-preview:-1\" \/>\n<link rel=\"canonical\" href=\"https:\/\/mobilus.pl\/contact\/\" \/>\n<meta property=\"og:locale\" content=\"en_US\" \/>\n<meta property=\"og:type\" content=\"article\" \/>\n<meta property=\"og:title\" content=\"Kontakt - Mobilus Motor\" \/>\n<meta property=\"og:description\" content=\"[vc_row][vc_column width=&quot;2\/3&quot;][vc_column_text]You can use the form below to send us a message.[\/vc_column_text][\/vc_column][vc_column width=&quot;1\/3&quot;][vc_column_text] HEADQUARTERS Mobilus Motor Sp. z o.o. Street\u00a0Mi\u0119towa 37 61-680 Pozna\u0144, Polska Office tel:\u00a0+48 61 825 81 11 e-mail: info@mobilus.pl skype: mobilusmotor &nbsp; NIP 972-10-78-008, REGON 634538898, KRS 0000188418 S\u0105d Rejonowy Pozna\u0144-Nowe Miasto i Wilda w Poznaniu VIII Wydzia\u0142 Gospodarczy KRS kapita\u0142 zak\u0142adowy 496,000.00 PLN[\/vc_column_text][\/vc_column][\/vc_row][vc_row][vc_column][\/vc_column][\/vc_row][vc_row][vc_column width=&quot;1\/4&quot;][vc_gallery interval=&quot;0&quot; images=&quot;11753&quot; img_size=&quot;300x205&quot;][\/vc_column][vc_column width=&quot;1\/4&quot;][vc_column_text] SALES MANAGER Krzysztof Wojciechowski tel:\u00a0+48 605\u00a0542\u00a0823 e-mail: kwojciechowski@mobilus.pl Voivodeship: kujawsko-pomorskie, pomorskie, \u0142\u00f3dzkie, lubuskie, wielkopolskie, mazowieckie, warmi\u0144sko-mazurskie, podlaskie, zachodniopomorskie. [\/vc_column_text][\/vc_column][vc_column width=&quot;1\/4&quot;][vc_column_text] SALES MANAGER Wojciech\u00a0Stanieczek tel:\u00a0+48 730 000\u00a0723 e-mail: wstanieczek@mobilus.pl Voivodeship: dolno\u015bl\u0105skie, ma\u0142opolskie, opolskie, podkarpackie, \u015bl\u0105skie, lubelskie, \u015bwi\u0119tokrzyskie. [\/vc_column_text][\/vc_column][vc_column width=&quot;1\/4&quot; offset=&quot;vc_hidden-lg vc_hidden-md vc_hidden-sm vc_hidden-xs&quot;][vc_column_text] SALES MANAGER Przemys\u0142aw Szewczak tel:\u00a0+48 730 999\u00a0661 e-mail:\u00a0pszewczak@mobilus.pl Voivodeship: mazowieckie, podlaskie, warmi\u0144sko-mazurskie. [\/vc_column_text][\/vc_column][\/vc_row]\" \/>\n<meta property=\"og:url\" content=\"https:\/\/mobilus.pl\/contact\/\" \/>\n<meta property=\"og:site_name\" content=\"Mobilus Motor\" \/>\n<meta property=\"article:publisher\" content=\"https:\/\/web.facebook.com\/mobiluspl\/\" \/>\n<meta property=\"article:modified_time\" content=\"2024-04-17T13:16:58+00:00\" \/>\n<meta name=\"twitter:card\" content=\"summary_large_image\" \/>\n<meta name=\"twitter:label1\" content=\"Est. reading time\" \/>\n\t<meta name=\"twitter:data1\" content=\"1 minute\" \/>\n<script type=\"application\/ld+json\" class=\"yoast-schema-graph\">{\"@context\":\"https:\/\/schema.org\",\"@graph\":[{\"@type\":\"WebPage\",\"@id\":\"https:\/\/mobilus.pl\/contact\/\",\"url\":\"https:\/\/mobilus.pl\/contact\/\",\"name\":\"Kontakt - Mobilus Motor\",\"isPartOf\":{\"@id\":\"https:\/\/mobilus.pl\/#website\"},\"datePublished\":\"2013-01-06T12:46:48+00:00\",\"dateModified\":\"2024-04-17T13:16:58+00:00\",\"breadcrumb\":{\"@id\":\"https:\/\/mobilus.pl\/contact\/#breadcrumb\"},\"inLanguage\":\"en-US\",\"potentialAction\":[{\"@type\":\"ReadAction\",\"target\":[\"https:\/\/mobilus.pl\/contact\/\"]}]},{\"@type\":\"BreadcrumbList\",\"@id\":\"https:\/\/mobilus.pl\/contact\/#breadcrumb\",\"itemListElement\":[{\"@type\":\"ListItem\",\"position\":1,\"name\":\"Strona g\u0142\u00f3wna\",\"item\":\"https:\/\/mobilus.pl\/\"},{\"@type\":\"ListItem\",\"position\":2,\"name\":\"Kontakt\"}]},{\"@type\":\"WebSite\",\"@id\":\"https:\/\/mobilus.pl\/#website\",\"url\":\"https:\/\/mobilus.pl\/\",\"name\":\"Mobilus Motor\",\"description\":\"enjoy the mobility\",\"publisher\":{\"@id\":\"https:\/\/mobilus.pl\/#organization\"},\"potentialAction\":[{\"@type\":\"SearchAction\",\"target\":{\"@type\":\"EntryPoint\",\"urlTemplate\":\"https:\/\/mobilus.pl\/?s={search_term_string}\"},\"query-input\":{\"@type\":\"PropertyValueSpecification\",\"valueRequired\":true,\"valueName\":\"search_term_string\"}}],\"inLanguage\":\"en-US\"},{\"@type\":\"Organization\",\"@id\":\"https:\/\/mobilus.pl\/#organization\",\"name\":\"Mobilus Motor\",\"url\":\"https:\/\/mobilus.pl\/\",\"logo\":{\"@type\":\"ImageObject\",\"inLanguage\":\"en-US\",\"@id\":\"https:\/\/mobilus.pl\/#\/schema\/logo\/image\/\",\"url\":\"https:\/\/mobilus.pl\/wp-content\/uploads\/2014\/09\/mobilus_2013_small.png\",\"contentUrl\":\"https:\/\/mobilus.pl\/wp-content\/uploads\/2014\/09\/mobilus_2013_small.png\",\"width\":180,\"height\":50,\"caption\":\"Mobilus Motor\"},\"image\":{\"@id\":\"https:\/\/mobilus.pl\/#\/schema\/logo\/image\/\"},\"sameAs\":[\"https:\/\/web.facebook.com\/mobiluspl\/\",\"https:\/\/www.instagram.com\/mobiluspl\/\",\"https:\/\/www.youtube.com\/channel\/UCB6ay8tvzv2HRlpIRqWaZeQ\"]}]}<\/script>\n<!-- \/ Yoast SEO plugin. -->","yoast_head_json":{"title":"Kontakt - Mobilus Motor","robots":{"index":"index","follow":"follow","max-snippet":"max-snippet:-1","max-image-preview":"max-image-preview:large","max-video-preview":"max-video-preview:-1"},"canonical":"https:\/\/mobilus.pl\/contact\/","og_locale":"en_US","og_type":"article","og_title":"Kontakt - Mobilus Motor","og_description":"[vc_row][vc_column width=\"2\/3\"][vc_column_text]You can use the form below to send us a message.[\/vc_column_text][\/vc_column][vc_column width=\"1\/3\"][vc_column_text] HEADQUARTERS Mobilus Motor Sp. z o.o. Street\u00a0Mi\u0119towa 37 61-680 Pozna\u0144, Polska Office tel:\u00a0+48 61 825 81 11 e-mail: info@mobilus.pl skype: mobilusmotor &nbsp; NIP 972-10-78-008, REGON 634538898, KRS 0000188418 S\u0105d Rejonowy Pozna\u0144-Nowe Miasto i Wilda w Poznaniu VIII Wydzia\u0142 Gospodarczy KRS kapita\u0142 zak\u0142adowy 496,000.00 PLN[\/vc_column_text][\/vc_column][\/vc_row][vc_row][vc_column][\/vc_column][\/vc_row][vc_row][vc_column width=\"1\/4\"][vc_gallery interval=\"0\" images=\"11753\" img_size=\"300x205\"][\/vc_column][vc_column width=\"1\/4\"][vc_column_text] SALES MANAGER Krzysztof Wojciechowski tel:\u00a0+48 605\u00a0542\u00a0823 e-mail: kwojciechowski@mobilus.pl Voivodeship: kujawsko-pomorskie, pomorskie, \u0142\u00f3dzkie, lubuskie, wielkopolskie, mazowieckie, warmi\u0144sko-mazurskie, podlaskie, zachodniopomorskie. [\/vc_column_text][\/vc_column][vc_column width=\"1\/4\"][vc_column_text] SALES MANAGER Wojciech\u00a0Stanieczek tel:\u00a0+48 730 000\u00a0723 e-mail: wstanieczek@mobilus.pl Voivodeship: dolno\u015bl\u0105skie, ma\u0142opolskie, opolskie, podkarpackie, \u015bl\u0105skie, lubelskie, \u015bwi\u0119tokrzyskie. [\/vc_column_text][\/vc_column][vc_column width=\"1\/4\" offset=\"vc_hidden-lg vc_hidden-md vc_hidden-sm vc_hidden-xs\"][vc_column_text] SALES MANAGER Przemys\u0142aw Szewczak tel:\u00a0+48 730 999\u00a0661 e-mail:\u00a0pszewczak@mobilus.pl Voivodeship: mazowieckie, podlaskie, warmi\u0144sko-mazurskie. [\/vc_column_text][\/vc_column][\/vc_row]","og_url":"https:\/\/mobilus.pl\/contact\/","og_site_name":"Mobilus Motor","article_publisher":"https:\/\/web.facebook.com\/mobiluspl\/","article_modified_time":"2024-04-17T13:16:58+00:00","twitter_card":"summary_large_image","twitter_misc":{"Est. reading time":"1 minute"},"schema":{"@context":"https:\/\/schema.org","@graph":[{"@type":"WebPage","@id":"https:\/\/mobilus.pl\/contact\/","url":"https:\/\/mobilus.pl\/contact\/","name":"Kontakt - Mobilus Motor","isPartOf":{"@id":"https:\/\/mobilus.pl\/#website"},"datePublished":"2013-01-06T12:46:48+00:00","dateModified":"2024-04-17T13:16:58+00:00","breadcrumb":{"@id":"https:\/\/mobilus.pl\/contact\/#breadcrumb"},"inLanguage":"en-US","potentialAction":[{"@type":"ReadAction","target":["https:\/\/mobilus.pl\/contact\/"]}]},{"@type":"BreadcrumbList","@id":"https:\/\/mobilus.pl\/contact\/#breadcrumb","itemListElement":[{"@type":"ListItem","position":1,"name":"Strona g\u0142\u00f3wna","item":"https:\/\/mobilus.pl\/"},{"@type":"ListItem","position":2,"name":"Kontakt"}]},{"@type":"WebSite","@id":"https:\/\/mobilus.pl\/#website","url":"https:\/\/mobilus.pl\/","name":"Mobilus Motor","description":"enjoy the mobility","publisher":{"@id":"https:\/\/mobilus.pl\/#organization"},"potentialAction":[{"@type":"SearchAction","target":{"@type":"EntryPoint","urlTemplate":"https:\/\/mobilus.pl\/?s={search_term_string}"},"query-input":{"@type":"PropertyValueSpecification","valueRequired":true,"valueName":"search_term_string"}}],"inLanguage":"en-US"},{"@type":"Organization","@id":"https:\/\/mobilus.pl\/#organization","name":"Mobilus Motor","url":"https:\/\/mobilus.pl\/","logo":{"@type":"ImageObject","inLanguage":"en-US","@id":"https:\/\/mobilus.pl\/#\/schema\/logo\/image\/","url":"https:\/\/mobilus.pl\/wp-content\/uploads\/2014\/09\/mobilus_2013_small.png","contentUrl":"https:\/\/mobilus.pl\/wp-content\/uploads\/2014\/09\/mobilus_2013_small.png","width":180,"height":50,"caption":"Mobilus Motor"},"image":{"@id":"https:\/\/mobilus.pl\/#\/schema\/logo\/image\/"},"sameAs":["https:\/\/web.facebook.com\/mobiluspl\/","https:\/\/www.instagram.com\/mobiluspl\/","https:\/\/www.youtube.com\/channel\/UCB6ay8tvzv2HRlpIRqWaZeQ"]}]}},"_links":{"self":[{"href":"https:\/\/mobilus.pl\/en\/wp-json\/wp\/v2\/pages\/23"}],"collection":[{"href":"https:\/\/mobilus.pl\/en\/wp-json\/wp\/v2\/pages"}],"about":[{"href":"https:\/\/mobilus.pl\/en\/wp-json\/wp\/v2\/types\/page"}],"author":[{"embeddable":true,"href":"https:\/\/mobilus.pl\/en\/wp-json\/wp\/v2\/users\/1"}],"replies":[{"embeddable":true,"href":"https:\/\/mobilus.pl\/en\/wp-json\/wp\/v2\/comments?post=23"}],"version-history":[{"count":3,"href":"https:\/\/mobilus.pl\/en\/wp-json\/wp\/v2\/pages\/23\/revisions"}],"predecessor-version":[{"id":13234,"href":"https:\/\/mobilus.pl\/en\/wp-json\/wp\/v2\/pages\/23\/revisions\/13234"}],"wp:attachment":[{"href":"https:\/\/mobilus.pl\/en\/wp-json\/wp\/v2\/media?parent=23"}],"curies":[{"name":"wp","href":"https:\/\/api.w.org\/{rel}","templated":true}]}}