{"id":13577,"date":"2025-09-23T11:05:15","date_gmt":"2025-09-23T11:05:15","guid":{"rendered":"https:\/\/mobilus.pl\/?page_id=13577"},"modified":"2025-09-30T09:42:08","modified_gmt":"2025-09-30T09:42:08","slug":"wsparcietechniczne","status":"publish","type":"page","link":"https:\/\/mobilus.pl\/en\/wsparcietechniczne\/","title":{"rendered":"About Us"},"content":{"rendered":"<div class=\"wpb-content-wrapper\">[vc_row el_class=\"he_gray\"][vc_column][vc_column_text el_class=\"clearrr\"]\n<h4><strong><span style=\"color: #ffffff;\">Wsparcie techniczne<\/span><\/strong><\/h4>\n[\/vc_column_text][\/vc_column][\/vc_row][vc_row][vc_column width=\"1\/2\"][vc_single_image image=\"11820\" img_size=\"574x370\"][\/vc_column][vc_column width=\"1\/2\"]<div class=\"separator_block left\" style=\"margin-bottom:30px;\"><h3>Wsparcie techniczne dla Klient\u00f3w i Serwisant\u00f3w<\/h3><div class=\"separator short\"><div class=\"separator_line\"><\/div><\/div><div class=\"clearfix\"><\/div><\/div>[vc_column_text css=\".vc_custom_1433938186601{margin-bottom: 40px !important;}\"]Uruchomili\u015bmy <strong data-start=\"85\" data-end=\"96\">chat AI<\/strong>, kt\u00f3ry ma wspiera\u0107 zar\u00f3wno naszych Klient\u00f3w, jak i Serwisant\u00f3w w szybkim uzyskaniu odpowiedzi na pytania oraz w codziennej obs\u0142udze i monta\u017cu produkt\u00f3w Mobilus Motor.<\/p>\n<p data-start=\"233\" data-end=\"403\">Obecnie chat dzia\u0142a w <strong data-start=\"255\" data-end=\"271\">fazie test\u00f3w<\/strong>, dlatego liczymy na Pa\u0144stwa wyrozumia\u0142o\u015b\u0107 i zach\u0119camy do korzystania oraz dzielenia si\u0119 uwagami, kt\u00f3re pomog\u0105 nam go udoskonali\u0107.<\/p>\n[\/vc_column_text][\/vc_column][vc_column width=\"1\/2\"][\/vc_column][\/vc_row][vc_row][vc_column][vc_column_text]<!-- Start of Text (www.text.com) code --><br \/>\n<script>\n    window.__lc = window.__lc || {};\n    window.__lc.organizationId = \"c1e8f09e-f341-4205-ba9e-1518bc37f865\";\n    window.__lc.integration_name = \"manual_onboarding\";\n    window.__lc.product_name = \"text\";\n    ;(function(n,t,c){function i(n){return e._h?e._h.apply(null,n):e._q.push(n)}var e={_q:[],_h:null,_v:\"2.0\",on:function(){i([\"on\",c.call(arguments)])},once:function(){i([\"once\",c.call(arguments)])},off:function(){i([\"off\",c.call(arguments)])},get:function(){if(!e._h)throw new Error(\"[LiveChatWidget] You can't use getters before load.\");return i([\"get\",c.call(arguments)])},call:function(){i([\"call\",c.call(arguments)])},init:function(){var n=t.createElement(\"script\");n.async=!0,n.type=\"text\/javascript\",n.src=\"https:\/\/cdn.livechatinc.com\/tracking.js\",t.head.appendChild(n)}};!n.__lc.asyncInit&&e.init(),n.LiveChatWidget=n.LiveChatWidget||e}(window,document,[].slice))\n<\/script>\n<noscript><a href=\"https:\/\/www.text.com\/chat-with\/c1e8f09e-f341-4205-ba9e-1518bc37f865\/\" rel=\"nofollow\">Chat with us<\/a>, powered by <a href=\"https:\/\/www.text.com\/\" rel=\"noopener nofollow\" target=\"_blank\">Text<\/a><\/noscript><br \/>\n<!-- End of Text code -->[\/vc_column_text][\/vc_column][\/vc_row]\n<\/div>","protected":false},"excerpt":{"rendered":"<div class=\"wpb-content-wrapper\">[vc_row el_class=&#8221;he_gray&#8221;][vc_column][vc_column_text el_class=&#8221;clearrr&#8221;]<\/p>\n<h4><strong><span style=\"color: #ffffff;\">Wsparcie techniczne<\/span><\/strong><\/h4>\n<p>[\/vc_column_text][\/vc_column][\/vc_row][vc_row][vc_column width=&#8221;1\/2&#8243;][vc_single_image image=&#8221;11820&#8243; img_size=&#8221;574&#215;370&#8243;][\/vc_column][vc_column width=&#8221;1\/2&#8243;][vc_column_text css=&#8221;.vc_custom_1433938186601{margin-bottom: 40px !important;}&#8221;]Uruchomili\u015bmy <strong data-start=\"85\" data-end=\"96\">chat AI<\/strong>, kt\u00f3ry ma wspiera\u0107 zar\u00f3wno naszych Klient\u00f3w, jak i Serwisant\u00f3w w szybkim uzyskaniu odpowiedzi na pytania oraz w codziennej obs\u0142udze i monta\u017cu produkt\u00f3w Mobilus Motor.<\/p>\n<p data-start=\"233\" data-end=\"403\">Obecnie chat dzia\u0142a w <strong data-start=\"255\" data-end=\"271\">fazie test\u00f3w<\/strong>, dlatego liczymy na Pa\u0144stwa wyrozumia\u0142o\u015b\u0107 i zach\u0119camy do korzystania oraz dzielenia si\u0119 uwagami, kt\u00f3re pomog\u0105 nam go udoskonali\u0107.<\/p>\n<p>[\/vc_column_text][\/vc_column][vc_column width=&#8221;1\/2&#8243;][\/vc_column][\/vc_row][vc_row][vc_column][vc_column_text]<!-- Start of Text (www.text.com) code --><br \/>\n<script>\n    window.__lc = window.__lc || {};\n    window.__lc.organizationId = \"c1e8f09e-f341-4205-ba9e-1518bc37f865\";\n    window.__lc.integration_name = \"manual_onboarding\";\n    window.__lc.product_name = \"text\";\n    ;(function(n,t,c){function i(n){return e._h?e._h.apply(null,n):e._q.push(n)}var e={_q:[],_h:null,_v:\"2.0\",on:function(){i([\"on\",c.call(arguments)])},once:function(){i([\"once\",c.call(arguments)])},off:function(){i([\"off\",c.call(arguments)])},get:function(){if(!e._h)throw new Error(\"[LiveChatWidget] You can't use getters before load.\");return i([\"get\",c.call(arguments)])},call:function(){i([\"call\",c.call(arguments)])},init:function(){var n=t.createElement(\"script\");n.async=!0,n.type=\"text\/javascript\",n.src=\"https:\/\/cdn.livechatinc.com\/tracking.js\",t.head.appendChild(n)}};!n.__lc.asyncInit&#038;&e.init(),n.LiveChatWidget=n.LiveChatWidget||e}(window,document,[].slice))\n<\/script><br \/>\n<noscript><a href=\"https:\/\/www.text.com\/chat-with\/c1e8f09e-f341-4205-ba9e-1518bc37f865\/\" rel=\"nofollow\">Chat with us<\/a>, powered by <a href=\"https:\/\/www.text.com\/\" rel=\"noopener nofollow\" target=\"_blank\">Text<\/a><\/noscript><br \/>\n<!-- End of Text code -->[\/vc_column_text][\/vc_column][\/vc_row]\n<\/div>\n","protected":false},"author":1,"featured_media":0,"parent":0,"menu_order":0,"comment_status":"closed","ping_status":"open","template":"page-sidebar-left.php","meta":{"footnotes":""},"class_list":["post-13577","page","type-page","status-publish","hentry"],"yoast_head":"<!-- This site is optimized with the Yoast SEO plugin v24.4 - https:\/\/yoast.com\/wordpress\/plugins\/seo\/ -->\n<title>About Us - Mobilus Motor<\/title>\n<meta name=\"robots\" content=\"index, follow, max-snippet:-1, max-image-preview:large, max-video-preview:-1\" \/>\n<link rel=\"canonical\" href=\"https:\/\/mobilus.pl\/wsparcietechniczne\/\" \/>\n<meta property=\"og:locale\" content=\"en_US\" \/>\n<meta property=\"og:type\" content=\"article\" \/>\n<meta property=\"og:title\" content=\"[:pl]Wsparcie techniczne[:en]About Us[:de]\u00dcber uns[:] - Mobilus Motor\" \/>\n<meta property=\"og:description\" content=\"[vc_row el_class=&quot;he_gray&quot;][vc_column][vc_column_text el_class=&quot;clearrr&quot;] Wsparcie techniczne [\/vc_column_text][\/vc_column][\/vc_row][vc_row][vc_column width=&quot;1\/2&quot;][vc_single_image image=&quot;11820&quot; img_size=&quot;574x370&quot;][\/vc_column][vc_column width=&quot;1\/2&quot;][vc_column_text css=&quot;.vc_custom_1433938186601{margin-bottom: 40px !important;}&quot;]Uruchomili\u015bmy chat AI, kt\u00f3ry ma wspiera\u0107 zar\u00f3wno naszych Klient\u00f3w, jak i Serwisant\u00f3w w szybkim uzyskaniu odpowiedzi na pytania oraz w codziennej obs\u0142udze i monta\u017cu produkt\u00f3w Mobilus Motor. Obecnie chat dzia\u0142a w fazie test\u00f3w, dlatego liczymy na Pa\u0144stwa wyrozumia\u0142o\u015b\u0107 i zach\u0119camy do korzystania oraz dzielenia si\u0119 uwagami, kt\u00f3re pomog\u0105 nam go udoskonali\u0107. [\/vc_column_text][\/vc_column][vc_column width=&quot;1\/2&quot;][\/vc_column][\/vc_row][vc_row][vc_column][vc_column_text] Chat with us, powered by Text [\/vc_column_text][\/vc_column][\/vc_row]\" \/>\n<meta property=\"og:url\" content=\"https:\/\/mobilus.pl\/wsparcietechniczne\/\" \/>\n<meta property=\"og:site_name\" content=\"Mobilus Motor\" \/>\n<meta property=\"article:publisher\" content=\"https:\/\/web.facebook.com\/mobiluspl\/\" \/>\n<meta property=\"article:modified_time\" content=\"2025-09-30T09:42:08+00:00\" \/>\n<meta name=\"twitter:card\" content=\"summary_large_image\" \/>\n<meta name=\"twitter:label1\" content=\"Est. reading time\" \/>\n\t<meta name=\"twitter:data1\" content=\"1 minute\" \/>\n<script type=\"application\/ld+json\" class=\"yoast-schema-graph\">{\"@context\":\"https:\/\/schema.org\",\"@graph\":[{\"@type\":\"WebPage\",\"@id\":\"https:\/\/mobilus.pl\/wsparcietechniczne\/\",\"url\":\"https:\/\/mobilus.pl\/wsparcietechniczne\/\",\"name\":\"[:pl]Wsparcie techniczne[:en]About Us[:de]\u00dcber uns[:] - Mobilus Motor\",\"isPartOf\":{\"@id\":\"https:\/\/mobilus.pl\/#website\"},\"datePublished\":\"2025-09-23T11:05:15+00:00\",\"dateModified\":\"2025-09-30T09:42:08+00:00\",\"breadcrumb\":{\"@id\":\"https:\/\/mobilus.pl\/wsparcietechniczne\/#breadcrumb\"},\"inLanguage\":\"en-US\",\"potentialAction\":[{\"@type\":\"ReadAction\",\"target\":[\"https:\/\/mobilus.pl\/wsparcietechniczne\/\"]}]},{\"@type\":\"BreadcrumbList\",\"@id\":\"https:\/\/mobilus.pl\/wsparcietechniczne\/#breadcrumb\",\"itemListElement\":[{\"@type\":\"ListItem\",\"position\":1,\"name\":\"Strona g\u0142\u00f3wna\",\"item\":\"https:\/\/mobilus.pl\/\"},{\"@type\":\"ListItem\",\"position\":2,\"name\":\"[:pl]Wsparcie techniczne[:en]About Us[:de]\u00dcber uns[:]\"}]},{\"@type\":\"WebSite\",\"@id\":\"https:\/\/mobilus.pl\/#website\",\"url\":\"https:\/\/mobilus.pl\/\",\"name\":\"Mobilus Motor\",\"description\":\"enjoy the mobility\",\"publisher\":{\"@id\":\"https:\/\/mobilus.pl\/#organization\"},\"potentialAction\":[{\"@type\":\"SearchAction\",\"target\":{\"@type\":\"EntryPoint\",\"urlTemplate\":\"https:\/\/mobilus.pl\/?s={search_term_string}\"},\"query-input\":{\"@type\":\"PropertyValueSpecification\",\"valueRequired\":true,\"valueName\":\"search_term_string\"}}],\"inLanguage\":\"en-US\"},{\"@type\":\"Organization\",\"@id\":\"https:\/\/mobilus.pl\/#organization\",\"name\":\"Mobilus Motor\",\"url\":\"https:\/\/mobilus.pl\/\",\"logo\":{\"@type\":\"ImageObject\",\"inLanguage\":\"en-US\",\"@id\":\"https:\/\/mobilus.pl\/#\/schema\/logo\/image\/\",\"url\":\"https:\/\/mobilus.pl\/wp-content\/uploads\/2014\/09\/mobilus_2013_small.png\",\"contentUrl\":\"https:\/\/mobilus.pl\/wp-content\/uploads\/2014\/09\/mobilus_2013_small.png\",\"width\":180,\"height\":50,\"caption\":\"Mobilus Motor\"},\"image\":{\"@id\":\"https:\/\/mobilus.pl\/#\/schema\/logo\/image\/\"},\"sameAs\":[\"https:\/\/web.facebook.com\/mobiluspl\/\",\"https:\/\/www.instagram.com\/mobiluspl\/\",\"https:\/\/www.youtube.com\/channel\/UCB6ay8tvzv2HRlpIRqWaZeQ\"]}]}<\/script>\n<!-- \/ Yoast SEO plugin. -->","yoast_head_json":{"title":"[:pl]Wsparcie techniczne[:en]About Us[:de]\u00dcber uns[:] - Mobilus Motor","robots":{"index":"index","follow":"follow","max-snippet":"max-snippet:-1","max-image-preview":"max-image-preview:large","max-video-preview":"max-video-preview:-1"},"canonical":"https:\/\/mobilus.pl\/wsparcietechniczne\/","og_locale":"en_US","og_type":"article","og_title":"[:pl]Wsparcie techniczne[:en]About Us[:de]\u00dcber uns[:] - Mobilus Motor","og_description":"[vc_row el_class=\"he_gray\"][vc_column][vc_column_text el_class=\"clearrr\"] Wsparcie techniczne [\/vc_column_text][\/vc_column][\/vc_row][vc_row][vc_column width=\"1\/2\"][vc_single_image image=\"11820\" img_size=\"574x370\"][\/vc_column][vc_column width=\"1\/2\"][vc_column_text css=\".vc_custom_1433938186601{margin-bottom: 40px !important;}\"]Uruchomili\u015bmy chat AI, kt\u00f3ry ma wspiera\u0107 zar\u00f3wno naszych Klient\u00f3w, jak i Serwisant\u00f3w w szybkim uzyskaniu odpowiedzi na pytania oraz w codziennej obs\u0142udze i monta\u017cu produkt\u00f3w Mobilus Motor. Obecnie chat dzia\u0142a w fazie test\u00f3w, dlatego liczymy na Pa\u0144stwa wyrozumia\u0142o\u015b\u0107 i zach\u0119camy do korzystania oraz dzielenia si\u0119 uwagami, kt\u00f3re pomog\u0105 nam go udoskonali\u0107. [\/vc_column_text][\/vc_column][vc_column width=\"1\/2\"][\/vc_column][\/vc_row][vc_row][vc_column][vc_column_text] Chat with us, powered by Text [\/vc_column_text][\/vc_column][\/vc_row]","og_url":"https:\/\/mobilus.pl\/wsparcietechniczne\/","og_site_name":"Mobilus Motor","article_publisher":"https:\/\/web.facebook.com\/mobiluspl\/","article_modified_time":"2025-09-30T09:42:08+00:00","twitter_card":"summary_large_image","twitter_misc":{"Est. reading time":"1 minute"},"schema":{"@context":"https:\/\/schema.org","@graph":[{"@type":"WebPage","@id":"https:\/\/mobilus.pl\/wsparcietechniczne\/","url":"https:\/\/mobilus.pl\/wsparcietechniczne\/","name":"[:pl]Wsparcie techniczne[:en]About Us[:de]\u00dcber uns[:] - Mobilus Motor","isPartOf":{"@id":"https:\/\/mobilus.pl\/#website"},"datePublished":"2025-09-23T11:05:15+00:00","dateModified":"2025-09-30T09:42:08+00:00","breadcrumb":{"@id":"https:\/\/mobilus.pl\/wsparcietechniczne\/#breadcrumb"},"inLanguage":"en-US","potentialAction":[{"@type":"ReadAction","target":["https:\/\/mobilus.pl\/wsparcietechniczne\/"]}]},{"@type":"BreadcrumbList","@id":"https:\/\/mobilus.pl\/wsparcietechniczne\/#breadcrumb","itemListElement":[{"@type":"ListItem","position":1,"name":"Strona g\u0142\u00f3wna","item":"https:\/\/mobilus.pl\/"},{"@type":"ListItem","position":2,"name":"[:pl]Wsparcie techniczne[:en]About Us[:de]\u00dcber uns[:]"}]},{"@type":"WebSite","@id":"https:\/\/mobilus.pl\/#website","url":"https:\/\/mobilus.pl\/","name":"Mobilus Motor","description":"enjoy the mobility","publisher":{"@id":"https:\/\/mobilus.pl\/#organization"},"potentialAction":[{"@type":"SearchAction","target":{"@type":"EntryPoint","urlTemplate":"https:\/\/mobilus.pl\/?s={search_term_string}"},"query-input":{"@type":"PropertyValueSpecification","valueRequired":true,"valueName":"search_term_string"}}],"inLanguage":"en-US"},{"@type":"Organization","@id":"https:\/\/mobilus.pl\/#organization","name":"Mobilus Motor","url":"https:\/\/mobilus.pl\/","logo":{"@type":"ImageObject","inLanguage":"en-US","@id":"https:\/\/mobilus.pl\/#\/schema\/logo\/image\/","url":"https:\/\/mobilus.pl\/wp-content\/uploads\/2014\/09\/mobilus_2013_small.png","contentUrl":"https:\/\/mobilus.pl\/wp-content\/uploads\/2014\/09\/mobilus_2013_small.png","width":180,"height":50,"caption":"Mobilus Motor"},"image":{"@id":"https:\/\/mobilus.pl\/#\/schema\/logo\/image\/"},"sameAs":["https:\/\/web.facebook.com\/mobiluspl\/","https:\/\/www.instagram.com\/mobiluspl\/","https:\/\/www.youtube.com\/channel\/UCB6ay8tvzv2HRlpIRqWaZeQ"]}]}},"_links":{"self":[{"href":"https:\/\/mobilus.pl\/en\/wp-json\/wp\/v2\/pages\/13577"}],"collection":[{"href":"https:\/\/mobilus.pl\/en\/wp-json\/wp\/v2\/pages"}],"about":[{"href":"https:\/\/mobilus.pl\/en\/wp-json\/wp\/v2\/types\/page"}],"author":[{"embeddable":true,"href":"https:\/\/mobilus.pl\/en\/wp-json\/wp\/v2\/users\/1"}],"replies":[{"embeddable":true,"href":"https:\/\/mobilus.pl\/en\/wp-json\/wp\/v2\/comments?post=13577"}],"version-history":[{"count":5,"href":"https:\/\/mobilus.pl\/en\/wp-json\/wp\/v2\/pages\/13577\/revisions"}],"predecessor-version":[{"id":13614,"href":"https:\/\/mobilus.pl\/en\/wp-json\/wp\/v2\/pages\/13577\/revisions\/13614"}],"wp:attachment":[{"href":"https:\/\/mobilus.pl\/en\/wp-json\/wp\/v2\/media?parent=13577"}],"curies":[{"name":"wp","href":"https:\/\/api.w.org\/{rel}","templated":true}]}}