{"id":12695,"date":"2021-12-13T12:10:24","date_gmt":"2021-12-13T12:10:24","guid":{"rendered":"https:\/\/mobilus.pl\/?page_id=12695"},"modified":"2021-12-13T12:13:32","modified_gmt":"2021-12-13T12:13:32","slug":"polityka-prywatnosci-xmas","status":"publish","type":"page","link":"https:\/\/mobilus.pl\/en\/polityka-prywatnosci-xmas\/","title":{"rendered":"Polityka prywatno\u015bci Mobilus Xmas"},"content":{"rendered":"<div class=\"wpb-content-wrapper\">[vc_row parallax=\"\" parallax_image=\"\" full_width=\"\" poster=\"\" mp4=\"\" m4v=\"\" webm=\"\" ogv=\"\" overlay=\"\"][vc_column width=\"1\/1\"][vc_column_text]\n<h4><b>Polityka prywatno\u015bci: Mobilus Xmas<\/b><\/h4>\n<h4><strong>Informacje og\u00f3lne<\/strong><\/h4>\n<p>Niniejsza polityka prywatno\u015bci reguluje korzystanie z aplikacji mobilnej \u201eMobilus Xmas\u201d (zwanej dalej \u201eAplikacja\u201d).<br \/>\nAplikacja zosta\u0142a stworzona przez Mobilus Motor Sp. z o.o.<br \/>\nAplikacja umo\u017cliwia sterowanie o\u015bwietleniem LED.<br \/>\nFirma Mobilus Motor sp z o.o. szanuje prawo do prywatno\u015bci u\u017cytkownik\u00f3w i o\u015bwiadcza \u017ce nie gromadzi \u017cadnych danych, opr\u00f3cz tych, kt\u00f3re s\u0105 konieczne do prawid\u0142owego funkcjonowania aplikacji.<\/p>\n<h4><b>Jakie informacje pozyskuje Aplikacja i jak s\u0105 one wykorzystywane ?<\/b><\/h4>\n<p>Aplikacja nie przechowuje, ani nie udost\u0119pnia Pa\u0144stwa danych osobowych.<\/p>\n<h4><b>Informacje dostarczone przez u\u017cytkownika<\/b><\/h4>\n<p>Podczas korzystania z Aplikacji, u\u017cytkownik mo\u017ce generowa\u0107 dane dotycz\u0105ce stanu o\u015bwietlenia. Te dane s\u0105 przechowywane w pami\u0119ci aplikacji.<\/p>\n<h4><b>Czy Aplikacja zbiera informacje o lokalizacji urz\u0105dzenia w czasie rzeczywistym?<\/b><\/h4>\n<p>Nie.<\/p>\n<h4><b>Twoja zgoda<\/b><\/h4>\n<p>Korzystaj\u0105c z Aplikacji, wyra\u017caj\u0105 Pa\u0144stwo zgod\u0119 na przetwarzanie danych zgodnie z niniejsz\u0105 Polityk\u0105 Prywatno\u015bci teraz, jak i po zmianach wprowadzonych przez mobilus Motor Sp z o.o..<\/p>\n<h4><b>Kontakt z nami<\/b><\/h4>\n<p>Je\u015bli maj\u0105 Pa\u0144stwo jakiekolwiek pytania dotycz\u0105ce polityki prywatno\u015bci Mobilus Xmas prosimy o kontakt : <a href=\"mailto:info@mobilus.pl\">info@mobilus.pl<\/a>.<\/p>\n[\/vc_column_text][\/vc_column][\/vc_row]\n<\/div>","protected":false},"excerpt":{"rendered":"<p>[vc_row parallax=&#8221;&#8221; parallax_image=&#8221;&#8221; full_width=&#8221;&#8221; poster=&#8221;&#8221; mp4=&#8221;&#8221; m4v=&#8221;&#8221; webm=&#8221;&#8221; ogv=&#8221;&#8221; overlay=&#8221;&#8221;][vc_column width=&#8221;1\/1&#8243;][vc_column_text]<br \/>\nPolityka prywatno\u015bci: Mobilus Xmas<br \/>\nInformacje og\u00f3lne<\/p>\n<p>Niniejsza polityka prywatno\u015bci reguluje korzystanie z aplikacji mobilnej \u201eMobilus Xmas\u201d (zwanej dalej \u201eAplikacja\u201d).<br \/>\nAplikacja zosta\u0142a stworzona przez Mobilus Motor Sp. z o.o.<br \/>\nAplikacja umo\u017cliwia sterowanie o\u015bwietleniem LED.<br \/>\nFirma Mobilus Motor sp z o.o. szanuje prawo do prywatno\u015bci u\u017cytkownik\u00f3w i o\u015bwiadcza \u017ce nie gromadzi \u017cadnych danych, opr\u00f3cz tych, kt\u00f3re s\u0105 konieczne do prawid\u0142owego funkcjonowania aplikacji.<\/p>\n<p>Jakie informacje pozyskuje Aplikacja i jak s\u0105 one wykorzystywane ?<\/p>\n<p>Aplikacja nie przechowuje, ani nie udost\u0119pnia Pa\u0144stwa danych osobowych.<\/p>\n<p>Informacje dostarczone przez u\u017cytkownika<\/p>\n<p>Podczas korzystania z Aplikacji, u\u017cytkownik mo\u017ce<\/p>\n","protected":false},"author":1,"featured_media":0,"parent":0,"menu_order":0,"comment_status":"open","ping_status":"open","template":"page-nosidebar.php","meta":{"footnotes":""},"class_list":["post-12695","page","type-page","status-publish","hentry"],"yoast_head":"<!-- This site is optimized with the Yoast SEO plugin v24.4 - https:\/\/yoast.com\/wordpress\/plugins\/seo\/ -->\n<title>Polityka prywatno\u015bci Mobilus Xmas - Mobilus Motor<\/title>\n<meta name=\"robots\" content=\"index, follow, max-snippet:-1, max-image-preview:large, max-video-preview:-1\" \/>\n<link rel=\"canonical\" href=\"https:\/\/mobilus.pl\/polityka-prywatnosci-xmas\/\" \/>\n<meta property=\"og:locale\" content=\"en_US\" \/>\n<meta property=\"og:type\" content=\"article\" \/>\n<meta property=\"og:title\" content=\"Polityka prywatno\u015bci Mobilus Xmas - Mobilus Motor\" \/>\n<meta property=\"og:description\" content=\"[vc_row parallax=&quot;&quot; parallax_image=&quot;&quot; full_width=&quot;&quot; poster=&quot;&quot; mp4=&quot;&quot; m4v=&quot;&quot; webm=&quot;&quot; ogv=&quot;&quot; overlay=&quot;&quot;][vc_column width=&quot;1\/1&quot;][vc_column_text] Polityka prywatno\u015bci: Mobilus Xmas Informacje og\u00f3lne Niniejsza polityka prywatno\u015bci reguluje korzystanie z aplikacji mobilnej \u201eMobilus Xmas\u201d (zwanej dalej \u201eAplikacja\u201d). Aplikacja zosta\u0142a stworzona przez Mobilus Motor Sp. z o.o. Aplikacja umo\u017cliwia sterowanie o\u015bwietleniem LED. Firma Mobilus Motor sp z o.o. szanuje prawo do prywatno\u015bci u\u017cytkownik\u00f3w i o\u015bwiadcza \u017ce nie gromadzi \u017cadnych danych, opr\u00f3cz tych, kt\u00f3re s\u0105 konieczne do prawid\u0142owego funkcjonowania aplikacji. Jakie informacje pozyskuje Aplikacja i jak s\u0105 one wykorzystywane ? Aplikacja nie przechowuje, ani nie udost\u0119pnia Pa\u0144stwa danych osobowych. Informacje dostarczone przez u\u017cytkownika Podczas korzystania z Aplikacji, u\u017cytkownik mo\u017ce\" \/>\n<meta property=\"og:url\" content=\"https:\/\/mobilus.pl\/polityka-prywatnosci-xmas\/\" \/>\n<meta property=\"og:site_name\" content=\"Mobilus Motor\" \/>\n<meta property=\"article:publisher\" content=\"https:\/\/web.facebook.com\/mobiluspl\/\" \/>\n<meta property=\"article:modified_time\" content=\"2021-12-13T12:13:32+00:00\" \/>\n<meta name=\"twitter:card\" content=\"summary_large_image\" \/>\n<meta name=\"twitter:label1\" content=\"Est. reading time\" \/>\n\t<meta name=\"twitter:data1\" content=\"1 minute\" \/>\n<script type=\"application\/ld+json\" class=\"yoast-schema-graph\">{\"@context\":\"https:\/\/schema.org\",\"@graph\":[{\"@type\":\"WebPage\",\"@id\":\"https:\/\/mobilus.pl\/polityka-prywatnosci-xmas\/\",\"url\":\"https:\/\/mobilus.pl\/polityka-prywatnosci-xmas\/\",\"name\":\"Polityka prywatno\u015bci Mobilus Xmas - Mobilus Motor\",\"isPartOf\":{\"@id\":\"https:\/\/mobilus.pl\/#website\"},\"datePublished\":\"2021-12-13T12:10:24+00:00\",\"dateModified\":\"2021-12-13T12:13:32+00:00\",\"breadcrumb\":{\"@id\":\"https:\/\/mobilus.pl\/polityka-prywatnosci-xmas\/#breadcrumb\"},\"inLanguage\":\"en-US\",\"potentialAction\":[{\"@type\":\"ReadAction\",\"target\":[\"https:\/\/mobilus.pl\/polityka-prywatnosci-xmas\/\"]}]},{\"@type\":\"BreadcrumbList\",\"@id\":\"https:\/\/mobilus.pl\/polityka-prywatnosci-xmas\/#breadcrumb\",\"itemListElement\":[{\"@type\":\"ListItem\",\"position\":1,\"name\":\"Strona g\u0142\u00f3wna\",\"item\":\"https:\/\/mobilus.pl\/\"},{\"@type\":\"ListItem\",\"position\":2,\"name\":\"Polityka prywatno\u015bci Mobilus Xmas\"}]},{\"@type\":\"WebSite\",\"@id\":\"https:\/\/mobilus.pl\/#website\",\"url\":\"https:\/\/mobilus.pl\/\",\"name\":\"Mobilus Motor\",\"description\":\"enjoy the mobility\",\"publisher\":{\"@id\":\"https:\/\/mobilus.pl\/#organization\"},\"potentialAction\":[{\"@type\":\"SearchAction\",\"target\":{\"@type\":\"EntryPoint\",\"urlTemplate\":\"https:\/\/mobilus.pl\/?s={search_term_string}\"},\"query-input\":{\"@type\":\"PropertyValueSpecification\",\"valueRequired\":true,\"valueName\":\"search_term_string\"}}],\"inLanguage\":\"en-US\"},{\"@type\":\"Organization\",\"@id\":\"https:\/\/mobilus.pl\/#organization\",\"name\":\"Mobilus Motor\",\"url\":\"https:\/\/mobilus.pl\/\",\"logo\":{\"@type\":\"ImageObject\",\"inLanguage\":\"en-US\",\"@id\":\"https:\/\/mobilus.pl\/#\/schema\/logo\/image\/\",\"url\":\"https:\/\/mobilus.pl\/wp-content\/uploads\/2014\/09\/mobilus_2013_small.png\",\"contentUrl\":\"https:\/\/mobilus.pl\/wp-content\/uploads\/2014\/09\/mobilus_2013_small.png\",\"width\":180,\"height\":50,\"caption\":\"Mobilus Motor\"},\"image\":{\"@id\":\"https:\/\/mobilus.pl\/#\/schema\/logo\/image\/\"},\"sameAs\":[\"https:\/\/web.facebook.com\/mobiluspl\/\",\"https:\/\/www.instagram.com\/mobiluspl\/\",\"https:\/\/www.youtube.com\/channel\/UCB6ay8tvzv2HRlpIRqWaZeQ\"]}]}<\/script>\n<!-- \/ Yoast SEO plugin. -->","yoast_head_json":{"title":"Polityka prywatno\u015bci Mobilus Xmas - Mobilus Motor","robots":{"index":"index","follow":"follow","max-snippet":"max-snippet:-1","max-image-preview":"max-image-preview:large","max-video-preview":"max-video-preview:-1"},"canonical":"https:\/\/mobilus.pl\/polityka-prywatnosci-xmas\/","og_locale":"en_US","og_type":"article","og_title":"Polityka prywatno\u015bci Mobilus Xmas - Mobilus Motor","og_description":"[vc_row parallax=\"\" parallax_image=\"\" full_width=\"\" poster=\"\" mp4=\"\" m4v=\"\" webm=\"\" ogv=\"\" overlay=\"\"][vc_column width=\"1\/1\"][vc_column_text] Polityka prywatno\u015bci: Mobilus Xmas Informacje og\u00f3lne Niniejsza polityka prywatno\u015bci reguluje korzystanie z aplikacji mobilnej \u201eMobilus Xmas\u201d (zwanej dalej \u201eAplikacja\u201d). Aplikacja zosta\u0142a stworzona przez Mobilus Motor Sp. z o.o. Aplikacja umo\u017cliwia sterowanie o\u015bwietleniem LED. Firma Mobilus Motor sp z o.o. szanuje prawo do prywatno\u015bci u\u017cytkownik\u00f3w i o\u015bwiadcza \u017ce nie gromadzi \u017cadnych danych, opr\u00f3cz tych, kt\u00f3re s\u0105 konieczne do prawid\u0142owego funkcjonowania aplikacji. Jakie informacje pozyskuje Aplikacja i jak s\u0105 one wykorzystywane ? Aplikacja nie przechowuje, ani nie udost\u0119pnia Pa\u0144stwa danych osobowych. Informacje dostarczone przez u\u017cytkownika Podczas korzystania z Aplikacji, u\u017cytkownik mo\u017ce","og_url":"https:\/\/mobilus.pl\/polityka-prywatnosci-xmas\/","og_site_name":"Mobilus Motor","article_publisher":"https:\/\/web.facebook.com\/mobiluspl\/","article_modified_time":"2021-12-13T12:13:32+00:00","twitter_card":"summary_large_image","twitter_misc":{"Est. reading time":"1 minute"},"schema":{"@context":"https:\/\/schema.org","@graph":[{"@type":"WebPage","@id":"https:\/\/mobilus.pl\/polityka-prywatnosci-xmas\/","url":"https:\/\/mobilus.pl\/polityka-prywatnosci-xmas\/","name":"Polityka prywatno\u015bci Mobilus Xmas - Mobilus Motor","isPartOf":{"@id":"https:\/\/mobilus.pl\/#website"},"datePublished":"2021-12-13T12:10:24+00:00","dateModified":"2021-12-13T12:13:32+00:00","breadcrumb":{"@id":"https:\/\/mobilus.pl\/polityka-prywatnosci-xmas\/#breadcrumb"},"inLanguage":"en-US","potentialAction":[{"@type":"ReadAction","target":["https:\/\/mobilus.pl\/polityka-prywatnosci-xmas\/"]}]},{"@type":"BreadcrumbList","@id":"https:\/\/mobilus.pl\/polityka-prywatnosci-xmas\/#breadcrumb","itemListElement":[{"@type":"ListItem","position":1,"name":"Strona g\u0142\u00f3wna","item":"https:\/\/mobilus.pl\/"},{"@type":"ListItem","position":2,"name":"Polityka prywatno\u015bci Mobilus Xmas"}]},{"@type":"WebSite","@id":"https:\/\/mobilus.pl\/#website","url":"https:\/\/mobilus.pl\/","name":"Mobilus Motor","description":"enjoy the mobility","publisher":{"@id":"https:\/\/mobilus.pl\/#organization"},"potentialAction":[{"@type":"SearchAction","target":{"@type":"EntryPoint","urlTemplate":"https:\/\/mobilus.pl\/?s={search_term_string}"},"query-input":{"@type":"PropertyValueSpecification","valueRequired":true,"valueName":"search_term_string"}}],"inLanguage":"en-US"},{"@type":"Organization","@id":"https:\/\/mobilus.pl\/#organization","name":"Mobilus Motor","url":"https:\/\/mobilus.pl\/","logo":{"@type":"ImageObject","inLanguage":"en-US","@id":"https:\/\/mobilus.pl\/#\/schema\/logo\/image\/","url":"https:\/\/mobilus.pl\/wp-content\/uploads\/2014\/09\/mobilus_2013_small.png","contentUrl":"https:\/\/mobilus.pl\/wp-content\/uploads\/2014\/09\/mobilus_2013_small.png","width":180,"height":50,"caption":"Mobilus Motor"},"image":{"@id":"https:\/\/mobilus.pl\/#\/schema\/logo\/image\/"},"sameAs":["https:\/\/web.facebook.com\/mobiluspl\/","https:\/\/www.instagram.com\/mobiluspl\/","https:\/\/www.youtube.com\/channel\/UCB6ay8tvzv2HRlpIRqWaZeQ"]}]}},"_links":{"self":[{"href":"https:\/\/mobilus.pl\/en\/wp-json\/wp\/v2\/pages\/12695"}],"collection":[{"href":"https:\/\/mobilus.pl\/en\/wp-json\/wp\/v2\/pages"}],"about":[{"href":"https:\/\/mobilus.pl\/en\/wp-json\/wp\/v2\/types\/page"}],"author":[{"embeddable":true,"href":"https:\/\/mobilus.pl\/en\/wp-json\/wp\/v2\/users\/1"}],"replies":[{"embeddable":true,"href":"https:\/\/mobilus.pl\/en\/wp-json\/wp\/v2\/comments?post=12695"}],"version-history":[{"count":2,"href":"https:\/\/mobilus.pl\/en\/wp-json\/wp\/v2\/pages\/12695\/revisions"}],"predecessor-version":[{"id":12698,"href":"https:\/\/mobilus.pl\/en\/wp-json\/wp\/v2\/pages\/12695\/revisions\/12698"}],"wp:attachment":[{"href":"https:\/\/mobilus.pl\/en\/wp-json\/wp\/v2\/media?parent=12695"}],"curies":[{"name":"wp","href":"https:\/\/api.w.org\/{rel}","templated":true}]}}