{"id":12589,"date":"2021-06-29T12:48:05","date_gmt":"2021-06-29T12:48:05","guid":{"rendered":"https:\/\/mobilus.pl\/?page_id=12589"},"modified":"2026-03-27T10:54:18","modified_gmt":"2026-03-27T10:54:18","slug":"c-mrbthk","status":"publish","type":"page","link":"https:\/\/mobilus.pl\/en\/mobilus-products\/moduly-mobilus\/c-mrbthk\/","title":{"rendered":"MOBILUS C-MR BT HK"},"content":{"rendered":"<div class=\"wpb-content-wrapper\">[vc_row el_class=\"he_gray\"][vc_column][vc_column_text el_class=\"clearrr\"]\n<h4><strong><span style=\"color: #ffffff;\">Modu\u0142 C-MR BT HK<\/span><\/strong><\/h4>\n[\/vc_column_text][\/vc_column][\/vc_row][vc_row][vc_column][vc_row_inner][vc_column_inner width=\"1\/2\"][vc_gallery interval=\"5\" images=\"12832\" img_size=\"large\" onclick=\"\"][vc_facebook][\/vc_column_inner][vc_column_inner width=\"1\/2\"][vc_gallery type=\"image_grid\" images=\"12836,10691,6547,6553,13646\" img_size=\"full\" onclick=\"\"][vc_column_text css=\".vc_custom_1660725098800{margin-top: -15px !important;}\"]\n<h4><strong>Specyfikacja<\/strong><\/h4>\n<ul>\n<li>ODBIORNIK RADIOWY: MO\u017bLIWO\u015a\u0106 RADIOWEJ OBS\u0141UGI ROLETY\u00a0Z NAPE\u0328DEM Z ELEKTRONICZNA\u0328 KRAN\u0301CO\u0301WKA\u0328<\/li>\n<li>MODU\u0141 WSPIERAJ\u0104CY PROTOK\u00d3\u0141 APPLE HOME<\/li>\n<li>KOMUNIKACJA DWUKIERUNKOWA COSMO | 2WAY<\/li>\n<li>DETEKCJA POZYCJI KRA\u0143COWYCH<\/li>\n<li>STEROWANIE R\u00d3\u017bNYMI \u0141\u0104CZNIKAMI KLAWISZOWYMI (Z PODTRZYMANIEM, BEZ PODTRZYMANIA, DZWONKOWY)<\/li>\n<li>WBUDOWANY REPEATER SYGNA\u0141U<\/li>\n<li>KOD DYNAMICZNY<\/li>\n<li>MODULACJA\u00a0FSK<\/li>\n<li>868 MHz<\/li>\n<li>230 V~\u00a050 Hz<\/li>\n<\/ul>\n[\/vc_column_text]<a href=\"https:\/\/mobilus.pl\/c-mr-bt\/\" target=\"_blank\" class=\"button prettyPhoto  default medium simple alignleft\" rel=\"slides[buttonlightbox]\"> Odkryj wi\u0119cej <\/a><div class=\"clearfix\"><\/div>[\/vc_column_inner][\/vc_row_inner][\/vc_column][\/vc_row][vc_row][vc_column][vc_empty_space height=\"12px\"][\/vc_column][\/vc_row][vc_row][\/vc_row][vc_column][\/vc_column][vc_column_text][vc_column_text css=\".vc_custom_1430895935670{margin-bottom: -1px !important;}\"]\n<h4><strong>OPIS<\/strong><\/h4>\n<p><span style=\"font-size: medium;\">Podtynkowy modu\u0142 <b>MOBILUS C-MR BT HK<\/b> zapewnia sterowanie zwyk\u0142ymi si\u0142ownikami nap\u0119dzaj\u0105cymi rolety. Jest to pierwszy tego typu modu\u0142 wspieraj\u0105cy protok\u00f3\u0142 Apple Home na rynku. Integracja z systemem HomeKit zagwarantuje nam \u0142atwo\u015b\u0107 obs\u0142ugi, wysoki poziom bezpiecze\u0144stwa i \u015bcis\u0142\u0105 integracj\u0119 z Siri (asystent g\u0142osowy Apple).<\/span><\/p>\n<p><span style=\"font-size: medium;\">Odbiornik <b>MOBILUS C-MR BT HK<\/b> obs\u0142ugiwany jest bezpo\u015brednio za pomoc\u0105 aplikacji Dom przez urz\u0105dzenia z systemem iOS, watchOS - Apple Home. Modu\u0142 pracuje r\u00f3wnocze\u015bnie w standardzie komunikacji COSMO | 2WAY, co umo\u017cliwi sterowanie rolet\u0105 za pomoc\u0105 pilot\u00f3w COSMO, centralki COSMO | GTW i aplikacji do obs\u0142ugi centralki na smartfona.<\/span><\/p>\n<p><span style=\"font-size: medium;\">Apple Home umo\u017cliwia zdaln\u0105 kontrol\u0119 modu\u0142u <b>C-MR BT HK<\/b>, je\u015bli posiadamy w domu takie urz\u0105dzenia jak:<br \/>\niPad, Apple TV lub HomePod (przejmuj\u0105 one funkcj\u0119 centralki).<\/span><\/p>\n<p><span style=\"font-size: medium;\">Dzi\u0119ki u\u017cyciu wysokiej jako\u015bci materia\u0142\u00f3w oraz sta\u0142emu nadzorowi jako\u015bciowemu podczas procesu produkcji, gwarantujemy bezawaryjn\u0105 prac\u0119 urz\u0105dzenia.<\/span><\/p>\n<h5><b>Zainspiruj si\u0119 stw\u00f3rz z nami Inteligentny Dom.<\/b><\/h5>\n<p><strong>Produkcja: Polska<\/strong><br \/>\n<strong>Gwarancja 2 lata<\/strong><\/p>\n<h4><strong>Do pobrania<\/strong><\/h4>\n<div class=\"custom-table custom-table-2\">\n<table width=\"100%\">\n<thead style=\"background-color: #ffffff;\">\n<tr>\n<th style=\"text-align: center;\"><span style=\"color: #ffffff;\">\u00a0 NAZWA PLIKU<\/span><\/th>\n<th style=\"text-align: center;\"><span style=\"color: #ffffff;\">PL<\/span><\/th>\n<th style=\"text-align: center;\"><span style=\"color: #ffffff;\">ENG<\/span><\/th>\n<th style=\"text-align: center;\"><span style=\"color: #ffffff;\">DE<\/span><\/th>\n<th style=\"text-align: center;\"><span style=\"color: #ffffff;\">FR<\/span><\/th>\n<\/tr>\n<\/thead>\n<tbody>\n<tr>\n<td style=\"text-align: left;\"><strong>\u00a0\u00a0Wczytywanie modu\u0142u COSMO | C-MR BT HK<\/strong><\/td>\n<td style=\"text-align: center;\"><a href=\"http:\/\/mobilus.pl\/files\/instrukcje\/mobilus_c-mrbt-hk_pl.pdf\"><img loading=\"lazy\" decoding=\"async\" class=\"wp-image-9837 aligncenter\" src=\"https:\/\/mobilus.pl\/wp-content\/uploads\/2016\/11\/ikona_pobierz_v2-300x223.png\" width=\"26\" height=\"19\" srcset=\"https:\/\/mobilus.pl\/wp-content\/uploads\/2016\/11\/ikona_pobierz_v2-300x223.png 300w, https:\/\/mobilus.pl\/wp-content\/uploads\/2016\/11\/ikona_pobierz_v2-768x571.png 768w, https:\/\/mobilus.pl\/wp-content\/uploads\/2016\/11\/ikona_pobierz_v2-1024x761.png 1024w, https:\/\/mobilus.pl\/wp-content\/uploads\/2016\/11\/ikona_pobierz_v2-470x340.png 470w, https:\/\/mobilus.pl\/wp-content\/uploads\/2016\/11\/ikona_pobierz_v2.png 1891w\" sizes=\"(max-width: 26px) 100vw, 26px\" \/><\/a><\/td>\n<td style=\"text-align: center;\"><a href=\"http:\/\/mobilus.pl\/files\/instrukcje\/mobilus_c-mrbt-hk_eng.pdf\"><img loading=\"lazy\" decoding=\"async\" class=\"wp-image-9837 aligncenter\" src=\"https:\/\/mobilus.pl\/wp-content\/uploads\/2016\/11\/ikona_pobierz_v2-300x223.png\" width=\"26\" height=\"19\" srcset=\"https:\/\/mobilus.pl\/wp-content\/uploads\/2016\/11\/ikona_pobierz_v2-300x223.png 300w, https:\/\/mobilus.pl\/wp-content\/uploads\/2016\/11\/ikona_pobierz_v2-768x571.png 768w, https:\/\/mobilus.pl\/wp-content\/uploads\/2016\/11\/ikona_pobierz_v2-1024x761.png 1024w, https:\/\/mobilus.pl\/wp-content\/uploads\/2016\/11\/ikona_pobierz_v2-470x340.png 470w, https:\/\/mobilus.pl\/wp-content\/uploads\/2016\/11\/ikona_pobierz_v2.png 1891w\" sizes=\"(max-width: 26px) 100vw, 26px\" \/><\/a><\/td>\n<td style=\"text-align: center;\"><\/td>\n<td style=\"text-align: center;\"><\/td>\n<\/tr>\n<\/tbody>\n<\/table>\n<\/div>[\/vc_column_text]\n<\/div>","protected":false},"excerpt":{"rendered":"<p>[vc_row el_class=&#8221;he_gray&#8221;][vc_column][vc_column_text el_class=&#8221;clearrr&#8221;]<br \/>\nModu\u0142 C-MR BT HK<br \/>\n[\/vc_column_text][\/vc_column][\/vc_row][vc_row][vc_column][vc_row_inner][vc_column_inner width=&#8221;1\/2&#8243;][vc_gallery interval=&#8221;5&#8243; images=&#8221;12832&#8243; img_size=&#8221;large&#8221; onclick=&#8221;&#8221;][vc_facebook][\/vc_column_inner][vc_column_inner width=&#8221;1\/2&#8243;][vc_gallery type=&#8221;image_grid&#8221; images=&#8221;12836,10691,6547,6553,13646&#8243; img_size=&#8221;full&#8221; onclick=&#8221;&#8221;][vc_column_text css=&#8221;.vc_custom_1660725098800{margin-top: -15px !important;}&#8221;]<br \/>\nSpecyfikacja<\/p>\n<p>ODBIORNIK RADIOWY: MO\u017bLIWO\u015a\u0106 RADIOWEJ OBS\u0141UGI ROLETY\u00a0Z NAPE\u0328DEM Z ELEKTRONICZNA\u0328 KRAN\u0301CO\u0301WKA\u0328<br \/>\nMODU\u0141 WSPIERAJ\u0104CY PROTOK\u00d3\u0141 APPLE HOME<br \/>\nKOMUNIKACJA DWUKIERUNKOWA COSMO | 2WAY<br \/>\nDETEKCJA POZYCJI KRA\u0143COWYCH<br \/>\nSTEROWANIE R\u00d3\u017bNYMI \u0141\u0104CZNIKAMI KLAWISZOWYMI (Z PODTRZYMANIEM, BEZ PODTRZYMANIA, DZWONKOWY)<br \/>\nWBUDOWANY REPEATER SYGNA\u0141U<br \/>\nKOD DYNAMICZNY<br \/>\nMODULACJA\u00a0FSK<br \/>\n868 MHz<br \/>\n230 V~\u00a050 Hz<\/p>\n<p>[\/vc_column_text][\/vc_column_inner][\/vc_row_inner][\/vc_column][\/vc_row][vc_row][vc_column][vc_empty_space height=&#8221;12px&#8221;][\/vc_column][\/vc_row][vc_row][\/vc_row][vc_column][\/vc_column][vc_column_text][vc_column_text css=&#8221;.vc_custom_1430895935670{margin-bottom: -1px !important;}&#8221;]<br \/>\nOPIS<\/p>\n<p>Podtynkowy modu\u0142 MOBILUS C-MR BT HK zapewnia sterowanie zwyk\u0142ymi si\u0142ownikami nap\u0119dzaj\u0105cymi rolety. Jest to pierwszy tego typu modu\u0142 wspieraj\u0105cy protok\u00f3\u0142 Apple Home na rynku. Integracja z systemem HomeKit zagwarantuje nam \u0142atwo\u015b\u0107 obs\u0142ugi, wysoki poziom bezpiecze\u0144stwa<\/p>\n","protected":false},"author":1,"featured_media":0,"parent":5979,"menu_order":0,"comment_status":"open","ping_status":"closed","template":"page-sidebar-left.php","meta":{"footnotes":""},"class_list":["post-12589","page","type-page","status-publish","hentry"],"yoast_head":"<!-- This site is optimized with the Yoast SEO plugin v24.4 - https:\/\/yoast.com\/wordpress\/plugins\/seo\/ -->\n<title>MOBILUS C-MR BT HK - Mobilus Motor<\/title>\n<meta name=\"robots\" content=\"index, follow, max-snippet:-1, max-image-preview:large, max-video-preview:-1\" \/>\n<link rel=\"canonical\" href=\"https:\/\/mobilus.pl\/mobilus-products\/moduly-mobilus\/c-mrbthk\/\" \/>\n<meta property=\"og:locale\" content=\"en_US\" \/>\n<meta property=\"og:type\" content=\"article\" \/>\n<meta property=\"og:title\" content=\"MOBILUS C-MR BT HK - Mobilus Motor\" \/>\n<meta property=\"og:description\" content=\"[vc_row el_class=&quot;he_gray&quot;][vc_column][vc_column_text el_class=&quot;clearrr&quot;] Modu\u0142 C-MR BT HK [\/vc_column_text][\/vc_column][\/vc_row][vc_row][vc_column][vc_row_inner][vc_column_inner width=&quot;1\/2&quot;][vc_gallery interval=&quot;5&quot; images=&quot;12832&quot; img_size=&quot;large&quot; onclick=&quot;&quot;][vc_facebook][\/vc_column_inner][vc_column_inner width=&quot;1\/2&quot;][vc_gallery type=&quot;image_grid&quot; images=&quot;12836,10691,6547,6553,13646&quot; img_size=&quot;full&quot; onclick=&quot;&quot;][vc_column_text css=&quot;.vc_custom_1660725098800{margin-top: -15px !important;}&quot;] Specyfikacja ODBIORNIK RADIOWY: MO\u017bLIWO\u015a\u0106 RADIOWEJ OBS\u0141UGI ROLETY\u00a0Z NAPE\u0328DEM Z ELEKTRONICZNA\u0328 KRAN\u0301CO\u0301WKA\u0328 MODU\u0141 WSPIERAJ\u0104CY PROTOK\u00d3\u0141 APPLE HOME KOMUNIKACJA DWUKIERUNKOWA COSMO | 2WAY DETEKCJA POZYCJI KRA\u0143COWYCH STEROWANIE R\u00d3\u017bNYMI \u0141\u0104CZNIKAMI KLAWISZOWYMI (Z PODTRZYMANIEM, BEZ PODTRZYMANIA, DZWONKOWY) WBUDOWANY REPEATER SYGNA\u0141U KOD DYNAMICZNY MODULACJA\u00a0FSK 868 MHz 230 V~\u00a050 Hz [\/vc_column_text][\/vc_column_inner][\/vc_row_inner][\/vc_column][\/vc_row][vc_row][vc_column][vc_empty_space height=&quot;12px&quot;][\/vc_column][\/vc_row][vc_row][\/vc_row][vc_column][\/vc_column][vc_column_text][vc_column_text css=&quot;.vc_custom_1430895935670{margin-bottom: -1px !important;}&quot;] OPIS Podtynkowy modu\u0142 MOBILUS C-MR BT HK zapewnia sterowanie zwyk\u0142ymi si\u0142ownikami nap\u0119dzaj\u0105cymi rolety. Jest to pierwszy tego typu modu\u0142 wspieraj\u0105cy protok\u00f3\u0142 Apple Home na rynku. Integracja z systemem HomeKit zagwarantuje nam \u0142atwo\u015b\u0107 obs\u0142ugi, wysoki poziom bezpiecze\u0144stwa\" \/>\n<meta property=\"og:url\" content=\"https:\/\/mobilus.pl\/mobilus-products\/moduly-mobilus\/c-mrbthk\/\" \/>\n<meta property=\"og:site_name\" content=\"Mobilus Motor\" \/>\n<meta property=\"article:publisher\" content=\"https:\/\/web.facebook.com\/mobiluspl\/\" \/>\n<meta property=\"article:modified_time\" content=\"2026-03-27T10:54:18+00:00\" \/>\n<meta property=\"og:image\" content=\"https:\/\/mobilus.pl\/wp-content\/uploads\/2016\/11\/ikona_pobierz_v2.png\" \/>\n\t<meta property=\"og:image:width\" content=\"1891\" \/>\n\t<meta property=\"og:image:height\" content=\"1405\" \/>\n\t<meta property=\"og:image:type\" content=\"image\/png\" \/>\n<meta name=\"twitter:card\" content=\"summary_large_image\" \/>\n<meta name=\"twitter:label1\" content=\"Est. reading time\" \/>\n\t<meta name=\"twitter:data1\" content=\"2 minutes\" \/>\n<script type=\"application\/ld+json\" class=\"yoast-schema-graph\">{\"@context\":\"https:\/\/schema.org\",\"@graph\":[{\"@type\":\"WebPage\",\"@id\":\"https:\/\/mobilus.pl\/mobilus-products\/moduly-mobilus\/c-mrbthk\/\",\"url\":\"https:\/\/mobilus.pl\/mobilus-products\/moduly-mobilus\/c-mrbthk\/\",\"name\":\"MOBILUS C-MR BT HK - Mobilus Motor\",\"isPartOf\":{\"@id\":\"https:\/\/mobilus.pl\/#website\"},\"primaryImageOfPage\":{\"@id\":\"https:\/\/mobilus.pl\/mobilus-products\/moduly-mobilus\/c-mrbthk\/#primaryimage\"},\"image\":{\"@id\":\"https:\/\/mobilus.pl\/mobilus-products\/moduly-mobilus\/c-mrbthk\/#primaryimage\"},\"thumbnailUrl\":\"https:\/\/mobilus.pl\/wp-content\/uploads\/2016\/11\/ikona_pobierz_v2-300x223.png\",\"datePublished\":\"2021-06-29T12:48:05+00:00\",\"dateModified\":\"2026-03-27T10:54:18+00:00\",\"breadcrumb\":{\"@id\":\"https:\/\/mobilus.pl\/mobilus-products\/moduly-mobilus\/c-mrbthk\/#breadcrumb\"},\"inLanguage\":\"en-US\",\"potentialAction\":[{\"@type\":\"ReadAction\",\"target\":[\"https:\/\/mobilus.pl\/mobilus-products\/moduly-mobilus\/c-mrbthk\/\"]}]},{\"@type\":\"ImageObject\",\"inLanguage\":\"en-US\",\"@id\":\"https:\/\/mobilus.pl\/mobilus-products\/moduly-mobilus\/c-mrbthk\/#primaryimage\",\"url\":\"https:\/\/mobilus.pl\/wp-content\/uploads\/2016\/11\/ikona_pobierz_v2-300x223.png\",\"contentUrl\":\"https:\/\/mobilus.pl\/wp-content\/uploads\/2016\/11\/ikona_pobierz_v2-300x223.png\"},{\"@type\":\"BreadcrumbList\",\"@id\":\"https:\/\/mobilus.pl\/mobilus-products\/moduly-mobilus\/c-mrbthk\/#breadcrumb\",\"itemListElement\":[{\"@type\":\"ListItem\",\"position\":1,\"name\":\"Strona g\u0142\u00f3wna\",\"item\":\"https:\/\/mobilus.pl\/\"},{\"@type\":\"ListItem\",\"position\":2,\"name\":\"Produkty &#8211; Mobilus\",\"item\":\"https:\/\/mobilus.pl\/mobilus-products\/\"},{\"@type\":\"ListItem\",\"position\":3,\"name\":\"Modu\u0142y Mobilus\",\"item\":\"https:\/\/mobilus.pl\/mobilus-products\/moduly-mobilus\/\"},{\"@type\":\"ListItem\",\"position\":4,\"name\":\"MOBILUS C-MR BT HK\"}]},{\"@type\":\"WebSite\",\"@id\":\"https:\/\/mobilus.pl\/#website\",\"url\":\"https:\/\/mobilus.pl\/\",\"name\":\"Mobilus Motor\",\"description\":\"enjoy the mobility\",\"publisher\":{\"@id\":\"https:\/\/mobilus.pl\/#organization\"},\"potentialAction\":[{\"@type\":\"SearchAction\",\"target\":{\"@type\":\"EntryPoint\",\"urlTemplate\":\"https:\/\/mobilus.pl\/?s={search_term_string}\"},\"query-input\":{\"@type\":\"PropertyValueSpecification\",\"valueRequired\":true,\"valueName\":\"search_term_string\"}}],\"inLanguage\":\"en-US\"},{\"@type\":\"Organization\",\"@id\":\"https:\/\/mobilus.pl\/#organization\",\"name\":\"Mobilus Motor\",\"url\":\"https:\/\/mobilus.pl\/\",\"logo\":{\"@type\":\"ImageObject\",\"inLanguage\":\"en-US\",\"@id\":\"https:\/\/mobilus.pl\/#\/schema\/logo\/image\/\",\"url\":\"https:\/\/mobilus.pl\/wp-content\/uploads\/2014\/09\/mobilus_2013_small.png\",\"contentUrl\":\"https:\/\/mobilus.pl\/wp-content\/uploads\/2014\/09\/mobilus_2013_small.png\",\"width\":180,\"height\":50,\"caption\":\"Mobilus Motor\"},\"image\":{\"@id\":\"https:\/\/mobilus.pl\/#\/schema\/logo\/image\/\"},\"sameAs\":[\"https:\/\/web.facebook.com\/mobiluspl\/\",\"https:\/\/www.instagram.com\/mobiluspl\/\",\"https:\/\/www.youtube.com\/channel\/UCB6ay8tvzv2HRlpIRqWaZeQ\"]}]}<\/script>\n<!-- \/ Yoast SEO plugin. -->","yoast_head_json":{"title":"MOBILUS C-MR BT HK - Mobilus Motor","robots":{"index":"index","follow":"follow","max-snippet":"max-snippet:-1","max-image-preview":"max-image-preview:large","max-video-preview":"max-video-preview:-1"},"canonical":"https:\/\/mobilus.pl\/mobilus-products\/moduly-mobilus\/c-mrbthk\/","og_locale":"en_US","og_type":"article","og_title":"MOBILUS C-MR BT HK - Mobilus Motor","og_description":"[vc_row el_class=\"he_gray\"][vc_column][vc_column_text el_class=\"clearrr\"] Modu\u0142 C-MR BT HK [\/vc_column_text][\/vc_column][\/vc_row][vc_row][vc_column][vc_row_inner][vc_column_inner width=\"1\/2\"][vc_gallery interval=\"5\" images=\"12832\" img_size=\"large\" onclick=\"\"][vc_facebook][\/vc_column_inner][vc_column_inner width=\"1\/2\"][vc_gallery type=\"image_grid\" images=\"12836,10691,6547,6553,13646\" img_size=\"full\" onclick=\"\"][vc_column_text css=\".vc_custom_1660725098800{margin-top: -15px !important;}\"] Specyfikacja ODBIORNIK RADIOWY: MO\u017bLIWO\u015a\u0106 RADIOWEJ OBS\u0141UGI ROLETY\u00a0Z NAPE\u0328DEM Z ELEKTRONICZNA\u0328 KRAN\u0301CO\u0301WKA\u0328 MODU\u0141 WSPIERAJ\u0104CY PROTOK\u00d3\u0141 APPLE HOME KOMUNIKACJA DWUKIERUNKOWA COSMO | 2WAY DETEKCJA POZYCJI KRA\u0143COWYCH STEROWANIE R\u00d3\u017bNYMI \u0141\u0104CZNIKAMI KLAWISZOWYMI (Z PODTRZYMANIEM, BEZ PODTRZYMANIA, DZWONKOWY) WBUDOWANY REPEATER SYGNA\u0141U KOD DYNAMICZNY MODULACJA\u00a0FSK 868 MHz 230 V~\u00a050 Hz [\/vc_column_text][\/vc_column_inner][\/vc_row_inner][\/vc_column][\/vc_row][vc_row][vc_column][vc_empty_space height=\"12px\"][\/vc_column][\/vc_row][vc_row][\/vc_row][vc_column][\/vc_column][vc_column_text][vc_column_text css=\".vc_custom_1430895935670{margin-bottom: -1px !important;}\"] OPIS Podtynkowy modu\u0142 MOBILUS C-MR BT HK zapewnia sterowanie zwyk\u0142ymi si\u0142ownikami nap\u0119dzaj\u0105cymi rolety. Jest to pierwszy tego typu modu\u0142 wspieraj\u0105cy protok\u00f3\u0142 Apple Home na rynku. Integracja z systemem HomeKit zagwarantuje nam \u0142atwo\u015b\u0107 obs\u0142ugi, wysoki poziom bezpiecze\u0144stwa","og_url":"https:\/\/mobilus.pl\/mobilus-products\/moduly-mobilus\/c-mrbthk\/","og_site_name":"Mobilus Motor","article_publisher":"https:\/\/web.facebook.com\/mobiluspl\/","article_modified_time":"2026-03-27T10:54:18+00:00","og_image":[{"width":1891,"height":1405,"url":"https:\/\/mobilus.pl\/wp-content\/uploads\/2016\/11\/ikona_pobierz_v2.png","type":"image\/png"}],"twitter_card":"summary_large_image","twitter_misc":{"Est. reading time":"2 minutes"},"schema":{"@context":"https:\/\/schema.org","@graph":[{"@type":"WebPage","@id":"https:\/\/mobilus.pl\/mobilus-products\/moduly-mobilus\/c-mrbthk\/","url":"https:\/\/mobilus.pl\/mobilus-products\/moduly-mobilus\/c-mrbthk\/","name":"MOBILUS C-MR BT HK - Mobilus Motor","isPartOf":{"@id":"https:\/\/mobilus.pl\/#website"},"primaryImageOfPage":{"@id":"https:\/\/mobilus.pl\/mobilus-products\/moduly-mobilus\/c-mrbthk\/#primaryimage"},"image":{"@id":"https:\/\/mobilus.pl\/mobilus-products\/moduly-mobilus\/c-mrbthk\/#primaryimage"},"thumbnailUrl":"https:\/\/mobilus.pl\/wp-content\/uploads\/2016\/11\/ikona_pobierz_v2-300x223.png","datePublished":"2021-06-29T12:48:05+00:00","dateModified":"2026-03-27T10:54:18+00:00","breadcrumb":{"@id":"https:\/\/mobilus.pl\/mobilus-products\/moduly-mobilus\/c-mrbthk\/#breadcrumb"},"inLanguage":"en-US","potentialAction":[{"@type":"ReadAction","target":["https:\/\/mobilus.pl\/mobilus-products\/moduly-mobilus\/c-mrbthk\/"]}]},{"@type":"ImageObject","inLanguage":"en-US","@id":"https:\/\/mobilus.pl\/mobilus-products\/moduly-mobilus\/c-mrbthk\/#primaryimage","url":"https:\/\/mobilus.pl\/wp-content\/uploads\/2016\/11\/ikona_pobierz_v2-300x223.png","contentUrl":"https:\/\/mobilus.pl\/wp-content\/uploads\/2016\/11\/ikona_pobierz_v2-300x223.png"},{"@type":"BreadcrumbList","@id":"https:\/\/mobilus.pl\/mobilus-products\/moduly-mobilus\/c-mrbthk\/#breadcrumb","itemListElement":[{"@type":"ListItem","position":1,"name":"Strona g\u0142\u00f3wna","item":"https:\/\/mobilus.pl\/"},{"@type":"ListItem","position":2,"name":"Produkty &#8211; Mobilus","item":"https:\/\/mobilus.pl\/mobilus-products\/"},{"@type":"ListItem","position":3,"name":"Modu\u0142y Mobilus","item":"https:\/\/mobilus.pl\/mobilus-products\/moduly-mobilus\/"},{"@type":"ListItem","position":4,"name":"MOBILUS C-MR BT HK"}]},{"@type":"WebSite","@id":"https:\/\/mobilus.pl\/#website","url":"https:\/\/mobilus.pl\/","name":"Mobilus Motor","description":"enjoy the mobility","publisher":{"@id":"https:\/\/mobilus.pl\/#organization"},"potentialAction":[{"@type":"SearchAction","target":{"@type":"EntryPoint","urlTemplate":"https:\/\/mobilus.pl\/?s={search_term_string}"},"query-input":{"@type":"PropertyValueSpecification","valueRequired":true,"valueName":"search_term_string"}}],"inLanguage":"en-US"},{"@type":"Organization","@id":"https:\/\/mobilus.pl\/#organization","name":"Mobilus Motor","url":"https:\/\/mobilus.pl\/","logo":{"@type":"ImageObject","inLanguage":"en-US","@id":"https:\/\/mobilus.pl\/#\/schema\/logo\/image\/","url":"https:\/\/mobilus.pl\/wp-content\/uploads\/2014\/09\/mobilus_2013_small.png","contentUrl":"https:\/\/mobilus.pl\/wp-content\/uploads\/2014\/09\/mobilus_2013_small.png","width":180,"height":50,"caption":"Mobilus Motor"},"image":{"@id":"https:\/\/mobilus.pl\/#\/schema\/logo\/image\/"},"sameAs":["https:\/\/web.facebook.com\/mobiluspl\/","https:\/\/www.instagram.com\/mobiluspl\/","https:\/\/www.youtube.com\/channel\/UCB6ay8tvzv2HRlpIRqWaZeQ"]}]}},"_links":{"self":[{"href":"https:\/\/mobilus.pl\/en\/wp-json\/wp\/v2\/pages\/12589"}],"collection":[{"href":"https:\/\/mobilus.pl\/en\/wp-json\/wp\/v2\/pages"}],"about":[{"href":"https:\/\/mobilus.pl\/en\/wp-json\/wp\/v2\/types\/page"}],"author":[{"embeddable":true,"href":"https:\/\/mobilus.pl\/en\/wp-json\/wp\/v2\/users\/1"}],"replies":[{"embeddable":true,"href":"https:\/\/mobilus.pl\/en\/wp-json\/wp\/v2\/comments?post=12589"}],"version-history":[{"count":4,"href":"https:\/\/mobilus.pl\/en\/wp-json\/wp\/v2\/pages\/12589\/revisions"}],"predecessor-version":[{"id":13658,"href":"https:\/\/mobilus.pl\/en\/wp-json\/wp\/v2\/pages\/12589\/revisions\/13658"}],"up":[{"embeddable":true,"href":"https:\/\/mobilus.pl\/en\/wp-json\/wp\/v2\/pages\/5979"}],"wp:attachment":[{"href":"https:\/\/mobilus.pl\/en\/wp-json\/wp\/v2\/media?parent=12589"}],"curies":[{"name":"wp","href":"https:\/\/api.w.org\/{rel}","templated":true}]}}