{"id":11879,"date":"2018-09-10T12:10:07","date_gmt":"2018-09-10T12:10:07","guid":{"rendered":"https:\/\/mobilus.pl\/?page_id=11879"},"modified":"2018-09-10T12:15:27","modified_gmt":"2018-09-10T12:15:27","slug":"polityka-ptywatnosci-dom-de","status":"publish","type":"page","link":"https:\/\/mobilus.pl\/en\/polityka-ptywatnosci-dom-de\/","title":{"rendered":"Datenschutzrichtlinie Dom Mobilus"},"content":{"rendered":"<div class=\"wpb-content-wrapper\">[vc_row parallax=\"\" parallax_image=\"\" full_width=\"\" poster=\"\" mp4=\"\" m4v=\"\" webm=\"\" ogv=\"\" overlay=\"\"][vc_column width=\"1\/1\"][vc_column_text]\n<h4><strong>DATENSCHUTZ UND COOKIES-DATEIEN-WEBSITE IN DOMAINS UND SUBDOMAINS VON MOBILUS.PL UND DIENSTLEISTUNGEN VON MOBILUS MOTOR SP. Z O. O.<\/strong><\/h4>\n<h4><strong>1. ALLGEMEINE INFORMATIONEN.<\/strong><\/h4>\n<ol>\n<li>Der Administrator der Webseite dom.mobilus.pl ist Mobilus Motor Sp. z o.o.(GmbH) mit Sitz in Pozna\u0144, in Mi\u0119towa Str. 37, in dem Register der Unternehmer des Landesgerichtsregisters beim Bezirksgericht f\u00fcr Poznan-Neustadt und Wilda, VIII Wirtschaftsabteilung des Landesgerichtsregisters unter der KRS- Nummer (nationales Gerichtsregister-Num- mer)-0000188418, NIP 972-10-78-008-(Steuernummer), mit Aktienkapital 496,000.00PLN voll bezahlt.<\/li>\n<li>Diese Richtlinie ist ein Informationsdokument und ersetzt nicht die Sicherheitsrichtlinie, die vom Administrator gem\u00e4\u00df den Bestimmungen zum Schutz personenbezogener Daten aufbewahrt wird.<\/li>\n<\/ol>\n<h4><strong>2. DEFINITIONEN.<\/strong><\/h4>\n<ol>\n<li>www.dom.mobilus.pl - ein Internet-Service f\u00fcr die Verwaltung von Ger\u00e4ten, die mit der Zentrale COSMO | GTW verbunden sind.<\/li>\n<li>Administrator - Mobilus Motor Sp. z o. o.(GmbH) mit Sitz in Pozna\u0144, in Mi\u0119towa Str.37, in dem Register der Unter- nehmer des Landesgerichtsregisters beim Amtsgericht in Poznan, Bezirk Poznan-Neustadt und Wilda, VIII Wirtschafts- abteilung des Landesgerichtsregisters registriert, unter der Nummer KRS-( nationales Gerichtsregister-Nummer) 0000188418, NIP 972-10-78-008--(Steuernummer), mit Aktienkapital 496,000.00PLN voll bezahlt.<\/li>\n<li>Die Webseite erfasst Informationen \u00fcber Benutzer und Ger\u00e4te auf folgende Weise:\n<ul>\n<li>durch freiwillig in Formularen eingegebene Informationen,<\/li>\n<li>durch in den Endger\u00e4ten gespeicherte Cookies-Dateien,<\/li>\n<li>durch Sammeln von Logs von Ger\u00e4ten durch den Administrator.<\/li>\n<\/ul>\n<\/li>\n<li>Cookies - Computerdaten, Textdateien, die auf den Ger\u00e4ten gespeichert werden und \u00fcber die, der Benutzer die Web- seite des Administrators verwendet.<\/li>\n<li>Ger\u00e4t - ein elektronisches Ger\u00e4t, \u00fcber das, der Benutzer Zugang zur Webseite des Administrators erh\u00e4lt.<\/li>\n<li>Produkt-Produkt von dem Angebot von Mobilus Motor.<\/li>\n<li>Nutzer - bezeichnet eine Einheit, f\u00fcr die elektronische Dienstleistungen, gem\u00e4\u00df den Rechtsvorschriften, erbracht werden k\u00f6nnen oder mit denen eine Vereinbarung \u00fcber die Erbringung elektronischer Dienstleistungen geschlossen werden kann.<\/li>\n<li>Systemprotokolle - Anmeldung am Server in sogenannten Systemprotokollen der gegebenen Produkte, die beim Be- nutzer installiert sind. Zu den auf diese Weise gespeicherten Daten geh\u00f6ren: Ger\u00e4tetypen, Softwareversion, IP-Adresse.<\/li>\n<\/ol>\n<h4><strong>3. ZWECK UND UMFANG DER DATENERHEBUNG DURCH DEN ADMINISTRATOR.<\/strong><\/h4>\n<ol>\n<li>Der Administrator sammelt Daten f\u00fcr:\n<ul>\n<li>ordnungsgem\u00e4\u00dfen Bedienung der angebotenen Produkte, einschlie\u00dflich technischer Unterst\u00fctzung bei der Erbringung von Dienstleistungen,<\/li>\n<li>Bearbeitung von Bestellungen und Zahlungen, Lieferungen und Bearbeitung von Reklamationen,<\/li>\n<li>Erf\u00fcllung des Vertrags und Erbringung von Dienstleistungen f\u00fcr die betreffenden Personen,<\/li>\n<li>Telefonischem Kontakt, um Fragen zu beantworten,<\/li>\n<li>Anpassung seiner Dienstleistungen und Produkte an die Bed\u00fcrfnisse der Nutzer,<\/li>\n<li>Direktmarketing von Mobilus-Produkten und -Dienstleistungen, einschlie\u00dflich des Versands eines Newsletters,<\/li>\n<li>Pr\u00e4sentation des kommerziellen Angebots von Mobilus.<\/li>\n<\/ul>\n<\/li>\n<li>Der Administrator kann die folgenden pers\u00f6nlichen Daten der Benutzer verarbeiten:\n<ul>\n<li>Wohnadresse, Ort und Postleitzahl,<\/li>\n<li>Telefonnummer, E-Mail-Adresse,<\/li>\n<li>Typen, Seriennummern und IP von Produkten,<\/li>\n<li>Standortdaten (Land, Stadt), Nutzungsstatistiken,<\/li>\n<li>andere, wenn es vereinbart ist.<\/li>\n<\/ul>\n<\/li>\n<li>Die Anwendung dieser personenbezogenen Daten kann notwendig sein, einen Vertrag \u00fcber die Bereitstellung von elek- tronischen Dienstleistungen im Service auszuf\u00fchren. Jedes Mal wird der Umfang der Daten, die f\u00fcr den Abschluss eines Vertrags erforderlich sind, bereits auf der Webseite und in den Bestimmungen der Webseite angegeben.<\/li>\n<\/ol>\n<h4><strong>4. VERWENDUNG VON COOKIES.<\/strong><\/h4>\n<ol>\n<li>Der Administrator verwendet Cookies auf der Webseite dom.mobilus.pl.<\/li>\n<li>Informationen, die auf der Grundlage von Cookies gesammelt werden, werden f\u00fcr die Zwecke der richtigen Optimie- rung der Webseite sowie f\u00fcr statistische und Werbezwecke von Mobilus verwendet.<\/li>\n<li>Cookie-Dateien zeichnen die Aktivit\u00e4t des Webseitenbenutzers auf, indem sie das Ger\u00e4t erkennen, dank dem die Webseite in einer Weise angezeigt wird, die auf die individuellen Vorlieben des Benutzers optimiert ist.<\/li>\n<li>Die, auf der Webseite, verwendeten L\u00f6sungen sind sicher f\u00fcr Ger\u00e4tebenutzer, die die Webseite des Administrators ver- wenden. Es ist nicht m\u00f6glich, dass gef\u00e4hrliche oder b\u00f6sartige Software auf die Ger\u00e4te von Benutzern gelangt.<\/li>\n<li>Der Administrator verwendet zwei Arten von Cookies:\n<ul>\n<li>Session-Cookies: Dies sind Dateien, die auf dem Ger\u00e4t des Benutzers gespeichert sind und dort bis zum Ende der Sitzung des jeweiligen Browsers verbleiben. Die gespeicherte Information wird dann dauerhaft aus dem Ger\u00e4tespeicher gel\u00f6scht. Der Sitzungscookies-Mechanismus erlaubt keine Sammlung von pers\u00f6nlichen Daten oder vertraulichen Informationen vom Ger\u00e4t des Benutzers.<\/li>\n<li>Dauerhafte Cookies: Sie werden auf dem Ger\u00e4t des Benutzers gespeichert und bleiben dort, bis sie gel\u00f6scht werden. Wenn Sie die Sitzung eines bestimmten Browsers beenden oder das Ger\u00e4t ausschalten, werden sie nicht vom Ger\u00e4t gel\u00f6scht. Der Mechanismus f\u00fcr dauerhafte Cookies erlaubt keine Sammlung von pers\u00f6nlichen Daten oder anderen vertraulichen Informationen vom Ger\u00e4t des Benutzers.<\/li>\n<\/ol>\n<h4><strong>5. DIE BESTIMMUNG DER BEDINGUNGEN DER SPEICHERUNG ODER DES ZUGRIFFS AUF COOKIES.<\/strong><\/h4>\n<ol>\n<li>Der Benutzer hat die M\u00f6glichkeit, den Zugriff von Cookies auf sein Ger\u00e4t einzuschr\u00e4nken oder zu deaktivieren. In diesem Fall ist die Nutzung der Webseite m\u00f6glich, au\u00dfer Funktionen, die aufgrund ihrer Natur Cookies erfordern.<\/li>\n<li>Der Nutzer kann die Einstellungen f\u00fcr Cookies jederzeit und selbst\u00e4ndig \u00e4ndern, indem er die Bedingungen f\u00fcr seine Speicherung und den Zugriff auf das Ger\u00e4t des Nutzers durch Cookies festlegt. Der Benutzer kann \u00c4nderungen an den oben genannten Einstellungen vornehmen, indem er die Einstellungen des Webbrowsers oder die Dienstkonfiguration verwendet. Diese Einstellungen k\u00f6nnen insbesondere so ge\u00e4ndert werden, dass die automatische Behandlung von Cookies in den Einstellungen des Webbrowsers blockiert wird oder die Einstellungen informieren \u00fcber die Platzierung von Cookies auf dem Ger\u00e4t. Detaillierte Informationen zu den M\u00f6glichkeiten und dem Umgangs mit Cookies finden Sie in den Einstellungen der Software (Webbrowser).<\/li>\n<li>Der Nutzer kann Cookies jederzeit mit den Funktionen seines Webbrowsers l\u00f6schen.<\/li>\n<li>Die Einschr\u00e4nkung der Verwendung von Cookies kann einige der auf der Webseite des Administrators verf\u00fcgbaren Funktionen beeintr\u00e4chtigen.<\/li>\n<\/ol>\n<h4><strong>6. SYSTEMPROTOKOLLE.<\/strong><\/h4>\n<ol>\n<li>Anhand der Webseite www.dom.mobilus.pl verwendet der Administrator Informationen \u00fcber Produkte . Diese Daten werden zur Verwaltung und zur Sicherstellung eines effizienten Service der bereitgestellten Ger\u00e4te und Dienste verwendet.<\/li>\n<li>Der Administrator verarbeitet Daten bez\u00fcglich:\n<ul>\n<li>Ger\u00e4tetyp, IP-Adresse der Ger\u00e4te,<\/li>\n<li>Softwareversion,<\/li>\n<li>Standortdaten (Land, Stadt, Postleitzahl),<\/li>\n<li>Nutzungsstatistiken,<\/li>\n<li>andere, wenn er Zustimmung hat.<\/li>\n<\/ul>\n<\/li>\n<\/ol>\n<h4><strong>7. DAS RECHT, DEN INHALT IHRER DATEN ZU KONTROLLIEREN, ZUZUGREIFEN UND ZU VERBESSERN.<\/strong><\/h4>\n<ol>\n<li> Pers\u00f6nliche Daten unserer Kunden werden in \u00dcbereinstimmung mit dem Gesetz zum Schutz pers\u00f6nlicher Daten und der Verordnung des Europ\u00e4ischen Parlaments und des Rates (EU) 2016\/679 vom 27. April 2016 verarbeitet in Bezug auf den Schutz von nat\u00fcrlichen Personen im Zusammenhang mit der Verarbeitung personenbezogener Daten und aufgrund des freien Datenflusses und Aufhebung der Richtlinie 95\/46 (allgemeine Datenschutzvorschriften).<\/li>\n<li>Der Administrator f\u00fcr pers\u00f6nliche Daten verarbeitet die pers\u00f6nlichen Daten der Kunden zum Zweck der Umsetzung der Dienstleistungsvereinbarung sowie zum Zwecke der F\u00fchrung des Kontos zum Zweck der Vermarktung ihrer eigenen Produkte und Dienstleistungen in einer traditionellen Form und f\u00fcr andere Zwecke, f\u00fcr die der Kunde sich einverstanden erkl\u00e4rt hat vor der Bereitstellung von Daten oder die sich aus der Bestellung des Kunden oder der Vereinbarung zwischen dem Dienstleister und dem Kunden ergeben (insbesondere Ber\u00fccksichtigung von Bewerbungen, Reklamationen).<\/li>\n<li>Der Administrator kann die personenbezogenen Daten des Kunden gem\u00e4\u00df den im Gesetz \u00fcber den Schutz personenbezogener Daten und der Datenschutz-Grundverordnung festgelegten Grunds\u00e4tze anderen Unternehmen (Subunternehmern oder Gesch\u00e4ftspartnern) anvertrauen. Der Administrator f\u00fchrt Aufzeichnungen \u00fcber Personen, die zur Verarbeitung personenbezogener Daten berechtigt sind.<\/li>\n<li>Die Bereitstellung von personenbezogenen Daten durch Kunden ist immer freiwillig. Das Vers\u00e4umnis, die als notwendig gekennzeichneten Daten zur Verf\u00fcgung zu stellen, verhindert jedoch den Abschluss des Dienstleistungsvertrags.<\/li>\n<li>Auf Wunsch des Kunden k\u00f6nnen freiwillig erteilte Einwilligungen jederzeit widerrufen werden.<\/li>\n<li>Daten, die auf der Grundlage der Einwilligung erlangt wurden, werden verarbeitet, solange Sie ein Konto auf der Webseite haben, oder bis Sie einen Einwand gegen diese Verarbeitung einlegen, je nachdem, welches dieser Ereignisse fr\u00fcher eintritt. Der Kontobenutzer, der seine pers\u00f6nlichen Daten dem Administrator gespendet hat, hat das Recht auf:\n<ul>\n<li>Zugriff auf Ihre pers\u00f6nlichen Daten und Empfang von ihren Kopien,<\/li>\n<li>die Daten korrigieren, wenn verarbeitete Daten unrichtig oder unvollst\u00e4ndig sind,<\/li>\n<li>Datenentfernungsanfrage,<\/li>\n<li>Beschr\u00e4nkungsanfrage der Datenverarbeitung,<\/li>\n<li>Widerspruch gegen die Datenverarbeitung erheben,<\/li>\n<li>Daten\u00fcbertragung,<\/li>\n<li>Beschwerde bei der Aufsichtsbeh\u00f6rde einreichen.<\/li>\n<\/ol>\n<h4><strong>8. SCHLUSSBESTIMMUNGEN.<\/strong><\/h4>\n<ol>\n<li>Der Administrator wendet technische und organisatorische Ma\u00dfnahmen an, die den Schutz der zu verarbeitenden personenbezogenen Daten gew\u00e4hrleisten, die den Bedrohungen und Kategorien der zu sch\u00fctzenden Daten entsprechen. Insbesondere sch\u00fctzt es Daten vor unberechtigtem Zugriff, unbefugter Entfernung, Verarbeitung unter Verletzung der geltenden Gesetze und \u00c4nderungen, Verlust, Besch\u00e4digung oder Zerst\u00f6rung.<\/li>\n<li>Daten, die auf elektronischem Weg gesendet werden, werden durch die Verwendung von Schutzmechanismen wie Antivirus-Programm und SSL-Verschl\u00fcsselung vor unbefugtem Zugriff gesch\u00fctzt.<\/li>\n<li>Der Dienstleister beh\u00e4lt sich das Recht vor, die Datenschutzerkl\u00e4rung und Cookies zu \u00e4ndern.<\/li>\n<\/ol>\n<\/li>\n<\/ol>\n[\/vc_column_text][\/vc_column][\/vc_row]\n<\/div>","protected":false},"excerpt":{"rendered":"<p>[vc_row parallax=&#8221;&#8221; parallax_image=&#8221;&#8221; full_width=&#8221;&#8221; poster=&#8221;&#8221; mp4=&#8221;&#8221; m4v=&#8221;&#8221; webm=&#8221;&#8221; ogv=&#8221;&#8221; overlay=&#8221;&#8221;][vc_column width=&#8221;1\/1&#8243;][vc_column_text]<br \/>\nDATENSCHUTZ UND COOKIES-DATEIEN-WEBSITE IN DOMAINS UND SUBDOMAINS VON MOBILUS.PL UND DIENSTLEISTUNGEN VON MOBILUS MOTOR SP. Z O. O.<br \/>\n1. ALLGEMEINE INFORMATIONEN.<\/p>\n<p>Der Administrator der Webseite dom.mobilus.pl ist Mobilus Motor Sp. z o.o.(GmbH) mit Sitz in Pozna\u0144, in Mi\u0119towa Str. 37, in dem Register der Unternehmer des Landesgerichtsregisters beim Bezirksgericht f\u00fcr Poznan-Neustadt und Wilda, VIII Wirtschaftsabteilung des Landesgerichtsregisters unter der KRS- Nummer (nationales Gerichtsregister-Num- mer)-0000188418, NIP 972-10-78-008-(Steuernummer), mit Aktienkapital 496,000.00PLN voll bezahlt.<br \/>\nDiese Richtlinie ist ein Informationsdokument und ersetzt nicht die Sicherheitsrichtlinie, die vom<\/p>\n","protected":false},"author":1,"featured_media":0,"parent":0,"menu_order":0,"comment_status":"open","ping_status":"open","template":"page-nosidebar.php","meta":{"footnotes":""},"class_list":["post-11879","page","type-page","status-publish","hentry"],"yoast_head":"<!-- This site is optimized with the Yoast SEO plugin v24.4 - https:\/\/yoast.com\/wordpress\/plugins\/seo\/ -->\n<title>Datenschutzrichtlinie Dom Mobilus - Mobilus Motor<\/title>\n<meta name=\"robots\" content=\"index, follow, max-snippet:-1, max-image-preview:large, max-video-preview:-1\" \/>\n<link rel=\"canonical\" href=\"https:\/\/mobilus.pl\/polityka-ptywatnosci-dom-de\/\" \/>\n<meta property=\"og:locale\" content=\"en_US\" \/>\n<meta property=\"og:type\" content=\"article\" \/>\n<meta property=\"og:title\" content=\"Datenschutzrichtlinie Dom Mobilus - Mobilus Motor\" \/>\n<meta property=\"og:description\" content=\"[vc_row parallax=&quot;&quot; parallax_image=&quot;&quot; full_width=&quot;&quot; poster=&quot;&quot; mp4=&quot;&quot; m4v=&quot;&quot; webm=&quot;&quot; ogv=&quot;&quot; overlay=&quot;&quot;][vc_column width=&quot;1\/1&quot;][vc_column_text] DATENSCHUTZ UND COOKIES-DATEIEN-WEBSITE IN DOMAINS UND SUBDOMAINS VON MOBILUS.PL UND DIENSTLEISTUNGEN VON MOBILUS MOTOR SP. Z O. O. 1. ALLGEMEINE INFORMATIONEN. Der Administrator der Webseite dom.mobilus.pl ist Mobilus Motor Sp. z o.o.(GmbH) mit Sitz in Pozna\u0144, in Mi\u0119towa Str. 37, in dem Register der Unternehmer des Landesgerichtsregisters beim Bezirksgericht f\u00fcr Poznan-Neustadt und Wilda, VIII Wirtschaftsabteilung des Landesgerichtsregisters unter der KRS- Nummer (nationales Gerichtsregister-Num- mer)-0000188418, NIP 972-10-78-008-(Steuernummer), mit Aktienkapital 496,000.00PLN voll bezahlt. Diese Richtlinie ist ein Informationsdokument und ersetzt nicht die Sicherheitsrichtlinie, die vom\" \/>\n<meta property=\"og:url\" content=\"https:\/\/mobilus.pl\/polityka-ptywatnosci-dom-de\/\" \/>\n<meta property=\"og:site_name\" content=\"Mobilus Motor\" \/>\n<meta property=\"article:publisher\" content=\"https:\/\/web.facebook.com\/mobiluspl\/\" \/>\n<meta property=\"article:modified_time\" content=\"2018-09-10T12:15:27+00:00\" \/>\n<meta name=\"twitter:card\" content=\"summary_large_image\" \/>\n<meta name=\"twitter:label1\" content=\"Est. reading time\" \/>\n\t<meta name=\"twitter:data1\" content=\"7 minutes\" \/>\n<script type=\"application\/ld+json\" class=\"yoast-schema-graph\">{\"@context\":\"https:\/\/schema.org\",\"@graph\":[{\"@type\":\"WebPage\",\"@id\":\"https:\/\/mobilus.pl\/polityka-ptywatnosci-dom-de\/\",\"url\":\"https:\/\/mobilus.pl\/polityka-ptywatnosci-dom-de\/\",\"name\":\"Datenschutzrichtlinie Dom Mobilus - Mobilus Motor\",\"isPartOf\":{\"@id\":\"https:\/\/mobilus.pl\/#website\"},\"datePublished\":\"2018-09-10T12:10:07+00:00\",\"dateModified\":\"2018-09-10T12:15:27+00:00\",\"breadcrumb\":{\"@id\":\"https:\/\/mobilus.pl\/polityka-ptywatnosci-dom-de\/#breadcrumb\"},\"inLanguage\":\"en-US\",\"potentialAction\":[{\"@type\":\"ReadAction\",\"target\":[\"https:\/\/mobilus.pl\/polityka-ptywatnosci-dom-de\/\"]}]},{\"@type\":\"BreadcrumbList\",\"@id\":\"https:\/\/mobilus.pl\/polityka-ptywatnosci-dom-de\/#breadcrumb\",\"itemListElement\":[{\"@type\":\"ListItem\",\"position\":1,\"name\":\"Strona g\u0142\u00f3wna\",\"item\":\"https:\/\/mobilus.pl\/\"},{\"@type\":\"ListItem\",\"position\":2,\"name\":\"Datenschutzrichtlinie Dom Mobilus\"}]},{\"@type\":\"WebSite\",\"@id\":\"https:\/\/mobilus.pl\/#website\",\"url\":\"https:\/\/mobilus.pl\/\",\"name\":\"Mobilus Motor\",\"description\":\"enjoy the mobility\",\"publisher\":{\"@id\":\"https:\/\/mobilus.pl\/#organization\"},\"potentialAction\":[{\"@type\":\"SearchAction\",\"target\":{\"@type\":\"EntryPoint\",\"urlTemplate\":\"https:\/\/mobilus.pl\/?s={search_term_string}\"},\"query-input\":{\"@type\":\"PropertyValueSpecification\",\"valueRequired\":true,\"valueName\":\"search_term_string\"}}],\"inLanguage\":\"en-US\"},{\"@type\":\"Organization\",\"@id\":\"https:\/\/mobilus.pl\/#organization\",\"name\":\"Mobilus Motor\",\"url\":\"https:\/\/mobilus.pl\/\",\"logo\":{\"@type\":\"ImageObject\",\"inLanguage\":\"en-US\",\"@id\":\"https:\/\/mobilus.pl\/#\/schema\/logo\/image\/\",\"url\":\"https:\/\/mobilus.pl\/wp-content\/uploads\/2014\/09\/mobilus_2013_small.png\",\"contentUrl\":\"https:\/\/mobilus.pl\/wp-content\/uploads\/2014\/09\/mobilus_2013_small.png\",\"width\":180,\"height\":50,\"caption\":\"Mobilus Motor\"},\"image\":{\"@id\":\"https:\/\/mobilus.pl\/#\/schema\/logo\/image\/\"},\"sameAs\":[\"https:\/\/web.facebook.com\/mobiluspl\/\",\"https:\/\/www.instagram.com\/mobiluspl\/\",\"https:\/\/www.youtube.com\/channel\/UCB6ay8tvzv2HRlpIRqWaZeQ\"]}]}<\/script>\n<!-- \/ Yoast SEO plugin. -->","yoast_head_json":{"title":"Datenschutzrichtlinie Dom Mobilus - Mobilus Motor","robots":{"index":"index","follow":"follow","max-snippet":"max-snippet:-1","max-image-preview":"max-image-preview:large","max-video-preview":"max-video-preview:-1"},"canonical":"https:\/\/mobilus.pl\/polityka-ptywatnosci-dom-de\/","og_locale":"en_US","og_type":"article","og_title":"Datenschutzrichtlinie Dom Mobilus - Mobilus Motor","og_description":"[vc_row parallax=\"\" parallax_image=\"\" full_width=\"\" poster=\"\" mp4=\"\" m4v=\"\" webm=\"\" ogv=\"\" overlay=\"\"][vc_column width=\"1\/1\"][vc_column_text] DATENSCHUTZ UND COOKIES-DATEIEN-WEBSITE IN DOMAINS UND SUBDOMAINS VON MOBILUS.PL UND DIENSTLEISTUNGEN VON MOBILUS MOTOR SP. Z O. O. 1. ALLGEMEINE INFORMATIONEN. Der Administrator der Webseite dom.mobilus.pl ist Mobilus Motor Sp. z o.o.(GmbH) mit Sitz in Pozna\u0144, in Mi\u0119towa Str. 37, in dem Register der Unternehmer des Landesgerichtsregisters beim Bezirksgericht f\u00fcr Poznan-Neustadt und Wilda, VIII Wirtschaftsabteilung des Landesgerichtsregisters unter der KRS- Nummer (nationales Gerichtsregister-Num- mer)-0000188418, NIP 972-10-78-008-(Steuernummer), mit Aktienkapital 496,000.00PLN voll bezahlt. Diese Richtlinie ist ein Informationsdokument und ersetzt nicht die Sicherheitsrichtlinie, die vom","og_url":"https:\/\/mobilus.pl\/polityka-ptywatnosci-dom-de\/","og_site_name":"Mobilus Motor","article_publisher":"https:\/\/web.facebook.com\/mobiluspl\/","article_modified_time":"2018-09-10T12:15:27+00:00","twitter_card":"summary_large_image","twitter_misc":{"Est. reading time":"7 minutes"},"schema":{"@context":"https:\/\/schema.org","@graph":[{"@type":"WebPage","@id":"https:\/\/mobilus.pl\/polityka-ptywatnosci-dom-de\/","url":"https:\/\/mobilus.pl\/polityka-ptywatnosci-dom-de\/","name":"Datenschutzrichtlinie Dom Mobilus - Mobilus Motor","isPartOf":{"@id":"https:\/\/mobilus.pl\/#website"},"datePublished":"2018-09-10T12:10:07+00:00","dateModified":"2018-09-10T12:15:27+00:00","breadcrumb":{"@id":"https:\/\/mobilus.pl\/polityka-ptywatnosci-dom-de\/#breadcrumb"},"inLanguage":"en-US","potentialAction":[{"@type":"ReadAction","target":["https:\/\/mobilus.pl\/polityka-ptywatnosci-dom-de\/"]}]},{"@type":"BreadcrumbList","@id":"https:\/\/mobilus.pl\/polityka-ptywatnosci-dom-de\/#breadcrumb","itemListElement":[{"@type":"ListItem","position":1,"name":"Strona g\u0142\u00f3wna","item":"https:\/\/mobilus.pl\/"},{"@type":"ListItem","position":2,"name":"Datenschutzrichtlinie Dom Mobilus"}]},{"@type":"WebSite","@id":"https:\/\/mobilus.pl\/#website","url":"https:\/\/mobilus.pl\/","name":"Mobilus Motor","description":"enjoy the mobility","publisher":{"@id":"https:\/\/mobilus.pl\/#organization"},"potentialAction":[{"@type":"SearchAction","target":{"@type":"EntryPoint","urlTemplate":"https:\/\/mobilus.pl\/?s={search_term_string}"},"query-input":{"@type":"PropertyValueSpecification","valueRequired":true,"valueName":"search_term_string"}}],"inLanguage":"en-US"},{"@type":"Organization","@id":"https:\/\/mobilus.pl\/#organization","name":"Mobilus Motor","url":"https:\/\/mobilus.pl\/","logo":{"@type":"ImageObject","inLanguage":"en-US","@id":"https:\/\/mobilus.pl\/#\/schema\/logo\/image\/","url":"https:\/\/mobilus.pl\/wp-content\/uploads\/2014\/09\/mobilus_2013_small.png","contentUrl":"https:\/\/mobilus.pl\/wp-content\/uploads\/2014\/09\/mobilus_2013_small.png","width":180,"height":50,"caption":"Mobilus Motor"},"image":{"@id":"https:\/\/mobilus.pl\/#\/schema\/logo\/image\/"},"sameAs":["https:\/\/web.facebook.com\/mobiluspl\/","https:\/\/www.instagram.com\/mobiluspl\/","https:\/\/www.youtube.com\/channel\/UCB6ay8tvzv2HRlpIRqWaZeQ"]}]}},"_links":{"self":[{"href":"https:\/\/mobilus.pl\/en\/wp-json\/wp\/v2\/pages\/11879"}],"collection":[{"href":"https:\/\/mobilus.pl\/en\/wp-json\/wp\/v2\/pages"}],"about":[{"href":"https:\/\/mobilus.pl\/en\/wp-json\/wp\/v2\/types\/page"}],"author":[{"embeddable":true,"href":"https:\/\/mobilus.pl\/en\/wp-json\/wp\/v2\/users\/1"}],"replies":[{"embeddable":true,"href":"https:\/\/mobilus.pl\/en\/wp-json\/wp\/v2\/comments?post=11879"}],"version-history":[{"count":3,"href":"https:\/\/mobilus.pl\/en\/wp-json\/wp\/v2\/pages\/11879\/revisions"}],"predecessor-version":[{"id":11882,"href":"https:\/\/mobilus.pl\/en\/wp-json\/wp\/v2\/pages\/11879\/revisions\/11882"}],"wp:attachment":[{"href":"https:\/\/mobilus.pl\/en\/wp-json\/wp\/v2\/media?parent=11879"}],"curies":[{"name":"wp","href":"https:\/\/api.w.org\/{rel}","templated":true}]}}