{"id":9402,"date":"2016-10-10T08:32:16","date_gmt":"2016-10-10T08:32:16","guid":{"rendered":"https:\/\/mobilus.pl\/?page_id=9402"},"modified":"2021-10-01T07:59:03","modified_gmt":"2021-10-01T07:59:03","slug":"c-gr","status":"publish","type":"page","link":"https:\/\/mobilus.pl\/de\/mobilus-products\/moduly-mobilus\/c-gr\/","title":{"rendered":"MOBILUS C-GR"},"content":{"rendered":"<div class=\"wpb-content-wrapper\">[vc_row el_class=\"he_gray \"][vc_column][vc_column_text el_class=\"clearrr\"]\n<h4><strong><span style=\"color: #ffffff;\">MOBILUS\u00a0C-GR<\/span><\/strong><\/h4>\n[\/vc_column_text][\/vc_column][\/vc_row][vc_row][vc_column][vc_row_inner][vc_column_inner width=\"1\/2\"][vc_gallery interval=\"5\" images=\"10859\" img_size=\"large\" onclick=\"\"][vc_facebook][\/vc_column_inner][vc_column_inner width=\"1\/2\"][vc_gallery type=\"image_grid\" images=\"10691,6547,6553\" img_size=\"full\" onclick=\"\"][vc_column_text css=\".vc_custom_1459870123803{margin-top: -15px !important;}\"]\n<h4><strong>Spezifikation<\/strong><\/h4>\n<ul>\n<li>BI-DIRECTIONAL KOMMUNIKATION COSMO | 2WAY<\/li>\n<li>DIE INFORMATION \u00dcBER DIE POSITION ANHAND VON EXTERNEN DETEKTOREN<\/li>\n<li>EINGEBAUTER SIGNAL-REPEATER<\/li>\n<li>DYNAMISCHER CODE<\/li>\n<li>FSK MODULATION<\/li>\n<li>868 MHz<\/li>\n<li>230 V~\u00a050 Hz<\/li>\n<\/ul>\n[\/vc_column_text][\/vc_column_inner][\/vc_row_inner][\/vc_column][\/vc_row][vc_row][vc_column][vc_empty_space height=\"12px\"][\/vc_column][\/vc_row][vc_row][vc_column][vc_column_text]\n<h4><strong>Beschreibung<\/strong><\/h4>\n<p><span style=\"font-size: medium;\">Empf\u00e4nger f\u00fcr die Funksteuerung des Eingangs- oder Garagentors. Das erweiterte <b>COSMO | 2WAY<\/b> bidirektionale Kommunikationsprotokoll und Verwendung von zus\u00e4tzlichen Sensoren (Reed-Schalter) sichern die R\u00fcckmeldung \u00fcber die Position des Rollladens.<\/span><\/p>\n<p><span style=\"font-size: medium;\">Der <b>MOBILUS C-GR<\/b> Empf\u00e4nger wird \u00fcber die Anlaufstelle <b>COSMO | GTW<\/b> und \u00fcber alle COSMO-Fernbedienungen mit <b>COSMO | 2WAY<\/b> bidirektionaler Kommunikationstechnik ferngesteuert.<\/span><\/p>\n<p><span style=\"font-size: medium;\">F\u00e4higkeit, die Reichweite zu erh\u00f6hen, indem die Repeater-Funktion verwendet wird. Das Modul ist f\u00fcr die Arbeit in einer Unterputzblechdose geeignet.<\/span><\/p>\n<p><span style=\"font-size: medium;\">M\u00f6glichkeit das Eingangs -oder Garagentor mit Funk z steuern.<\/span><\/p>\n<p><span style=\"font-size: medium;\">Das Modul ist f\u00fcr die Arbeit in einer Unterputzblechdose oder mit Torsteuerungsmodul geeignet.<\/span><\/p>\n<h5><b>Lass dich inspirieren. Erstellen Sie ein Smart Home mit uns.<\/b><\/h5>\n<p><strong>Fabrikation: Polen<\/strong><br \/>\n<strong>Garantie: 2 jahre<\/strong><\/p>\n<h4><strong>Downloads<\/strong><\/h4>\n<div class=\"custom-table custom-table-2\">\n<table width=\"100%\">\n<thead style=\"background-color: #ffffff;\">\n<tr>\n<th style=\"text-align: center;\"><span style=\"color: #ffffff;\">\u00a0 LISTE DER DATELINE<\/span><\/th>\n<th style=\"text-align: center;\"><span style=\"color: #ffffff;\">PL<\/span><\/th>\n<th style=\"text-align: center;\"><span style=\"color: #ffffff;\">ENG<\/span><\/th>\n<th style=\"text-align: center;\"><span style=\"color: #ffffff;\">DE<\/span><\/th>\n<th style=\"text-align: center;\"><span style=\"color: #ffffff;\">FR<\/span><\/th>\n<\/tr>\n<\/thead>\n<tbody>\n<tr>\n<td style=\"text-align: left;\"><strong>\u00a0\u00a0Bedienungsanleitung modul MOBILUS C-GR<\/strong><\/td>\n<td style=\"text-align: center;\"><a href=\"http:\/\/mobilus.pl\/files\/instrukcje\/mobilus_c-gr_a4_pl.pdf\"><img loading=\"lazy\" decoding=\"async\" class=\"wp-image-9837 aligncenter\" src=\"https:\/\/mobilus.pl\/wp-content\/uploads\/2016\/11\/ikona_pobierz_v2-300x223.png\" width=\"26\" height=\"19\" srcset=\"https:\/\/mobilus.pl\/wp-content\/uploads\/2016\/11\/ikona_pobierz_v2-300x223.png 300w, https:\/\/mobilus.pl\/wp-content\/uploads\/2016\/11\/ikona_pobierz_v2-768x571.png 768w, https:\/\/mobilus.pl\/wp-content\/uploads\/2016\/11\/ikona_pobierz_v2-1024x761.png 1024w, https:\/\/mobilus.pl\/wp-content\/uploads\/2016\/11\/ikona_pobierz_v2-470x340.png 470w, https:\/\/mobilus.pl\/wp-content\/uploads\/2016\/11\/ikona_pobierz_v2.png 1891w\" sizes=\"(max-width: 26px) 100vw, 26px\" \/><\/a><\/td>\n<td style=\"text-align: center;\"><a href=\"http:\/\/mobilus.pl\/files\/instrukcje\/mobilus_c-gr_eng.pdf\"><img loading=\"lazy\" decoding=\"async\" class=\"wp-image-9837 aligncenter\" src=\"https:\/\/mobilus.pl\/wp-content\/uploads\/2016\/11\/ikona_pobierz_v2-300x223.png\" width=\"26\" height=\"19\" srcset=\"https:\/\/mobilus.pl\/wp-content\/uploads\/2016\/11\/ikona_pobierz_v2-300x223.png 300w, https:\/\/mobilus.pl\/wp-content\/uploads\/2016\/11\/ikona_pobierz_v2-768x571.png 768w, https:\/\/mobilus.pl\/wp-content\/uploads\/2016\/11\/ikona_pobierz_v2-1024x761.png 1024w, https:\/\/mobilus.pl\/wp-content\/uploads\/2016\/11\/ikona_pobierz_v2-470x340.png 470w, https:\/\/mobilus.pl\/wp-content\/uploads\/2016\/11\/ikona_pobierz_v2.png 1891w\" sizes=\"(max-width: 26px) 100vw, 26px\" \/><\/a><\/td>\n<td style=\"text-align: center;\"><a href=\"http:\/\/mobilus.pl\/files\/instrukcje\/mobilus_c-gr_de.pdf\"><img loading=\"lazy\" decoding=\"async\" class=\"wp-image-9837 aligncenter\" src=\"https:\/\/mobilus.pl\/wp-content\/uploads\/2016\/11\/ikona_pobierz_v2-300x223.png\" width=\"26\" height=\"19\" srcset=\"https:\/\/mobilus.pl\/wp-content\/uploads\/2016\/11\/ikona_pobierz_v2-300x223.png 300w, https:\/\/mobilus.pl\/wp-content\/uploads\/2016\/11\/ikona_pobierz_v2-768x571.png 768w, https:\/\/mobilus.pl\/wp-content\/uploads\/2016\/11\/ikona_pobierz_v2-1024x761.png 1024w, https:\/\/mobilus.pl\/wp-content\/uploads\/2016\/11\/ikona_pobierz_v2-470x340.png 470w, https:\/\/mobilus.pl\/wp-content\/uploads\/2016\/11\/ikona_pobierz_v2.png 1891w\" sizes=\"(max-width: 26px) 100vw, 26px\" \/><\/a><\/td>\n<td style=\"text-align: center;\"><a href=\"http:\/\/mobilus.pl\/files\/instrukcje\/mobilus_c-gr_fr.pdf\"><img loading=\"lazy\" decoding=\"async\" class=\"wp-image-9837 aligncenter\" src=\"https:\/\/mobilus.pl\/wp-content\/uploads\/2016\/11\/ikona_pobierz_v2-300x223.png\" width=\"26\" height=\"19\" srcset=\"https:\/\/mobilus.pl\/wp-content\/uploads\/2016\/11\/ikona_pobierz_v2-300x223.png 300w, https:\/\/mobilus.pl\/wp-content\/uploads\/2016\/11\/ikona_pobierz_v2-768x571.png 768w, https:\/\/mobilus.pl\/wp-content\/uploads\/2016\/11\/ikona_pobierz_v2-1024x761.png 1024w, https:\/\/mobilus.pl\/wp-content\/uploads\/2016\/11\/ikona_pobierz_v2-470x340.png 470w, https:\/\/mobilus.pl\/wp-content\/uploads\/2016\/11\/ikona_pobierz_v2.png 1891w\" sizes=\"(max-width: 26px) 100vw, 26px\" \/><\/a><\/td>\n<\/tr>\n<\/tbody>\n<\/table>\n<\/div>\n[\/vc_column_text]\n<\/div>","protected":false},"excerpt":{"rendered":"<p>[vc_row el_class=&#8221;he_gray &#8220;][vc_column][vc_column_text el_class=&#8221;clearrr&#8221;]<br \/>\nMOBILUS\u00a0C-GR<br \/>\n[\/vc_column_text][\/vc_column][\/vc_row][vc_row][vc_column][vc_row_inner][vc_column_inner width=&#8221;1\/2&#8243;][vc_gallery interval=&#8221;5&#8243; images=&#8221;10859&#8243; img_size=&#8221;large&#8221; onclick=&#8221;&#8221;][vc_facebook][\/vc_column_inner][vc_column_inner width=&#8221;1\/2&#8243;][vc_gallery type=&#8221;image_grid&#8221; images=&#8221;10691,6547,6553&#8243; img_size=&#8221;full&#8221; onclick=&#8221;&#8221;][vc_column_text css=&#8221;.vc_custom_1459870123803{margin-top: -15px !important;}&#8221;]<br \/>\nSpezifikation<\/p>\n<p>BI-DIRECTIONAL KOMMUNIKATION COSMO | 2WAY<br \/>\nDIE INFORMATION \u00dcBER DIE POSITION ANHAND VON EXTERNEN DETEKTOREN<br \/>\nEINGEBAUTER SIGNAL-REPEATER<br \/>\nDYNAMISCHER CODE<br \/>\nFSK MODULATION<br \/>\n868 MHz<br \/>\n230 V~\u00a050 Hz<\/p>\n<p>[\/vc_column_text][\/vc_column_inner][\/vc_row_inner][\/vc_column][\/vc_row][vc_row][vc_column][vc_empty_space height=&#8221;12px&#8221;][\/vc_column][\/vc_row][vc_row][vc_column][vc_column_text]<br \/>\nBeschreibung<\/p>\n<p>Empf\u00e4nger f\u00fcr die Funksteuerung des Eingangs- oder Garagentors. Das erweiterte COSMO | 2WAY bidirektionale Kommunikationsprotokoll und Verwendung von zus\u00e4tzlichen Sensoren (Reed-Schalter) sichern die R\u00fcckmeldung \u00fcber die Position des Rollladens.<\/p>\n<p>Der MOBILUS C-GR Empf\u00e4nger wird \u00fcber die Anlaufstelle COSMO | GTW und \u00fcber alle COSMO-Fernbedienungen mit COSMO | 2WAY bidirektionaler Kommunikationstechnik ferngesteuert.<\/p>\n<p>F\u00e4higkeit, die Reichweite zu erh\u00f6hen, indem<\/p>\n","protected":false},"author":1,"featured_media":0,"parent":5979,"menu_order":0,"comment_status":"closed","ping_status":"closed","template":"page-sidebar-left.php","meta":{"footnotes":""},"class_list":["post-9402","page","type-page","status-publish","hentry","page_keywords-cosmo-2way","page_keywords-dwukierunkowe","page_keywords-moduly-do-bram","page_keywords-moduly-mobilus","page_keywords-odbiornik-radiowy","page_keywords-sterowanie-brama"],"yoast_head":"<!-- This site is optimized with the Yoast SEO plugin v24.4 - https:\/\/yoast.com\/wordpress\/plugins\/seo\/ -->\n<title>MOBILUS C-GR - Mobilus Motor<\/title>\n<meta name=\"robots\" content=\"index, follow, max-snippet:-1, max-image-preview:large, max-video-preview:-1\" \/>\n<link rel=\"canonical\" href=\"https:\/\/mobilus.pl\/mobilus-products\/moduly-mobilus\/c-gr\/\" \/>\n<meta property=\"og:locale\" content=\"de_DE\" \/>\n<meta property=\"og:type\" content=\"article\" \/>\n<meta property=\"og:title\" content=\"MOBILUS C-GR - Mobilus Motor\" \/>\n<meta property=\"og:description\" content=\"[vc_row el_class=&quot;he_gray &quot;][vc_column][vc_column_text el_class=&quot;clearrr&quot;] MOBILUS\u00a0C-GR [\/vc_column_text][\/vc_column][\/vc_row][vc_row][vc_column][vc_row_inner][vc_column_inner width=&quot;1\/2&quot;][vc_gallery interval=&quot;5&quot; images=&quot;10859&quot; img_size=&quot;large&quot; onclick=&quot;&quot;][vc_facebook][\/vc_column_inner][vc_column_inner width=&quot;1\/2&quot;][vc_gallery type=&quot;image_grid&quot; images=&quot;10691,6547,6553&quot; img_size=&quot;full&quot; onclick=&quot;&quot;][vc_column_text css=&quot;.vc_custom_1459870123803{margin-top: -15px !important;}&quot;] Spezifikation BI-DIRECTIONAL KOMMUNIKATION COSMO | 2WAY DIE INFORMATION \u00dcBER DIE POSITION ANHAND VON EXTERNEN DETEKTOREN EINGEBAUTER SIGNAL-REPEATER DYNAMISCHER CODE FSK MODULATION 868 MHz 230 V~\u00a050 Hz [\/vc_column_text][\/vc_column_inner][\/vc_row_inner][\/vc_column][\/vc_row][vc_row][vc_column][vc_empty_space height=&quot;12px&quot;][\/vc_column][\/vc_row][vc_row][vc_column][vc_column_text] Beschreibung Empf\u00e4nger f\u00fcr die Funksteuerung des Eingangs- oder Garagentors. Das erweiterte COSMO | 2WAY bidirektionale Kommunikationsprotokoll und Verwendung von zus\u00e4tzlichen Sensoren (Reed-Schalter) sichern die R\u00fcckmeldung \u00fcber die Position des Rollladens. Der MOBILUS C-GR Empf\u00e4nger wird \u00fcber die Anlaufstelle COSMO | GTW und \u00fcber alle COSMO-Fernbedienungen mit COSMO | 2WAY bidirektionaler Kommunikationstechnik ferngesteuert. F\u00e4higkeit, die Reichweite zu erh\u00f6hen, indem\" \/>\n<meta property=\"og:url\" content=\"https:\/\/mobilus.pl\/mobilus-products\/moduly-mobilus\/c-gr\/\" \/>\n<meta property=\"og:site_name\" content=\"Mobilus Motor\" \/>\n<meta property=\"article:publisher\" content=\"https:\/\/web.facebook.com\/mobiluspl\/\" \/>\n<meta property=\"article:modified_time\" content=\"2021-10-01T07:59:03+00:00\" \/>\n<meta property=\"og:image\" content=\"https:\/\/mobilus.pl\/wp-content\/uploads\/2016\/11\/ikona_pobierz_v2-300x223.png\" \/>\n<meta name=\"twitter:card\" content=\"summary_large_image\" \/>\n<meta name=\"twitter:label1\" content=\"Gesch\u00e4tzte Lesezeit\" \/>\n\t<meta name=\"twitter:data1\" content=\"4\u00a0Minuten\" \/>\n<script type=\"application\/ld+json\" class=\"yoast-schema-graph\">{\"@context\":\"https:\/\/schema.org\",\"@graph\":[{\"@type\":\"WebPage\",\"@id\":\"https:\/\/mobilus.pl\/mobilus-products\/moduly-mobilus\/c-gr\/\",\"url\":\"https:\/\/mobilus.pl\/mobilus-products\/moduly-mobilus\/c-gr\/\",\"name\":\"MOBILUS C-GR - Mobilus Motor\",\"isPartOf\":{\"@id\":\"https:\/\/mobilus.pl\/#website\"},\"primaryImageOfPage\":{\"@id\":\"https:\/\/mobilus.pl\/mobilus-products\/moduly-mobilus\/c-gr\/#primaryimage\"},\"image\":{\"@id\":\"https:\/\/mobilus.pl\/mobilus-products\/moduly-mobilus\/c-gr\/#primaryimage\"},\"thumbnailUrl\":\"https:\/\/mobilus.pl\/wp-content\/uploads\/2016\/11\/ikona_pobierz_v2-300x223.png\",\"datePublished\":\"2016-10-10T08:32:16+00:00\",\"dateModified\":\"2021-10-01T07:59:03+00:00\",\"breadcrumb\":{\"@id\":\"https:\/\/mobilus.pl\/mobilus-products\/moduly-mobilus\/c-gr\/#breadcrumb\"},\"inLanguage\":\"de\",\"potentialAction\":[{\"@type\":\"ReadAction\",\"target\":[\"https:\/\/mobilus.pl\/mobilus-products\/moduly-mobilus\/c-gr\/\"]}]},{\"@type\":\"ImageObject\",\"inLanguage\":\"de\",\"@id\":\"https:\/\/mobilus.pl\/mobilus-products\/moduly-mobilus\/c-gr\/#primaryimage\",\"url\":\"https:\/\/mobilus.pl\/wp-content\/uploads\/2016\/11\/ikona_pobierz_v2-300x223.png\",\"contentUrl\":\"https:\/\/mobilus.pl\/wp-content\/uploads\/2016\/11\/ikona_pobierz_v2-300x223.png\"},{\"@type\":\"BreadcrumbList\",\"@id\":\"https:\/\/mobilus.pl\/mobilus-products\/moduly-mobilus\/c-gr\/#breadcrumb\",\"itemListElement\":[{\"@type\":\"ListItem\",\"position\":1,\"name\":\"Strona g\u0142\u00f3wna\",\"item\":\"https:\/\/mobilus.pl\/\"},{\"@type\":\"ListItem\",\"position\":2,\"name\":\"Produkty &#8211; Mobilus\",\"item\":\"https:\/\/mobilus.pl\/mobilus-products\/\"},{\"@type\":\"ListItem\",\"position\":3,\"name\":\"Modu\u0142y Mobilus\",\"item\":\"https:\/\/mobilus.pl\/mobilus-products\/moduly-mobilus\/\"},{\"@type\":\"ListItem\",\"position\":4,\"name\":\"MOBILUS C-GR\"}]},{\"@type\":\"WebSite\",\"@id\":\"https:\/\/mobilus.pl\/#website\",\"url\":\"https:\/\/mobilus.pl\/\",\"name\":\"Mobilus Motor\",\"description\":\"enjoy the mobility\",\"publisher\":{\"@id\":\"https:\/\/mobilus.pl\/#organization\"},\"potentialAction\":[{\"@type\":\"SearchAction\",\"target\":{\"@type\":\"EntryPoint\",\"urlTemplate\":\"https:\/\/mobilus.pl\/?s={search_term_string}\"},\"query-input\":{\"@type\":\"PropertyValueSpecification\",\"valueRequired\":true,\"valueName\":\"search_term_string\"}}],\"inLanguage\":\"de\"},{\"@type\":\"Organization\",\"@id\":\"https:\/\/mobilus.pl\/#organization\",\"name\":\"Mobilus Motor\",\"url\":\"https:\/\/mobilus.pl\/\",\"logo\":{\"@type\":\"ImageObject\",\"inLanguage\":\"de\",\"@id\":\"https:\/\/mobilus.pl\/#\/schema\/logo\/image\/\",\"url\":\"https:\/\/mobilus.pl\/wp-content\/uploads\/2014\/09\/mobilus_2013_small.png\",\"contentUrl\":\"https:\/\/mobilus.pl\/wp-content\/uploads\/2014\/09\/mobilus_2013_small.png\",\"width\":180,\"height\":50,\"caption\":\"Mobilus Motor\"},\"image\":{\"@id\":\"https:\/\/mobilus.pl\/#\/schema\/logo\/image\/\"},\"sameAs\":[\"https:\/\/web.facebook.com\/mobiluspl\/\",\"https:\/\/www.instagram.com\/mobiluspl\/\",\"https:\/\/www.youtube.com\/channel\/UCB6ay8tvzv2HRlpIRqWaZeQ\"]}]}<\/script>\n<!-- \/ Yoast SEO plugin. -->","yoast_head_json":{"title":"MOBILUS C-GR - Mobilus Motor","robots":{"index":"index","follow":"follow","max-snippet":"max-snippet:-1","max-image-preview":"max-image-preview:large","max-video-preview":"max-video-preview:-1"},"canonical":"https:\/\/mobilus.pl\/mobilus-products\/moduly-mobilus\/c-gr\/","og_locale":"de_DE","og_type":"article","og_title":"MOBILUS C-GR - Mobilus Motor","og_description":"[vc_row el_class=\"he_gray \"][vc_column][vc_column_text el_class=\"clearrr\"] MOBILUS\u00a0C-GR [\/vc_column_text][\/vc_column][\/vc_row][vc_row][vc_column][vc_row_inner][vc_column_inner width=\"1\/2\"][vc_gallery interval=\"5\" images=\"10859\" img_size=\"large\" onclick=\"\"][vc_facebook][\/vc_column_inner][vc_column_inner width=\"1\/2\"][vc_gallery type=\"image_grid\" images=\"10691,6547,6553\" img_size=\"full\" onclick=\"\"][vc_column_text css=\".vc_custom_1459870123803{margin-top: -15px !important;}\"] Spezifikation BI-DIRECTIONAL KOMMUNIKATION COSMO | 2WAY DIE INFORMATION \u00dcBER DIE POSITION ANHAND VON EXTERNEN DETEKTOREN EINGEBAUTER SIGNAL-REPEATER DYNAMISCHER CODE FSK MODULATION 868 MHz 230 V~\u00a050 Hz [\/vc_column_text][\/vc_column_inner][\/vc_row_inner][\/vc_column][\/vc_row][vc_row][vc_column][vc_empty_space height=\"12px\"][\/vc_column][\/vc_row][vc_row][vc_column][vc_column_text] Beschreibung Empf\u00e4nger f\u00fcr die Funksteuerung des Eingangs- oder Garagentors. Das erweiterte COSMO | 2WAY bidirektionale Kommunikationsprotokoll und Verwendung von zus\u00e4tzlichen Sensoren (Reed-Schalter) sichern die R\u00fcckmeldung \u00fcber die Position des Rollladens. Der MOBILUS C-GR Empf\u00e4nger wird \u00fcber die Anlaufstelle COSMO | GTW und \u00fcber alle COSMO-Fernbedienungen mit COSMO | 2WAY bidirektionaler Kommunikationstechnik ferngesteuert. F\u00e4higkeit, die Reichweite zu erh\u00f6hen, indem","og_url":"https:\/\/mobilus.pl\/mobilus-products\/moduly-mobilus\/c-gr\/","og_site_name":"Mobilus Motor","article_publisher":"https:\/\/web.facebook.com\/mobiluspl\/","article_modified_time":"2021-10-01T07:59:03+00:00","og_image":[{"url":"https:\/\/mobilus.pl\/wp-content\/uploads\/2016\/11\/ikona_pobierz_v2-300x223.png","type":"","width":"","height":""}],"twitter_card":"summary_large_image","twitter_misc":{"Gesch\u00e4tzte Lesezeit":"4\u00a0Minuten"},"schema":{"@context":"https:\/\/schema.org","@graph":[{"@type":"WebPage","@id":"https:\/\/mobilus.pl\/mobilus-products\/moduly-mobilus\/c-gr\/","url":"https:\/\/mobilus.pl\/mobilus-products\/moduly-mobilus\/c-gr\/","name":"MOBILUS C-GR - Mobilus Motor","isPartOf":{"@id":"https:\/\/mobilus.pl\/#website"},"primaryImageOfPage":{"@id":"https:\/\/mobilus.pl\/mobilus-products\/moduly-mobilus\/c-gr\/#primaryimage"},"image":{"@id":"https:\/\/mobilus.pl\/mobilus-products\/moduly-mobilus\/c-gr\/#primaryimage"},"thumbnailUrl":"https:\/\/mobilus.pl\/wp-content\/uploads\/2016\/11\/ikona_pobierz_v2-300x223.png","datePublished":"2016-10-10T08:32:16+00:00","dateModified":"2021-10-01T07:59:03+00:00","breadcrumb":{"@id":"https:\/\/mobilus.pl\/mobilus-products\/moduly-mobilus\/c-gr\/#breadcrumb"},"inLanguage":"de","potentialAction":[{"@type":"ReadAction","target":["https:\/\/mobilus.pl\/mobilus-products\/moduly-mobilus\/c-gr\/"]}]},{"@type":"ImageObject","inLanguage":"de","@id":"https:\/\/mobilus.pl\/mobilus-products\/moduly-mobilus\/c-gr\/#primaryimage","url":"https:\/\/mobilus.pl\/wp-content\/uploads\/2016\/11\/ikona_pobierz_v2-300x223.png","contentUrl":"https:\/\/mobilus.pl\/wp-content\/uploads\/2016\/11\/ikona_pobierz_v2-300x223.png"},{"@type":"BreadcrumbList","@id":"https:\/\/mobilus.pl\/mobilus-products\/moduly-mobilus\/c-gr\/#breadcrumb","itemListElement":[{"@type":"ListItem","position":1,"name":"Strona g\u0142\u00f3wna","item":"https:\/\/mobilus.pl\/"},{"@type":"ListItem","position":2,"name":"Produkty &#8211; Mobilus","item":"https:\/\/mobilus.pl\/mobilus-products\/"},{"@type":"ListItem","position":3,"name":"Modu\u0142y Mobilus","item":"https:\/\/mobilus.pl\/mobilus-products\/moduly-mobilus\/"},{"@type":"ListItem","position":4,"name":"MOBILUS C-GR"}]},{"@type":"WebSite","@id":"https:\/\/mobilus.pl\/#website","url":"https:\/\/mobilus.pl\/","name":"Mobilus Motor","description":"enjoy the mobility","publisher":{"@id":"https:\/\/mobilus.pl\/#organization"},"potentialAction":[{"@type":"SearchAction","target":{"@type":"EntryPoint","urlTemplate":"https:\/\/mobilus.pl\/?s={search_term_string}"},"query-input":{"@type":"PropertyValueSpecification","valueRequired":true,"valueName":"search_term_string"}}],"inLanguage":"de"},{"@type":"Organization","@id":"https:\/\/mobilus.pl\/#organization","name":"Mobilus Motor","url":"https:\/\/mobilus.pl\/","logo":{"@type":"ImageObject","inLanguage":"de","@id":"https:\/\/mobilus.pl\/#\/schema\/logo\/image\/","url":"https:\/\/mobilus.pl\/wp-content\/uploads\/2014\/09\/mobilus_2013_small.png","contentUrl":"https:\/\/mobilus.pl\/wp-content\/uploads\/2014\/09\/mobilus_2013_small.png","width":180,"height":50,"caption":"Mobilus Motor"},"image":{"@id":"https:\/\/mobilus.pl\/#\/schema\/logo\/image\/"},"sameAs":["https:\/\/web.facebook.com\/mobiluspl\/","https:\/\/www.instagram.com\/mobiluspl\/","https:\/\/www.youtube.com\/channel\/UCB6ay8tvzv2HRlpIRqWaZeQ"]}]}},"_links":{"self":[{"href":"https:\/\/mobilus.pl\/de\/wp-json\/wp\/v2\/pages\/9402"}],"collection":[{"href":"https:\/\/mobilus.pl\/de\/wp-json\/wp\/v2\/pages"}],"about":[{"href":"https:\/\/mobilus.pl\/de\/wp-json\/wp\/v2\/types\/page"}],"author":[{"embeddable":true,"href":"https:\/\/mobilus.pl\/de\/wp-json\/wp\/v2\/users\/1"}],"replies":[{"embeddable":true,"href":"https:\/\/mobilus.pl\/de\/wp-json\/wp\/v2\/comments?post=9402"}],"version-history":[{"count":3,"href":"https:\/\/mobilus.pl\/de\/wp-json\/wp\/v2\/pages\/9402\/revisions"}],"predecessor-version":[{"id":12666,"href":"https:\/\/mobilus.pl\/de\/wp-json\/wp\/v2\/pages\/9402\/revisions\/12666"}],"up":[{"embeddable":true,"href":"https:\/\/mobilus.pl\/de\/wp-json\/wp\/v2\/pages\/5979"}],"wp:attachment":[{"href":"https:\/\/mobilus.pl\/de\/wp-json\/wp\/v2\/media?parent=9402"}],"curies":[{"name":"wp","href":"https:\/\/api.w.org\/{rel}","templated":true}]}}