{"id":85,"date":"2013-01-07T10:51:17","date_gmt":"2013-01-07T10:51:17","guid":{"rendered":"http:\/\/artstudioworks.net\/wordpress\/energy\/?page_id=85"},"modified":"2016-12-27T08:12:16","modified_gmt":"2016-12-27T08:12:16","slug":"about-us","status":"publish","type":"page","link":"https:\/\/mobilus.pl\/de\/about-us\/","title":{"rendered":"\u00dcber uns"},"content":{"rendered":"<div class=\"wpb-content-wrapper\">[vc_row el_class=\"he_gray \"][vc_column][vc_column_text css_animation=\"\"  el_class=\"clearrr\"]\n<h4><strong><span style=\"color: #ffffff;\">\u00dcber uns<\/span><\/strong><\/h4>\n[\/vc_column_text][\/vc_column][\/vc_row]\n[vc_row][vc_column width=\"1\/2\"][vc_single_image image=\"5347\" img_size=\"574x370\"][\/vc_column][vc_column width=\"1\/2\"]<div class=\"separator_block left\" style=\"margin-bottom:30px;\"><h3>\u00dcBER UNS<\/h3><div class=\"separator short\"><div class=\"separator_line\"><\/div><\/div><div class=\"clearfix\"><\/div><\/div>[vc_column_text css=\".vc_custom_1459848783293{margin-bottom: 40px !important;}\"]Die Firma MOBILUS MOTOR spezialisiert sich auf die Herrstellung und den Vertrieb von Rohrmotoren f\u00fcr Rolll\u00e4den, Tore und Zubeh\u00f6r f\u00fcr den weit zu verstehenden Sonnenschutz. W\u00e4hrend unserer mehrj\u00e4hrigen T\u00e4tigkeit wurden uns der Markt und die Bed\u00fcrfnisse der Kunden bekannt, was uns erm\u00f6glicht hat  eine f\u00fchrende Position unter den Anbietern auf dem heimischen Markt zu nehmen. Die Qualit\u00e4tskontrolle erlaubt die Erwartungen der anspruchsvollsten Kunden zu erf\u00fcllen.<\/p>\n<p>Die MOBILUS MOTOR Arbeiter sind immer f\u00fcr Sie da. Bei Bedart sind wir bereit, den technischen Kundendienst zu leisten.<\/p>\n<p>Die immer gr\u00f6\u00dfer werdende Palette, qualitativ hochwertiger Produkte, attraktive Preise und  erfahrene Mitarbeiter lassen die Firma MOBILUS MOTOR nicht nur als zuverl\u00e4ssigen Lieferanten , sondern auch als wichtigen Gesch\u00e4ftspartner zu betrachten.[\/vc_column_text][\/vc_column][\/vc_row][vc_row css=\".vc_custom_1433793137143{padding-top: 0px !important;padding-bottom: 10px !important;}\"][vc_column width=\"1\/2\"]<div class=\"separator_block left\" style=\"margin-bottom:30px;\"><h3>Professsionell<\/h3><div class=\"separator short\"><div class=\"separator_line\"><\/div><\/div><div class=\"clearfix\"><\/div><\/div>[vc_column_text css=\".vc_custom_1454530601582{margin-bottom: 40px !important;}\"]St\u00e4ndig erweitern wir das Angebot im Bereich der Antriebe ,Steuerungen und Zubeh\u00f6r. Die, von uns entworfenen Fernsteuerungsanlagen, machen die  Benutzung der Ger\u00e4te und Installationsausf\u00fchrung leicht.<\/p>\n<p> Wir bieten unseren Kunden sowohl einen professionellen und flexiblen Service als auch technische Beratung.  Wir schaffen eine verl\u00e4ssliche Umgebung, um langfristige Beziehungen mit unseren Gesch\u00e4ftspartnern aufzubauen.[\/vc_column_text][\/vc_column][vc_column width=\"1\/2\"][vc_single_image image=\"5425\" img_size=\"574x370\"][\/vc_column][\/vc_row]\n<\/div>","protected":false},"excerpt":{"rendered":"<p>[vc_row el_class=&#8221;he_gray &#8220;][vc_column][vc_column_text css_animation=&#8221;&#8221;  el_class=&#8221;clearrr&#8221;]<br \/>\n\u00dcber uns<br \/>\n[\/vc_column_text][\/vc_column][\/vc_row]<br \/>\n[vc_row][vc_column width=&#8221;1\/2&#8243;][vc_single_image image=&#8221;5347&#8243; img_size=&#8221;574&#215;370&#8243;][\/vc_column][vc_column width=&#8221;1\/2&#8243;][vc_column_text css=&#8221;.vc_custom_1459848783293{margin-bottom: 40px !important;}&#8221;]Die Firma MOBILUS MOTOR spezialisiert sich auf die Herrstellung und den Vertrieb von Rohrmotoren f\u00fcr Rolll\u00e4den, Tore und Zubeh\u00f6r f\u00fcr den weit zu verstehenden Sonnenschutz. W\u00e4hrend unserer mehrj\u00e4hrigen T\u00e4tigkeit wurden uns der Markt und die Bed\u00fcrfnisse der Kunden bekannt, was uns erm\u00f6glicht hat  eine f\u00fchrende Position unter den Anbietern auf dem heimischen Markt zu nehmen. Die Qualit\u00e4tskontrolle erlaubt die Erwartungen der anspruchsvollsten Kunden zu erf\u00fcllen.<\/p>\n<p>Die MOBILUS MOTOR Arbeiter sind immer f\u00fcr Sie da. Bei Bedart sind<\/p>\n","protected":false},"author":1,"featured_media":0,"parent":0,"menu_order":0,"comment_status":"closed","ping_status":"open","template":"page-sidebar-left.php","meta":{"footnotes":""},"class_list":["post-85","page","type-page","status-publish","hentry"],"yoast_head":"<!-- This site is optimized with the Yoast SEO plugin v24.4 - https:\/\/yoast.com\/wordpress\/plugins\/seo\/ -->\n<title>\u00dcber uns - Mobilus Motor<\/title>\n<meta name=\"robots\" content=\"index, follow, max-snippet:-1, max-image-preview:large, max-video-preview:-1\" \/>\n<link rel=\"canonical\" href=\"https:\/\/mobilus.pl\/about-us\/\" \/>\n<meta property=\"og:locale\" content=\"de_DE\" \/>\n<meta property=\"og:type\" content=\"article\" \/>\n<meta property=\"og:title\" content=\"[:pl]O nas[:en]About Us[:de]\u00dcber uns[:] - Mobilus Motor\" \/>\n<meta property=\"og:description\" content=\"[vc_row el_class=&quot;he_gray &quot;][vc_column][vc_column_text css_animation=&quot;&quot; el_class=&quot;clearrr&quot;] \u00dcber uns [\/vc_column_text][\/vc_column][\/vc_row] [vc_row][vc_column width=&quot;1\/2&quot;][vc_single_image image=&quot;5347&quot; img_size=&quot;574x370&quot;][\/vc_column][vc_column width=&quot;1\/2&quot;][vc_column_text css=&quot;.vc_custom_1459848783293{margin-bottom: 40px !important;}&quot;]Die Firma MOBILUS MOTOR spezialisiert sich auf die Herrstellung und den Vertrieb von Rohrmotoren f\u00fcr Rolll\u00e4den, Tore und Zubeh\u00f6r f\u00fcr den weit zu verstehenden Sonnenschutz. W\u00e4hrend unserer mehrj\u00e4hrigen T\u00e4tigkeit wurden uns der Markt und die Bed\u00fcrfnisse der Kunden bekannt, was uns erm\u00f6glicht hat eine f\u00fchrende Position unter den Anbietern auf dem heimischen Markt zu nehmen. Die Qualit\u00e4tskontrolle erlaubt die Erwartungen der anspruchsvollsten Kunden zu erf\u00fcllen. Die MOBILUS MOTOR Arbeiter sind immer f\u00fcr Sie da. Bei Bedart sind\" \/>\n<meta property=\"og:url\" content=\"https:\/\/mobilus.pl\/about-us\/\" \/>\n<meta property=\"og:site_name\" content=\"Mobilus Motor\" \/>\n<meta property=\"article:publisher\" content=\"https:\/\/web.facebook.com\/mobiluspl\/\" \/>\n<meta property=\"article:modified_time\" content=\"2016-12-27T08:12:16+00:00\" \/>\n<meta name=\"twitter:card\" content=\"summary_large_image\" \/>\n<meta name=\"twitter:label1\" content=\"Gesch\u00e4tzte Lesezeit\" \/>\n\t<meta name=\"twitter:data1\" content=\"5\u00a0Minuten\" \/>\n<script type=\"application\/ld+json\" class=\"yoast-schema-graph\">{\"@context\":\"https:\/\/schema.org\",\"@graph\":[{\"@type\":\"WebPage\",\"@id\":\"https:\/\/mobilus.pl\/about-us\/\",\"url\":\"https:\/\/mobilus.pl\/about-us\/\",\"name\":\"[:pl]O nas[:en]About Us[:de]\u00dcber uns[:] - Mobilus Motor\",\"isPartOf\":{\"@id\":\"https:\/\/mobilus.pl\/#website\"},\"datePublished\":\"2013-01-07T10:51:17+00:00\",\"dateModified\":\"2016-12-27T08:12:16+00:00\",\"breadcrumb\":{\"@id\":\"https:\/\/mobilus.pl\/about-us\/#breadcrumb\"},\"inLanguage\":\"de\",\"potentialAction\":[{\"@type\":\"ReadAction\",\"target\":[\"https:\/\/mobilus.pl\/about-us\/\"]}]},{\"@type\":\"BreadcrumbList\",\"@id\":\"https:\/\/mobilus.pl\/about-us\/#breadcrumb\",\"itemListElement\":[{\"@type\":\"ListItem\",\"position\":1,\"name\":\"Strona g\u0142\u00f3wna\",\"item\":\"https:\/\/mobilus.pl\/\"},{\"@type\":\"ListItem\",\"position\":2,\"name\":\"O nas\"}]},{\"@type\":\"WebSite\",\"@id\":\"https:\/\/mobilus.pl\/#website\",\"url\":\"https:\/\/mobilus.pl\/\",\"name\":\"Mobilus Motor\",\"description\":\"enjoy the mobility\",\"publisher\":{\"@id\":\"https:\/\/mobilus.pl\/#organization\"},\"potentialAction\":[{\"@type\":\"SearchAction\",\"target\":{\"@type\":\"EntryPoint\",\"urlTemplate\":\"https:\/\/mobilus.pl\/?s={search_term_string}\"},\"query-input\":{\"@type\":\"PropertyValueSpecification\",\"valueRequired\":true,\"valueName\":\"search_term_string\"}}],\"inLanguage\":\"de\"},{\"@type\":\"Organization\",\"@id\":\"https:\/\/mobilus.pl\/#organization\",\"name\":\"Mobilus Motor\",\"url\":\"https:\/\/mobilus.pl\/\",\"logo\":{\"@type\":\"ImageObject\",\"inLanguage\":\"de\",\"@id\":\"https:\/\/mobilus.pl\/#\/schema\/logo\/image\/\",\"url\":\"https:\/\/mobilus.pl\/wp-content\/uploads\/2014\/09\/mobilus_2013_small.png\",\"contentUrl\":\"https:\/\/mobilus.pl\/wp-content\/uploads\/2014\/09\/mobilus_2013_small.png\",\"width\":180,\"height\":50,\"caption\":\"Mobilus Motor\"},\"image\":{\"@id\":\"https:\/\/mobilus.pl\/#\/schema\/logo\/image\/\"},\"sameAs\":[\"https:\/\/web.facebook.com\/mobiluspl\/\",\"https:\/\/www.instagram.com\/mobiluspl\/\",\"https:\/\/www.youtube.com\/channel\/UCB6ay8tvzv2HRlpIRqWaZeQ\"]}]}<\/script>\n<!-- \/ Yoast SEO plugin. -->","yoast_head_json":{"title":"[:pl]O nas[:en]About Us[:de]\u00dcber uns[:] - Mobilus Motor","robots":{"index":"index","follow":"follow","max-snippet":"max-snippet:-1","max-image-preview":"max-image-preview:large","max-video-preview":"max-video-preview:-1"},"canonical":"https:\/\/mobilus.pl\/about-us\/","og_locale":"de_DE","og_type":"article","og_title":"[:pl]O nas[:en]About Us[:de]\u00dcber uns[:] - Mobilus Motor","og_description":"[vc_row el_class=\"he_gray \"][vc_column][vc_column_text css_animation=\"\" el_class=\"clearrr\"] \u00dcber uns [\/vc_column_text][\/vc_column][\/vc_row] [vc_row][vc_column width=\"1\/2\"][vc_single_image image=\"5347\" img_size=\"574x370\"][\/vc_column][vc_column width=\"1\/2\"][vc_column_text css=\".vc_custom_1459848783293{margin-bottom: 40px !important;}\"]Die Firma MOBILUS MOTOR spezialisiert sich auf die Herrstellung und den Vertrieb von Rohrmotoren f\u00fcr Rolll\u00e4den, Tore und Zubeh\u00f6r f\u00fcr den weit zu verstehenden Sonnenschutz. W\u00e4hrend unserer mehrj\u00e4hrigen T\u00e4tigkeit wurden uns der Markt und die Bed\u00fcrfnisse der Kunden bekannt, was uns erm\u00f6glicht hat eine f\u00fchrende Position unter den Anbietern auf dem heimischen Markt zu nehmen. Die Qualit\u00e4tskontrolle erlaubt die Erwartungen der anspruchsvollsten Kunden zu erf\u00fcllen. Die MOBILUS MOTOR Arbeiter sind immer f\u00fcr Sie da. Bei Bedart sind","og_url":"https:\/\/mobilus.pl\/about-us\/","og_site_name":"Mobilus Motor","article_publisher":"https:\/\/web.facebook.com\/mobiluspl\/","article_modified_time":"2016-12-27T08:12:16+00:00","twitter_card":"summary_large_image","twitter_misc":{"Gesch\u00e4tzte Lesezeit":"5\u00a0Minuten"},"schema":{"@context":"https:\/\/schema.org","@graph":[{"@type":"WebPage","@id":"https:\/\/mobilus.pl\/about-us\/","url":"https:\/\/mobilus.pl\/about-us\/","name":"[:pl]O nas[:en]About Us[:de]\u00dcber uns[:] - Mobilus Motor","isPartOf":{"@id":"https:\/\/mobilus.pl\/#website"},"datePublished":"2013-01-07T10:51:17+00:00","dateModified":"2016-12-27T08:12:16+00:00","breadcrumb":{"@id":"https:\/\/mobilus.pl\/about-us\/#breadcrumb"},"inLanguage":"de","potentialAction":[{"@type":"ReadAction","target":["https:\/\/mobilus.pl\/about-us\/"]}]},{"@type":"BreadcrumbList","@id":"https:\/\/mobilus.pl\/about-us\/#breadcrumb","itemListElement":[{"@type":"ListItem","position":1,"name":"Strona g\u0142\u00f3wna","item":"https:\/\/mobilus.pl\/"},{"@type":"ListItem","position":2,"name":"O nas"}]},{"@type":"WebSite","@id":"https:\/\/mobilus.pl\/#website","url":"https:\/\/mobilus.pl\/","name":"Mobilus Motor","description":"enjoy the mobility","publisher":{"@id":"https:\/\/mobilus.pl\/#organization"},"potentialAction":[{"@type":"SearchAction","target":{"@type":"EntryPoint","urlTemplate":"https:\/\/mobilus.pl\/?s={search_term_string}"},"query-input":{"@type":"PropertyValueSpecification","valueRequired":true,"valueName":"search_term_string"}}],"inLanguage":"de"},{"@type":"Organization","@id":"https:\/\/mobilus.pl\/#organization","name":"Mobilus Motor","url":"https:\/\/mobilus.pl\/","logo":{"@type":"ImageObject","inLanguage":"de","@id":"https:\/\/mobilus.pl\/#\/schema\/logo\/image\/","url":"https:\/\/mobilus.pl\/wp-content\/uploads\/2014\/09\/mobilus_2013_small.png","contentUrl":"https:\/\/mobilus.pl\/wp-content\/uploads\/2014\/09\/mobilus_2013_small.png","width":180,"height":50,"caption":"Mobilus Motor"},"image":{"@id":"https:\/\/mobilus.pl\/#\/schema\/logo\/image\/"},"sameAs":["https:\/\/web.facebook.com\/mobiluspl\/","https:\/\/www.instagram.com\/mobiluspl\/","https:\/\/www.youtube.com\/channel\/UCB6ay8tvzv2HRlpIRqWaZeQ"]}]}},"_links":{"self":[{"href":"https:\/\/mobilus.pl\/de\/wp-json\/wp\/v2\/pages\/85"}],"collection":[{"href":"https:\/\/mobilus.pl\/de\/wp-json\/wp\/v2\/pages"}],"about":[{"href":"https:\/\/mobilus.pl\/de\/wp-json\/wp\/v2\/types\/page"}],"author":[{"embeddable":true,"href":"https:\/\/mobilus.pl\/de\/wp-json\/wp\/v2\/users\/1"}],"replies":[{"embeddable":true,"href":"https:\/\/mobilus.pl\/de\/wp-json\/wp\/v2\/comments?post=85"}],"version-history":[{"count":3,"href":"https:\/\/mobilus.pl\/de\/wp-json\/wp\/v2\/pages\/85\/revisions"}],"predecessor-version":[{"id":10401,"href":"https:\/\/mobilus.pl\/de\/wp-json\/wp\/v2\/pages\/85\/revisions\/10401"}],"wp:attachment":[{"href":"https:\/\/mobilus.pl\/de\/wp-json\/wp\/v2\/media?parent=85"}],"curies":[{"name":"wp","href":"https:\/\/api.w.org\/{rel}","templated":true}]}}