{"id":7990,"date":"2015-05-28T09:06:53","date_gmt":"2015-05-28T09:06:53","guid":{"rendered":"http:\/\/mobilus-pl.pier39.pl\/?page_id=7990"},"modified":"2017-10-19T11:23:21","modified_gmt":"2017-10-19T11:23:21","slug":"repeater","status":"publish","type":"page","link":"https:\/\/mobilus.pl\/de\/technologie\/repeater\/","title":{"rendered":"SIGNALREPEATER"},"content":{"rendered":"<div class=\"wpb-content-wrapper\">[vc_row el_class=\"he_gray \"][vc_column width=\"1\/1\"][vc_column_text css_animation=\"\" el_class=\"clearrr\"]\n<h4><strong><span style=\"color: #ffffff;\">Signalrepeater<\/span><\/strong><\/h4>\n[\/vc_column_text][\/vc_column][\/vc_row]\n[vc_row][vc_column width=\"1\/1\"][vc_single_image image=\"6554\" border_color=\"grey\" img_link_large=\"\" img_link_target=\"_self\" img_size=\"full\" css=\".vc_custom_1432887758449{margin-bottom: 0px !important;padding-bottom: 0px !important;}\"][vc_single_image image=\"8014\" border_color=\"grey\" img_link_large=\"\" img_link_target=\"_self\" img_size=\"full\" css=\".vc_custom_1433148662898{margin-top: 0px !important;margin-bottom: 0px !important;padding-top: 0px !important;padding-bottom: 0px !important;}\"][\/vc_column][\/vc_row][vc_row css=\".vc_custom_1427372808712{margin-top: 15px !important;border-left-width: 1px !important;border-left-color: #c8c8c8 !important;}\" parallax=\"no\"][vc_column width=\"1\/1\"][vc_column_text css=\".vc_custom_1427372217034{margin-bottom: 0px !important;}\"]\n<h4><strong>Beschreibung<\/strong><\/h4>\n[\/vc_column_text][vc_column_text]\n<ol>\n<li>Der Benutzer sendet einen Befehl an den Fensterrolladen im abgelegenen Teil des Geb\u00e4udes - markiert <strong>Nr. 3<\/strong>.<\/li>\n<li>Der im Fenster Nr 2 plazierte Antrieb Mobilus ERS mit eingebautem Repeater empf\u00e4ngt Befehle vom Funksenser und kommuniziert mit dem  Funkempf\u00e4nger im  Antrieb im Fenster Nr 3.<\/li>\n<li>Der Antrieb im Fenster Nr. 3 empf\u00e4ngt Befehle vom Funksenser COSMO | HCT durch Antriebsrepeater im Fenster Nr 2 und auf dem gleichen Weg sendet er die Informationen an den Funksenser.<\/li>\n<\/ol>\n[\/vc_column_text][\/vc_column][\/vc_row][vc_row parallax=\"no\" parallax_image=\"\" full_width=\"\" poster=\"\" mp4=\"\" m4v=\"\" webm=\"\" ogv=\"\" overlay=\"\" css=\".vc_custom_1427372808712{margin-top: 15px !important;border-left-width: 1px !important;border-left-color: #c8c8c8 !important;}\" el_id=\"\"][vc_column width=\"1\/1\"][vc_column_text css=\".vc_custom_1433160881118{margin-bottom: 0px !important;}\"]\n<h4><strong>VORTEILE DER NUTZUNG DER ANTRIEBE MIT EINGEBAUTEN SIGNAL-REPEATERN.<\/strong><\/h4>\n[\/vc_column_text][vc_column_text]\n<ol>\n<li>Die Beseitigung der Probleme mit Netzmangel  in den abgelegenen Gebieten.<\/li>\n<li>Die Beseitigung zus\u00e4tzlicher Module mit integriertem Signal-Reapater.<\/li>\n<\/ol>\n[\/vc_column_text][\/vc_column][\/vc_row]\n<\/div>","protected":false},"excerpt":{"rendered":"<p>[vc_row el_class=&#8221;he_gray &#8220;][vc_column width=&#8221;1\/1&#8243;][vc_column_text css_animation=&#8221;&#8221; el_class=&#8221;clearrr&#8221;]<br \/>\nSignalrepeater<br \/>\n[\/vc_column_text][\/vc_column][\/vc_row]<br \/>\n[vc_row][vc_column width=&#8221;1\/1&#8243;][vc_single_image image=&#8221;6554&#8243; border_color=&#8221;grey&#8221; img_link_large=&#8221;&#8221; img_link_target=&#8221;_self&#8221; img_size=&#8221;full&#8221; css=&#8221;.vc_custom_1432887758449{margin-bottom: 0px !important;padding-bottom: 0px !important;}&#8221;][vc_single_image image=&#8221;8014&#8243; border_color=&#8221;grey&#8221; img_link_large=&#8221;&#8221; img_link_target=&#8221;_self&#8221; img_size=&#8221;full&#8221; css=&#8221;.vc_custom_1433148662898{margin-top: 0px !important;margin-bottom: 0px !important;padding-top: 0px !important;padding-bottom: 0px !important;}&#8221;][\/vc_column][\/vc_row][vc_row css=&#8221;.vc_custom_1427372808712{margin-top: 15px !important;border-left-width: 1px !important;border-left-color: #c8c8c8 !important;}&#8221; parallax=&#8221;no&#8221;][vc_column width=&#8221;1\/1&#8243;][vc_column_text css=&#8221;.vc_custom_1427372217034{margin-bottom: 0px !important;}&#8221;]<br \/>\nBeschreibung<br \/>\n[\/vc_column_text][vc_column_text]<\/p>\n<p>Der Benutzer sendet einen Befehl an den Fensterrolladen im abgelegenen Teil des Geb\u00e4udes &#8211; markiert Nr. 3.<br \/>\nDer im Fenster Nr 2 plazierte Antrieb Mobilus ERS mit eingebautem Repeater empf\u00e4ngt Befehle vom Funksenser und kommuniziert mit dem  Funkempf\u00e4nger im  Antrieb im Fenster Nr 3.<br \/>\nDer Antrieb im Fenster<\/p>\n","protected":false},"author":1,"featured_media":0,"parent":5408,"menu_order":0,"comment_status":"open","ping_status":"open","template":"page-sidebar-left.php","meta":{"footnotes":""},"class_list":["post-7990","page","type-page","status-publish","hentry","page_keywords-mobilus","page_keywords-moduly","page_keywords-repeater-sygnalu","page_keywords-silowniki","page_keywords-wiekszy-zasieg"],"yoast_head":"<!-- This site is optimized with the Yoast SEO plugin v24.4 - https:\/\/yoast.com\/wordpress\/plugins\/seo\/ -->\n<title>SIGNALREPEATER - Mobilus Motor<\/title>\n<meta name=\"robots\" content=\"index, follow, max-snippet:-1, max-image-preview:large, max-video-preview:-1\" \/>\n<link rel=\"canonical\" href=\"https:\/\/mobilus.pl\/technologie\/repeater\/\" \/>\n<meta property=\"og:locale\" content=\"de_DE\" \/>\n<meta property=\"og:type\" content=\"article\" \/>\n<meta property=\"og:title\" content=\"[:pl]REPEATER SYGNA\u0141U[:en]SIGNAL REPEATER[:de]SIGNALREPEATER[:] - Mobilus Motor\" \/>\n<meta property=\"og:description\" content=\"[vc_row el_class=&quot;he_gray &quot;][vc_column width=&quot;1\/1&quot;][vc_column_text css_animation=&quot;&quot; el_class=&quot;clearrr&quot;] Signalrepeater [\/vc_column_text][\/vc_column][\/vc_row] [vc_row][vc_column width=&quot;1\/1&quot;][vc_single_image image=&quot;6554&quot; border_color=&quot;grey&quot; img_link_large=&quot;&quot; img_link_target=&quot;_self&quot; img_size=&quot;full&quot; css=&quot;.vc_custom_1432887758449{margin-bottom: 0px !important;padding-bottom: 0px !important;}&quot;][vc_single_image image=&quot;8014&quot; border_color=&quot;grey&quot; img_link_large=&quot;&quot; img_link_target=&quot;_self&quot; img_size=&quot;full&quot; css=&quot;.vc_custom_1433148662898{margin-top: 0px !important;margin-bottom: 0px !important;padding-top: 0px !important;padding-bottom: 0px !important;}&quot;][\/vc_column][\/vc_row][vc_row css=&quot;.vc_custom_1427372808712{margin-top: 15px !important;border-left-width: 1px !important;border-left-color: #c8c8c8 !important;}&quot; parallax=&quot;no&quot;][vc_column width=&quot;1\/1&quot;][vc_column_text css=&quot;.vc_custom_1427372217034{margin-bottom: 0px !important;}&quot;] Beschreibung [\/vc_column_text][vc_column_text] Der Benutzer sendet einen Befehl an den Fensterrolladen im abgelegenen Teil des Geb\u00e4udes - markiert Nr. 3. Der im Fenster Nr 2 plazierte Antrieb Mobilus ERS mit eingebautem Repeater empf\u00e4ngt Befehle vom Funksenser und kommuniziert mit dem Funkempf\u00e4nger im Antrieb im Fenster Nr 3. Der Antrieb im Fenster\" \/>\n<meta property=\"og:url\" content=\"https:\/\/mobilus.pl\/technologie\/repeater\/\" \/>\n<meta property=\"og:site_name\" content=\"Mobilus Motor\" \/>\n<meta property=\"article:publisher\" content=\"https:\/\/web.facebook.com\/mobiluspl\/\" \/>\n<meta property=\"article:modified_time\" content=\"2017-10-19T11:23:21+00:00\" \/>\n<meta name=\"twitter:card\" content=\"summary_large_image\" \/>\n<meta name=\"twitter:label1\" content=\"Gesch\u00e4tzte Lesezeit\" \/>\n\t<meta name=\"twitter:data1\" content=\"5\u00a0Minuten\" \/>\n<script type=\"application\/ld+json\" class=\"yoast-schema-graph\">{\"@context\":\"https:\/\/schema.org\",\"@graph\":[{\"@type\":\"WebPage\",\"@id\":\"https:\/\/mobilus.pl\/technologie\/repeater\/\",\"url\":\"https:\/\/mobilus.pl\/technologie\/repeater\/\",\"name\":\"[:pl]REPEATER SYGNA\u0141U[:en]SIGNAL REPEATER[:de]SIGNALREPEATER[:] - Mobilus Motor\",\"isPartOf\":{\"@id\":\"https:\/\/mobilus.pl\/#website\"},\"datePublished\":\"2015-05-28T09:06:53+00:00\",\"dateModified\":\"2017-10-19T11:23:21+00:00\",\"breadcrumb\":{\"@id\":\"https:\/\/mobilus.pl\/technologie\/repeater\/#breadcrumb\"},\"inLanguage\":\"de\",\"potentialAction\":[{\"@type\":\"ReadAction\",\"target\":[\"https:\/\/mobilus.pl\/technologie\/repeater\/\"]}]},{\"@type\":\"BreadcrumbList\",\"@id\":\"https:\/\/mobilus.pl\/technologie\/repeater\/#breadcrumb\",\"itemListElement\":[{\"@type\":\"ListItem\",\"position\":1,\"name\":\"Strona g\u0142\u00f3wna\",\"item\":\"https:\/\/mobilus.pl\/\"},{\"@type\":\"ListItem\",\"position\":2,\"name\":\"Technology\",\"item\":\"https:\/\/mobilus.pl\/en\/technologie\/\"},{\"@type\":\"ListItem\",\"position\":3,\"name\":\"SIGNAL REPEATER\"}]},{\"@type\":\"WebSite\",\"@id\":\"https:\/\/mobilus.pl\/#website\",\"url\":\"https:\/\/mobilus.pl\/\",\"name\":\"Mobilus Motor\",\"description\":\"enjoy the mobility\",\"publisher\":{\"@id\":\"https:\/\/mobilus.pl\/#organization\"},\"potentialAction\":[{\"@type\":\"SearchAction\",\"target\":{\"@type\":\"EntryPoint\",\"urlTemplate\":\"https:\/\/mobilus.pl\/?s={search_term_string}\"},\"query-input\":{\"@type\":\"PropertyValueSpecification\",\"valueRequired\":true,\"valueName\":\"search_term_string\"}}],\"inLanguage\":\"de\"},{\"@type\":\"Organization\",\"@id\":\"https:\/\/mobilus.pl\/#organization\",\"name\":\"Mobilus Motor\",\"url\":\"https:\/\/mobilus.pl\/\",\"logo\":{\"@type\":\"ImageObject\",\"inLanguage\":\"de\",\"@id\":\"https:\/\/mobilus.pl\/#\/schema\/logo\/image\/\",\"url\":\"https:\/\/mobilus.pl\/wp-content\/uploads\/2014\/09\/mobilus_2013_small.png\",\"contentUrl\":\"https:\/\/mobilus.pl\/wp-content\/uploads\/2014\/09\/mobilus_2013_small.png\",\"width\":180,\"height\":50,\"caption\":\"Mobilus Motor\"},\"image\":{\"@id\":\"https:\/\/mobilus.pl\/#\/schema\/logo\/image\/\"},\"sameAs\":[\"https:\/\/web.facebook.com\/mobiluspl\/\",\"https:\/\/www.instagram.com\/mobiluspl\/\",\"https:\/\/www.youtube.com\/channel\/UCB6ay8tvzv2HRlpIRqWaZeQ\"]}]}<\/script>\n<!-- \/ Yoast SEO plugin. -->","yoast_head_json":{"title":"[:pl]REPEATER SYGNA\u0141U[:en]SIGNAL REPEATER[:de]SIGNALREPEATER[:] - Mobilus Motor","robots":{"index":"index","follow":"follow","max-snippet":"max-snippet:-1","max-image-preview":"max-image-preview:large","max-video-preview":"max-video-preview:-1"},"canonical":"https:\/\/mobilus.pl\/technologie\/repeater\/","og_locale":"de_DE","og_type":"article","og_title":"[:pl]REPEATER SYGNA\u0141U[:en]SIGNAL REPEATER[:de]SIGNALREPEATER[:] - Mobilus Motor","og_description":"[vc_row el_class=\"he_gray \"][vc_column width=\"1\/1\"][vc_column_text css_animation=\"\" el_class=\"clearrr\"] Signalrepeater [\/vc_column_text][\/vc_column][\/vc_row] [vc_row][vc_column width=\"1\/1\"][vc_single_image image=\"6554\" border_color=\"grey\" img_link_large=\"\" img_link_target=\"_self\" img_size=\"full\" css=\".vc_custom_1432887758449{margin-bottom: 0px !important;padding-bottom: 0px !important;}\"][vc_single_image image=\"8014\" border_color=\"grey\" img_link_large=\"\" img_link_target=\"_self\" img_size=\"full\" css=\".vc_custom_1433148662898{margin-top: 0px !important;margin-bottom: 0px !important;padding-top: 0px !important;padding-bottom: 0px !important;}\"][\/vc_column][\/vc_row][vc_row css=\".vc_custom_1427372808712{margin-top: 15px !important;border-left-width: 1px !important;border-left-color: #c8c8c8 !important;}\" parallax=\"no\"][vc_column width=\"1\/1\"][vc_column_text css=\".vc_custom_1427372217034{margin-bottom: 0px !important;}\"] Beschreibung [\/vc_column_text][vc_column_text] Der Benutzer sendet einen Befehl an den Fensterrolladen im abgelegenen Teil des Geb\u00e4udes - markiert Nr. 3. Der im Fenster Nr 2 plazierte Antrieb Mobilus ERS mit eingebautem Repeater empf\u00e4ngt Befehle vom Funksenser und kommuniziert mit dem Funkempf\u00e4nger im Antrieb im Fenster Nr 3. Der Antrieb im Fenster","og_url":"https:\/\/mobilus.pl\/technologie\/repeater\/","og_site_name":"Mobilus Motor","article_publisher":"https:\/\/web.facebook.com\/mobiluspl\/","article_modified_time":"2017-10-19T11:23:21+00:00","twitter_card":"summary_large_image","twitter_misc":{"Gesch\u00e4tzte Lesezeit":"5\u00a0Minuten"},"schema":{"@context":"https:\/\/schema.org","@graph":[{"@type":"WebPage","@id":"https:\/\/mobilus.pl\/technologie\/repeater\/","url":"https:\/\/mobilus.pl\/technologie\/repeater\/","name":"[:pl]REPEATER SYGNA\u0141U[:en]SIGNAL REPEATER[:de]SIGNALREPEATER[:] - Mobilus Motor","isPartOf":{"@id":"https:\/\/mobilus.pl\/#website"},"datePublished":"2015-05-28T09:06:53+00:00","dateModified":"2017-10-19T11:23:21+00:00","breadcrumb":{"@id":"https:\/\/mobilus.pl\/technologie\/repeater\/#breadcrumb"},"inLanguage":"de","potentialAction":[{"@type":"ReadAction","target":["https:\/\/mobilus.pl\/technologie\/repeater\/"]}]},{"@type":"BreadcrumbList","@id":"https:\/\/mobilus.pl\/technologie\/repeater\/#breadcrumb","itemListElement":[{"@type":"ListItem","position":1,"name":"Strona g\u0142\u00f3wna","item":"https:\/\/mobilus.pl\/"},{"@type":"ListItem","position":2,"name":"Technology","item":"https:\/\/mobilus.pl\/en\/technologie\/"},{"@type":"ListItem","position":3,"name":"SIGNAL REPEATER"}]},{"@type":"WebSite","@id":"https:\/\/mobilus.pl\/#website","url":"https:\/\/mobilus.pl\/","name":"Mobilus Motor","description":"enjoy the mobility","publisher":{"@id":"https:\/\/mobilus.pl\/#organization"},"potentialAction":[{"@type":"SearchAction","target":{"@type":"EntryPoint","urlTemplate":"https:\/\/mobilus.pl\/?s={search_term_string}"},"query-input":{"@type":"PropertyValueSpecification","valueRequired":true,"valueName":"search_term_string"}}],"inLanguage":"de"},{"@type":"Organization","@id":"https:\/\/mobilus.pl\/#organization","name":"Mobilus Motor","url":"https:\/\/mobilus.pl\/","logo":{"@type":"ImageObject","inLanguage":"de","@id":"https:\/\/mobilus.pl\/#\/schema\/logo\/image\/","url":"https:\/\/mobilus.pl\/wp-content\/uploads\/2014\/09\/mobilus_2013_small.png","contentUrl":"https:\/\/mobilus.pl\/wp-content\/uploads\/2014\/09\/mobilus_2013_small.png","width":180,"height":50,"caption":"Mobilus Motor"},"image":{"@id":"https:\/\/mobilus.pl\/#\/schema\/logo\/image\/"},"sameAs":["https:\/\/web.facebook.com\/mobiluspl\/","https:\/\/www.instagram.com\/mobiluspl\/","https:\/\/www.youtube.com\/channel\/UCB6ay8tvzv2HRlpIRqWaZeQ"]}]}},"_links":{"self":[{"href":"https:\/\/mobilus.pl\/de\/wp-json\/wp\/v2\/pages\/7990"}],"collection":[{"href":"https:\/\/mobilus.pl\/de\/wp-json\/wp\/v2\/pages"}],"about":[{"href":"https:\/\/mobilus.pl\/de\/wp-json\/wp\/v2\/types\/page"}],"author":[{"embeddable":true,"href":"https:\/\/mobilus.pl\/de\/wp-json\/wp\/v2\/users\/1"}],"replies":[{"embeddable":true,"href":"https:\/\/mobilus.pl\/de\/wp-json\/wp\/v2\/comments?post=7990"}],"version-history":[{"count":3,"href":"https:\/\/mobilus.pl\/de\/wp-json\/wp\/v2\/pages\/7990\/revisions"}],"predecessor-version":[{"id":11353,"href":"https:\/\/mobilus.pl\/de\/wp-json\/wp\/v2\/pages\/7990\/revisions\/11353"}],"up":[{"embeddable":true,"href":"https:\/\/mobilus.pl\/de\/wp-json\/wp\/v2\/pages\/5408"}],"wp:attachment":[{"href":"https:\/\/mobilus.pl\/de\/wp-json\/wp\/v2\/media?parent=7990"}],"curies":[{"name":"wp","href":"https:\/\/api.w.org\/{rel}","templated":true}]}}