{"id":7989,"date":"2015-05-28T09:17:15","date_gmt":"2015-05-28T09:17:15","guid":{"rendered":"http:\/\/mobilus-pl.pier39.pl\/?page_id=7989"},"modified":"2017-06-06T09:26:03","modified_gmt":"2017-06-06T09:26:03","slug":"inne","status":"publish","type":"page","link":"https:\/\/mobilus.pl\/de\/technologie\/inne\/","title":{"rendered":"Andere"},"content":{"rendered":"<div class=\"wpb-content-wrapper\">[vc_row el_class=\"he_gray \"][vc_column][vc_column_text css_css_animation=\"\" el_class=\"clearrr\"]\n<h4><strong><span style=\"color: #ffffff;\">Andere<\/span><\/strong><\/h4>\n[\/vc_column_text][\/vc_column][\/vc_row][vc_row][vc_column][vc_column_text]\n[\/vc_column_text][\/vc_column][\/vc_row][vc_row][vc_column width=\"1\/4\"][vc_single_image image=\"10691\" img_size=\"full\" alignment=\"right\"][\/vc_column][vc_column width=\"3\/4\"][vc_column_text]<strong>COSMO | 2WAY\u00a0<\/strong>-\u00a0die neueste Funkkommunikationstechnologie MOBILUS. Vorteil der COSMO-Technologie 2WAY \u00fcber dem anderen ist die F\u00e4higkeit, kontrollierte Ger\u00e4te zu kontrollieren - der Benutzer kann \u00fcberpr\u00fcfen, ob das B\u00fcgeleisen ausgeschaltet ist, das Tor geschlossen und die Jalousien abgesenkt sind.[\/vc_column_text][\/vc_column][\/vc_row][vc_row][vc_column width=\"1\/4\"][vc_single_image image=\"7352\" img_size=\"full\" alignment=\"right\"][\/vc_column][vc_column width=\"3\/4\"][vc_column_text]<strong>KAN\u00c4LE <\/strong>-die Ziffer nach dem Symbol bedeutet die maximale Anzahl von Kan\u00e4len, die von dem Ger\u00e4t gehandhabt werden k\u00f6nnen.[\/vc_column_text][\/vc_column][\/vc_row][vc_row][vc_column width=\"1\/4\"][vc_single_image image=\"7396\" img_size=\"full\" alignment=\"right\"][\/vc_column][vc_column width=\"3\/4\"][vc_column_text]<strong>GRUPPENKAN\u00c4LE <\/strong>- die Ziffer nach dem Symbol bedeutet die maximale Anzahl von Gruppen, zu denen\u00a0 die t\u00e4tigen Kan\u00e4le zugeordnet werden k\u00f6nnen.[\/vc_column_text][\/vc_column][\/vc_row][vc_row][vc_column width=\"1\/4\"][vc_single_image image=\"6556\" img_size=\"full\" alignment=\"right\"][\/vc_column][vc_column width=\"3\/4\"][vc_column_text]<strong>SENSO<\/strong> - die Technologie erm\u00f6glicht die Hindernisserkennung auf dem Rollladenweg, sowohl beim Hochfahren als auch beim Runterfahren der Rolll\u00e4den.\u00a0 Mehr \u00fcber SENSO-Technologie auf Seite:\u00a0<a href=\"https:\/\/mobilus.pl\/de\/technologie\/senso\/\">SENSO TECHNOLOGY<\/a>[\/vc_column_text][\/vc_column][\/vc_row][vc_row][vc_column width=\"1\/4\"][vc_single_image image=\"6554\" img_size=\"full\" alignment=\"right\"][\/vc_column][vc_column width=\"3\/4\"][vc_column_text]<strong>SIGNALREPEATER<\/strong> - die , in den MOBILUS-Funkantrieben eingebaute Module, erm\u00f6glichen die Signale zu empfangen, zu \u00fcbertragen und zu verst\u00e4rken, so dass auch die weit abgelegene Rolll\u00e4den unter Ihrer Kontrolle bleiben.[\/vc_column_text][\/vc_column][\/vc_row][vc_row][vc_column width=\"1\/4\"][vc_single_image image=\"6558\" img_size=\"full\" alignment=\"right\"][\/vc_column][vc_column width=\"3\/4\"][vc_column_text]<strong>BERICHTE<\/strong> - die Funksender zeigen die Informationen \u00fcber den aktuellen Status der Empf\u00e4nger dank der bidirektionaler Kommunikation.[\/vc_column_text][\/vc_column][\/vc_row][vc_row][vc_column width=\"1\/4\"][vc_single_image image=\"6552\" img_size=\"full\" alignment=\"right\"][\/vc_column][vc_column width=\"3\/4\"][vc_column_text]<strong>GEOGRAPHISCHE LAGE<\/strong> - der Funksender hat die Funktion der automatischen Steuerung von Empf\u00e4ngern aufgrund der Daten \u00fcber die geographische Lage.[\/vc_column_text][\/vc_column][\/vc_row][vc_row][vc_column width=\"1\/4\"][vc_single_image image=\"6548\" img_size=\"full\" alignment=\"right\"][\/vc_column][vc_column width=\"3\/4\"][vc_column_text]<strong>RADIOSTEUERUNG<\/strong> - die neue Technologie erm\u00f6glicht die Kommunikation zwischen Steuerger\u00e4ten und Empf\u00e4ngern, als auch\u00a0 zwischen den Empf\u00e4ngern selbst dank der Funkwellen.[\/vc_column_text][\/vc_column][\/vc_row][vc_row][vc_column width=\"1\/4\"][vc_single_image image=\"6546\" img_size=\"full\" alignment=\"right\"][\/vc_column][vc_column width=\"3\/4\"][vc_column_text]<strong>LASTDETEKTION<\/strong> - das Modul erm\u00f6glicht die \u00dcberlasterkennung und entsprechende Reaktion des Antriebs.[\/vc_column_text][\/vc_column][\/vc_row][vc_row][vc_column width=\"1\/4\"][vc_single_image image=\"6544\" img_size=\"full\" alignment=\"right\"][\/vc_column][vc_column width=\"3\/4\"][vc_column_text]<strong>NOT-KURBELANTRIEB <\/strong>-\u00a0Es gibt die M\u00f6glichkeit an den Antrieb eine Kurbel zu befestigen um ihn manuell zu bedienen.[\/vc_column_text][\/vc_column][\/vc_row][vc_row][vc_column width=\"1\/4\"][vc_single_image image=\"6542\" img_size=\"full\" alignment=\"right\"][\/vc_column][vc_column width=\"3\/4\"][vc_column_text]<strong>MECHANISCHE ENDSCHALTER<\/strong> - die Endpunkte werden von\u00a0 manuell verstellbaren Bereichen eingestellt .[\/vc_column_text][\/vc_column][\/vc_row][vc_row][vc_column width=\"1\/4\"][vc_single_image image=\"6540\" img_size=\"full\" alignment=\"right\"][\/vc_column][vc_column width=\"3\/4\"][vc_column_text]<strong>ELEKTRONISCHE ENDSCHALTER<\/strong> -\u00a0Elektronisch einstellbare Endschalter werden\u00a0 im Speicher des Antriebs\u00a0 gespeichert.[\/vc_column_text][\/vc_column][\/vc_row][vc_row][vc_column width=\"1\/4\"][vc_single_image image=\"6538\" img_size=\"full\" alignment=\"right\"][\/vc_column][vc_column width=\"3\/4\"][vc_column_text]<strong>K<\/strong><b>OMFORTPOSITION<\/b> -\u00a0zus\u00e4tzliche Position, die w\u00e4hrend der Antriebsarbeit ausgew\u00e4hlt wird und\u00a0 im Speicher des Antriebs gespeichert wird, wird vom Funksender durch zus\u00e4tzliche Befehle aufgerufen.[\/vc_column_text][\/vc_column][\/vc_row][vc_row][vc_column width=\"1\/4\"][vc_single_image image=\"6526\" img_size=\"full\" alignment=\"right\"][\/vc_column][vc_column width=\"3\/4\"][vc_column_text]<strong>BI-DIREKTIONALE\u00a0<\/strong><b>COMMUNICATION<\/b> - der Kommunikationsstandard, der\u00a0 auf dem Austausch von Informationen zwischen den Empf\u00e4ngern basiert, erm\u00f6glicht die\u00a0 Befehle vom Funksender zum Antrieb zuzusenden und die Informationen \u00fcber ihren Zustand in der entgegengesetzten Richtung zu \u00fcbertragen.[\/vc_column_text][\/vc_column][\/vc_row][vc_row][vc_column width=\"1\/4\"][vc_single_image image=\"6522\" img_size=\"full\" alignment=\"right\"][\/vc_column][vc_column width=\"3\/4\"][vc_column_text]<strong>TASTATURSTEUERUNG<\/strong> -<strong>\u00a0<\/strong>die F\u00e4higkeit, den Antrieb mit einer Taste \u00fcber eine Kabelverbindung zu steuern.[\/vc_column_text][\/vc_column][\/vc_row][vc_row][vc_column width=\"1\/4\"][vc_single_image image=\"6520\" img_size=\"full\" alignment=\"right\"][\/vc_column][vc_column width=\"3\/4\"][vc_column_text]<strong>AUTOMATISIERUNGSFUNKTIONEN<\/strong> -\u00a0verf\u00fcgt \u00fcber eine Funktion der automatischen Steuerung der Antriebe.[\/vc_column_text][\/vc_column][\/vc_row][vc_row][vc_column width=\"1\/4\"][vc_single_image image=\"6534\" img_size=\"full\" alignment=\"right\"][\/vc_column][vc_column width=\"3\/4\"][vc_column_text]<strong>FUNKTION KALENDER<\/strong> -\u00a0verf\u00fcgt \u00fcber eine Funktion der automatischen Steuerung der Antriebe, die auf\u00a0 dem Kalender basiert.[\/vc_column_text][\/vc_column][\/vc_row][vc_row][vc_column width=\"1\/4\"][vc_single_image image=\"6517\" img_size=\"full\" alignment=\"right\"][\/vc_column][vc_column width=\"3\/4\"][vc_column_text]<strong>AUTOMATIK\u00a0- WOCHENMODUS<\/strong> - die Funktionen der automatischen Steuerung der Antriebe werden im Wochenzyklus wiederholt.[\/vc_column_text][\/vc_column][\/vc_row][vc_row][vc_column width=\"1\/4\"][vc_single_image image=\"6519\" img_size=\"full\" alignment=\"right\"][\/vc_column][vc_column width=\"3\/4\"][vc_column_text]<strong>AUTOMATIK\u00a0- TAGESMODUS<\/strong> - die Funktionen der automatischen Steuerung der Antriebe werden im Tagesnzyklus wiederholt.[\/vc_column_text][\/vc_column][\/vc_row][vc_row][vc_column width=\"1\/4\"][vc_single_image image=\"6524\" img_size=\"full\" alignment=\"right\"][\/vc_column][vc_column width=\"3\/4\"][vc_column_text]<strong>ASTRO-FUNKTIONEN<\/strong> - der Modus, der die Zeit (Winterzeit\/Sommerzeit) an Ort\u00a0 der Automatisierungsarbeit bestimmt.[\/vc_column_text][\/vc_column][\/vc_row][vc_row][vc_column width=\"1\/4\"][vc_single_image image=\"7372\" img_size=\"full\" alignment=\"right\"][\/vc_column][vc_column width=\"3\/4\"][vc_column_text]Die Bedienung der Benutzeroberfl\u00e4che( des Interfaces des Benutzers) in mehreren Sprachen \u2013 die Ziffer nach dem Symbol steht f\u00fcr die Anzahl der unterst\u00fctzten Sprachen - Details finden Sie in der Anleitung oder in der Beschreibung auf der Website.[\/vc_column_text][\/vc_column][\/vc_row][vc_row][vc_column width=\"1\/4\"][vc_single_image image=\"6560\" img_size=\"full\" alignment=\"right\"][\/vc_column][vc_column width=\"3\/4\"][vc_column_text]<strong>MICRO USB<\/strong> - die Funksender von Mobilus Motor Serie COSMO werden zum Batterien-Aufladen oder zum Anschiessen des Controllers an einen PC benutzt, um die\u00a0 Software zu konfigurieren oder zu aktualisieren.[\/vc_column_text][\/vc_column][\/vc_row]\n<\/div>","protected":false},"excerpt":{"rendered":"<p>[vc_row el_class=&#8221;he_gray &#8220;][vc_column][vc_column_text css_css_animation=&#8221;&#8221; el_class=&#8221;clearrr&#8221;]<br \/>\nAndere<br \/>\n[\/vc_column_text][\/vc_column][\/vc_row][vc_row][vc_column][vc_column_text]<br \/>\n[\/vc_column_text][\/vc_column][\/vc_row][vc_row][vc_column width=&#8221;1\/4&#8243;][vc_single_image image=&#8221;10691&#8243; img_size=&#8221;full&#8221; alignment=&#8221;right&#8221;][\/vc_column][vc_column width=&#8221;3\/4&#8243;][vc_column_text]COSMO | 2WAY\u00a0&#8211;\u00a0die neueste Funkkommunikationstechnologie MOBILUS. Vorteil der COSMO-Technologie 2WAY \u00fcber dem anderen ist die F\u00e4higkeit, kontrollierte Ger\u00e4te zu kontrollieren &#8211; der Benutzer kann \u00fcberpr\u00fcfen, ob das B\u00fcgeleisen ausgeschaltet ist, das Tor geschlossen und die Jalousien abgesenkt sind.[\/vc_column_text][\/vc_column][\/vc_row][vc_row][vc_column width=&#8221;1\/4&#8243;][vc_single_image image=&#8221;7352&#8243; img_size=&#8221;full&#8221; alignment=&#8221;right&#8221;][\/vc_column][vc_column width=&#8221;3\/4&#8243;][vc_column_text]KAN\u00c4LE -die Ziffer nach dem Symbol bedeutet die maximale Anzahl von Kan\u00e4len, die von dem Ger\u00e4t gehandhabt werden k\u00f6nnen.[\/vc_column_text][\/vc_column][\/vc_row][vc_row][vc_column width=&#8221;1\/4&#8243;][vc_single_image image=&#8221;7396&#8243; img_size=&#8221;full&#8221; alignment=&#8221;right&#8221;][\/vc_column][vc_column width=&#8221;3\/4&#8243;][vc_column_text]GRUPPENKAN\u00c4LE &#8211; die Ziffer nach dem Symbol bedeutet die maximale Anzahl von Gruppen, zu denen\u00a0 die<\/p>\n","protected":false},"author":1,"featured_media":0,"parent":5408,"menu_order":0,"comment_status":"open","ping_status":"open","template":"page-sidebar-left.php","meta":{"footnotes":""},"class_list":["post-7989","page","type-page","status-publish","hentry"],"yoast_head":"<!-- This site is optimized with the Yoast SEO plugin v24.4 - https:\/\/yoast.com\/wordpress\/plugins\/seo\/ -->\n<title>Andere - Mobilus Motor<\/title>\n<meta name=\"robots\" content=\"index, follow, max-snippet:-1, max-image-preview:large, max-video-preview:-1\" \/>\n<link rel=\"canonical\" href=\"https:\/\/mobilus.pl\/en\/technologie\/inne\/\" \/>\n<meta property=\"og:locale\" content=\"de_DE\" \/>\n<meta property=\"og:type\" content=\"article\" \/>\n<meta property=\"og:title\" content=\"[:pl]Inne[:en]Other[:de]Andere[:] - Mobilus Motor\" \/>\n<meta property=\"og:description\" content=\"[vc_row el_class=&quot;he_gray &quot;][vc_column][vc_column_text css_css_animation=&quot;&quot; el_class=&quot;clearrr&quot;] Andere [\/vc_column_text][\/vc_column][\/vc_row][vc_row][vc_column][vc_column_text] [\/vc_column_text][\/vc_column][\/vc_row][vc_row][vc_column width=&quot;1\/4&quot;][vc_single_image image=&quot;10691&quot; img_size=&quot;full&quot; alignment=&quot;right&quot;][\/vc_column][vc_column width=&quot;3\/4&quot;][vc_column_text]COSMO | 2WAY\u00a0-\u00a0die neueste Funkkommunikationstechnologie MOBILUS. Vorteil der COSMO-Technologie 2WAY \u00fcber dem anderen ist die F\u00e4higkeit, kontrollierte Ger\u00e4te zu kontrollieren - der Benutzer kann \u00fcberpr\u00fcfen, ob das B\u00fcgeleisen ausgeschaltet ist, das Tor geschlossen und die Jalousien abgesenkt sind.[\/vc_column_text][\/vc_column][\/vc_row][vc_row][vc_column width=&quot;1\/4&quot;][vc_single_image image=&quot;7352&quot; img_size=&quot;full&quot; alignment=&quot;right&quot;][\/vc_column][vc_column width=&quot;3\/4&quot;][vc_column_text]KAN\u00c4LE -die Ziffer nach dem Symbol bedeutet die maximale Anzahl von Kan\u00e4len, die von dem Ger\u00e4t gehandhabt werden k\u00f6nnen.[\/vc_column_text][\/vc_column][\/vc_row][vc_row][vc_column width=&quot;1\/4&quot;][vc_single_image image=&quot;7396&quot; img_size=&quot;full&quot; alignment=&quot;right&quot;][\/vc_column][vc_column width=&quot;3\/4&quot;][vc_column_text]GRUPPENKAN\u00c4LE - die Ziffer nach dem Symbol bedeutet die maximale Anzahl von Gruppen, zu denen\u00a0 die\" \/>\n<meta property=\"og:url\" content=\"https:\/\/mobilus.pl\/en\/technologie\/inne\/\" \/>\n<meta property=\"og:site_name\" content=\"Mobilus Motor\" \/>\n<meta property=\"article:publisher\" content=\"https:\/\/web.facebook.com\/mobiluspl\/\" \/>\n<meta property=\"article:modified_time\" content=\"2017-06-06T09:26:03+00:00\" \/>\n<meta name=\"twitter:card\" content=\"summary_large_image\" \/>\n<meta name=\"twitter:label1\" content=\"Gesch\u00e4tzte Lesezeit\" \/>\n\t<meta name=\"twitter:data1\" content=\"17\u00a0Minuten\" \/>\n<script type=\"application\/ld+json\" class=\"yoast-schema-graph\">{\"@context\":\"https:\/\/schema.org\",\"@graph\":[{\"@type\":\"WebPage\",\"@id\":\"https:\/\/mobilus.pl\/en\/technologie\/inne\/\",\"url\":\"https:\/\/mobilus.pl\/en\/technologie\/inne\/\",\"name\":\"[:pl]Inne[:en]Other[:de]Andere[:] - Mobilus Motor\",\"isPartOf\":{\"@id\":\"https:\/\/mobilus.pl\/#website\"},\"datePublished\":\"2015-05-28T09:17:15+00:00\",\"dateModified\":\"2017-06-06T09:26:03+00:00\",\"breadcrumb\":{\"@id\":\"https:\/\/mobilus.pl\/en\/technologie\/inne\/#breadcrumb\"},\"inLanguage\":\"de\",\"potentialAction\":[{\"@type\":\"ReadAction\",\"target\":[\"https:\/\/mobilus.pl\/en\/technologie\/inne\/\"]}]},{\"@type\":\"BreadcrumbList\",\"@id\":\"https:\/\/mobilus.pl\/en\/technologie\/inne\/#breadcrumb\",\"itemListElement\":[{\"@type\":\"ListItem\",\"position\":1,\"name\":\"Strona g\u0142\u00f3wna\",\"item\":\"https:\/\/mobilus.pl\/\"},{\"@type\":\"ListItem\",\"position\":2,\"name\":\"Technology\",\"item\":\"https:\/\/mobilus.pl\/en\/technologie\/\"},{\"@type\":\"ListItem\",\"position\":3,\"name\":\"Other\"}]},{\"@type\":\"WebSite\",\"@id\":\"https:\/\/mobilus.pl\/#website\",\"url\":\"https:\/\/mobilus.pl\/\",\"name\":\"Mobilus Motor\",\"description\":\"enjoy the mobility\",\"publisher\":{\"@id\":\"https:\/\/mobilus.pl\/#organization\"},\"potentialAction\":[{\"@type\":\"SearchAction\",\"target\":{\"@type\":\"EntryPoint\",\"urlTemplate\":\"https:\/\/mobilus.pl\/?s={search_term_string}\"},\"query-input\":{\"@type\":\"PropertyValueSpecification\",\"valueRequired\":true,\"valueName\":\"search_term_string\"}}],\"inLanguage\":\"de\"},{\"@type\":\"Organization\",\"@id\":\"https:\/\/mobilus.pl\/#organization\",\"name\":\"Mobilus Motor\",\"url\":\"https:\/\/mobilus.pl\/\",\"logo\":{\"@type\":\"ImageObject\",\"inLanguage\":\"de\",\"@id\":\"https:\/\/mobilus.pl\/#\/schema\/logo\/image\/\",\"url\":\"https:\/\/mobilus.pl\/wp-content\/uploads\/2014\/09\/mobilus_2013_small.png\",\"contentUrl\":\"https:\/\/mobilus.pl\/wp-content\/uploads\/2014\/09\/mobilus_2013_small.png\",\"width\":180,\"height\":50,\"caption\":\"Mobilus Motor\"},\"image\":{\"@id\":\"https:\/\/mobilus.pl\/#\/schema\/logo\/image\/\"},\"sameAs\":[\"https:\/\/web.facebook.com\/mobiluspl\/\",\"https:\/\/www.instagram.com\/mobiluspl\/\",\"https:\/\/www.youtube.com\/channel\/UCB6ay8tvzv2HRlpIRqWaZeQ\"]}]}<\/script>\n<!-- \/ Yoast SEO plugin. -->","yoast_head_json":{"title":"[:pl]Inne[:en]Other[:de]Andere[:] - Mobilus Motor","robots":{"index":"index","follow":"follow","max-snippet":"max-snippet:-1","max-image-preview":"max-image-preview:large","max-video-preview":"max-video-preview:-1"},"canonical":"https:\/\/mobilus.pl\/en\/technologie\/inne\/","og_locale":"de_DE","og_type":"article","og_title":"[:pl]Inne[:en]Other[:de]Andere[:] - Mobilus Motor","og_description":"[vc_row el_class=\"he_gray \"][vc_column][vc_column_text css_css_animation=\"\" el_class=\"clearrr\"] Andere [\/vc_column_text][\/vc_column][\/vc_row][vc_row][vc_column][vc_column_text] [\/vc_column_text][\/vc_column][\/vc_row][vc_row][vc_column width=\"1\/4\"][vc_single_image image=\"10691\" img_size=\"full\" alignment=\"right\"][\/vc_column][vc_column width=\"3\/4\"][vc_column_text]COSMO | 2WAY\u00a0-\u00a0die neueste Funkkommunikationstechnologie MOBILUS. Vorteil der COSMO-Technologie 2WAY \u00fcber dem anderen ist die F\u00e4higkeit, kontrollierte Ger\u00e4te zu kontrollieren - der Benutzer kann \u00fcberpr\u00fcfen, ob das B\u00fcgeleisen ausgeschaltet ist, das Tor geschlossen und die Jalousien abgesenkt sind.[\/vc_column_text][\/vc_column][\/vc_row][vc_row][vc_column width=\"1\/4\"][vc_single_image image=\"7352\" img_size=\"full\" alignment=\"right\"][\/vc_column][vc_column width=\"3\/4\"][vc_column_text]KAN\u00c4LE -die Ziffer nach dem Symbol bedeutet die maximale Anzahl von Kan\u00e4len, die von dem Ger\u00e4t gehandhabt werden k\u00f6nnen.[\/vc_column_text][\/vc_column][\/vc_row][vc_row][vc_column width=\"1\/4\"][vc_single_image image=\"7396\" img_size=\"full\" alignment=\"right\"][\/vc_column][vc_column width=\"3\/4\"][vc_column_text]GRUPPENKAN\u00c4LE - die Ziffer nach dem Symbol bedeutet die maximale Anzahl von Gruppen, zu denen\u00a0 die","og_url":"https:\/\/mobilus.pl\/en\/technologie\/inne\/","og_site_name":"Mobilus Motor","article_publisher":"https:\/\/web.facebook.com\/mobiluspl\/","article_modified_time":"2017-06-06T09:26:03+00:00","twitter_card":"summary_large_image","twitter_misc":{"Gesch\u00e4tzte Lesezeit":"17\u00a0Minuten"},"schema":{"@context":"https:\/\/schema.org","@graph":[{"@type":"WebPage","@id":"https:\/\/mobilus.pl\/en\/technologie\/inne\/","url":"https:\/\/mobilus.pl\/en\/technologie\/inne\/","name":"[:pl]Inne[:en]Other[:de]Andere[:] - Mobilus Motor","isPartOf":{"@id":"https:\/\/mobilus.pl\/#website"},"datePublished":"2015-05-28T09:17:15+00:00","dateModified":"2017-06-06T09:26:03+00:00","breadcrumb":{"@id":"https:\/\/mobilus.pl\/en\/technologie\/inne\/#breadcrumb"},"inLanguage":"de","potentialAction":[{"@type":"ReadAction","target":["https:\/\/mobilus.pl\/en\/technologie\/inne\/"]}]},{"@type":"BreadcrumbList","@id":"https:\/\/mobilus.pl\/en\/technologie\/inne\/#breadcrumb","itemListElement":[{"@type":"ListItem","position":1,"name":"Strona g\u0142\u00f3wna","item":"https:\/\/mobilus.pl\/"},{"@type":"ListItem","position":2,"name":"Technology","item":"https:\/\/mobilus.pl\/en\/technologie\/"},{"@type":"ListItem","position":3,"name":"Other"}]},{"@type":"WebSite","@id":"https:\/\/mobilus.pl\/#website","url":"https:\/\/mobilus.pl\/","name":"Mobilus Motor","description":"enjoy the mobility","publisher":{"@id":"https:\/\/mobilus.pl\/#organization"},"potentialAction":[{"@type":"SearchAction","target":{"@type":"EntryPoint","urlTemplate":"https:\/\/mobilus.pl\/?s={search_term_string}"},"query-input":{"@type":"PropertyValueSpecification","valueRequired":true,"valueName":"search_term_string"}}],"inLanguage":"de"},{"@type":"Organization","@id":"https:\/\/mobilus.pl\/#organization","name":"Mobilus Motor","url":"https:\/\/mobilus.pl\/","logo":{"@type":"ImageObject","inLanguage":"de","@id":"https:\/\/mobilus.pl\/#\/schema\/logo\/image\/","url":"https:\/\/mobilus.pl\/wp-content\/uploads\/2014\/09\/mobilus_2013_small.png","contentUrl":"https:\/\/mobilus.pl\/wp-content\/uploads\/2014\/09\/mobilus_2013_small.png","width":180,"height":50,"caption":"Mobilus Motor"},"image":{"@id":"https:\/\/mobilus.pl\/#\/schema\/logo\/image\/"},"sameAs":["https:\/\/web.facebook.com\/mobiluspl\/","https:\/\/www.instagram.com\/mobiluspl\/","https:\/\/www.youtube.com\/channel\/UCB6ay8tvzv2HRlpIRqWaZeQ"]}]}},"_links":{"self":[{"href":"https:\/\/mobilus.pl\/de\/wp-json\/wp\/v2\/pages\/7989"}],"collection":[{"href":"https:\/\/mobilus.pl\/de\/wp-json\/wp\/v2\/pages"}],"about":[{"href":"https:\/\/mobilus.pl\/de\/wp-json\/wp\/v2\/types\/page"}],"author":[{"embeddable":true,"href":"https:\/\/mobilus.pl\/de\/wp-json\/wp\/v2\/users\/1"}],"replies":[{"embeddable":true,"href":"https:\/\/mobilus.pl\/de\/wp-json\/wp\/v2\/comments?post=7989"}],"version-history":[{"count":3,"href":"https:\/\/mobilus.pl\/de\/wp-json\/wp\/v2\/pages\/7989\/revisions"}],"predecessor-version":[{"id":10750,"href":"https:\/\/mobilus.pl\/de\/wp-json\/wp\/v2\/pages\/7989\/revisions\/10750"}],"up":[{"embeddable":true,"href":"https:\/\/mobilus.pl\/de\/wp-json\/wp\/v2\/pages\/5408"}],"wp:attachment":[{"href":"https:\/\/mobilus.pl\/de\/wp-json\/wp\/v2\/media?parent=7989"}],"curies":[{"name":"wp","href":"https:\/\/api.w.org\/{rel}","templated":true}]}}