{"id":6020,"date":"2015-03-17T13:25:27","date_gmt":"2015-03-17T13:25:27","guid":{"rendered":"http:\/\/localhost\/mobilus\/?page_id=6020"},"modified":"2016-09-15T09:54:36","modified_gmt":"2016-09-15T09:54:36","slug":"z-wave","status":"publish","type":"page","link":"https:\/\/mobilus.pl\/de\/technologie\/z-wave\/","title":{"rendered":"Z-WAVE"},"content":{"rendered":"<div class=\"wpb-content-wrapper\">[vc_row el_class=\"he_green\"][vc_column width=\"1\/1\"][vc_column_text css_animation=\"\" el_class=\"clearrr\"]\n<h4><strong><span style=\"color: #ffffff;\">Technology Z-Wave<\/span><\/strong><\/h4>\n[\/vc_column_text][\/vc_column][\/vc_row]\n[vc_row][vc_column width=\"1\/1\"][vc_single_image image=\"6722\" border_color=\"grey\" img_link_large=\"\" img_link_target=\"_self\" img_size=\"full\" css=\".vc_custom_1432797219697{margin-bottom: 0px !important;padding-bottom: 0px !important;}\"][vc_single_image image=\"7964\" border_color=\"grey\" img_link_large=\"\" img_link_target=\"_self\" img_size=\"full\" css=\".vc_custom_1432797232499{margin-top: 0px !important;margin-bottom: 0px !important;padding-top: 0px !important;padding-bottom: 0px !important;}\"][\/vc_column][\/vc_row][vc_row css=\".vc_custom_1427372808712{margin-top: 15px !important;border-left-width: 1px !important;border-left-color: #c8c8c8 !important;}\" parallax=\"no\"][vc_column width=\"1\/1\"][vc_column_text css=\".vc_custom_1432797984291{margin-bottom: 0px !important;}\"]\n<h4><strong>\u00fcber Technik Z-WAVE<\/strong><\/h4>\n[\/vc_column_text][vc_column_text]Die Kunden erwarten immer h\u00e4ufiger die Ger\u00e4tskooperation nach ihren pers\u00f6nlichen W\u00fcnschen. Die Standarisierung der L\u00f6sungen wird auch bei der Hausautomatikverwaltung in neuen Bauinvestitionen verlangt. Deswegen sind die Technologien, die vor kurzem uns ganz fremd erschienen, schon in unserer Umgebung . Die <strong>mob.iq<\/strong>-Ger\u00e4te geh\u00f6ren zu dieser Gruppe.<\/p>\n<p><strong>Z-Wave<\/strong> ist eine Technologie und zugleich weltbekannter ,drahtloser Kommunikationsstandard, der die Integration aller Elektronikger\u00e4te erm\u00f6glicht. Er gebraucht einfache, zuverl\u00e4ssige Schwachstrom-Transmitter. Das Signal dringt leicht durch die W\u00e4nde und Fu\u00dfb\u00f6den durch, ohne von anderen Ger\u00e4ten gest\u00f6rt zu werden. Die <strong>Z-Wave<\/strong>-Steuerungen kann man fast an alle Haushaltsger\u00e4te, die normalerweise nicht als \u201cintelligent\u201c angesehen werden, anschliessen. Rolll\u00e4den, Thermostate oder Beleuchtung werden zum \u201cgescheiten\u201c Verb\u00fcndeten deines Zuhauses.<\/p>\n<p>Die <strong>mob.iq<\/strong>-Produktreihe erlauben es, dass das Haus an das Lebensrhythmus des Hausbesitzers angepasst wird und volle Integration, Komfort und Ersparnisse versichert. Die einfache Instalation ohne teure Kabelf\u00fchrung und die M\u00f6glichkeit die Module in Unterputzkabeldosen zu verstecken, sind nur einige von vielen Vorteilen unserer Ger\u00e4te. Die neue Produktreihe der Hausautomatikverwaltung steht Dir zur Verf\u00fcgung.[\/vc_column_text][\/vc_column][\/vc_row][vc_row parallax=\"no\" parallax_image=\"\" full_width=\"\" poster=\"\" mp4=\"\" m4v=\"\" webm=\"\" ogv=\"\" overlay=\"\" css=\".vc_custom_1427372808712{margin-top: 15px !important;border-left-width: 1px !important;border-left-color: #c8c8c8 !important;}\" el_id=\"\"][vc_column width=\"1\/1\"][vc_column_text css=\".vc_custom_1432798114657{margin-bottom: 0px !important;}\"]\n<h4><strong>Die Wahlfreiheit<\/strong><\/h4>\n[\/vc_column_text][vc_column_text]Wenn Du Dich auf die Installation der <strong>mob.iq<\/strong>-Ger\u00e4te in Deinem Haus entscheidest, bekommst Du Zugang zu dem sich immer vergr\u00f6\u00dfenden \u00d6kosystem von <strong>Z-Wave<\/strong>-Produkten. Heutzutage werden schon \u00fcber 1000 miteinander kooperierende, auf die <strong>Z-Wave<\/strong>-Technologie basierende, Haushaltsger\u00e4te angeboten.<br \/>\nDas bedeutet, dass Du Dein Sicherheits- und Automatisierungssystem so aufbauen kannst, ohne sich auf einen Lieferanten zu beschr\u00e4nken.<\/p>\n<p>Liste der mehr als 300 Mitgliedern geh\u00f6rt zur Z-Wave Alliance auf :<a href=\"http:\/\/z-wavealliance.org\" target=\"_blank\"> z-wavealliance.org<\/a>.<\/p>\n[\/vc_column_text][\/vc_column][\/vc_row]\n<\/div>","protected":false},"excerpt":{"rendered":"<p>[vc_row el_class=&#8221;he_green&#8221;][vc_column width=&#8221;1\/1&#8243;][vc_column_text css_animation=&#8221;&#8221; el_class=&#8221;clearrr&#8221;]<br \/>\nTechnology Z-Wave<br \/>\n[\/vc_column_text][\/vc_column][\/vc_row]<br \/>\n[vc_row][vc_column width=&#8221;1\/1&#8243;][vc_single_image image=&#8221;6722&#8243; border_color=&#8221;grey&#8221; img_link_large=&#8221;&#8221; img_link_target=&#8221;_self&#8221; img_size=&#8221;full&#8221; css=&#8221;.vc_custom_1432797219697{margin-bottom: 0px !important;padding-bottom: 0px !important;}&#8221;][vc_single_image image=&#8221;7964&#8243; border_color=&#8221;grey&#8221; img_link_large=&#8221;&#8221; img_link_target=&#8221;_self&#8221; img_size=&#8221;full&#8221; css=&#8221;.vc_custom_1432797232499{margin-top: 0px !important;margin-bottom: 0px !important;padding-top: 0px !important;padding-bottom: 0px !important;}&#8221;][\/vc_column][\/vc_row][vc_row css=&#8221;.vc_custom_1427372808712{margin-top: 15px !important;border-left-width: 1px !important;border-left-color: #c8c8c8 !important;}&#8221; parallax=&#8221;no&#8221;][vc_column width=&#8221;1\/1&#8243;][vc_column_text css=&#8221;.vc_custom_1432797984291{margin-bottom: 0px !important;}&#8221;]<br \/>\n\u00fcber Technik Z-WAVE<br \/>\n[\/vc_column_text][vc_column_text]Die Kunden erwarten immer h\u00e4ufiger die Ger\u00e4tskooperation nach ihren pers\u00f6nlichen W\u00fcnschen. Die Standarisierung der L\u00f6sungen wird auch bei der Hausautomatikverwaltung in neuen Bauinvestitionen verlangt. Deswegen sind die Technologien, die vor kurzem uns ganz fremd erschienen, schon in unserer Umgebung . Die mob.iq-Ger\u00e4te geh\u00f6ren zu dieser Gruppe.<\/p>\n<p>Z-Wave<\/p>\n","protected":false},"author":1,"featured_media":0,"parent":5408,"menu_order":0,"comment_status":"open","ping_status":"open","template":"page-sidebar-left.php","meta":{"footnotes":""},"class_list":["post-6020","page","type-page","status-publish","hentry"],"yoast_head":"<!-- This site is optimized with the Yoast SEO plugin v24.4 - https:\/\/yoast.com\/wordpress\/plugins\/seo\/ -->\n<title>Z-WAVE - Mobilus Motor<\/title>\n<meta name=\"robots\" content=\"index, follow, max-snippet:-1, max-image-preview:large, max-video-preview:-1\" \/>\n<link rel=\"canonical\" href=\"https:\/\/mobilus.pl\/en\/technologie\/z-wave\/\" \/>\n<meta property=\"og:locale\" content=\"de_DE\" \/>\n<meta property=\"og:type\" content=\"article\" \/>\n<meta property=\"og:title\" content=\"Z-WAVE - Mobilus Motor\" \/>\n<meta property=\"og:description\" content=\"[vc_row el_class=&quot;he_green&quot;][vc_column width=&quot;1\/1&quot;][vc_column_text css_animation=&quot;&quot; el_class=&quot;clearrr&quot;] Technology Z-Wave [\/vc_column_text][\/vc_column][\/vc_row] [vc_row][vc_column width=&quot;1\/1&quot;][vc_single_image image=&quot;6722&quot; border_color=&quot;grey&quot; img_link_large=&quot;&quot; img_link_target=&quot;_self&quot; img_size=&quot;full&quot; css=&quot;.vc_custom_1432797219697{margin-bottom: 0px !important;padding-bottom: 0px !important;}&quot;][vc_single_image image=&quot;7964&quot; border_color=&quot;grey&quot; img_link_large=&quot;&quot; img_link_target=&quot;_self&quot; img_size=&quot;full&quot; css=&quot;.vc_custom_1432797232499{margin-top: 0px !important;margin-bottom: 0px !important;padding-top: 0px !important;padding-bottom: 0px !important;}&quot;][\/vc_column][\/vc_row][vc_row css=&quot;.vc_custom_1427372808712{margin-top: 15px !important;border-left-width: 1px !important;border-left-color: #c8c8c8 !important;}&quot; parallax=&quot;no&quot;][vc_column width=&quot;1\/1&quot;][vc_column_text css=&quot;.vc_custom_1432797984291{margin-bottom: 0px !important;}&quot;] \u00fcber Technik Z-WAVE [\/vc_column_text][vc_column_text]Die Kunden erwarten immer h\u00e4ufiger die Ger\u00e4tskooperation nach ihren pers\u00f6nlichen W\u00fcnschen. Die Standarisierung der L\u00f6sungen wird auch bei der Hausautomatikverwaltung in neuen Bauinvestitionen verlangt. Deswegen sind die Technologien, die vor kurzem uns ganz fremd erschienen, schon in unserer Umgebung . Die mob.iq-Ger\u00e4te geh\u00f6ren zu dieser Gruppe. Z-Wave\" \/>\n<meta property=\"og:url\" content=\"https:\/\/mobilus.pl\/en\/technologie\/z-wave\/\" \/>\n<meta property=\"og:site_name\" content=\"Mobilus Motor\" \/>\n<meta property=\"article:publisher\" content=\"https:\/\/web.facebook.com\/mobiluspl\/\" \/>\n<meta property=\"article:modified_time\" content=\"2016-09-15T09:54:36+00:00\" \/>\n<meta name=\"twitter:card\" content=\"summary_large_image\" \/>\n<meta name=\"twitter:label1\" content=\"Gesch\u00e4tzte Lesezeit\" \/>\n\t<meta name=\"twitter:data1\" content=\"7\u00a0Minuten\" \/>\n<script type=\"application\/ld+json\" class=\"yoast-schema-graph\">{\"@context\":\"https:\/\/schema.org\",\"@graph\":[{\"@type\":\"WebPage\",\"@id\":\"https:\/\/mobilus.pl\/en\/technologie\/z-wave\/\",\"url\":\"https:\/\/mobilus.pl\/en\/technologie\/z-wave\/\",\"name\":\"Z-WAVE - Mobilus Motor\",\"isPartOf\":{\"@id\":\"https:\/\/mobilus.pl\/#website\"},\"datePublished\":\"2015-03-17T13:25:27+00:00\",\"dateModified\":\"2016-09-15T09:54:36+00:00\",\"breadcrumb\":{\"@id\":\"https:\/\/mobilus.pl\/en\/technologie\/z-wave\/#breadcrumb\"},\"inLanguage\":\"de\",\"potentialAction\":[{\"@type\":\"ReadAction\",\"target\":[\"https:\/\/mobilus.pl\/en\/technologie\/z-wave\/\"]}]},{\"@type\":\"BreadcrumbList\",\"@id\":\"https:\/\/mobilus.pl\/en\/technologie\/z-wave\/#breadcrumb\",\"itemListElement\":[{\"@type\":\"ListItem\",\"position\":1,\"name\":\"Strona g\u0142\u00f3wna\",\"item\":\"https:\/\/mobilus.pl\/\"},{\"@type\":\"ListItem\",\"position\":2,\"name\":\"Technology\",\"item\":\"https:\/\/mobilus.pl\/en\/technologie\/\"},{\"@type\":\"ListItem\",\"position\":3,\"name\":\"Z-WAVE\"}]},{\"@type\":\"WebSite\",\"@id\":\"https:\/\/mobilus.pl\/#website\",\"url\":\"https:\/\/mobilus.pl\/\",\"name\":\"Mobilus Motor\",\"description\":\"enjoy the mobility\",\"publisher\":{\"@id\":\"https:\/\/mobilus.pl\/#organization\"},\"potentialAction\":[{\"@type\":\"SearchAction\",\"target\":{\"@type\":\"EntryPoint\",\"urlTemplate\":\"https:\/\/mobilus.pl\/?s={search_term_string}\"},\"query-input\":{\"@type\":\"PropertyValueSpecification\",\"valueRequired\":true,\"valueName\":\"search_term_string\"}}],\"inLanguage\":\"de\"},{\"@type\":\"Organization\",\"@id\":\"https:\/\/mobilus.pl\/#organization\",\"name\":\"Mobilus Motor\",\"url\":\"https:\/\/mobilus.pl\/\",\"logo\":{\"@type\":\"ImageObject\",\"inLanguage\":\"de\",\"@id\":\"https:\/\/mobilus.pl\/#\/schema\/logo\/image\/\",\"url\":\"https:\/\/mobilus.pl\/wp-content\/uploads\/2014\/09\/mobilus_2013_small.png\",\"contentUrl\":\"https:\/\/mobilus.pl\/wp-content\/uploads\/2014\/09\/mobilus_2013_small.png\",\"width\":180,\"height\":50,\"caption\":\"Mobilus Motor\"},\"image\":{\"@id\":\"https:\/\/mobilus.pl\/#\/schema\/logo\/image\/\"},\"sameAs\":[\"https:\/\/web.facebook.com\/mobiluspl\/\",\"https:\/\/www.instagram.com\/mobiluspl\/\",\"https:\/\/www.youtube.com\/channel\/UCB6ay8tvzv2HRlpIRqWaZeQ\"]}]}<\/script>\n<!-- \/ Yoast SEO plugin. -->","yoast_head_json":{"title":"Z-WAVE - Mobilus Motor","robots":{"index":"index","follow":"follow","max-snippet":"max-snippet:-1","max-image-preview":"max-image-preview:large","max-video-preview":"max-video-preview:-1"},"canonical":"https:\/\/mobilus.pl\/en\/technologie\/z-wave\/","og_locale":"de_DE","og_type":"article","og_title":"Z-WAVE - Mobilus Motor","og_description":"[vc_row el_class=\"he_green\"][vc_column width=\"1\/1\"][vc_column_text css_animation=\"\" el_class=\"clearrr\"] Technology Z-Wave [\/vc_column_text][\/vc_column][\/vc_row] [vc_row][vc_column width=\"1\/1\"][vc_single_image image=\"6722\" border_color=\"grey\" img_link_large=\"\" img_link_target=\"_self\" img_size=\"full\" css=\".vc_custom_1432797219697{margin-bottom: 0px !important;padding-bottom: 0px !important;}\"][vc_single_image image=\"7964\" border_color=\"grey\" img_link_large=\"\" img_link_target=\"_self\" img_size=\"full\" css=\".vc_custom_1432797232499{margin-top: 0px !important;margin-bottom: 0px !important;padding-top: 0px !important;padding-bottom: 0px !important;}\"][\/vc_column][\/vc_row][vc_row css=\".vc_custom_1427372808712{margin-top: 15px !important;border-left-width: 1px !important;border-left-color: #c8c8c8 !important;}\" parallax=\"no\"][vc_column width=\"1\/1\"][vc_column_text css=\".vc_custom_1432797984291{margin-bottom: 0px !important;}\"] \u00fcber Technik Z-WAVE [\/vc_column_text][vc_column_text]Die Kunden erwarten immer h\u00e4ufiger die Ger\u00e4tskooperation nach ihren pers\u00f6nlichen W\u00fcnschen. Die Standarisierung der L\u00f6sungen wird auch bei der Hausautomatikverwaltung in neuen Bauinvestitionen verlangt. Deswegen sind die Technologien, die vor kurzem uns ganz fremd erschienen, schon in unserer Umgebung . Die mob.iq-Ger\u00e4te geh\u00f6ren zu dieser Gruppe. Z-Wave","og_url":"https:\/\/mobilus.pl\/en\/technologie\/z-wave\/","og_site_name":"Mobilus Motor","article_publisher":"https:\/\/web.facebook.com\/mobiluspl\/","article_modified_time":"2016-09-15T09:54:36+00:00","twitter_card":"summary_large_image","twitter_misc":{"Gesch\u00e4tzte Lesezeit":"7\u00a0Minuten"},"schema":{"@context":"https:\/\/schema.org","@graph":[{"@type":"WebPage","@id":"https:\/\/mobilus.pl\/en\/technologie\/z-wave\/","url":"https:\/\/mobilus.pl\/en\/technologie\/z-wave\/","name":"Z-WAVE - Mobilus Motor","isPartOf":{"@id":"https:\/\/mobilus.pl\/#website"},"datePublished":"2015-03-17T13:25:27+00:00","dateModified":"2016-09-15T09:54:36+00:00","breadcrumb":{"@id":"https:\/\/mobilus.pl\/en\/technologie\/z-wave\/#breadcrumb"},"inLanguage":"de","potentialAction":[{"@type":"ReadAction","target":["https:\/\/mobilus.pl\/en\/technologie\/z-wave\/"]}]},{"@type":"BreadcrumbList","@id":"https:\/\/mobilus.pl\/en\/technologie\/z-wave\/#breadcrumb","itemListElement":[{"@type":"ListItem","position":1,"name":"Strona g\u0142\u00f3wna","item":"https:\/\/mobilus.pl\/"},{"@type":"ListItem","position":2,"name":"Technology","item":"https:\/\/mobilus.pl\/en\/technologie\/"},{"@type":"ListItem","position":3,"name":"Z-WAVE"}]},{"@type":"WebSite","@id":"https:\/\/mobilus.pl\/#website","url":"https:\/\/mobilus.pl\/","name":"Mobilus Motor","description":"enjoy the mobility","publisher":{"@id":"https:\/\/mobilus.pl\/#organization"},"potentialAction":[{"@type":"SearchAction","target":{"@type":"EntryPoint","urlTemplate":"https:\/\/mobilus.pl\/?s={search_term_string}"},"query-input":{"@type":"PropertyValueSpecification","valueRequired":true,"valueName":"search_term_string"}}],"inLanguage":"de"},{"@type":"Organization","@id":"https:\/\/mobilus.pl\/#organization","name":"Mobilus Motor","url":"https:\/\/mobilus.pl\/","logo":{"@type":"ImageObject","inLanguage":"de","@id":"https:\/\/mobilus.pl\/#\/schema\/logo\/image\/","url":"https:\/\/mobilus.pl\/wp-content\/uploads\/2014\/09\/mobilus_2013_small.png","contentUrl":"https:\/\/mobilus.pl\/wp-content\/uploads\/2014\/09\/mobilus_2013_small.png","width":180,"height":50,"caption":"Mobilus Motor"},"image":{"@id":"https:\/\/mobilus.pl\/#\/schema\/logo\/image\/"},"sameAs":["https:\/\/web.facebook.com\/mobiluspl\/","https:\/\/www.instagram.com\/mobiluspl\/","https:\/\/www.youtube.com\/channel\/UCB6ay8tvzv2HRlpIRqWaZeQ"]}]}},"_links":{"self":[{"href":"https:\/\/mobilus.pl\/de\/wp-json\/wp\/v2\/pages\/6020"}],"collection":[{"href":"https:\/\/mobilus.pl\/de\/wp-json\/wp\/v2\/pages"}],"about":[{"href":"https:\/\/mobilus.pl\/de\/wp-json\/wp\/v2\/types\/page"}],"author":[{"embeddable":true,"href":"https:\/\/mobilus.pl\/de\/wp-json\/wp\/v2\/users\/1"}],"replies":[{"embeddable":true,"href":"https:\/\/mobilus.pl\/de\/wp-json\/wp\/v2\/comments?post=6020"}],"version-history":[{"count":3,"href":"https:\/\/mobilus.pl\/de\/wp-json\/wp\/v2\/pages\/6020\/revisions"}],"predecessor-version":[{"id":9293,"href":"https:\/\/mobilus.pl\/de\/wp-json\/wp\/v2\/pages\/6020\/revisions\/9293"}],"up":[{"embeddable":true,"href":"https:\/\/mobilus.pl\/de\/wp-json\/wp\/v2\/pages\/5408"}],"wp:attachment":[{"href":"https:\/\/mobilus.pl\/de\/wp-json\/wp\/v2\/media?parent=6020"}],"curies":[{"name":"wp","href":"https:\/\/api.w.org\/{rel}","templated":true}]}}