{"id":6018,"date":"2015-03-17T13:25:04","date_gmt":"2015-03-17T13:25:04","guid":{"rendered":"http:\/\/localhost\/mobilus\/?page_id=6018"},"modified":"2023-02-20T11:14:51","modified_gmt":"2023-02-20T11:14:51","slug":"senso","status":"publish","type":"page","link":"https:\/\/mobilus.pl\/de\/technologie\/senso\/","title":{"rendered":"SENSO"},"content":{"rendered":"<div class=\"wpb-content-wrapper\">[vc_row el_class=\"he_gray \"][vc_column][vc_column_text el_class=\"clearrr\"]\n<h4><strong><span style=\"color: #ffffff;\">Technology SENSO 4.0<\/span><\/strong><\/h4>\n[\/vc_column_text][\/vc_column][\/vc_row][vc_row][vc_column][vc_column_text]\n[\/vc_column_text][\/vc_column][\/vc_row][vc_row][vc_column][vc_single_image image=\"12186\" img_size=\"full\" css=\".vc_custom_1557143807766{margin-bottom: 0px !important;padding-bottom: 0px !important;}\"][vc_single_image image=\"8965\" img_size=\"full\" css=\".vc_custom_1473756010679{margin-top: 0px !important;margin-bottom: 0px !important;padding-top: 0px !important;padding-bottom: 0px !important;}\"][\/vc_column][\/vc_row][vc_row parallax=\"no\" css=\".vc_custom_1427372808712{margin-top: 15px !important;border-left-width: 1px !important;border-left-color: #c8c8c8 !important;}\"][vc_column][vc_column_text css=\".vc_custom_1427372217034{margin-bottom: 0px !important;}\"]\n<h4><strong>Beschreibung<\/strong><\/h4>\n[\/vc_column_text][vc_column_text]Antriebe der <strong>SENSO 4.0-Serie<\/strong> sind an die anspruchsvollsten Fachkr\u00e4fte und Verbraucher der Schutz und D\u00e4mmsysteme gerichtet. \u00dcberall, wo die Sicherheit bei der Rolladenbedienung mittels der Zeitautomatik z.B. <strong>COSMO, HCT<\/strong> relevant ist, sind die Antriebe <strong>SENSO 4.0<\/strong> die beste L\u00f6sung![\/vc_column_text][\/vc_column][\/vc_row][vc_row parallax=\"no\" css=\".vc_custom_1427372808712{margin-top: 15px !important;border-left-width: 1px !important;border-left-color: #c8c8c8 !important;}\"][vc_column][vc_column_text css=\".vc_custom_1557143837249{margin-bottom: 0px !important;}\"]\n<h4><strong>Vorteile der Verwendung von Technologie SENSO 4.0<\/strong><\/h4>\n[\/vc_column_text][vc_column_text]\n<h5>Wichtige Vorteile f\u00fcr Fachkr\u00e4fte:<\/h5>\n<ul>\n<li>Programmierung der Endeinstellungen mit Hilfe von Fernbedienung oder im automatischen Betrieb<\/li>\n<li>Wirkung unabh\u00e4ngig von der Art der angewandten Aufh\u00e4ngungen (federne, schwenkbare)<\/li>\n<li>beidseitige Detektion von Hindernissen<\/li>\n<li>Ein- und Ausschaltung der Detektion von Hindernissen mit Hilfe der Fernbedienung<\/li>\n<li>Steuerungsart nach freier Wahl: Schalter oder Fernbedienung<\/li>\n<\/ul>\n<h5>Wichtige Vorteile f\u00fcr Konsumenten:<\/h5>\n<ul>\n<li>Detektion von Hindernissen in beiden Laufrichtungen, die die Sch\u00e4den wegen zugerfrorener Roll\u00e4den oder anderer Hindernisse verhindert<\/li>\n<li>vollkommen sichere Zeitautomatik, Rolladen ohne Aufsicht verursachen keine Sch\u00e4den<\/li>\n<li>Detektion von Hindernissen unempfindlich auf St\u00f6rungen in dem Rolladenpanzer<\/li>\n<\/ul>\n[\/vc_column_text][\/vc_column][\/vc_row]\n<\/div>","protected":false},"excerpt":{"rendered":"<p>[vc_row el_class=&#8221;he_gray &#8220;][vc_column][vc_column_text el_class=&#8221;clearrr&#8221;]<br \/>\nTechnology SENSO 4.0<br \/>\n[\/vc_column_text][\/vc_column][\/vc_row][vc_row][vc_column][vc_column_text]<br \/>\n[\/vc_column_text][\/vc_column][\/vc_row][vc_row][vc_column][vc_single_image image=&#8221;12186&#8243; img_size=&#8221;full&#8221; css=&#8221;.vc_custom_1557143807766{margin-bottom: 0px !important;padding-bottom: 0px !important;}&#8221;][vc_single_image image=&#8221;8965&#8243; img_size=&#8221;full&#8221; css=&#8221;.vc_custom_1473756010679{margin-top: 0px !important;margin-bottom: 0px !important;padding-top: 0px !important;padding-bottom: 0px !important;}&#8221;][\/vc_column][\/vc_row][vc_row parallax=&#8221;no&#8221; css=&#8221;.vc_custom_1427372808712{margin-top: 15px !important;border-left-width: 1px !important;border-left-color: #c8c8c8 !important;}&#8221;][vc_column][vc_column_text css=&#8221;.vc_custom_1427372217034{margin-bottom: 0px !important;}&#8221;]<br \/>\nBeschreibung<br \/>\n[\/vc_column_text][vc_column_text]Antriebe der SENSO 4.0-Serie sind an die anspruchsvollsten Fachkr\u00e4fte und Verbraucher der Schutz und D\u00e4mmsysteme gerichtet. \u00dcberall, wo die Sicherheit bei der Rolladenbedienung mittels der Zeitautomatik z.B. COSMO, HCT relevant ist, sind die Antriebe SENSO 4.0 die beste L\u00f6sung![\/vc_column_text][\/vc_column][\/vc_row][vc_row parallax=&#8221;no&#8221; css=&#8221;.vc_custom_1427372808712{margin-top: 15px !important;border-left-width: 1px !important;border-left-color: #c8c8c8 !important;}&#8221;][vc_column][vc_column_text css=&#8221;.vc_custom_1557143837249{margin-bottom: 0px !important;}&#8221;]<br \/>\nVorteile der Verwendung von Technologie SENSO 4.0<br \/>\n[\/vc_column_text][vc_column_text]<br \/>\nWichtige<\/p>\n","protected":false},"author":1,"featured_media":0,"parent":5408,"menu_order":0,"comment_status":"open","ping_status":"open","template":"page-sidebar-left.php","meta":{"footnotes":""},"class_list":["post-6018","page","type-page","status-publish","hentry","page_keywords-detekcja-przeszkod","page_keywords-ers","page_keywords-mobilus","page_keywords-senso","page_keywords-silowniki-mobilus","page_keywords-silowniki-radiowe","page_keywords-silowniki-senso"],"yoast_head":"<!-- This site is optimized with the Yoast SEO plugin v24.4 - https:\/\/yoast.com\/wordpress\/plugins\/seo\/ -->\n<title>SENSO - Mobilus Motor<\/title>\n<meta name=\"robots\" content=\"index, follow, max-snippet:-1, max-image-preview:large, max-video-preview:-1\" \/>\n<link rel=\"canonical\" href=\"https:\/\/mobilus.pl\/technologie\/senso\/\" \/>\n<meta property=\"og:locale\" content=\"de_DE\" \/>\n<meta property=\"og:type\" content=\"article\" \/>\n<meta property=\"og:title\" content=\"SENSO - Mobilus Motor\" \/>\n<meta property=\"og:description\" content=\"[vc_row el_class=&quot;he_gray &quot;][vc_column][vc_column_text el_class=&quot;clearrr&quot;] Technology SENSO 4.0 [\/vc_column_text][\/vc_column][\/vc_row][vc_row][vc_column][vc_column_text] [\/vc_column_text][\/vc_column][\/vc_row][vc_row][vc_column][vc_single_image image=&quot;12186&quot; img_size=&quot;full&quot; css=&quot;.vc_custom_1557143807766{margin-bottom: 0px !important;padding-bottom: 0px !important;}&quot;][vc_single_image image=&quot;8965&quot; img_size=&quot;full&quot; css=&quot;.vc_custom_1473756010679{margin-top: 0px !important;margin-bottom: 0px !important;padding-top: 0px !important;padding-bottom: 0px !important;}&quot;][\/vc_column][\/vc_row][vc_row parallax=&quot;no&quot; css=&quot;.vc_custom_1427372808712{margin-top: 15px !important;border-left-width: 1px !important;border-left-color: #c8c8c8 !important;}&quot;][vc_column][vc_column_text css=&quot;.vc_custom_1427372217034{margin-bottom: 0px !important;}&quot;] Beschreibung [\/vc_column_text][vc_column_text]Antriebe der SENSO 4.0-Serie sind an die anspruchsvollsten Fachkr\u00e4fte und Verbraucher der Schutz und D\u00e4mmsysteme gerichtet. \u00dcberall, wo die Sicherheit bei der Rolladenbedienung mittels der Zeitautomatik z.B. COSMO, HCT relevant ist, sind die Antriebe SENSO 4.0 die beste L\u00f6sung![\/vc_column_text][\/vc_column][\/vc_row][vc_row parallax=&quot;no&quot; css=&quot;.vc_custom_1427372808712{margin-top: 15px !important;border-left-width: 1px !important;border-left-color: #c8c8c8 !important;}&quot;][vc_column][vc_column_text css=&quot;.vc_custom_1557143837249{margin-bottom: 0px !important;}&quot;] Vorteile der Verwendung von Technologie SENSO 4.0 [\/vc_column_text][vc_column_text] Wichtige\" \/>\n<meta property=\"og:url\" content=\"https:\/\/mobilus.pl\/technologie\/senso\/\" \/>\n<meta property=\"og:site_name\" content=\"Mobilus Motor\" \/>\n<meta property=\"article:publisher\" content=\"https:\/\/web.facebook.com\/mobiluspl\/\" \/>\n<meta property=\"article:modified_time\" content=\"2023-02-20T11:14:51+00:00\" \/>\n<meta name=\"twitter:card\" content=\"summary_large_image\" \/>\n<meta name=\"twitter:label1\" content=\"Gesch\u00e4tzte Lesezeit\" \/>\n\t<meta name=\"twitter:data1\" content=\"1\u00a0Minute\" \/>\n<script type=\"application\/ld+json\" class=\"yoast-schema-graph\">{\"@context\":\"https:\/\/schema.org\",\"@graph\":[{\"@type\":\"WebPage\",\"@id\":\"https:\/\/mobilus.pl\/technologie\/senso\/\",\"url\":\"https:\/\/mobilus.pl\/technologie\/senso\/\",\"name\":\"SENSO - Mobilus Motor\",\"isPartOf\":{\"@id\":\"https:\/\/mobilus.pl\/#website\"},\"datePublished\":\"2015-03-17T13:25:04+00:00\",\"dateModified\":\"2023-02-20T11:14:51+00:00\",\"breadcrumb\":{\"@id\":\"https:\/\/mobilus.pl\/technologie\/senso\/#breadcrumb\"},\"inLanguage\":\"de\",\"potentialAction\":[{\"@type\":\"ReadAction\",\"target\":[\"https:\/\/mobilus.pl\/technologie\/senso\/\"]}]},{\"@type\":\"BreadcrumbList\",\"@id\":\"https:\/\/mobilus.pl\/technologie\/senso\/#breadcrumb\",\"itemListElement\":[{\"@type\":\"ListItem\",\"position\":1,\"name\":\"Strona g\u0142\u00f3wna\",\"item\":\"https:\/\/mobilus.pl\/\"},{\"@type\":\"ListItem\",\"position\":2,\"name\":\"Technology\",\"item\":\"https:\/\/mobilus.pl\/en\/technologie\/\"},{\"@type\":\"ListItem\",\"position\":3,\"name\":\"SENSO\"}]},{\"@type\":\"WebSite\",\"@id\":\"https:\/\/mobilus.pl\/#website\",\"url\":\"https:\/\/mobilus.pl\/\",\"name\":\"Mobilus Motor\",\"description\":\"enjoy the mobility\",\"publisher\":{\"@id\":\"https:\/\/mobilus.pl\/#organization\"},\"potentialAction\":[{\"@type\":\"SearchAction\",\"target\":{\"@type\":\"EntryPoint\",\"urlTemplate\":\"https:\/\/mobilus.pl\/?s={search_term_string}\"},\"query-input\":{\"@type\":\"PropertyValueSpecification\",\"valueRequired\":true,\"valueName\":\"search_term_string\"}}],\"inLanguage\":\"de\"},{\"@type\":\"Organization\",\"@id\":\"https:\/\/mobilus.pl\/#organization\",\"name\":\"Mobilus Motor\",\"url\":\"https:\/\/mobilus.pl\/\",\"logo\":{\"@type\":\"ImageObject\",\"inLanguage\":\"de\",\"@id\":\"https:\/\/mobilus.pl\/#\/schema\/logo\/image\/\",\"url\":\"https:\/\/mobilus.pl\/wp-content\/uploads\/2014\/09\/mobilus_2013_small.png\",\"contentUrl\":\"https:\/\/mobilus.pl\/wp-content\/uploads\/2014\/09\/mobilus_2013_small.png\",\"width\":180,\"height\":50,\"caption\":\"Mobilus Motor\"},\"image\":{\"@id\":\"https:\/\/mobilus.pl\/#\/schema\/logo\/image\/\"},\"sameAs\":[\"https:\/\/web.facebook.com\/mobiluspl\/\",\"https:\/\/www.instagram.com\/mobiluspl\/\",\"https:\/\/www.youtube.com\/channel\/UCB6ay8tvzv2HRlpIRqWaZeQ\"]}]}<\/script>\n<!-- \/ Yoast SEO plugin. -->","yoast_head_json":{"title":"SENSO - Mobilus Motor","robots":{"index":"index","follow":"follow","max-snippet":"max-snippet:-1","max-image-preview":"max-image-preview:large","max-video-preview":"max-video-preview:-1"},"canonical":"https:\/\/mobilus.pl\/technologie\/senso\/","og_locale":"de_DE","og_type":"article","og_title":"SENSO - Mobilus Motor","og_description":"[vc_row el_class=\"he_gray \"][vc_column][vc_column_text el_class=\"clearrr\"] Technology SENSO 4.0 [\/vc_column_text][\/vc_column][\/vc_row][vc_row][vc_column][vc_column_text] [\/vc_column_text][\/vc_column][\/vc_row][vc_row][vc_column][vc_single_image image=\"12186\" img_size=\"full\" css=\".vc_custom_1557143807766{margin-bottom: 0px !important;padding-bottom: 0px !important;}\"][vc_single_image image=\"8965\" img_size=\"full\" css=\".vc_custom_1473756010679{margin-top: 0px !important;margin-bottom: 0px !important;padding-top: 0px !important;padding-bottom: 0px !important;}\"][\/vc_column][\/vc_row][vc_row parallax=\"no\" css=\".vc_custom_1427372808712{margin-top: 15px !important;border-left-width: 1px !important;border-left-color: #c8c8c8 !important;}\"][vc_column][vc_column_text css=\".vc_custom_1427372217034{margin-bottom: 0px !important;}\"] Beschreibung [\/vc_column_text][vc_column_text]Antriebe der SENSO 4.0-Serie sind an die anspruchsvollsten Fachkr\u00e4fte und Verbraucher der Schutz und D\u00e4mmsysteme gerichtet. \u00dcberall, wo die Sicherheit bei der Rolladenbedienung mittels der Zeitautomatik z.B. COSMO, HCT relevant ist, sind die Antriebe SENSO 4.0 die beste L\u00f6sung![\/vc_column_text][\/vc_column][\/vc_row][vc_row parallax=\"no\" css=\".vc_custom_1427372808712{margin-top: 15px !important;border-left-width: 1px !important;border-left-color: #c8c8c8 !important;}\"][vc_column][vc_column_text css=\".vc_custom_1557143837249{margin-bottom: 0px !important;}\"] Vorteile der Verwendung von Technologie SENSO 4.0 [\/vc_column_text][vc_column_text] Wichtige","og_url":"https:\/\/mobilus.pl\/technologie\/senso\/","og_site_name":"Mobilus Motor","article_publisher":"https:\/\/web.facebook.com\/mobiluspl\/","article_modified_time":"2023-02-20T11:14:51+00:00","twitter_card":"summary_large_image","twitter_misc":{"Gesch\u00e4tzte Lesezeit":"1\u00a0Minute"},"schema":{"@context":"https:\/\/schema.org","@graph":[{"@type":"WebPage","@id":"https:\/\/mobilus.pl\/technologie\/senso\/","url":"https:\/\/mobilus.pl\/technologie\/senso\/","name":"SENSO - Mobilus Motor","isPartOf":{"@id":"https:\/\/mobilus.pl\/#website"},"datePublished":"2015-03-17T13:25:04+00:00","dateModified":"2023-02-20T11:14:51+00:00","breadcrumb":{"@id":"https:\/\/mobilus.pl\/technologie\/senso\/#breadcrumb"},"inLanguage":"de","potentialAction":[{"@type":"ReadAction","target":["https:\/\/mobilus.pl\/technologie\/senso\/"]}]},{"@type":"BreadcrumbList","@id":"https:\/\/mobilus.pl\/technologie\/senso\/#breadcrumb","itemListElement":[{"@type":"ListItem","position":1,"name":"Strona g\u0142\u00f3wna","item":"https:\/\/mobilus.pl\/"},{"@type":"ListItem","position":2,"name":"Technology","item":"https:\/\/mobilus.pl\/en\/technologie\/"},{"@type":"ListItem","position":3,"name":"SENSO"}]},{"@type":"WebSite","@id":"https:\/\/mobilus.pl\/#website","url":"https:\/\/mobilus.pl\/","name":"Mobilus Motor","description":"enjoy the mobility","publisher":{"@id":"https:\/\/mobilus.pl\/#organization"},"potentialAction":[{"@type":"SearchAction","target":{"@type":"EntryPoint","urlTemplate":"https:\/\/mobilus.pl\/?s={search_term_string}"},"query-input":{"@type":"PropertyValueSpecification","valueRequired":true,"valueName":"search_term_string"}}],"inLanguage":"de"},{"@type":"Organization","@id":"https:\/\/mobilus.pl\/#organization","name":"Mobilus Motor","url":"https:\/\/mobilus.pl\/","logo":{"@type":"ImageObject","inLanguage":"de","@id":"https:\/\/mobilus.pl\/#\/schema\/logo\/image\/","url":"https:\/\/mobilus.pl\/wp-content\/uploads\/2014\/09\/mobilus_2013_small.png","contentUrl":"https:\/\/mobilus.pl\/wp-content\/uploads\/2014\/09\/mobilus_2013_small.png","width":180,"height":50,"caption":"Mobilus Motor"},"image":{"@id":"https:\/\/mobilus.pl\/#\/schema\/logo\/image\/"},"sameAs":["https:\/\/web.facebook.com\/mobiluspl\/","https:\/\/www.instagram.com\/mobiluspl\/","https:\/\/www.youtube.com\/channel\/UCB6ay8tvzv2HRlpIRqWaZeQ"]}]}},"_links":{"self":[{"href":"https:\/\/mobilus.pl\/de\/wp-json\/wp\/v2\/pages\/6018"}],"collection":[{"href":"https:\/\/mobilus.pl\/de\/wp-json\/wp\/v2\/pages"}],"about":[{"href":"https:\/\/mobilus.pl\/de\/wp-json\/wp\/v2\/types\/page"}],"author":[{"embeddable":true,"href":"https:\/\/mobilus.pl\/de\/wp-json\/wp\/v2\/users\/1"}],"replies":[{"embeddable":true,"href":"https:\/\/mobilus.pl\/de\/wp-json\/wp\/v2\/comments?post=6018"}],"version-history":[{"count":3,"href":"https:\/\/mobilus.pl\/de\/wp-json\/wp\/v2\/pages\/6018\/revisions"}],"predecessor-version":[{"id":12969,"href":"https:\/\/mobilus.pl\/de\/wp-json\/wp\/v2\/pages\/6018\/revisions\/12969"}],"up":[{"embeddable":true,"href":"https:\/\/mobilus.pl\/de\/wp-json\/wp\/v2\/pages\/5408"}],"wp:attachment":[{"href":"https:\/\/mobilus.pl\/de\/wp-json\/wp\/v2\/media?parent=6018"}],"curies":[{"name":"wp","href":"https:\/\/api.w.org\/{rel}","templated":true}]}}