{"id":5999,"date":"2015-03-17T13:21:43","date_gmt":"2015-03-17T13:21:43","guid":{"rendered":"http:\/\/localhost\/mobilus\/?page_id=5999"},"modified":"2021-10-01T07:44:54","modified_gmt":"2021-10-01T07:44:54","slug":"cosmo-l1","status":"publish","type":"page","link":"https:\/\/mobilus.pl\/de\/mobilus-products\/sterowanie-mobilus\/sterowanie-radiowe-mobilus\/cosmo-l1\/","title":{"rendered":"COSMO | L1"},"content":{"rendered":"<div class=\"wpb-content-wrapper\">[vc_row el_class=\"he_gray \"][vc_column][vc_column_text el_class=\"clearrr\"]\n<h4><strong><span style=\"color: #ffffff;\">Fernsteuerung COSMO |\u00a0L1<\/span><\/strong><\/h4>\n[\/vc_column_text][\/vc_column][\/vc_row][vc_row][vc_column][vc_row_inner][vc_column_inner width=\"1\/2\"][vc_gallery interval=\"5\" images=\"7198\" img_size=\"450x600\" onclick=\"link_no\"][vc_facebook][\/vc_column_inner][vc_column_inner width=\"1\/2\"][vc_gallery type=\"image_grid\" images=\"7441,6547,6537\" img_size=\"full\" onclick=\"link_no\"][vc_column_text css=\".vc_custom_1430313673806{margin-top: -15px !important;}\"]\n<h4><strong>Spezifikation<\/strong><\/h4>\n<ul>\n<li>1\u00a0KANALE<\/li>\n<li>COSMO \/ COSMO | 2WAY READY (Fernbedienung unterst\u00fctzt keine bidirektionale \u00dcbertragung der Kommunikation - sie empf\u00e4ngt keine R\u00fcckmeldungen, sie gew\u00e4hrleistet das Senden der Befehle an die Empf\u00e4nger)<\/li>\n<li>DYNAMISCHER CODE<\/li>\n<li>FSK MODULATION<\/li>\n<li>868 MHz<\/li>\n<li>2\u00a0x Li CR2032 3,0 V<\/li>\n<\/ul>\n<h4><strong>Beschreibung<\/strong><\/h4>\n<p>Fernbedienungen COSMO L sind als Wandsender an das Design<br \/>\nder Serie LOGUS 90 der Firma Efapel angepasst. Eine \u00e4sthetisch entworfene Form erlaubt es, die Anlage im Raum zusammen mit anderen Elektroanlagen zu arrangieren. Sieben Linien im Bereich der LOGUS 90 geben die M\u00f6glichkeit, die \u00e4u\u00dfere Form der Fernbedienung nach individuellem Geschmack zu gestalten. Rahmen von Fernbedienungen k\u00f6nnen aus Kunststoff, Metall, Glas oder Granit gemacht werden. Es besteht die M\u00f6glichkeit die Fernbedienungen COSMO L mit den mehrfachen Rahmen des Systems LOGUS 90 zu kombinieren.[\/vc_column_text][\/vc_column_inner][\/vc_row_inner][\/vc_column][\/vc_row][vc_row][vc_column][vc_empty_space height=\"12px\"][\/vc_column][\/vc_row][vc_row][vc_column][vc_column_text]\n<h4><strong>Downloads<\/strong><\/h4>\n<div class=\"custom-table custom-table-2\">\n<table width=\"100%\">\n<thead style=\"background-color: #ffffff;\">\n<tr>\n<th style=\"text-align: center;\"><span style=\"color: #ffffff;\">\u00a0 LISTE DER DATELINE<\/span><\/th>\n<th style=\"text-align: center;\"><span style=\"color: #ffffff;\">PL<\/span><\/th>\n<th style=\"text-align: center;\"><span style=\"color: #ffffff;\">ENG<\/span><\/th>\n<th style=\"text-align: center;\"><span style=\"color: #ffffff;\">DE<\/span><\/th>\n<th style=\"text-align: center;\"><span style=\"color: #ffffff;\">FR<\/span><\/th>\n<\/tr>\n<\/thead>\n<tbody>\n<tr>\n<td style=\"text-align: left;\"><strong>\u00a0\u00a0Bedienungsanleitung Fernbedienung COSMO | L1, L5<\/strong><\/td>\n<td style=\"text-align: center;\"><a href=\"http:\/\/mobilus.pl\/files\/instrukcje\/mobilus_cosmo_l_instr_s_pl.pdf\"><img loading=\"lazy\" decoding=\"async\" class=\"wp-image-9837 aligncenter\" src=\"https:\/\/mobilus.pl\/wp-content\/uploads\/2016\/11\/ikona_pobierz_v2-300x223.png\" width=\"26\" height=\"19\" srcset=\"https:\/\/mobilus.pl\/wp-content\/uploads\/2016\/11\/ikona_pobierz_v2-300x223.png 300w, https:\/\/mobilus.pl\/wp-content\/uploads\/2016\/11\/ikona_pobierz_v2-768x571.png 768w, https:\/\/mobilus.pl\/wp-content\/uploads\/2016\/11\/ikona_pobierz_v2-1024x761.png 1024w, https:\/\/mobilus.pl\/wp-content\/uploads\/2016\/11\/ikona_pobierz_v2-470x340.png 470w, https:\/\/mobilus.pl\/wp-content\/uploads\/2016\/11\/ikona_pobierz_v2.png 1891w\" sizes=\"(max-width: 26px) 100vw, 26px\" \/><\/a><\/td>\n<td style=\"text-align: center;\"><a href=\"http:\/\/mobilus.pl\/files\/instrukcje\/mobilus_cosmo_l_instr_s_eng.pdf\"><img loading=\"lazy\" decoding=\"async\" class=\"wp-image-9837 aligncenter\" src=\"https:\/\/mobilus.pl\/wp-content\/uploads\/2016\/11\/ikona_pobierz_v2-300x223.png\" width=\"26\" height=\"19\" srcset=\"https:\/\/mobilus.pl\/wp-content\/uploads\/2016\/11\/ikona_pobierz_v2-300x223.png 300w, https:\/\/mobilus.pl\/wp-content\/uploads\/2016\/11\/ikona_pobierz_v2-768x571.png 768w, https:\/\/mobilus.pl\/wp-content\/uploads\/2016\/11\/ikona_pobierz_v2-1024x761.png 1024w, https:\/\/mobilus.pl\/wp-content\/uploads\/2016\/11\/ikona_pobierz_v2-470x340.png 470w, https:\/\/mobilus.pl\/wp-content\/uploads\/2016\/11\/ikona_pobierz_v2.png 1891w\" sizes=\"(max-width: 26px) 100vw, 26px\" \/><\/a><\/td>\n<td style=\"text-align: center;\"><a href=\"http:\/\/mobilus.pl\/files\/instrukcje\/mobilus_cosmo_l_instr_s_de.pdf\"><img loading=\"lazy\" decoding=\"async\" class=\"wp-image-9837 aligncenter\" src=\"https:\/\/mobilus.pl\/wp-content\/uploads\/2016\/11\/ikona_pobierz_v2-300x223.png\" width=\"26\" height=\"19\" srcset=\"https:\/\/mobilus.pl\/wp-content\/uploads\/2016\/11\/ikona_pobierz_v2-300x223.png 300w, https:\/\/mobilus.pl\/wp-content\/uploads\/2016\/11\/ikona_pobierz_v2-768x571.png 768w, https:\/\/mobilus.pl\/wp-content\/uploads\/2016\/11\/ikona_pobierz_v2-1024x761.png 1024w, https:\/\/mobilus.pl\/wp-content\/uploads\/2016\/11\/ikona_pobierz_v2-470x340.png 470w, https:\/\/mobilus.pl\/wp-content\/uploads\/2016\/11\/ikona_pobierz_v2.png 1891w\" sizes=\"(max-width: 26px) 100vw, 26px\" \/><\/a><\/td>\n<td style=\"text-align: center;\"><a href=\"http:\/\/mobilus.pl\/files\/instrukcje\/mobilus_cosmo_l_instr_s_fr.pdf\"><img loading=\"lazy\" decoding=\"async\" class=\"wp-image-9837 aligncenter\" src=\"https:\/\/mobilus.pl\/wp-content\/uploads\/2016\/11\/ikona_pobierz_v2-300x223.png\" width=\"26\" height=\"19\" srcset=\"https:\/\/mobilus.pl\/wp-content\/uploads\/2016\/11\/ikona_pobierz_v2-300x223.png 300w, https:\/\/mobilus.pl\/wp-content\/uploads\/2016\/11\/ikona_pobierz_v2-768x571.png 768w, https:\/\/mobilus.pl\/wp-content\/uploads\/2016\/11\/ikona_pobierz_v2-1024x761.png 1024w, https:\/\/mobilus.pl\/wp-content\/uploads\/2016\/11\/ikona_pobierz_v2-470x340.png 470w, https:\/\/mobilus.pl\/wp-content\/uploads\/2016\/11\/ikona_pobierz_v2.png 1891w\" sizes=\"(max-width: 26px) 100vw, 26px\" \/><\/a><\/td>\n<\/tr>\n<\/tbody>\n<\/table>\n<\/div>\n[\/vc_column_text][\/vc_column][\/vc_row]\n<\/div>","protected":false},"excerpt":{"rendered":"<p>[vc_row el_class=&#8221;he_gray &#8220;][vc_column][vc_column_text el_class=&#8221;clearrr&#8221;]<br \/>\nFernsteuerung COSMO |\u00a0L1<br \/>\n[\/vc_column_text][\/vc_column][\/vc_row][vc_row][vc_column][vc_row_inner][vc_column_inner width=&#8221;1\/2&#8243;][vc_gallery interval=&#8221;5&#8243; images=&#8221;7198&#8243; img_size=&#8221;450&#215;600&#8243; onclick=&#8221;link_no&#8221;][vc_facebook][\/vc_column_inner][vc_column_inner width=&#8221;1\/2&#8243;][vc_gallery type=&#8221;image_grid&#8221; images=&#8221;7441,6547,6537&#8243; img_size=&#8221;full&#8221; onclick=&#8221;link_no&#8221;][vc_column_text css=&#8221;.vc_custom_1430313673806{margin-top: -15px !important;}&#8221;]<br \/>\nSpezifikation<\/p>\n<p>1\u00a0KANALE<br \/>\nCOSMO \/ COSMO | 2WAY READY (Fernbedienung unterst\u00fctzt keine bidirektionale \u00dcbertragung der Kommunikation &#8211; sie empf\u00e4ngt keine R\u00fcckmeldungen, sie gew\u00e4hrleistet das Senden der Befehle an die Empf\u00e4nger)<br \/>\nDYNAMISCHER CODE<br \/>\nFSK MODULATION<br \/>\n868 MHz<br \/>\n2\u00a0x Li CR2032 3,0 V<\/p>\n<p>Beschreibung<\/p>\n<p>Fernbedienungen COSMO L sind als Wandsender an das Design<br \/>\nder Serie LOGUS 90 der Firma Efapel angepasst. Eine \u00e4sthetisch entworfene Form erlaubt es, die Anlage im Raum zusammen mit anderen Elektroanlagen zu arrangieren. Sieben Linien im Bereich der LOGUS 90<\/p>\n","protected":false},"author":1,"featured_media":0,"parent":6863,"menu_order":0,"comment_status":"open","ping_status":"closed","template":"page-sidebar-left.php","meta":{"footnotes":""},"class_list":["post-5999","page","type-page","status-publish","hentry","page_keywords-automatyka-roletowa","page_keywords-cosmo","page_keywords-piloty-do-rolet","page_keywords-radiowe-sterowanie-rolet","page_keywords-sterowanie-mobilus","page_keywords-sterowniki-do-rolet-zewnetrznych","page_keywords-sterowniki-radiowe-do-rolet"],"yoast_head":"<!-- This site is optimized with the Yoast SEO plugin v24.4 - https:\/\/yoast.com\/wordpress\/plugins\/seo\/ -->\n<title>COSMO | L1 - Mobilus Motor<\/title>\n<meta name=\"robots\" content=\"index, follow, max-snippet:-1, max-image-preview:large, max-video-preview:-1\" \/>\n<link rel=\"canonical\" href=\"https:\/\/mobilus.pl\/mobilus-products\/sterowanie-mobilus\/sterowanie-radiowe-mobilus\/cosmo-l1\/\" \/>\n<meta property=\"og:locale\" content=\"de_DE\" \/>\n<meta property=\"og:type\" content=\"article\" \/>\n<meta property=\"og:title\" content=\"COSMO | L1 - Mobilus Motor\" \/>\n<meta property=\"og:description\" content=\"[vc_row el_class=&quot;he_gray &quot;][vc_column][vc_column_text el_class=&quot;clearrr&quot;] Fernsteuerung COSMO |\u00a0L1 [\/vc_column_text][\/vc_column][\/vc_row][vc_row][vc_column][vc_row_inner][vc_column_inner width=&quot;1\/2&quot;][vc_gallery interval=&quot;5&quot; images=&quot;7198&quot; img_size=&quot;450x600&quot; onclick=&quot;link_no&quot;][vc_facebook][\/vc_column_inner][vc_column_inner width=&quot;1\/2&quot;][vc_gallery type=&quot;image_grid&quot; images=&quot;7441,6547,6537&quot; img_size=&quot;full&quot; onclick=&quot;link_no&quot;][vc_column_text css=&quot;.vc_custom_1430313673806{margin-top: -15px !important;}&quot;] Spezifikation 1\u00a0KANALE COSMO \/ COSMO | 2WAY READY (Fernbedienung unterst\u00fctzt keine bidirektionale \u00dcbertragung der Kommunikation - sie empf\u00e4ngt keine R\u00fcckmeldungen, sie gew\u00e4hrleistet das Senden der Befehle an die Empf\u00e4nger) DYNAMISCHER CODE FSK MODULATION 868 MHz 2\u00a0x Li CR2032 3,0 V Beschreibung Fernbedienungen COSMO L sind als Wandsender an das Design der Serie LOGUS 90 der Firma Efapel angepasst. Eine \u00e4sthetisch entworfene Form erlaubt es, die Anlage im Raum zusammen mit anderen Elektroanlagen zu arrangieren. Sieben Linien im Bereich der LOGUS 90\" \/>\n<meta property=\"og:url\" content=\"https:\/\/mobilus.pl\/mobilus-products\/sterowanie-mobilus\/sterowanie-radiowe-mobilus\/cosmo-l1\/\" \/>\n<meta property=\"og:site_name\" content=\"Mobilus Motor\" \/>\n<meta property=\"article:publisher\" content=\"https:\/\/web.facebook.com\/mobiluspl\/\" \/>\n<meta property=\"article:modified_time\" content=\"2021-10-01T07:44:54+00:00\" \/>\n<meta property=\"og:image\" content=\"https:\/\/mobilus.pl\/wp-content\/uploads\/2016\/11\/ikona_pobierz_v2-300x223.png\" \/>\n<meta name=\"twitter:card\" content=\"summary_large_image\" \/>\n<meta name=\"twitter:label1\" content=\"Gesch\u00e4tzte Lesezeit\" \/>\n\t<meta name=\"twitter:data1\" content=\"4\u00a0Minuten\" \/>\n<script type=\"application\/ld+json\" class=\"yoast-schema-graph\">{\"@context\":\"https:\/\/schema.org\",\"@graph\":[{\"@type\":\"WebPage\",\"@id\":\"https:\/\/mobilus.pl\/mobilus-products\/sterowanie-mobilus\/sterowanie-radiowe-mobilus\/cosmo-l1\/\",\"url\":\"https:\/\/mobilus.pl\/mobilus-products\/sterowanie-mobilus\/sterowanie-radiowe-mobilus\/cosmo-l1\/\",\"name\":\"COSMO | L1 - Mobilus Motor\",\"isPartOf\":{\"@id\":\"https:\/\/mobilus.pl\/#website\"},\"primaryImageOfPage\":{\"@id\":\"https:\/\/mobilus.pl\/mobilus-products\/sterowanie-mobilus\/sterowanie-radiowe-mobilus\/cosmo-l1\/#primaryimage\"},\"image\":{\"@id\":\"https:\/\/mobilus.pl\/mobilus-products\/sterowanie-mobilus\/sterowanie-radiowe-mobilus\/cosmo-l1\/#primaryimage\"},\"thumbnailUrl\":\"https:\/\/mobilus.pl\/wp-content\/uploads\/2016\/11\/ikona_pobierz_v2-300x223.png\",\"datePublished\":\"2015-03-17T13:21:43+00:00\",\"dateModified\":\"2021-10-01T07:44:54+00:00\",\"breadcrumb\":{\"@id\":\"https:\/\/mobilus.pl\/mobilus-products\/sterowanie-mobilus\/sterowanie-radiowe-mobilus\/cosmo-l1\/#breadcrumb\"},\"inLanguage\":\"de\",\"potentialAction\":[{\"@type\":\"ReadAction\",\"target\":[\"https:\/\/mobilus.pl\/mobilus-products\/sterowanie-mobilus\/sterowanie-radiowe-mobilus\/cosmo-l1\/\"]}]},{\"@type\":\"ImageObject\",\"inLanguage\":\"de\",\"@id\":\"https:\/\/mobilus.pl\/mobilus-products\/sterowanie-mobilus\/sterowanie-radiowe-mobilus\/cosmo-l1\/#primaryimage\",\"url\":\"https:\/\/mobilus.pl\/wp-content\/uploads\/2016\/11\/ikona_pobierz_v2-300x223.png\",\"contentUrl\":\"https:\/\/mobilus.pl\/wp-content\/uploads\/2016\/11\/ikona_pobierz_v2-300x223.png\"},{\"@type\":\"BreadcrumbList\",\"@id\":\"https:\/\/mobilus.pl\/mobilus-products\/sterowanie-mobilus\/sterowanie-radiowe-mobilus\/cosmo-l1\/#breadcrumb\",\"itemListElement\":[{\"@type\":\"ListItem\",\"position\":1,\"name\":\"Strona g\u0142\u00f3wna\",\"item\":\"https:\/\/mobilus.pl\/\"},{\"@type\":\"ListItem\",\"position\":2,\"name\":\"Produkty &#8211; Mobilus\",\"item\":\"https:\/\/mobilus.pl\/mobilus-products\/\"},{\"@type\":\"ListItem\",\"position\":3,\"name\":\"Mobilus &#8211; controls\",\"item\":\"https:\/\/mobilus.pl\/mobilus-products\/sterowanie-mobilus\/\"},{\"@type\":\"ListItem\",\"position\":4,\"name\":\"Mobilus &#8211; radio control\",\"item\":\"https:\/\/mobilus.pl\/mobilus-products\/sterowanie-mobilus\/sterowanie-radiowe-mobilus\/\"},{\"@type\":\"ListItem\",\"position\":5,\"name\":\"COSMO | L1\"}]},{\"@type\":\"WebSite\",\"@id\":\"https:\/\/mobilus.pl\/#website\",\"url\":\"https:\/\/mobilus.pl\/\",\"name\":\"Mobilus Motor\",\"description\":\"enjoy the mobility\",\"publisher\":{\"@id\":\"https:\/\/mobilus.pl\/#organization\"},\"potentialAction\":[{\"@type\":\"SearchAction\",\"target\":{\"@type\":\"EntryPoint\",\"urlTemplate\":\"https:\/\/mobilus.pl\/?s={search_term_string}\"},\"query-input\":{\"@type\":\"PropertyValueSpecification\",\"valueRequired\":true,\"valueName\":\"search_term_string\"}}],\"inLanguage\":\"de\"},{\"@type\":\"Organization\",\"@id\":\"https:\/\/mobilus.pl\/#organization\",\"name\":\"Mobilus Motor\",\"url\":\"https:\/\/mobilus.pl\/\",\"logo\":{\"@type\":\"ImageObject\",\"inLanguage\":\"de\",\"@id\":\"https:\/\/mobilus.pl\/#\/schema\/logo\/image\/\",\"url\":\"https:\/\/mobilus.pl\/wp-content\/uploads\/2014\/09\/mobilus_2013_small.png\",\"contentUrl\":\"https:\/\/mobilus.pl\/wp-content\/uploads\/2014\/09\/mobilus_2013_small.png\",\"width\":180,\"height\":50,\"caption\":\"Mobilus Motor\"},\"image\":{\"@id\":\"https:\/\/mobilus.pl\/#\/schema\/logo\/image\/\"},\"sameAs\":[\"https:\/\/web.facebook.com\/mobiluspl\/\",\"https:\/\/www.instagram.com\/mobiluspl\/\",\"https:\/\/www.youtube.com\/channel\/UCB6ay8tvzv2HRlpIRqWaZeQ\"]}]}<\/script>\n<!-- \/ Yoast SEO plugin. -->","yoast_head_json":{"title":"COSMO | L1 - Mobilus Motor","robots":{"index":"index","follow":"follow","max-snippet":"max-snippet:-1","max-image-preview":"max-image-preview:large","max-video-preview":"max-video-preview:-1"},"canonical":"https:\/\/mobilus.pl\/mobilus-products\/sterowanie-mobilus\/sterowanie-radiowe-mobilus\/cosmo-l1\/","og_locale":"de_DE","og_type":"article","og_title":"COSMO | L1 - Mobilus Motor","og_description":"[vc_row el_class=\"he_gray \"][vc_column][vc_column_text el_class=\"clearrr\"] Fernsteuerung COSMO |\u00a0L1 [\/vc_column_text][\/vc_column][\/vc_row][vc_row][vc_column][vc_row_inner][vc_column_inner width=\"1\/2\"][vc_gallery interval=\"5\" images=\"7198\" img_size=\"450x600\" onclick=\"link_no\"][vc_facebook][\/vc_column_inner][vc_column_inner width=\"1\/2\"][vc_gallery type=\"image_grid\" images=\"7441,6547,6537\" img_size=\"full\" onclick=\"link_no\"][vc_column_text css=\".vc_custom_1430313673806{margin-top: -15px !important;}\"] Spezifikation 1\u00a0KANALE COSMO \/ COSMO | 2WAY READY (Fernbedienung unterst\u00fctzt keine bidirektionale \u00dcbertragung der Kommunikation - sie empf\u00e4ngt keine R\u00fcckmeldungen, sie gew\u00e4hrleistet das Senden der Befehle an die Empf\u00e4nger) DYNAMISCHER CODE FSK MODULATION 868 MHz 2\u00a0x Li CR2032 3,0 V Beschreibung Fernbedienungen COSMO L sind als Wandsender an das Design der Serie LOGUS 90 der Firma Efapel angepasst. Eine \u00e4sthetisch entworfene Form erlaubt es, die Anlage im Raum zusammen mit anderen Elektroanlagen zu arrangieren. Sieben Linien im Bereich der LOGUS 90","og_url":"https:\/\/mobilus.pl\/mobilus-products\/sterowanie-mobilus\/sterowanie-radiowe-mobilus\/cosmo-l1\/","og_site_name":"Mobilus Motor","article_publisher":"https:\/\/web.facebook.com\/mobiluspl\/","article_modified_time":"2021-10-01T07:44:54+00:00","og_image":[{"url":"https:\/\/mobilus.pl\/wp-content\/uploads\/2016\/11\/ikona_pobierz_v2-300x223.png","type":"","width":"","height":""}],"twitter_card":"summary_large_image","twitter_misc":{"Gesch\u00e4tzte Lesezeit":"4\u00a0Minuten"},"schema":{"@context":"https:\/\/schema.org","@graph":[{"@type":"WebPage","@id":"https:\/\/mobilus.pl\/mobilus-products\/sterowanie-mobilus\/sterowanie-radiowe-mobilus\/cosmo-l1\/","url":"https:\/\/mobilus.pl\/mobilus-products\/sterowanie-mobilus\/sterowanie-radiowe-mobilus\/cosmo-l1\/","name":"COSMO | L1 - Mobilus Motor","isPartOf":{"@id":"https:\/\/mobilus.pl\/#website"},"primaryImageOfPage":{"@id":"https:\/\/mobilus.pl\/mobilus-products\/sterowanie-mobilus\/sterowanie-radiowe-mobilus\/cosmo-l1\/#primaryimage"},"image":{"@id":"https:\/\/mobilus.pl\/mobilus-products\/sterowanie-mobilus\/sterowanie-radiowe-mobilus\/cosmo-l1\/#primaryimage"},"thumbnailUrl":"https:\/\/mobilus.pl\/wp-content\/uploads\/2016\/11\/ikona_pobierz_v2-300x223.png","datePublished":"2015-03-17T13:21:43+00:00","dateModified":"2021-10-01T07:44:54+00:00","breadcrumb":{"@id":"https:\/\/mobilus.pl\/mobilus-products\/sterowanie-mobilus\/sterowanie-radiowe-mobilus\/cosmo-l1\/#breadcrumb"},"inLanguage":"de","potentialAction":[{"@type":"ReadAction","target":["https:\/\/mobilus.pl\/mobilus-products\/sterowanie-mobilus\/sterowanie-radiowe-mobilus\/cosmo-l1\/"]}]},{"@type":"ImageObject","inLanguage":"de","@id":"https:\/\/mobilus.pl\/mobilus-products\/sterowanie-mobilus\/sterowanie-radiowe-mobilus\/cosmo-l1\/#primaryimage","url":"https:\/\/mobilus.pl\/wp-content\/uploads\/2016\/11\/ikona_pobierz_v2-300x223.png","contentUrl":"https:\/\/mobilus.pl\/wp-content\/uploads\/2016\/11\/ikona_pobierz_v2-300x223.png"},{"@type":"BreadcrumbList","@id":"https:\/\/mobilus.pl\/mobilus-products\/sterowanie-mobilus\/sterowanie-radiowe-mobilus\/cosmo-l1\/#breadcrumb","itemListElement":[{"@type":"ListItem","position":1,"name":"Strona g\u0142\u00f3wna","item":"https:\/\/mobilus.pl\/"},{"@type":"ListItem","position":2,"name":"Produkty &#8211; Mobilus","item":"https:\/\/mobilus.pl\/mobilus-products\/"},{"@type":"ListItem","position":3,"name":"Mobilus &#8211; controls","item":"https:\/\/mobilus.pl\/mobilus-products\/sterowanie-mobilus\/"},{"@type":"ListItem","position":4,"name":"Mobilus &#8211; radio control","item":"https:\/\/mobilus.pl\/mobilus-products\/sterowanie-mobilus\/sterowanie-radiowe-mobilus\/"},{"@type":"ListItem","position":5,"name":"COSMO | L1"}]},{"@type":"WebSite","@id":"https:\/\/mobilus.pl\/#website","url":"https:\/\/mobilus.pl\/","name":"Mobilus Motor","description":"enjoy the mobility","publisher":{"@id":"https:\/\/mobilus.pl\/#organization"},"potentialAction":[{"@type":"SearchAction","target":{"@type":"EntryPoint","urlTemplate":"https:\/\/mobilus.pl\/?s={search_term_string}"},"query-input":{"@type":"PropertyValueSpecification","valueRequired":true,"valueName":"search_term_string"}}],"inLanguage":"de"},{"@type":"Organization","@id":"https:\/\/mobilus.pl\/#organization","name":"Mobilus Motor","url":"https:\/\/mobilus.pl\/","logo":{"@type":"ImageObject","inLanguage":"de","@id":"https:\/\/mobilus.pl\/#\/schema\/logo\/image\/","url":"https:\/\/mobilus.pl\/wp-content\/uploads\/2014\/09\/mobilus_2013_small.png","contentUrl":"https:\/\/mobilus.pl\/wp-content\/uploads\/2014\/09\/mobilus_2013_small.png","width":180,"height":50,"caption":"Mobilus Motor"},"image":{"@id":"https:\/\/mobilus.pl\/#\/schema\/logo\/image\/"},"sameAs":["https:\/\/web.facebook.com\/mobiluspl\/","https:\/\/www.instagram.com\/mobiluspl\/","https:\/\/www.youtube.com\/channel\/UCB6ay8tvzv2HRlpIRqWaZeQ"]}]}},"_links":{"self":[{"href":"https:\/\/mobilus.pl\/de\/wp-json\/wp\/v2\/pages\/5999"}],"collection":[{"href":"https:\/\/mobilus.pl\/de\/wp-json\/wp\/v2\/pages"}],"about":[{"href":"https:\/\/mobilus.pl\/de\/wp-json\/wp\/v2\/types\/page"}],"author":[{"embeddable":true,"href":"https:\/\/mobilus.pl\/de\/wp-json\/wp\/v2\/users\/1"}],"replies":[{"embeddable":true,"href":"https:\/\/mobilus.pl\/de\/wp-json\/wp\/v2\/comments?post=5999"}],"version-history":[{"count":3,"href":"https:\/\/mobilus.pl\/de\/wp-json\/wp\/v2\/pages\/5999\/revisions"}],"predecessor-version":[{"id":12658,"href":"https:\/\/mobilus.pl\/de\/wp-json\/wp\/v2\/pages\/5999\/revisions\/12658"}],"up":[{"embeddable":true,"href":"https:\/\/mobilus.pl\/de\/wp-json\/wp\/v2\/pages\/6863"}],"wp:attachment":[{"href":"https:\/\/mobilus.pl\/de\/wp-json\/wp\/v2\/media?parent=5999"}],"curies":[{"name":"wp","href":"https:\/\/api.w.org\/{rel}","templated":true}]}}