{"id":5417,"date":"2015-02-19T09:09:12","date_gmt":"2015-02-19T09:09:12","guid":{"rendered":"http:\/\/mobilus.pl\/?page_id=5417"},"modified":"2025-04-22T07:20:00","modified_gmt":"2025-04-22T07:20:00","slug":"cooperation","status":"publish","type":"page","link":"https:\/\/mobilus.pl\/de\/cooperation\/","title":{"rendered":"Gesch\u00e4ftliche Zusammenarbeit"},"content":{"rendered":"<div class=\"wpb-content-wrapper\">[vc_row el_class=\"he_gray \"][vc_column][vc_column_text css_animation=\"\"  el_class=\"clearrr\"]\n<h4><strong><span style=\"color: #ffffff;\">Gesch\u00e4ftliche Zusammenarbeit<\/span><\/strong><\/h4>\n[\/vc_column_text][\/vc_column][\/vc_row][vc_row][vc_column width=\"1\/2\"][vc_column_text]Wir laden alle Unternemen ,sowohl vom Bereich  Produktion, Vertrieb und Montage von Rolll\u00e4den, Toren und Fenstern und auch alle Firmen, die die L\u00f6sungen f\u00fcr intelligent gesteuerte H\u00e4user anbieten, zur Zusammenarbeit ein.<br \/>\nWenn Sie interessiert sind, kontaktieren Sie uns bitte - unsere Spezialisten sind  f\u00fcr Sie da.[\/vc_column_text][\/vc_column][vc_column width=\"1\/2\"][vc_single_image image=\"8046\" img_size=\"full\" alignment=\"center\"][\/vc_column][\/vc_row][vc_row][vc_column][vc_empty_space height=\"12px\"][\/vc_column][\/vc_row][vc_row parallax=\"no\" css=\".vc_custom_1427373573396{margin-top: 15px !important;border-left-width: 1px !important;border-left-color: #c8c8c8 !important;}\"][vc_column][vc_column_text css=\".vc_custom_1454530272133{margin-bottom: -1px !important;}\"]\n<h4><strong>Herunterladen<\/strong><\/h4>\n<p>Dateiliste:[\/vc_column_text]\n<a href=\"http:\/\/mobilus.pl\/files\/handlowe\/mobilus_owsid.pdf\" target=\"_blank\" class=\"button  blue mini simple align\" ><i class=\"fa fa-paperclip fa-left\"><\/i> Allgemeine Verkauf und Lieferbedingungen - PL <\/a>\n<a href=\"http:\/\/mobilus.pl\/files\/handlowe\/mobilus_owg.pdf\" target=\"_blank\" class=\"button  blue mini simple align\" ><i class=\"fa fa-paperclip fa-left\"><\/i> Garantiebedingungen - PL <\/a>\n<a href=\"http:\/\/mobilus.pl\/instrukcje\/2015\/mobilus_kzs_2015_08.pdf\" target=\"_blank\" class=\"button  blue mini simple align\" ><i class=\"fa fa-paperclip fa-left\"><\/i> Card Service Anruf - PL <\/a>\n<a href=\"http:\/\/mobilus.pl\/instrukcje\/2015\/cennik\/mobilus_motor-cennik_uslug_serwisowych-2015_10-zalacznik_nr_4.pdf\" target=\"_blank\" class=\"button  blue mini simple align\" ><i class=\"fa fa-paperclip fa-left\"><\/i> Bewertung der Instandhaltung - PL <\/a>[\/vc_column][\/vc_row]\n<\/div>","protected":false},"excerpt":{"rendered":"<div class=\"wpb-content-wrapper\">[vc_row el_class=&#8221;he_gray &#8220;][vc_column][vc_column_text css_animation=&#8221;&#8221;  el_class=&#8221;clearrr&#8221;]<\/p>\n<h4><strong><span style=\"color: #ffffff;\">Gesch\u00e4ftliche Zusammenarbeit<\/span><\/strong><\/h4>\n<p>[\/vc_column_text][\/vc_column][\/vc_row][vc_row][vc_column width=&#8221;1\/2&#8243;][vc_column_text]Wir laden alle Unternemen ,sowohl vom Bereich  Produktion, Vertrieb und Montage von Rolll\u00e4den, Toren und Fenstern und auch alle Firmen, die die L\u00f6sungen f\u00fcr intelligent gesteuerte H\u00e4user anbieten, zur Zusammenarbeit ein.<br \/>\nWenn Sie interessiert sind, kontaktieren Sie uns bitte &#8211; unsere Spezialisten sind  f\u00fcr Sie da.[\/vc_column_text][\/vc_column][vc_column width=&#8221;1\/2&#8243;][vc_single_image image=&#8221;8046&#8243; img_size=&#8221;full&#8221; alignment=&#8221;center&#8221;][\/vc_column][\/vc_row][vc_row][vc_column][vc_empty_space height=&#8221;12px&#8221;][\/vc_column][\/vc_row][vc_row parallax=&#8221;no&#8221; css=&#8221;.vc_custom_1427373573396{margin-top: 15px !important;border-left-width: 1px !important;border-left-color: #c8c8c8 !important;}&#8221;][vc_column][vc_column_text css=&#8221;.vc_custom_1454530272133{margin-bottom: -1px !important;}&#8221;]<\/p>\n<h4><strong>Herunterladen<\/strong><\/h4>\n<p>Dateiliste:[\/vc_column_text]<br \/>\n[\/vc_column][\/vc_row]\n<\/p><\/div>\n","protected":false},"author":1,"featured_media":0,"parent":0,"menu_order":0,"comment_status":"open","ping_status":"open","template":"page-sidebar-left.php","meta":{"footnotes":""},"class_list":["post-5417","page","type-page","status-publish","hentry"],"yoast_head":"<!-- This site is optimized with the Yoast SEO plugin v24.4 - https:\/\/yoast.com\/wordpress\/plugins\/seo\/ -->\n<title>Gesch\u00e4ftliche Zusammenarbeit - Mobilus Motor<\/title>\n<meta name=\"robots\" content=\"index, follow, max-snippet:-1, max-image-preview:large, max-video-preview:-1\" \/>\n<link rel=\"canonical\" href=\"https:\/\/mobilus.pl\/cooperation\/\" \/>\n<meta property=\"og:locale\" content=\"de_DE\" \/>\n<meta property=\"og:type\" content=\"article\" \/>\n<meta property=\"og:title\" content=\"[:pl]Wsp\u00f3\u0142praca handlowa[:en]Trade cooperation[:de]Gesch\u00e4ftliche Zusammenarbeit[:] - Mobilus Motor\" \/>\n<meta property=\"og:description\" content=\"[vc_row el_class=&quot;he_gray &quot;][vc_column][vc_column_text css_animation=&quot;&quot; el_class=&quot;clearrr&quot;] Gesch\u00e4ftliche Zusammenarbeit [\/vc_column_text][\/vc_column][\/vc_row][vc_row][vc_column width=&quot;1\/2&quot;][vc_column_text]Wir laden alle Unternemen ,sowohl vom Bereich Produktion, Vertrieb und Montage von Rolll\u00e4den, Toren und Fenstern und auch alle Firmen, die die L\u00f6sungen f\u00fcr intelligent gesteuerte H\u00e4user anbieten, zur Zusammenarbeit ein. Wenn Sie interessiert sind, kontaktieren Sie uns bitte - unsere Spezialisten sind f\u00fcr Sie da.[\/vc_column_text][\/vc_column][vc_column width=&quot;1\/2&quot;][vc_single_image image=&quot;8046&quot; img_size=&quot;full&quot; alignment=&quot;center&quot;][\/vc_column][\/vc_row][vc_row][vc_column][vc_empty_space height=&quot;12px&quot;][\/vc_column][\/vc_row][vc_row parallax=&quot;no&quot; css=&quot;.vc_custom_1427373573396{margin-top: 15px !important;border-left-width: 1px !important;border-left-color: #c8c8c8 !important;}&quot;][vc_column][vc_column_text css=&quot;.vc_custom_1454530272133{margin-bottom: -1px !important;}&quot;] Herunterladen Dateiliste:[\/vc_column_text] [\/vc_column][\/vc_row]\" \/>\n<meta property=\"og:url\" content=\"https:\/\/mobilus.pl\/cooperation\/\" \/>\n<meta property=\"og:site_name\" content=\"Mobilus Motor\" \/>\n<meta property=\"article:publisher\" content=\"https:\/\/web.facebook.com\/mobiluspl\/\" \/>\n<meta property=\"article:modified_time\" content=\"2025-04-22T07:20:00+00:00\" \/>\n<meta name=\"twitter:card\" content=\"summary_large_image\" \/>\n<meta name=\"twitter:label1\" content=\"Gesch\u00e4tzte Lesezeit\" \/>\n\t<meta name=\"twitter:data1\" content=\"1\u00a0Minute\" \/>\n<script type=\"application\/ld+json\" class=\"yoast-schema-graph\">{\"@context\":\"https:\/\/schema.org\",\"@graph\":[{\"@type\":\"WebPage\",\"@id\":\"https:\/\/mobilus.pl\/cooperation\/\",\"url\":\"https:\/\/mobilus.pl\/cooperation\/\",\"name\":\"[:pl]Wsp\u00f3\u0142praca handlowa[:en]Trade cooperation[:de]Gesch\u00e4ftliche Zusammenarbeit[:] - Mobilus Motor\",\"isPartOf\":{\"@id\":\"https:\/\/mobilus.pl\/#website\"},\"datePublished\":\"2015-02-19T09:09:12+00:00\",\"dateModified\":\"2025-04-22T07:20:00+00:00\",\"breadcrumb\":{\"@id\":\"https:\/\/mobilus.pl\/cooperation\/#breadcrumb\"},\"inLanguage\":\"de\",\"potentialAction\":[{\"@type\":\"ReadAction\",\"target\":[\"https:\/\/mobilus.pl\/cooperation\/\"]}]},{\"@type\":\"BreadcrumbList\",\"@id\":\"https:\/\/mobilus.pl\/cooperation\/#breadcrumb\",\"itemListElement\":[{\"@type\":\"ListItem\",\"position\":1,\"name\":\"Strona g\u0142\u00f3wna\",\"item\":\"https:\/\/mobilus.pl\/\"},{\"@type\":\"ListItem\",\"position\":2,\"name\":\"Trade cooperation\"}]},{\"@type\":\"WebSite\",\"@id\":\"https:\/\/mobilus.pl\/#website\",\"url\":\"https:\/\/mobilus.pl\/\",\"name\":\"Mobilus Motor\",\"description\":\"enjoy the mobility\",\"publisher\":{\"@id\":\"https:\/\/mobilus.pl\/#organization\"},\"potentialAction\":[{\"@type\":\"SearchAction\",\"target\":{\"@type\":\"EntryPoint\",\"urlTemplate\":\"https:\/\/mobilus.pl\/?s={search_term_string}\"},\"query-input\":{\"@type\":\"PropertyValueSpecification\",\"valueRequired\":true,\"valueName\":\"search_term_string\"}}],\"inLanguage\":\"de\"},{\"@type\":\"Organization\",\"@id\":\"https:\/\/mobilus.pl\/#organization\",\"name\":\"Mobilus Motor\",\"url\":\"https:\/\/mobilus.pl\/\",\"logo\":{\"@type\":\"ImageObject\",\"inLanguage\":\"de\",\"@id\":\"https:\/\/mobilus.pl\/#\/schema\/logo\/image\/\",\"url\":\"https:\/\/mobilus.pl\/wp-content\/uploads\/2014\/09\/mobilus_2013_small.png\",\"contentUrl\":\"https:\/\/mobilus.pl\/wp-content\/uploads\/2014\/09\/mobilus_2013_small.png\",\"width\":180,\"height\":50,\"caption\":\"Mobilus Motor\"},\"image\":{\"@id\":\"https:\/\/mobilus.pl\/#\/schema\/logo\/image\/\"},\"sameAs\":[\"https:\/\/web.facebook.com\/mobiluspl\/\",\"https:\/\/www.instagram.com\/mobiluspl\/\",\"https:\/\/www.youtube.com\/channel\/UCB6ay8tvzv2HRlpIRqWaZeQ\"]}]}<\/script>\n<!-- \/ Yoast SEO plugin. -->","yoast_head_json":{"title":"[:pl]Wsp\u00f3\u0142praca handlowa[:en]Trade cooperation[:de]Gesch\u00e4ftliche Zusammenarbeit[:] - Mobilus Motor","robots":{"index":"index","follow":"follow","max-snippet":"max-snippet:-1","max-image-preview":"max-image-preview:large","max-video-preview":"max-video-preview:-1"},"canonical":"https:\/\/mobilus.pl\/cooperation\/","og_locale":"de_DE","og_type":"article","og_title":"[:pl]Wsp\u00f3\u0142praca handlowa[:en]Trade cooperation[:de]Gesch\u00e4ftliche Zusammenarbeit[:] - Mobilus Motor","og_description":"[vc_row el_class=\"he_gray \"][vc_column][vc_column_text css_animation=\"\" el_class=\"clearrr\"] Gesch\u00e4ftliche Zusammenarbeit [\/vc_column_text][\/vc_column][\/vc_row][vc_row][vc_column width=\"1\/2\"][vc_column_text]Wir laden alle Unternemen ,sowohl vom Bereich Produktion, Vertrieb und Montage von Rolll\u00e4den, Toren und Fenstern und auch alle Firmen, die die L\u00f6sungen f\u00fcr intelligent gesteuerte H\u00e4user anbieten, zur Zusammenarbeit ein. Wenn Sie interessiert sind, kontaktieren Sie uns bitte - unsere Spezialisten sind f\u00fcr Sie da.[\/vc_column_text][\/vc_column][vc_column width=\"1\/2\"][vc_single_image image=\"8046\" img_size=\"full\" alignment=\"center\"][\/vc_column][\/vc_row][vc_row][vc_column][vc_empty_space height=\"12px\"][\/vc_column][\/vc_row][vc_row parallax=\"no\" css=\".vc_custom_1427373573396{margin-top: 15px !important;border-left-width: 1px !important;border-left-color: #c8c8c8 !important;}\"][vc_column][vc_column_text css=\".vc_custom_1454530272133{margin-bottom: -1px !important;}\"] Herunterladen Dateiliste:[\/vc_column_text] [\/vc_column][\/vc_row]","og_url":"https:\/\/mobilus.pl\/cooperation\/","og_site_name":"Mobilus Motor","article_publisher":"https:\/\/web.facebook.com\/mobiluspl\/","article_modified_time":"2025-04-22T07:20:00+00:00","twitter_card":"summary_large_image","twitter_misc":{"Gesch\u00e4tzte Lesezeit":"1\u00a0Minute"},"schema":{"@context":"https:\/\/schema.org","@graph":[{"@type":"WebPage","@id":"https:\/\/mobilus.pl\/cooperation\/","url":"https:\/\/mobilus.pl\/cooperation\/","name":"[:pl]Wsp\u00f3\u0142praca handlowa[:en]Trade cooperation[:de]Gesch\u00e4ftliche Zusammenarbeit[:] - Mobilus Motor","isPartOf":{"@id":"https:\/\/mobilus.pl\/#website"},"datePublished":"2015-02-19T09:09:12+00:00","dateModified":"2025-04-22T07:20:00+00:00","breadcrumb":{"@id":"https:\/\/mobilus.pl\/cooperation\/#breadcrumb"},"inLanguage":"de","potentialAction":[{"@type":"ReadAction","target":["https:\/\/mobilus.pl\/cooperation\/"]}]},{"@type":"BreadcrumbList","@id":"https:\/\/mobilus.pl\/cooperation\/#breadcrumb","itemListElement":[{"@type":"ListItem","position":1,"name":"Strona g\u0142\u00f3wna","item":"https:\/\/mobilus.pl\/"},{"@type":"ListItem","position":2,"name":"Trade cooperation"}]},{"@type":"WebSite","@id":"https:\/\/mobilus.pl\/#website","url":"https:\/\/mobilus.pl\/","name":"Mobilus Motor","description":"enjoy the mobility","publisher":{"@id":"https:\/\/mobilus.pl\/#organization"},"potentialAction":[{"@type":"SearchAction","target":{"@type":"EntryPoint","urlTemplate":"https:\/\/mobilus.pl\/?s={search_term_string}"},"query-input":{"@type":"PropertyValueSpecification","valueRequired":true,"valueName":"search_term_string"}}],"inLanguage":"de"},{"@type":"Organization","@id":"https:\/\/mobilus.pl\/#organization","name":"Mobilus Motor","url":"https:\/\/mobilus.pl\/","logo":{"@type":"ImageObject","inLanguage":"de","@id":"https:\/\/mobilus.pl\/#\/schema\/logo\/image\/","url":"https:\/\/mobilus.pl\/wp-content\/uploads\/2014\/09\/mobilus_2013_small.png","contentUrl":"https:\/\/mobilus.pl\/wp-content\/uploads\/2014\/09\/mobilus_2013_small.png","width":180,"height":50,"caption":"Mobilus Motor"},"image":{"@id":"https:\/\/mobilus.pl\/#\/schema\/logo\/image\/"},"sameAs":["https:\/\/web.facebook.com\/mobiluspl\/","https:\/\/www.instagram.com\/mobiluspl\/","https:\/\/www.youtube.com\/channel\/UCB6ay8tvzv2HRlpIRqWaZeQ"]}]}},"_links":{"self":[{"href":"https:\/\/mobilus.pl\/de\/wp-json\/wp\/v2\/pages\/5417"}],"collection":[{"href":"https:\/\/mobilus.pl\/de\/wp-json\/wp\/v2\/pages"}],"about":[{"href":"https:\/\/mobilus.pl\/de\/wp-json\/wp\/v2\/types\/page"}],"author":[{"embeddable":true,"href":"https:\/\/mobilus.pl\/de\/wp-json\/wp\/v2\/users\/1"}],"replies":[{"embeddable":true,"href":"https:\/\/mobilus.pl\/de\/wp-json\/wp\/v2\/comments?post=5417"}],"version-history":[{"count":5,"href":"https:\/\/mobilus.pl\/de\/wp-json\/wp\/v2\/pages\/5417\/revisions"}],"predecessor-version":[{"id":13470,"href":"https:\/\/mobilus.pl\/de\/wp-json\/wp\/v2\/pages\/5417\/revisions\/13470"}],"wp:attachment":[{"href":"https:\/\/mobilus.pl\/de\/wp-json\/wp\/v2\/media?parent=5417"}],"curies":[{"name":"wp","href":"https:\/\/api.w.org\/{rel}","templated":true}]}}