{"id":13673,"date":"2026-04-27T08:14:38","date_gmt":"2026-04-27T08:14:38","guid":{"rendered":"https:\/\/mobilus.pl\/?page_id=13673"},"modified":"2026-04-27T11:07:20","modified_gmt":"2026-04-27T11:07:20","slug":"deklaracje","status":"publish","type":"page","link":"https:\/\/mobilus.pl\/de\/deklaracje\/","title":{"rendered":"Konformit\u00e4tserkl\u00e4rungen"},"content":{"rendered":"<div class=\"wpb-content-wrapper\">[vc_row][vc_column][vc_column_text]\n<h4>Aktuatoren der Serien MR, ERS und MOB.IQ<\/h4>\n[\/vc_column_text]<a href=\"https:\/\/mobilus.pl\/files\/deklaracje\/DZ_2023_MR_ERS_MOB.IQ.pdf\" target=\"_blank\" class=\"button prettyPhoto  default medium simple rounded alignleft\" rel=\"slides[buttonlightbox]\"> Konformit\u00e4tserkl\u00e4rungen - MR, ERS, MOB.IQ <\/a><div class=\"clearfix\"><\/div>[vc_empty_space][vc_column_text]\n<h4>Aktuatoren der Serien<strong>\u00a0M<\/strong><\/h4>\n[\/vc_column_text]<a href=\"https:\/\/mobilus.pl\/files\/deklaracje\/DZ_2023_M.pdf\" target=\"_blank\" class=\"button prettyPhoto  default medium simple rounded alignleft\" rel=\"slides[buttonlightbox]\"> Konformit\u00e4tserkl\u00e4rungen - M <\/a><div class=\"clearfix\"><\/div>[vc_empty_space][\/vc_column][\/vc_row][vc_row][vc_column css=\".vc_custom_1777283039210{margin-top: 0px !important;}\"][vc_column_text]\n<h4>Aktuatoren der Serien<strong> EP<\/strong><\/h4>\n[\/vc_column_text]<a href=\"https:\/\/mobilus.pl\/files\/deklaracje\/DZ_2023_EP.pdf\" target=\"_blank\" class=\"button prettyPhoto  default medium simple rounded alignleft\" rel=\"slides[buttonlightbox]\"> Konformit\u00e4tserkl\u00e4rungen - EP <\/a><div class=\"clearfix\"><\/div>[vc_empty_space][vc_column_text]\n<h4>Aktuatoren der Serien<strong>\u00a0PR<\/strong><\/h4>\n[\/vc_column_text]<a href=\"https:\/\/mobilus.pl\/files\/deklaracje\/DZ_2023_PR.pdf\" target=\"_blank\" class=\"button prettyPhoto  default medium simple rounded alignleft\" rel=\"slides[buttonlightbox]\"> Konformit\u00e4tserkl\u00e4rungen - PR <\/a><div class=\"clearfix\"><\/div>[vc_empty_space][vc_column_text]\n<h4>Aktuatoren der Serien<strong> DC<\/strong><\/h4>\n[\/vc_column_text]<a href=\"https:\/\/mobilus.pl\/files\/deklaracje\/DZ_2023_DC.pdf\" target=\"_blank\" class=\"button prettyPhoto  default medium simple rounded alignleft\" rel=\"slides[buttonlightbox]\"> Konformit\u00e4tserkl\u00e4rungen - AZR <\/a><div class=\"clearfix\"><\/div>[vc_empty_space][vc_column_text]\n<h4>BEDIENELEMENTE UND MODULE<\/h4>\n[\/vc_column_text]<a href=\"https:\/\/mobilus.pl\/files\/deklaracje\/moduly.pdf\" target=\"_blank\" class=\"button prettyPhoto  default medium simple rounded alignleft\" rel=\"slides[buttonlightbox]\"> Konformit\u00e4tserkl\u00e4rungen - GTW, C-MR, C-AR, C-GR, C-ZR, C-SW, C-SWP <\/a><div class=\"clearfix\"><\/div>[vc_empty_space]<a href=\"https:\/\/mobilus.pl\/files\/deklaracje\/piloty.pdf\" target=\"_blank\" class=\"button prettyPhoto  default medium simple rounded alignleft\" rel=\"slides[buttonlightbox]\"> Konformit\u00e4tserkl\u00e4rungen - G3+, HCT, HM, HM1, HM3+, HB Lite, L1, L5, WM, WT Lite, WT9, RHM, RHCT <\/a><div class=\"clearfix\"><\/div>[\/vc_column][\/vc_row]\n<\/div>","protected":false},"excerpt":{"rendered":"<div class=\"wpb-content-wrapper\">[vc_row][vc_column][vc_column_text]<\/p>\n<h4>Aktuatoren der Serien MR, ERS und MOB.IQ<\/h4>\n<p>[\/vc_column_text][vc_empty_space][vc_column_text]<\/p>\n<h4>Aktuatoren der Serien<strong>\u00a0M<\/strong><\/h4>\n<p>[\/vc_column_text][vc_empty_space][\/vc_column][\/vc_row][vc_row][vc_column css=&#8221;.vc_custom_1777283039210{margin-top: 0px !important;}&#8221;][vc_column_text]<\/p>\n<h4>Aktuatoren der Serien<strong> EP<\/strong><\/h4>\n<p>[\/vc_column_text][vc_empty_space][vc_column_text]<\/p>\n<h4>Aktuatoren der Serien<strong>\u00a0PR<\/strong><\/h4>\n<p>[\/vc_column_text][vc_empty_space][vc_column_text]<\/p>\n<h4>Aktuatoren der Serien<strong> DC<\/strong><\/h4>\n<p>[\/vc_column_text][vc_empty_space][vc_column_text]<\/p>\n<h4>BEDIENELEMENTE UND MODULE<\/h4>\n<p>[\/vc_column_text][vc_empty_space][\/vc_column][\/vc_row]\n<\/p><\/div>\n","protected":false},"author":1,"featured_media":0,"parent":0,"menu_order":0,"comment_status":"open","ping_status":"open","template":"page-nosidebar.php","meta":{"footnotes":""},"class_list":["post-13673","page","type-page","status-publish","hentry"],"yoast_head":"<!-- This site is optimized with the Yoast SEO plugin v24.4 - https:\/\/yoast.com\/wordpress\/plugins\/seo\/ -->\n<title>Konformit\u00e4tserkl\u00e4rungen - Mobilus Motor<\/title>\n<meta name=\"robots\" content=\"index, follow, max-snippet:-1, max-image-preview:large, max-video-preview:-1\" \/>\n<link rel=\"canonical\" href=\"https:\/\/mobilus.pl\/deklaracje\/\" \/>\n<meta property=\"og:locale\" content=\"de_DE\" \/>\n<meta property=\"og:type\" content=\"article\" \/>\n<meta property=\"og:title\" content=\"[:pl]Deklaracje zgodno\u015bci[:en]declarations of conformity[:de]Konformit\u00e4tserkl\u00e4rungen[:] - Mobilus Motor\" \/>\n<meta property=\"og:description\" content=\"[vc_row][vc_column][vc_column_text] Aktuatoren der Serien MR, ERS und MOB.IQ [\/vc_column_text][vc_empty_space][vc_column_text] Aktuatoren der Serien\u00a0M [\/vc_column_text][vc_empty_space][\/vc_column][\/vc_row][vc_row][vc_column css=&quot;.vc_custom_1777283039210{margin-top: 0px !important;}&quot;][vc_column_text] Aktuatoren der Serien EP [\/vc_column_text][vc_empty_space][vc_column_text] Aktuatoren der Serien\u00a0PR [\/vc_column_text][vc_empty_space][vc_column_text] Aktuatoren der Serien DC [\/vc_column_text][vc_empty_space][vc_column_text] BEDIENELEMENTE UND MODULE [\/vc_column_text][vc_empty_space][\/vc_column][\/vc_row]\" \/>\n<meta property=\"og:url\" content=\"https:\/\/mobilus.pl\/deklaracje\/\" \/>\n<meta property=\"og:site_name\" content=\"Mobilus Motor\" \/>\n<meta property=\"article:publisher\" content=\"https:\/\/web.facebook.com\/mobiluspl\/\" \/>\n<meta property=\"article:modified_time\" content=\"2026-04-27T11:07:20+00:00\" \/>\n<meta name=\"twitter:card\" content=\"summary_large_image\" \/>\n<meta name=\"twitter:label1\" content=\"Gesch\u00e4tzte Lesezeit\" \/>\n\t<meta name=\"twitter:data1\" content=\"1\u00a0Minute\" \/>\n<script type=\"application\/ld+json\" class=\"yoast-schema-graph\">{\"@context\":\"https:\/\/schema.org\",\"@graph\":[{\"@type\":\"WebPage\",\"@id\":\"https:\/\/mobilus.pl\/deklaracje\/\",\"url\":\"https:\/\/mobilus.pl\/deklaracje\/\",\"name\":\"[:pl]Deklaracje zgodno\u015bci[:en]declarations of conformity[:de]Konformit\u00e4tserkl\u00e4rungen[:] - Mobilus Motor\",\"isPartOf\":{\"@id\":\"https:\/\/mobilus.pl\/#website\"},\"datePublished\":\"2026-04-27T08:14:38+00:00\",\"dateModified\":\"2026-04-27T11:07:20+00:00\",\"breadcrumb\":{\"@id\":\"https:\/\/mobilus.pl\/deklaracje\/#breadcrumb\"},\"inLanguage\":\"de\",\"potentialAction\":[{\"@type\":\"ReadAction\",\"target\":[\"https:\/\/mobilus.pl\/deklaracje\/\"]}]},{\"@type\":\"BreadcrumbList\",\"@id\":\"https:\/\/mobilus.pl\/deklaracje\/#breadcrumb\",\"itemListElement\":[{\"@type\":\"ListItem\",\"position\":1,\"name\":\"Strona g\u0142\u00f3wna\",\"item\":\"https:\/\/mobilus.pl\/\"},{\"@type\":\"ListItem\",\"position\":2,\"name\":\"Deklaracje zgodno\u015bci\"}]},{\"@type\":\"WebSite\",\"@id\":\"https:\/\/mobilus.pl\/#website\",\"url\":\"https:\/\/mobilus.pl\/\",\"name\":\"Mobilus Motor\",\"description\":\"enjoy the mobility\",\"publisher\":{\"@id\":\"https:\/\/mobilus.pl\/#organization\"},\"potentialAction\":[{\"@type\":\"SearchAction\",\"target\":{\"@type\":\"EntryPoint\",\"urlTemplate\":\"https:\/\/mobilus.pl\/?s={search_term_string}\"},\"query-input\":{\"@type\":\"PropertyValueSpecification\",\"valueRequired\":true,\"valueName\":\"search_term_string\"}}],\"inLanguage\":\"de\"},{\"@type\":\"Organization\",\"@id\":\"https:\/\/mobilus.pl\/#organization\",\"name\":\"Mobilus Motor\",\"url\":\"https:\/\/mobilus.pl\/\",\"logo\":{\"@type\":\"ImageObject\",\"inLanguage\":\"de\",\"@id\":\"https:\/\/mobilus.pl\/#\/schema\/logo\/image\/\",\"url\":\"https:\/\/mobilus.pl\/wp-content\/uploads\/2014\/09\/mobilus_2013_small.png\",\"contentUrl\":\"https:\/\/mobilus.pl\/wp-content\/uploads\/2014\/09\/mobilus_2013_small.png\",\"width\":180,\"height\":50,\"caption\":\"Mobilus Motor\"},\"image\":{\"@id\":\"https:\/\/mobilus.pl\/#\/schema\/logo\/image\/\"},\"sameAs\":[\"https:\/\/web.facebook.com\/mobiluspl\/\",\"https:\/\/www.instagram.com\/mobiluspl\/\",\"https:\/\/www.youtube.com\/channel\/UCB6ay8tvzv2HRlpIRqWaZeQ\"]}]}<\/script>\n<!-- \/ Yoast SEO plugin. -->","yoast_head_json":{"title":"[:pl]Deklaracje zgodno\u015bci[:en]declarations of conformity[:de]Konformit\u00e4tserkl\u00e4rungen[:] - Mobilus Motor","robots":{"index":"index","follow":"follow","max-snippet":"max-snippet:-1","max-image-preview":"max-image-preview:large","max-video-preview":"max-video-preview:-1"},"canonical":"https:\/\/mobilus.pl\/deklaracje\/","og_locale":"de_DE","og_type":"article","og_title":"[:pl]Deklaracje zgodno\u015bci[:en]declarations of conformity[:de]Konformit\u00e4tserkl\u00e4rungen[:] - Mobilus Motor","og_description":"[vc_row][vc_column][vc_column_text] Aktuatoren der Serien MR, ERS und MOB.IQ [\/vc_column_text][vc_empty_space][vc_column_text] Aktuatoren der Serien\u00a0M [\/vc_column_text][vc_empty_space][\/vc_column][\/vc_row][vc_row][vc_column css=\".vc_custom_1777283039210{margin-top: 0px !important;}\"][vc_column_text] Aktuatoren der Serien EP [\/vc_column_text][vc_empty_space][vc_column_text] Aktuatoren der Serien\u00a0PR [\/vc_column_text][vc_empty_space][vc_column_text] Aktuatoren der Serien DC [\/vc_column_text][vc_empty_space][vc_column_text] BEDIENELEMENTE UND MODULE [\/vc_column_text][vc_empty_space][\/vc_column][\/vc_row]","og_url":"https:\/\/mobilus.pl\/deklaracje\/","og_site_name":"Mobilus Motor","article_publisher":"https:\/\/web.facebook.com\/mobiluspl\/","article_modified_time":"2026-04-27T11:07:20+00:00","twitter_card":"summary_large_image","twitter_misc":{"Gesch\u00e4tzte Lesezeit":"1\u00a0Minute"},"schema":{"@context":"https:\/\/schema.org","@graph":[{"@type":"WebPage","@id":"https:\/\/mobilus.pl\/deklaracje\/","url":"https:\/\/mobilus.pl\/deklaracje\/","name":"[:pl]Deklaracje zgodno\u015bci[:en]declarations of conformity[:de]Konformit\u00e4tserkl\u00e4rungen[:] - Mobilus Motor","isPartOf":{"@id":"https:\/\/mobilus.pl\/#website"},"datePublished":"2026-04-27T08:14:38+00:00","dateModified":"2026-04-27T11:07:20+00:00","breadcrumb":{"@id":"https:\/\/mobilus.pl\/deklaracje\/#breadcrumb"},"inLanguage":"de","potentialAction":[{"@type":"ReadAction","target":["https:\/\/mobilus.pl\/deklaracje\/"]}]},{"@type":"BreadcrumbList","@id":"https:\/\/mobilus.pl\/deklaracje\/#breadcrumb","itemListElement":[{"@type":"ListItem","position":1,"name":"Strona g\u0142\u00f3wna","item":"https:\/\/mobilus.pl\/"},{"@type":"ListItem","position":2,"name":"Deklaracje zgodno\u015bci"}]},{"@type":"WebSite","@id":"https:\/\/mobilus.pl\/#website","url":"https:\/\/mobilus.pl\/","name":"Mobilus Motor","description":"enjoy the mobility","publisher":{"@id":"https:\/\/mobilus.pl\/#organization"},"potentialAction":[{"@type":"SearchAction","target":{"@type":"EntryPoint","urlTemplate":"https:\/\/mobilus.pl\/?s={search_term_string}"},"query-input":{"@type":"PropertyValueSpecification","valueRequired":true,"valueName":"search_term_string"}}],"inLanguage":"de"},{"@type":"Organization","@id":"https:\/\/mobilus.pl\/#organization","name":"Mobilus Motor","url":"https:\/\/mobilus.pl\/","logo":{"@type":"ImageObject","inLanguage":"de","@id":"https:\/\/mobilus.pl\/#\/schema\/logo\/image\/","url":"https:\/\/mobilus.pl\/wp-content\/uploads\/2014\/09\/mobilus_2013_small.png","contentUrl":"https:\/\/mobilus.pl\/wp-content\/uploads\/2014\/09\/mobilus_2013_small.png","width":180,"height":50,"caption":"Mobilus Motor"},"image":{"@id":"https:\/\/mobilus.pl\/#\/schema\/logo\/image\/"},"sameAs":["https:\/\/web.facebook.com\/mobiluspl\/","https:\/\/www.instagram.com\/mobiluspl\/","https:\/\/www.youtube.com\/channel\/UCB6ay8tvzv2HRlpIRqWaZeQ"]}]}},"_links":{"self":[{"href":"https:\/\/mobilus.pl\/de\/wp-json\/wp\/v2\/pages\/13673"}],"collection":[{"href":"https:\/\/mobilus.pl\/de\/wp-json\/wp\/v2\/pages"}],"about":[{"href":"https:\/\/mobilus.pl\/de\/wp-json\/wp\/v2\/types\/page"}],"author":[{"embeddable":true,"href":"https:\/\/mobilus.pl\/de\/wp-json\/wp\/v2\/users\/1"}],"replies":[{"embeddable":true,"href":"https:\/\/mobilus.pl\/de\/wp-json\/wp\/v2\/comments?post=13673"}],"version-history":[{"count":10,"href":"https:\/\/mobilus.pl\/de\/wp-json\/wp\/v2\/pages\/13673\/revisions"}],"predecessor-version":[{"id":13684,"href":"https:\/\/mobilus.pl\/de\/wp-json\/wp\/v2\/pages\/13673\/revisions\/13684"}],"wp:attachment":[{"href":"https:\/\/mobilus.pl\/de\/wp-json\/wp\/v2\/media?parent=13673"}],"curies":[{"name":"wp","href":"https:\/\/api.w.org\/{rel}","templated":true}]}}