{"id":13429,"date":"2025-02-12T11:08:49","date_gmt":"2025-02-12T11:08:49","guid":{"rendered":"https:\/\/mobilus.pl\/?page_id=13429"},"modified":"2026-03-27T10:53:39","modified_gmt":"2026-03-27T10:53:39","slug":"c-zr-h","status":"publish","type":"page","link":"https:\/\/mobilus.pl\/de\/mobilus-products\/moduly-mobilus\/c-zr-h\/","title":{"rendered":"MOBILUS C-ZR"},"content":{"rendered":"<div class=\"wpb-content-wrapper\">[vc_row el_class=\"he_gray\"][vc_column][vc_column_text el_class=\"clearrr\"]\n<h4><strong><span style=\"color: #ffffff;\">Modu\u0142 C-ZR BT IP44 H<\/span><\/strong><\/h4>\n[\/vc_column_text][\/vc_column][\/vc_row][vc_row][vc_column][vc_row_inner][vc_column_inner width=\"1\/2\"][vc_gallery interval=\"0\" images=\"13431\" img_size=\"large\" onclick=\"\"][vc_facebook][\/vc_column_inner][vc_column_inner width=\"1\/2\"][vc_gallery type=\"image_grid\" images=\"10691,6547,6553,13646\" img_size=\"full\" onclick=\"\"][vc_column_text css=\".vc_custom_1496392440206{margin-top: -15px !important;}\"]\n<h4><strong>Specyfikacja<\/strong><\/h4>\n<ul>\n<li>ODBIORNIK RADIOWY: MO\u017bLIWO\u015a\u0106 RADIOWEJ OBS\u0141UGI \u017bALUZJI ORAZ USTAWIANIA K\u0104TA WYCHYLENIA LAMELI<\/li>\n<li>DWUKIERUNKOWA KOMUNIKACJA COSMO | 2 WAY<\/li>\n<li>DETEKCJA POZYCJI KRA\u0143COWYCH<\/li>\n<li>USTAWIANIE K\u0104TA LAMELI (TYLKO PILOTY: COSMO|HCT, COSMO|HM, COSMO|HB)<\/li>\n<li>ZMIENNY CZAS PODTRZYMANIA PRZEKA\u0179NIK\u00d3W<\/li>\n<li>KOMPATYBILNY ZE Z\u0141\u0104CZAMI HIRSCHMANN<\/li>\n<li>WBUDOWANY REPEATER SYGNA\u0141U<\/li>\n<li>KOD DYNAMICZNY<\/li>\n<li>MODULACJA\u00a0FSK<\/li>\n<li>868 MHz<\/li>\n<li>230 V~\u00a050 Hz<\/li>\n<\/ul>\n[\/vc_column_text]<a href=\"http:\/\/mobilus.pl\/c-zriph\" target=\"_blank\" class=\"button prettyPhoto  default medium simple alignleft\" rel=\"slides[buttonlightbox]\"> Odkryj wi\u0119cej <\/a><div class=\"clearfix\"><\/div><a href=\"http:\/\/mobilus.pl\/files\/techniczne\/CZRH.pdf\" target=\"_blank\" class=\"button prettyPhoto  default medium simple alignleft\" rel=\"slides[buttonlightbox]\"> KARTA TECHNICZNA <\/a><div class=\"clearfix\"><\/div>[\/vc_column_inner][\/vc_row_inner][\/vc_column][\/vc_row][vc_row][vc_column][vc_empty_space height=\"12px\"][\/vc_column][\/vc_row][vc_row][\/vc_row][vc_column][\/vc_column][vc_column_text][vc_column_text css=\".vc_custom_1430895935670{margin-bottom: -1px !important;}\"]\n<h4><strong>OPIS<\/strong><\/h4>\n<p><span style=\"font-size: medium;\"><b>MOBILUS C-ZR BT IP44 H <\/b>jest zdalnie sterowanym modu\u0142em pracuj\u0105cym w systemie <b>COSMO | 2WAY <\/b>. Za jego pomoc\u0105 mo\u017cna podnosi\u0107 i opuszcza\u0107 \u017caluzje, ustawia\u0107 k\u0105t po\u0142o\u017cenia lameli, zdalnie, drog\u0105 radiow\u0105 przy pomocy dedykowanych kontroler\u00f3w z serii COSMO, za pomoc\u0105 centralki domu inteligentnego COSMO | GTW.<\/span><\/p>\n<p><span style=\"font-size: medium;\">Modu\u0142 wsp\u00f3\u0142pracuje z aplikacj\u0105 MOBILUS INSTALATOR, umo\u017cliwiaj\u0105c\u0105 \u0142atw\u0105 konfiguracj\u0119 wszystkich parametr\u00f3w pracy.<\/span><\/p>\n<p><span style=\"font-size: medium;\">Mo\u017cliwo\u015b\u0107 zwi\u0119kszenia zasi\u0119gu sygna\u0142u radiowego dzi\u0119ki zastosowaniu funkcji repeatera sygna\u0142u.<\/span><\/p>\n<p><span style=\"font-size: medium;\">Modu\u0142 przeznaczony do u\u017cycia w dowolnym miejscu, gdzie istnieje potrzeba sterowania \u017caluzjami z nap\u0119dem ze z\u0142\u0105czami Hirschmann.<\/span><\/p>\n<p><span style=\"font-size: medium;\">Dzi\u0119ki u\u017cyciu wysokiej jako\u015bci materia\u0142\u00f3w oraz sta\u0142emu nadzorowi jako\u015bciowemu podczas procesu produkcji, gwarantujemy bezawaryjn\u0105 prac\u0119 urz\u0105dzenia.<\/span><\/p>\n<h5><b>Zainspiruj si\u0119 stw\u00f3rz z nami Inteligentny Dom.<\/b><\/h5>\n<p><strong>Produkcja: Polska<\/strong><br \/>\n<strong>Gwarancja 2 lata<\/strong><\/p>\n<h4><strong>Do pobrania<\/strong><\/h4>\n<div class=\"custom-table custom-table-2\">\n<table width=\"100%\">\n<thead style=\"background-color: #ffffff;\">\n<tr>\n<th style=\"text-align: center;\"><span style=\"color: #1e1e1e;\">\u00a0<span style=\"color: #ffffff;\"> NAZWA PLIKU<\/span><\/span><\/th>\n<th style=\"text-align: center;\"><span style=\"color: #ffffff;\">PL<\/span><\/th>\n<th style=\"text-align: center;\"><span style=\"color: #ffffff;\">ENG<\/span><\/th>\n<th style=\"text-align: center;\"><span style=\"color: #ffffff;\">DE<\/span><\/th>\n<th style=\"text-align: center;\"><span style=\"color: #ffffff;\">FR<\/span><\/th>\n<\/tr>\n<\/thead>\n<tbody>\n<tr>\n<td style=\"text-align: left;\"><strong>\u00a0\u00a0Wczytywanie modu\u0142u COSMO | C-ZR BT IP44 H<\/strong><\/td>\n<td style=\"text-align: center;\"><a href=\"http:\/\/mobilus.pl\/files\/instrukcje\/mobilus_c-zr_bt_ip_h_pl.pdf\"><img loading=\"lazy\" decoding=\"async\" class=\"wp-image-9837 aligncenter\" src=\"https:\/\/mobilus.pl\/wp-content\/uploads\/2016\/11\/ikona_pobierz_v2-300x223.png\" width=\"26\" height=\"19\" srcset=\"https:\/\/mobilus.pl\/wp-content\/uploads\/2016\/11\/ikona_pobierz_v2-300x223.png 300w, https:\/\/mobilus.pl\/wp-content\/uploads\/2016\/11\/ikona_pobierz_v2-768x571.png 768w, https:\/\/mobilus.pl\/wp-content\/uploads\/2016\/11\/ikona_pobierz_v2-1024x761.png 1024w, https:\/\/mobilus.pl\/wp-content\/uploads\/2016\/11\/ikona_pobierz_v2-470x340.png 470w, https:\/\/mobilus.pl\/wp-content\/uploads\/2016\/11\/ikona_pobierz_v2.png 1891w\" sizes=\"(max-width: 26px) 100vw, 26px\" \/><\/a><\/td>\n<td style=\"text-align: center;\"><\/td>\n<td style=\"text-align: center;\"><\/td>\n<td style=\"text-align: center;\"><\/td>\n<\/tr>\n<\/tbody>\n<\/table>\n<\/div>[\/vc_column_text]\n<\/div>","protected":false},"excerpt":{"rendered":"<p>[vc_row el_class=&#8221;he_gray&#8221;][vc_column][vc_column_text el_class=&#8221;clearrr&#8221;]<br \/>\nModu\u0142 C-ZR BT IP44 H<br \/>\n[\/vc_column_text][\/vc_column][\/vc_row][vc_row][vc_column][vc_row_inner][vc_column_inner width=&#8221;1\/2&#8243;][vc_gallery interval=&#8221;0&#8243; images=&#8221;13431&#8243; img_size=&#8221;large&#8221; onclick=&#8221;&#8221;][vc_facebook][\/vc_column_inner][vc_column_inner width=&#8221;1\/2&#8243;][vc_gallery type=&#8221;image_grid&#8221; images=&#8221;10691,6547,6553,13646&#8243; img_size=&#8221;full&#8221; onclick=&#8221;&#8221;][vc_column_text css=&#8221;.vc_custom_1496392440206{margin-top: -15px !important;}&#8221;]<br \/>\nSpecyfikacja<\/p>\n<p>ODBIORNIK RADIOWY: MO\u017bLIWO\u015a\u0106 RADIOWEJ OBS\u0141UGI \u017bALUZJI ORAZ USTAWIANIA K\u0104TA WYCHYLENIA LAMELI<br \/>\nDWUKIERUNKOWA KOMUNIKACJA COSMO | 2 WAY<br \/>\nDETEKCJA POZYCJI KRA\u0143COWYCH<br \/>\nUSTAWIANIE K\u0104TA LAMELI (TYLKO PILOTY: COSMO|HCT, COSMO|HM, COSMO|HB)<br \/>\nZMIENNY CZAS PODTRZYMANIA PRZEKA\u0179NIK\u00d3W<br \/>\nKOMPATYBILNY ZE Z\u0141\u0104CZAMI HIRSCHMANN<br \/>\nWBUDOWANY REPEATER SYGNA\u0141U<br \/>\nKOD DYNAMICZNY<br \/>\nMODULACJA\u00a0FSK<br \/>\n868 MHz<br \/>\n230 V~\u00a050 Hz<\/p>\n<p>[\/vc_column_text][\/vc_column_inner][\/vc_row_inner][\/vc_column][\/vc_row][vc_row][vc_column][vc_empty_space height=&#8221;12px&#8221;][\/vc_column][\/vc_row][vc_row][\/vc_row][vc_column][\/vc_column][vc_column_text][vc_column_text css=&#8221;.vc_custom_1430895935670{margin-bottom: -1px !important;}&#8221;]<br \/>\nOPIS<\/p>\n<p>MOBILUS C-ZR BT IP44 H jest zdalnie sterowanym modu\u0142em pracuj\u0105cym w systemie COSMO | 2WAY . Za jego pomoc\u0105 mo\u017cna podnosi\u0107 i opuszcza\u0107 \u017caluzje, ustawia\u0107 k\u0105t po\u0142o\u017cenia lameli, zdalnie, drog\u0105 radiow\u0105<\/p>\n","protected":false},"author":1,"featured_media":0,"parent":5979,"menu_order":0,"comment_status":"open","ping_status":"closed","template":"page-sidebar-left.php","meta":{"footnotes":""},"class_list":["post-13429","page","type-page","status-publish","hentry","page_keywords-cosmo-2way","page_keywords-dwukierunkowe","page_keywords-moduly-do-rolet","page_keywords-moduly-mobilus","page_keywords-odbiornik-radiowy","page_keywords-sterowanie-zaluzja"],"yoast_head":"<!-- This site is optimized with the Yoast SEO plugin v24.4 - https:\/\/yoast.com\/wordpress\/plugins\/seo\/ -->\n<title>MOBILUS C-ZR - Mobilus Motor<\/title>\n<meta name=\"robots\" content=\"index, follow, max-snippet:-1, max-image-preview:large, max-video-preview:-1\" \/>\n<link rel=\"canonical\" href=\"https:\/\/mobilus.pl\/mobilus-products\/moduly-mobilus\/c-zr-h\/\" \/>\n<meta property=\"og:locale\" content=\"de_DE\" \/>\n<meta property=\"og:type\" content=\"article\" \/>\n<meta property=\"og:title\" content=\"[:pl]MOBILUS C-ZR BT IP44 H[:en]MOBILUS C-ZR[:de]MOBILUS C-ZR[:] - Mobilus Motor\" \/>\n<meta property=\"og:description\" content=\"[vc_row el_class=&quot;he_gray&quot;][vc_column][vc_column_text el_class=&quot;clearrr&quot;] Modu\u0142 C-ZR BT IP44 H [\/vc_column_text][\/vc_column][\/vc_row][vc_row][vc_column][vc_row_inner][vc_column_inner width=&quot;1\/2&quot;][vc_gallery interval=&quot;0&quot; images=&quot;13431&quot; img_size=&quot;large&quot; onclick=&quot;&quot;][vc_facebook][\/vc_column_inner][vc_column_inner width=&quot;1\/2&quot;][vc_gallery type=&quot;image_grid&quot; images=&quot;10691,6547,6553,13646&quot; img_size=&quot;full&quot; onclick=&quot;&quot;][vc_column_text css=&quot;.vc_custom_1496392440206{margin-top: -15px !important;}&quot;] Specyfikacja ODBIORNIK RADIOWY: MO\u017bLIWO\u015a\u0106 RADIOWEJ OBS\u0141UGI \u017bALUZJI ORAZ USTAWIANIA K\u0104TA WYCHYLENIA LAMELI DWUKIERUNKOWA KOMUNIKACJA COSMO | 2 WAY DETEKCJA POZYCJI KRA\u0143COWYCH USTAWIANIE K\u0104TA LAMELI (TYLKO PILOTY: COSMO|HCT, COSMO|HM, COSMO|HB) ZMIENNY CZAS PODTRZYMANIA PRZEKA\u0179NIK\u00d3W KOMPATYBILNY ZE Z\u0141\u0104CZAMI HIRSCHMANN WBUDOWANY REPEATER SYGNA\u0141U KOD DYNAMICZNY MODULACJA\u00a0FSK 868 MHz 230 V~\u00a050 Hz [\/vc_column_text][\/vc_column_inner][\/vc_row_inner][\/vc_column][\/vc_row][vc_row][vc_column][vc_empty_space height=&quot;12px&quot;][\/vc_column][\/vc_row][vc_row][\/vc_row][vc_column][\/vc_column][vc_column_text][vc_column_text css=&quot;.vc_custom_1430895935670{margin-bottom: -1px !important;}&quot;] OPIS MOBILUS C-ZR BT IP44 H jest zdalnie sterowanym modu\u0142em pracuj\u0105cym w systemie COSMO | 2WAY . Za jego pomoc\u0105 mo\u017cna podnosi\u0107 i opuszcza\u0107 \u017caluzje, ustawia\u0107 k\u0105t po\u0142o\u017cenia lameli, zdalnie, drog\u0105 radiow\u0105\" \/>\n<meta property=\"og:url\" content=\"https:\/\/mobilus.pl\/mobilus-products\/moduly-mobilus\/c-zr-h\/\" \/>\n<meta property=\"og:site_name\" content=\"Mobilus Motor\" \/>\n<meta property=\"article:publisher\" content=\"https:\/\/web.facebook.com\/mobiluspl\/\" \/>\n<meta property=\"article:modified_time\" content=\"2026-03-27T10:53:39+00:00\" \/>\n<meta property=\"og:image\" content=\"https:\/\/mobilus.pl\/wp-content\/uploads\/2016\/11\/ikona_pobierz_v2.png\" \/>\n\t<meta property=\"og:image:width\" content=\"1891\" \/>\n\t<meta property=\"og:image:height\" content=\"1405\" \/>\n\t<meta property=\"og:image:type\" content=\"image\/png\" \/>\n<meta name=\"twitter:card\" content=\"summary_large_image\" \/>\n<meta name=\"twitter:label1\" content=\"Gesch\u00e4tzte Lesezeit\" \/>\n\t<meta name=\"twitter:data1\" content=\"2\u00a0Minuten\" \/>\n<script type=\"application\/ld+json\" class=\"yoast-schema-graph\">{\"@context\":\"https:\/\/schema.org\",\"@graph\":[{\"@type\":\"WebPage\",\"@id\":\"https:\/\/mobilus.pl\/mobilus-products\/moduly-mobilus\/c-zr-h\/\",\"url\":\"https:\/\/mobilus.pl\/mobilus-products\/moduly-mobilus\/c-zr-h\/\",\"name\":\"[:pl]MOBILUS C-ZR BT IP44 H[:en]MOBILUS C-ZR[:de]MOBILUS C-ZR[:] - Mobilus Motor\",\"isPartOf\":{\"@id\":\"https:\/\/mobilus.pl\/#website\"},\"primaryImageOfPage\":{\"@id\":\"https:\/\/mobilus.pl\/mobilus-products\/moduly-mobilus\/c-zr-h\/#primaryimage\"},\"image\":{\"@id\":\"https:\/\/mobilus.pl\/mobilus-products\/moduly-mobilus\/c-zr-h\/#primaryimage\"},\"thumbnailUrl\":\"https:\/\/mobilus.pl\/wp-content\/uploads\/2016\/11\/ikona_pobierz_v2-300x223.png\",\"datePublished\":\"2025-02-12T11:08:49+00:00\",\"dateModified\":\"2026-03-27T10:53:39+00:00\",\"breadcrumb\":{\"@id\":\"https:\/\/mobilus.pl\/mobilus-products\/moduly-mobilus\/c-zr-h\/#breadcrumb\"},\"inLanguage\":\"de\",\"potentialAction\":[{\"@type\":\"ReadAction\",\"target\":[\"https:\/\/mobilus.pl\/mobilus-products\/moduly-mobilus\/c-zr-h\/\"]}]},{\"@type\":\"ImageObject\",\"inLanguage\":\"de\",\"@id\":\"https:\/\/mobilus.pl\/mobilus-products\/moduly-mobilus\/c-zr-h\/#primaryimage\",\"url\":\"https:\/\/mobilus.pl\/wp-content\/uploads\/2016\/11\/ikona_pobierz_v2-300x223.png\",\"contentUrl\":\"https:\/\/mobilus.pl\/wp-content\/uploads\/2016\/11\/ikona_pobierz_v2-300x223.png\"},{\"@type\":\"BreadcrumbList\",\"@id\":\"https:\/\/mobilus.pl\/mobilus-products\/moduly-mobilus\/c-zr-h\/#breadcrumb\",\"itemListElement\":[{\"@type\":\"ListItem\",\"position\":1,\"name\":\"Strona g\u0142\u00f3wna\",\"item\":\"https:\/\/mobilus.pl\/\"},{\"@type\":\"ListItem\",\"position\":2,\"name\":\"Produkty &#8211; Mobilus\",\"item\":\"https:\/\/mobilus.pl\/mobilus-products\/\"},{\"@type\":\"ListItem\",\"position\":3,\"name\":\"Modu\u0142y Mobilus\",\"item\":\"https:\/\/mobilus.pl\/mobilus-products\/moduly-mobilus\/\"},{\"@type\":\"ListItem\",\"position\":4,\"name\":\"[:pl]MOBILUS C-ZR BT IP44 H[:en]MOBILUS C-ZR[:de]MOBILUS C-ZR[:]\"}]},{\"@type\":\"WebSite\",\"@id\":\"https:\/\/mobilus.pl\/#website\",\"url\":\"https:\/\/mobilus.pl\/\",\"name\":\"Mobilus Motor\",\"description\":\"enjoy the mobility\",\"publisher\":{\"@id\":\"https:\/\/mobilus.pl\/#organization\"},\"potentialAction\":[{\"@type\":\"SearchAction\",\"target\":{\"@type\":\"EntryPoint\",\"urlTemplate\":\"https:\/\/mobilus.pl\/?s={search_term_string}\"},\"query-input\":{\"@type\":\"PropertyValueSpecification\",\"valueRequired\":true,\"valueName\":\"search_term_string\"}}],\"inLanguage\":\"de\"},{\"@type\":\"Organization\",\"@id\":\"https:\/\/mobilus.pl\/#organization\",\"name\":\"Mobilus Motor\",\"url\":\"https:\/\/mobilus.pl\/\",\"logo\":{\"@type\":\"ImageObject\",\"inLanguage\":\"de\",\"@id\":\"https:\/\/mobilus.pl\/#\/schema\/logo\/image\/\",\"url\":\"https:\/\/mobilus.pl\/wp-content\/uploads\/2014\/09\/mobilus_2013_small.png\",\"contentUrl\":\"https:\/\/mobilus.pl\/wp-content\/uploads\/2014\/09\/mobilus_2013_small.png\",\"width\":180,\"height\":50,\"caption\":\"Mobilus Motor\"},\"image\":{\"@id\":\"https:\/\/mobilus.pl\/#\/schema\/logo\/image\/\"},\"sameAs\":[\"https:\/\/web.facebook.com\/mobiluspl\/\",\"https:\/\/www.instagram.com\/mobiluspl\/\",\"https:\/\/www.youtube.com\/channel\/UCB6ay8tvzv2HRlpIRqWaZeQ\"]}]}<\/script>\n<!-- \/ Yoast SEO plugin. -->","yoast_head_json":{"title":"[:pl]MOBILUS C-ZR BT IP44 H[:en]MOBILUS C-ZR[:de]MOBILUS C-ZR[:] - Mobilus Motor","robots":{"index":"index","follow":"follow","max-snippet":"max-snippet:-1","max-image-preview":"max-image-preview:large","max-video-preview":"max-video-preview:-1"},"canonical":"https:\/\/mobilus.pl\/mobilus-products\/moduly-mobilus\/c-zr-h\/","og_locale":"de_DE","og_type":"article","og_title":"[:pl]MOBILUS C-ZR BT IP44 H[:en]MOBILUS C-ZR[:de]MOBILUS C-ZR[:] - Mobilus Motor","og_description":"[vc_row el_class=\"he_gray\"][vc_column][vc_column_text el_class=\"clearrr\"] Modu\u0142 C-ZR BT IP44 H [\/vc_column_text][\/vc_column][\/vc_row][vc_row][vc_column][vc_row_inner][vc_column_inner width=\"1\/2\"][vc_gallery interval=\"0\" images=\"13431\" img_size=\"large\" onclick=\"\"][vc_facebook][\/vc_column_inner][vc_column_inner width=\"1\/2\"][vc_gallery type=\"image_grid\" images=\"10691,6547,6553,13646\" img_size=\"full\" onclick=\"\"][vc_column_text css=\".vc_custom_1496392440206{margin-top: -15px !important;}\"] Specyfikacja ODBIORNIK RADIOWY: MO\u017bLIWO\u015a\u0106 RADIOWEJ OBS\u0141UGI \u017bALUZJI ORAZ USTAWIANIA K\u0104TA WYCHYLENIA LAMELI DWUKIERUNKOWA KOMUNIKACJA COSMO | 2 WAY DETEKCJA POZYCJI KRA\u0143COWYCH USTAWIANIE K\u0104TA LAMELI (TYLKO PILOTY: COSMO|HCT, COSMO|HM, COSMO|HB) ZMIENNY CZAS PODTRZYMANIA PRZEKA\u0179NIK\u00d3W KOMPATYBILNY ZE Z\u0141\u0104CZAMI HIRSCHMANN WBUDOWANY REPEATER SYGNA\u0141U KOD DYNAMICZNY MODULACJA\u00a0FSK 868 MHz 230 V~\u00a050 Hz [\/vc_column_text][\/vc_column_inner][\/vc_row_inner][\/vc_column][\/vc_row][vc_row][vc_column][vc_empty_space height=\"12px\"][\/vc_column][\/vc_row][vc_row][\/vc_row][vc_column][\/vc_column][vc_column_text][vc_column_text css=\".vc_custom_1430895935670{margin-bottom: -1px !important;}\"] OPIS MOBILUS C-ZR BT IP44 H jest zdalnie sterowanym modu\u0142em pracuj\u0105cym w systemie COSMO | 2WAY . Za jego pomoc\u0105 mo\u017cna podnosi\u0107 i opuszcza\u0107 \u017caluzje, ustawia\u0107 k\u0105t po\u0142o\u017cenia lameli, zdalnie, drog\u0105 radiow\u0105","og_url":"https:\/\/mobilus.pl\/mobilus-products\/moduly-mobilus\/c-zr-h\/","og_site_name":"Mobilus Motor","article_publisher":"https:\/\/web.facebook.com\/mobiluspl\/","article_modified_time":"2026-03-27T10:53:39+00:00","og_image":[{"width":1891,"height":1405,"url":"https:\/\/mobilus.pl\/wp-content\/uploads\/2016\/11\/ikona_pobierz_v2.png","type":"image\/png"}],"twitter_card":"summary_large_image","twitter_misc":{"Gesch\u00e4tzte Lesezeit":"2\u00a0Minuten"},"schema":{"@context":"https:\/\/schema.org","@graph":[{"@type":"WebPage","@id":"https:\/\/mobilus.pl\/mobilus-products\/moduly-mobilus\/c-zr-h\/","url":"https:\/\/mobilus.pl\/mobilus-products\/moduly-mobilus\/c-zr-h\/","name":"[:pl]MOBILUS C-ZR BT IP44 H[:en]MOBILUS C-ZR[:de]MOBILUS C-ZR[:] - Mobilus Motor","isPartOf":{"@id":"https:\/\/mobilus.pl\/#website"},"primaryImageOfPage":{"@id":"https:\/\/mobilus.pl\/mobilus-products\/moduly-mobilus\/c-zr-h\/#primaryimage"},"image":{"@id":"https:\/\/mobilus.pl\/mobilus-products\/moduly-mobilus\/c-zr-h\/#primaryimage"},"thumbnailUrl":"https:\/\/mobilus.pl\/wp-content\/uploads\/2016\/11\/ikona_pobierz_v2-300x223.png","datePublished":"2025-02-12T11:08:49+00:00","dateModified":"2026-03-27T10:53:39+00:00","breadcrumb":{"@id":"https:\/\/mobilus.pl\/mobilus-products\/moduly-mobilus\/c-zr-h\/#breadcrumb"},"inLanguage":"de","potentialAction":[{"@type":"ReadAction","target":["https:\/\/mobilus.pl\/mobilus-products\/moduly-mobilus\/c-zr-h\/"]}]},{"@type":"ImageObject","inLanguage":"de","@id":"https:\/\/mobilus.pl\/mobilus-products\/moduly-mobilus\/c-zr-h\/#primaryimage","url":"https:\/\/mobilus.pl\/wp-content\/uploads\/2016\/11\/ikona_pobierz_v2-300x223.png","contentUrl":"https:\/\/mobilus.pl\/wp-content\/uploads\/2016\/11\/ikona_pobierz_v2-300x223.png"},{"@type":"BreadcrumbList","@id":"https:\/\/mobilus.pl\/mobilus-products\/moduly-mobilus\/c-zr-h\/#breadcrumb","itemListElement":[{"@type":"ListItem","position":1,"name":"Strona g\u0142\u00f3wna","item":"https:\/\/mobilus.pl\/"},{"@type":"ListItem","position":2,"name":"Produkty &#8211; Mobilus","item":"https:\/\/mobilus.pl\/mobilus-products\/"},{"@type":"ListItem","position":3,"name":"Modu\u0142y Mobilus","item":"https:\/\/mobilus.pl\/mobilus-products\/moduly-mobilus\/"},{"@type":"ListItem","position":4,"name":"[:pl]MOBILUS C-ZR BT IP44 H[:en]MOBILUS C-ZR[:de]MOBILUS C-ZR[:]"}]},{"@type":"WebSite","@id":"https:\/\/mobilus.pl\/#website","url":"https:\/\/mobilus.pl\/","name":"Mobilus Motor","description":"enjoy the mobility","publisher":{"@id":"https:\/\/mobilus.pl\/#organization"},"potentialAction":[{"@type":"SearchAction","target":{"@type":"EntryPoint","urlTemplate":"https:\/\/mobilus.pl\/?s={search_term_string}"},"query-input":{"@type":"PropertyValueSpecification","valueRequired":true,"valueName":"search_term_string"}}],"inLanguage":"de"},{"@type":"Organization","@id":"https:\/\/mobilus.pl\/#organization","name":"Mobilus Motor","url":"https:\/\/mobilus.pl\/","logo":{"@type":"ImageObject","inLanguage":"de","@id":"https:\/\/mobilus.pl\/#\/schema\/logo\/image\/","url":"https:\/\/mobilus.pl\/wp-content\/uploads\/2014\/09\/mobilus_2013_small.png","contentUrl":"https:\/\/mobilus.pl\/wp-content\/uploads\/2014\/09\/mobilus_2013_small.png","width":180,"height":50,"caption":"Mobilus Motor"},"image":{"@id":"https:\/\/mobilus.pl\/#\/schema\/logo\/image\/"},"sameAs":["https:\/\/web.facebook.com\/mobiluspl\/","https:\/\/www.instagram.com\/mobiluspl\/","https:\/\/www.youtube.com\/channel\/UCB6ay8tvzv2HRlpIRqWaZeQ"]}]}},"_links":{"self":[{"href":"https:\/\/mobilus.pl\/de\/wp-json\/wp\/v2\/pages\/13429"}],"collection":[{"href":"https:\/\/mobilus.pl\/de\/wp-json\/wp\/v2\/pages"}],"about":[{"href":"https:\/\/mobilus.pl\/de\/wp-json\/wp\/v2\/types\/page"}],"author":[{"embeddable":true,"href":"https:\/\/mobilus.pl\/de\/wp-json\/wp\/v2\/users\/1"}],"replies":[{"embeddable":true,"href":"https:\/\/mobilus.pl\/de\/wp-json\/wp\/v2\/comments?post=13429"}],"version-history":[{"count":8,"href":"https:\/\/mobilus.pl\/de\/wp-json\/wp\/v2\/pages\/13429\/revisions"}],"predecessor-version":[{"id":13657,"href":"https:\/\/mobilus.pl\/de\/wp-json\/wp\/v2\/pages\/13429\/revisions\/13657"}],"up":[{"embeddable":true,"href":"https:\/\/mobilus.pl\/de\/wp-json\/wp\/v2\/pages\/5979"}],"wp:attachment":[{"href":"https:\/\/mobilus.pl\/de\/wp-json\/wp\/v2\/media?parent=13429"}],"curies":[{"name":"wp","href":"https:\/\/api.w.org\/{rel}","templated":true}]}}