{"id":13085,"date":"2023-10-16T12:14:19","date_gmt":"2023-10-16T12:14:19","guid":{"rendered":"https:\/\/mobilus.pl\/?page_id=13085"},"modified":"2024-06-04T08:51:47","modified_gmt":"2024-06-04T08:51:47","slug":"c-sw-2kanalowy","status":"publish","type":"page","link":"https:\/\/mobilus.pl\/de\/mobilus-products\/moduly-mobilus\/c-sw-2kanalowy\/","title":{"rendered":"MOBILUS C-SW-2"},"content":{"rendered":"<div class=\"wpb-content-wrapper\">[vc_row el_class=\"he_gray\"][vc_column][vc_column_text el_class=\"clearrr\"]\n<h4><strong><span style=\"color: #ffffff;\">MOBILUS C-SW-2<\/span><\/strong><\/h4>\n[\/vc_column_text][\/vc_column][\/vc_row][vc_row][vc_column][vc_column_text]\n[\/vc_column_text][\/vc_column][\/vc_row][vc_row][vc_column][vc_row_inner][vc_column_inner width=\"1\/2\"][vc_gallery interval=\"5\" images=\"13089\" img_size=\"large\" onclick=\"\"][vc_facebook][\/vc_column_inner][vc_column_inner width=\"1\/2\"][vc_gallery type=\"image_grid\" images=\"10691,6547,6553\" img_size=\"full\" onclick=\"\"][vc_column_text css=\".vc_custom_1459870123803{margin-top: -15px !important;}\"]\n<h4><strong>Spezifikation<\/strong><\/h4>\n<ul>\n<li>BI-DIRECTIONAL KOMMUNIKATION COSMO | 2WAY<\/li>\n<li>EMPF\u00c4NGERLEISTUNG: BIS 0,9 kW<\/li>\n<li>EINGEBAUTER SIGNAL-REPEATER<\/li>\n<li>DYNAMISCHER CODE<\/li>\n<li>FSK MODULATION<\/li>\n<li>868 MHz<\/li>\n<li>230 V~\u00a050 Hz<\/li>\n<\/ul>\n[\/vc_column_text][\/vc_column_inner][\/vc_row_inner][\/vc_column][\/vc_row][vc_row][vc_column][vc_empty_space height=\"12px\"][\/vc_column][\/vc_row][vc_row][\/vc_row][vc_column][\/vc_column][vc_column_text]\n<h4><strong>Beschreibung<\/strong><\/h4>\n<p><span style=\"font-size: medium;\">MOBILUS C-SW-2 ist ein b\u00fcndig montiertes Radiomodul zur Steuerung (Ein \/ Aus) elektrischer Empf\u00e4nger mit einer Leistung von bis zu 0,9 kW, z.B.: Innen- und Au\u00dfenbeleuchtung, Magnetventil, Gartensprinkler.<\/span><\/p>\n<p><span style=\"font-size: medium;\"><b>Die 2-Kanal-Version des Moduls erm\u00f6glicht es Ihnen, zwei Ger\u00e4te, z.B. zwei Lichtquellen, gleichzeitig anzuschlie\u00dfen und zu steuern. Die Ger\u00e4te werden \u00fcber COSMO-Fernbedienungen bedient.<\/b><\/span><\/p>\n<p><span style=\"font-size: medium;\">Der <b>MOBILUS C-SW-2<\/b> Empf\u00e4nger wird per Funk \u00fcber das <b>COSMO | GTW<\/b> Anlaufstelle und alle COSMO-Fernbedienungen mit <b>COSMO | 2WAY<\/b> bidirektionaler Kommunikationstechnik bedient.<\/span><\/p>\n<p><span style=\"font-size: medium;\">M\u00f6glichkeit zum Ein- und Ausschalten von Funkempf\u00e4ngern von 0,9 kW, z.B. Gartensprinkler-Magnetventil.<\/span><\/p>\n<p><span style=\"font-size: medium;\">F\u00e4higkeit, die Reichweite zu erh\u00f6hen, indem die Repeater-Funktion verwendet wird.<\/span><\/p>\n<p><span style=\"font-size: medium;\">Das Modul ist f\u00fcr die Arbeit in einer Unterputzblechdose geeignet.<\/span><\/p>\n<h5><b>Lass dich inspirieren. Erstellen Sie ein Smart Home mit uns.<\/b><\/h5>\n<p><strong>Fabrikation: Polen<\/strong><br \/>\n<strong>Garantie: 2 jahre<\/strong><\/p>\n<h4><strong>Downloads<\/strong><\/h4>\n<div class=\"custom-table custom-table-2\">\n<table width=\"100%\">\n<thead style=\"background-color: #ffffff;\">\n<tr>\n<th style=\"text-align: center;\"><span style=\"color: #ffffff;\">\u00a0 LISTE DER DATELINE<\/span><\/th>\n<th style=\"text-align: center;\"><span style=\"color: #ffffff;\">PL<\/span><\/th>\n<th style=\"text-align: center;\"><span style=\"color: #ffffff;\">ENG<\/span><\/th>\n<th style=\"text-align: center;\"><span style=\"color: #ffffff;\">DE<\/span><\/th>\n<th style=\"text-align: center;\"><span style=\"color: #ffffff;\">FR<\/span><\/th>\n<\/tr>\n<\/thead>\n<tbody>\n<tr>\n<td style=\"text-align: left;\"><strong>\u00a0\u00a0Bedienungsanleitung modul MOBILUS C-SW-2<\/strong><\/td>\n<td style=\"text-align: center;\"><a href=\"http:\/\/mobilus.pl\/files\/instrukcje\/mobilus_c-sw2_pl.pdf\"><img loading=\"lazy\" decoding=\"async\" class=\"wp-image-9837 aligncenter\" src=\"https:\/\/mobilus.pl\/wp-content\/uploads\/2016\/11\/ikona_pobierz_v2-300x223.png\" width=\"26\" height=\"19\" srcset=\"https:\/\/mobilus.pl\/wp-content\/uploads\/2016\/11\/ikona_pobierz_v2-300x223.png 300w, https:\/\/mobilus.pl\/wp-content\/uploads\/2016\/11\/ikona_pobierz_v2-768x571.png 768w, https:\/\/mobilus.pl\/wp-content\/uploads\/2016\/11\/ikona_pobierz_v2-1024x761.png 1024w, https:\/\/mobilus.pl\/wp-content\/uploads\/2016\/11\/ikona_pobierz_v2-470x340.png 470w, https:\/\/mobilus.pl\/wp-content\/uploads\/2016\/11\/ikona_pobierz_v2.png 1891w\" sizes=\"(max-width: 26px) 100vw, 26px\" \/><\/a><\/td>\n<td style=\"text-align: center;\"><a href=\"http:\/\/mobilus.pl\/files\/instrukcje\/mobilus_c-sw2_eng.pdf\"><img loading=\"lazy\" decoding=\"async\" class=\"wp-image-9837 aligncenter\" src=\"https:\/\/mobilus.pl\/wp-content\/uploads\/2016\/11\/ikona_pobierz_v2-300x223.png\" width=\"26\" height=\"19\" srcset=\"https:\/\/mobilus.pl\/wp-content\/uploads\/2016\/11\/ikona_pobierz_v2-300x223.png 300w, https:\/\/mobilus.pl\/wp-content\/uploads\/2016\/11\/ikona_pobierz_v2-768x571.png 768w, https:\/\/mobilus.pl\/wp-content\/uploads\/2016\/11\/ikona_pobierz_v2-1024x761.png 1024w, https:\/\/mobilus.pl\/wp-content\/uploads\/2016\/11\/ikona_pobierz_v2-470x340.png 470w, https:\/\/mobilus.pl\/wp-content\/uploads\/2016\/11\/ikona_pobierz_v2.png 1891w\" sizes=\"(max-width: 26px) 100vw, 26px\" \/><\/a><\/td>\n<td style=\"text-align: center;\"><\/td>\n<td style=\"text-align: center;\"><\/td>\n<\/tr>\n<\/tbody>\n<\/table>\n<\/div>\n[\/vc_column_text]\n<\/div>","protected":false},"excerpt":{"rendered":"<p>[vc_row el_class=&#8221;he_gray&#8221;][vc_column][vc_column_text el_class=&#8221;clearrr&#8221;]<br \/>\nMOBILUS C-SW-2<br \/>\n[\/vc_column_text][\/vc_column][\/vc_row][vc_row][vc_column][vc_column_text]<br \/>\n[\/vc_column_text][\/vc_column][\/vc_row][vc_row][vc_column][vc_row_inner][vc_column_inner width=&#8221;1\/2&#8243;][vc_gallery interval=&#8221;5&#8243; images=&#8221;13089&#8243; img_size=&#8221;large&#8221; onclick=&#8221;&#8221;][vc_facebook][\/vc_column_inner][vc_column_inner width=&#8221;1\/2&#8243;][vc_gallery type=&#8221;image_grid&#8221; images=&#8221;10691,6547,6553&#8243; img_size=&#8221;full&#8221; onclick=&#8221;&#8221;][vc_column_text css=&#8221;.vc_custom_1459870123803{margin-top: -15px !important;}&#8221;]<br \/>\nSpezifikation<\/p>\n<p>BI-DIRECTIONAL KOMMUNIKATION COSMO | 2WAY<br \/>\nEMPF\u00c4NGERLEISTUNG: BIS 0,9 kW<br \/>\nEINGEBAUTER SIGNAL-REPEATER<br \/>\nDYNAMISCHER CODE<br \/>\nFSK MODULATION<br \/>\n868 MHz<br \/>\n230 V~\u00a050 Hz<\/p>\n<p>[\/vc_column_text][\/vc_column_inner][\/vc_row_inner][\/vc_column][\/vc_row][vc_row][vc_column][vc_empty_space height=&#8221;12px&#8221;][\/vc_column][\/vc_row][vc_row][\/vc_row][vc_column][\/vc_column][vc_column_text]<br \/>\nBeschreibung<\/p>\n<p>MOBILUS C-SW-2 ist ein b\u00fcndig montiertes Radiomodul zur Steuerung (Ein \/ Aus) elektrischer Empf\u00e4nger mit einer Leistung von bis zu 0,9 kW, z.B.: Innen- und Au\u00dfenbeleuchtung, Magnetventil, Gartensprinkler.<\/p>\n<p>Die 2-Kanal-Version des Moduls erm\u00f6glicht es Ihnen, zwei Ger\u00e4te, z.B. zwei Lichtquellen, gleichzeitig anzuschlie\u00dfen und zu steuern. Die Ger\u00e4te werden \u00fcber COSMO-Fernbedienungen bedient.<\/p>\n<p>Der MOBILUS C-SW-2 Empf\u00e4nger wird per Funk \u00fcber das COSMO |<\/p>\n","protected":false},"author":1,"featured_media":0,"parent":5979,"menu_order":0,"comment_status":"open","ping_status":"closed","template":"page-sidebar-left.php","meta":{"footnotes":""},"class_list":["post-13085","page","type-page","status-publish","hentry","page_keywords-cosmo-2way","page_keywords-dwukierunkowe","page_keywords-moduly-mobilus","page_keywords-odbiornik-radiowy","page_keywords-on-off","page_keywords-sterowanie-oswietleniem"],"yoast_head":"<!-- This site is optimized with the Yoast SEO plugin v24.4 - https:\/\/yoast.com\/wordpress\/plugins\/seo\/ -->\n<title>MOBILUS C-SW-2 - Mobilus Motor<\/title>\n<meta name=\"robots\" content=\"index, follow, max-snippet:-1, max-image-preview:large, max-video-preview:-1\" \/>\n<link rel=\"canonical\" href=\"https:\/\/mobilus.pl\/mobilus-products\/moduly-mobilus\/c-sw-2kanalowy\/\" \/>\n<meta property=\"og:locale\" content=\"de_DE\" \/>\n<meta property=\"og:type\" content=\"article\" \/>\n<meta property=\"og:title\" content=\"MOBILUS C-SW-2 - Mobilus Motor\" \/>\n<meta property=\"og:description\" content=\"[vc_row el_class=&quot;he_gray&quot;][vc_column][vc_column_text el_class=&quot;clearrr&quot;] MOBILUS C-SW-2 [\/vc_column_text][\/vc_column][\/vc_row][vc_row][vc_column][vc_column_text] [\/vc_column_text][\/vc_column][\/vc_row][vc_row][vc_column][vc_row_inner][vc_column_inner width=&quot;1\/2&quot;][vc_gallery interval=&quot;5&quot; images=&quot;13089&quot; img_size=&quot;large&quot; onclick=&quot;&quot;][vc_facebook][\/vc_column_inner][vc_column_inner width=&quot;1\/2&quot;][vc_gallery type=&quot;image_grid&quot; images=&quot;10691,6547,6553&quot; img_size=&quot;full&quot; onclick=&quot;&quot;][vc_column_text css=&quot;.vc_custom_1459870123803{margin-top: -15px !important;}&quot;] Spezifikation BI-DIRECTIONAL KOMMUNIKATION COSMO | 2WAY EMPF\u00c4NGERLEISTUNG: BIS 0,9 kW EINGEBAUTER SIGNAL-REPEATER DYNAMISCHER CODE FSK MODULATION 868 MHz 230 V~\u00a050 Hz [\/vc_column_text][\/vc_column_inner][\/vc_row_inner][\/vc_column][\/vc_row][vc_row][vc_column][vc_empty_space height=&quot;12px&quot;][\/vc_column][\/vc_row][vc_row][\/vc_row][vc_column][\/vc_column][vc_column_text] Beschreibung MOBILUS C-SW-2 ist ein b\u00fcndig montiertes Radiomodul zur Steuerung (Ein \/ Aus) elektrischer Empf\u00e4nger mit einer Leistung von bis zu 0,9 kW, z.B.: Innen- und Au\u00dfenbeleuchtung, Magnetventil, Gartensprinkler. Die 2-Kanal-Version des Moduls erm\u00f6glicht es Ihnen, zwei Ger\u00e4te, z.B. zwei Lichtquellen, gleichzeitig anzuschlie\u00dfen und zu steuern. Die Ger\u00e4te werden \u00fcber COSMO-Fernbedienungen bedient. Der MOBILUS C-SW-2 Empf\u00e4nger wird per Funk \u00fcber das COSMO |\" \/>\n<meta property=\"og:url\" content=\"https:\/\/mobilus.pl\/mobilus-products\/moduly-mobilus\/c-sw-2kanalowy\/\" \/>\n<meta property=\"og:site_name\" content=\"Mobilus Motor\" \/>\n<meta property=\"article:publisher\" content=\"https:\/\/web.facebook.com\/mobiluspl\/\" \/>\n<meta property=\"article:modified_time\" content=\"2024-06-04T08:51:47+00:00\" \/>\n<meta property=\"og:image\" content=\"https:\/\/mobilus.pl\/wp-content\/uploads\/2016\/11\/ikona_pobierz_v2-300x223.png\" \/>\n<meta name=\"twitter:card\" content=\"summary_large_image\" \/>\n<meta name=\"twitter:label1\" content=\"Gesch\u00e4tzte Lesezeit\" \/>\n\t<meta name=\"twitter:data1\" content=\"2\u00a0Minuten\" \/>\n<script type=\"application\/ld+json\" class=\"yoast-schema-graph\">{\"@context\":\"https:\/\/schema.org\",\"@graph\":[{\"@type\":\"WebPage\",\"@id\":\"https:\/\/mobilus.pl\/mobilus-products\/moduly-mobilus\/c-sw-2kanalowy\/\",\"url\":\"https:\/\/mobilus.pl\/mobilus-products\/moduly-mobilus\/c-sw-2kanalowy\/\",\"name\":\"MOBILUS C-SW-2 - Mobilus Motor\",\"isPartOf\":{\"@id\":\"https:\/\/mobilus.pl\/#website\"},\"primaryImageOfPage\":{\"@id\":\"https:\/\/mobilus.pl\/mobilus-products\/moduly-mobilus\/c-sw-2kanalowy\/#primaryimage\"},\"image\":{\"@id\":\"https:\/\/mobilus.pl\/mobilus-products\/moduly-mobilus\/c-sw-2kanalowy\/#primaryimage\"},\"thumbnailUrl\":\"https:\/\/mobilus.pl\/wp-content\/uploads\/2016\/11\/ikona_pobierz_v2-300x223.png\",\"datePublished\":\"2023-10-16T12:14:19+00:00\",\"dateModified\":\"2024-06-04T08:51:47+00:00\",\"breadcrumb\":{\"@id\":\"https:\/\/mobilus.pl\/mobilus-products\/moduly-mobilus\/c-sw-2kanalowy\/#breadcrumb\"},\"inLanguage\":\"de\",\"potentialAction\":[{\"@type\":\"ReadAction\",\"target\":[\"https:\/\/mobilus.pl\/mobilus-products\/moduly-mobilus\/c-sw-2kanalowy\/\"]}]},{\"@type\":\"ImageObject\",\"inLanguage\":\"de\",\"@id\":\"https:\/\/mobilus.pl\/mobilus-products\/moduly-mobilus\/c-sw-2kanalowy\/#primaryimage\",\"url\":\"https:\/\/mobilus.pl\/wp-content\/uploads\/2016\/11\/ikona_pobierz_v2-300x223.png\",\"contentUrl\":\"https:\/\/mobilus.pl\/wp-content\/uploads\/2016\/11\/ikona_pobierz_v2-300x223.png\"},{\"@type\":\"BreadcrumbList\",\"@id\":\"https:\/\/mobilus.pl\/mobilus-products\/moduly-mobilus\/c-sw-2kanalowy\/#breadcrumb\",\"itemListElement\":[{\"@type\":\"ListItem\",\"position\":1,\"name\":\"Strona g\u0142\u00f3wna\",\"item\":\"https:\/\/mobilus.pl\/\"},{\"@type\":\"ListItem\",\"position\":2,\"name\":\"Produkty &#8211; Mobilus\",\"item\":\"https:\/\/mobilus.pl\/mobilus-products\/\"},{\"@type\":\"ListItem\",\"position\":3,\"name\":\"Modu\u0142y Mobilus\",\"item\":\"https:\/\/mobilus.pl\/mobilus-products\/moduly-mobilus\/\"},{\"@type\":\"ListItem\",\"position\":4,\"name\":\"MOBILUS C-SW-2\"}]},{\"@type\":\"WebSite\",\"@id\":\"https:\/\/mobilus.pl\/#website\",\"url\":\"https:\/\/mobilus.pl\/\",\"name\":\"Mobilus Motor\",\"description\":\"enjoy the mobility\",\"publisher\":{\"@id\":\"https:\/\/mobilus.pl\/#organization\"},\"potentialAction\":[{\"@type\":\"SearchAction\",\"target\":{\"@type\":\"EntryPoint\",\"urlTemplate\":\"https:\/\/mobilus.pl\/?s={search_term_string}\"},\"query-input\":{\"@type\":\"PropertyValueSpecification\",\"valueRequired\":true,\"valueName\":\"search_term_string\"}}],\"inLanguage\":\"de\"},{\"@type\":\"Organization\",\"@id\":\"https:\/\/mobilus.pl\/#organization\",\"name\":\"Mobilus Motor\",\"url\":\"https:\/\/mobilus.pl\/\",\"logo\":{\"@type\":\"ImageObject\",\"inLanguage\":\"de\",\"@id\":\"https:\/\/mobilus.pl\/#\/schema\/logo\/image\/\",\"url\":\"https:\/\/mobilus.pl\/wp-content\/uploads\/2014\/09\/mobilus_2013_small.png\",\"contentUrl\":\"https:\/\/mobilus.pl\/wp-content\/uploads\/2014\/09\/mobilus_2013_small.png\",\"width\":180,\"height\":50,\"caption\":\"Mobilus Motor\"},\"image\":{\"@id\":\"https:\/\/mobilus.pl\/#\/schema\/logo\/image\/\"},\"sameAs\":[\"https:\/\/web.facebook.com\/mobiluspl\/\",\"https:\/\/www.instagram.com\/mobiluspl\/\",\"https:\/\/www.youtube.com\/channel\/UCB6ay8tvzv2HRlpIRqWaZeQ\"]}]}<\/script>\n<!-- \/ Yoast SEO plugin. -->","yoast_head_json":{"title":"MOBILUS C-SW-2 - Mobilus Motor","robots":{"index":"index","follow":"follow","max-snippet":"max-snippet:-1","max-image-preview":"max-image-preview:large","max-video-preview":"max-video-preview:-1"},"canonical":"https:\/\/mobilus.pl\/mobilus-products\/moduly-mobilus\/c-sw-2kanalowy\/","og_locale":"de_DE","og_type":"article","og_title":"MOBILUS C-SW-2 - Mobilus Motor","og_description":"[vc_row el_class=\"he_gray\"][vc_column][vc_column_text el_class=\"clearrr\"] MOBILUS C-SW-2 [\/vc_column_text][\/vc_column][\/vc_row][vc_row][vc_column][vc_column_text] [\/vc_column_text][\/vc_column][\/vc_row][vc_row][vc_column][vc_row_inner][vc_column_inner width=\"1\/2\"][vc_gallery interval=\"5\" images=\"13089\" img_size=\"large\" onclick=\"\"][vc_facebook][\/vc_column_inner][vc_column_inner width=\"1\/2\"][vc_gallery type=\"image_grid\" images=\"10691,6547,6553\" img_size=\"full\" onclick=\"\"][vc_column_text css=\".vc_custom_1459870123803{margin-top: -15px !important;}\"] Spezifikation BI-DIRECTIONAL KOMMUNIKATION COSMO | 2WAY EMPF\u00c4NGERLEISTUNG: BIS 0,9 kW EINGEBAUTER SIGNAL-REPEATER DYNAMISCHER CODE FSK MODULATION 868 MHz 230 V~\u00a050 Hz [\/vc_column_text][\/vc_column_inner][\/vc_row_inner][\/vc_column][\/vc_row][vc_row][vc_column][vc_empty_space height=\"12px\"][\/vc_column][\/vc_row][vc_row][\/vc_row][vc_column][\/vc_column][vc_column_text] Beschreibung MOBILUS C-SW-2 ist ein b\u00fcndig montiertes Radiomodul zur Steuerung (Ein \/ Aus) elektrischer Empf\u00e4nger mit einer Leistung von bis zu 0,9 kW, z.B.: Innen- und Au\u00dfenbeleuchtung, Magnetventil, Gartensprinkler. Die 2-Kanal-Version des Moduls erm\u00f6glicht es Ihnen, zwei Ger\u00e4te, z.B. zwei Lichtquellen, gleichzeitig anzuschlie\u00dfen und zu steuern. Die Ger\u00e4te werden \u00fcber COSMO-Fernbedienungen bedient. Der MOBILUS C-SW-2 Empf\u00e4nger wird per Funk \u00fcber das COSMO |","og_url":"https:\/\/mobilus.pl\/mobilus-products\/moduly-mobilus\/c-sw-2kanalowy\/","og_site_name":"Mobilus Motor","article_publisher":"https:\/\/web.facebook.com\/mobiluspl\/","article_modified_time":"2024-06-04T08:51:47+00:00","og_image":[{"url":"https:\/\/mobilus.pl\/wp-content\/uploads\/2016\/11\/ikona_pobierz_v2-300x223.png","type":"","width":"","height":""}],"twitter_card":"summary_large_image","twitter_misc":{"Gesch\u00e4tzte Lesezeit":"2\u00a0Minuten"},"schema":{"@context":"https:\/\/schema.org","@graph":[{"@type":"WebPage","@id":"https:\/\/mobilus.pl\/mobilus-products\/moduly-mobilus\/c-sw-2kanalowy\/","url":"https:\/\/mobilus.pl\/mobilus-products\/moduly-mobilus\/c-sw-2kanalowy\/","name":"MOBILUS C-SW-2 - Mobilus Motor","isPartOf":{"@id":"https:\/\/mobilus.pl\/#website"},"primaryImageOfPage":{"@id":"https:\/\/mobilus.pl\/mobilus-products\/moduly-mobilus\/c-sw-2kanalowy\/#primaryimage"},"image":{"@id":"https:\/\/mobilus.pl\/mobilus-products\/moduly-mobilus\/c-sw-2kanalowy\/#primaryimage"},"thumbnailUrl":"https:\/\/mobilus.pl\/wp-content\/uploads\/2016\/11\/ikona_pobierz_v2-300x223.png","datePublished":"2023-10-16T12:14:19+00:00","dateModified":"2024-06-04T08:51:47+00:00","breadcrumb":{"@id":"https:\/\/mobilus.pl\/mobilus-products\/moduly-mobilus\/c-sw-2kanalowy\/#breadcrumb"},"inLanguage":"de","potentialAction":[{"@type":"ReadAction","target":["https:\/\/mobilus.pl\/mobilus-products\/moduly-mobilus\/c-sw-2kanalowy\/"]}]},{"@type":"ImageObject","inLanguage":"de","@id":"https:\/\/mobilus.pl\/mobilus-products\/moduly-mobilus\/c-sw-2kanalowy\/#primaryimage","url":"https:\/\/mobilus.pl\/wp-content\/uploads\/2016\/11\/ikona_pobierz_v2-300x223.png","contentUrl":"https:\/\/mobilus.pl\/wp-content\/uploads\/2016\/11\/ikona_pobierz_v2-300x223.png"},{"@type":"BreadcrumbList","@id":"https:\/\/mobilus.pl\/mobilus-products\/moduly-mobilus\/c-sw-2kanalowy\/#breadcrumb","itemListElement":[{"@type":"ListItem","position":1,"name":"Strona g\u0142\u00f3wna","item":"https:\/\/mobilus.pl\/"},{"@type":"ListItem","position":2,"name":"Produkty &#8211; Mobilus","item":"https:\/\/mobilus.pl\/mobilus-products\/"},{"@type":"ListItem","position":3,"name":"Modu\u0142y Mobilus","item":"https:\/\/mobilus.pl\/mobilus-products\/moduly-mobilus\/"},{"@type":"ListItem","position":4,"name":"MOBILUS C-SW-2"}]},{"@type":"WebSite","@id":"https:\/\/mobilus.pl\/#website","url":"https:\/\/mobilus.pl\/","name":"Mobilus Motor","description":"enjoy the mobility","publisher":{"@id":"https:\/\/mobilus.pl\/#organization"},"potentialAction":[{"@type":"SearchAction","target":{"@type":"EntryPoint","urlTemplate":"https:\/\/mobilus.pl\/?s={search_term_string}"},"query-input":{"@type":"PropertyValueSpecification","valueRequired":true,"valueName":"search_term_string"}}],"inLanguage":"de"},{"@type":"Organization","@id":"https:\/\/mobilus.pl\/#organization","name":"Mobilus Motor","url":"https:\/\/mobilus.pl\/","logo":{"@type":"ImageObject","inLanguage":"de","@id":"https:\/\/mobilus.pl\/#\/schema\/logo\/image\/","url":"https:\/\/mobilus.pl\/wp-content\/uploads\/2014\/09\/mobilus_2013_small.png","contentUrl":"https:\/\/mobilus.pl\/wp-content\/uploads\/2014\/09\/mobilus_2013_small.png","width":180,"height":50,"caption":"Mobilus Motor"},"image":{"@id":"https:\/\/mobilus.pl\/#\/schema\/logo\/image\/"},"sameAs":["https:\/\/web.facebook.com\/mobiluspl\/","https:\/\/www.instagram.com\/mobiluspl\/","https:\/\/www.youtube.com\/channel\/UCB6ay8tvzv2HRlpIRqWaZeQ"]}]}},"_links":{"self":[{"href":"https:\/\/mobilus.pl\/de\/wp-json\/wp\/v2\/pages\/13085"}],"collection":[{"href":"https:\/\/mobilus.pl\/de\/wp-json\/wp\/v2\/pages"}],"about":[{"href":"https:\/\/mobilus.pl\/de\/wp-json\/wp\/v2\/types\/page"}],"author":[{"embeddable":true,"href":"https:\/\/mobilus.pl\/de\/wp-json\/wp\/v2\/users\/1"}],"replies":[{"embeddable":true,"href":"https:\/\/mobilus.pl\/de\/wp-json\/wp\/v2\/comments?post=13085"}],"version-history":[{"count":3,"href":"https:\/\/mobilus.pl\/de\/wp-json\/wp\/v2\/pages\/13085\/revisions"}],"predecessor-version":[{"id":13265,"href":"https:\/\/mobilus.pl\/de\/wp-json\/wp\/v2\/pages\/13085\/revisions\/13265"}],"up":[{"embeddable":true,"href":"https:\/\/mobilus.pl\/de\/wp-json\/wp\/v2\/pages\/5979"}],"wp:attachment":[{"href":"https:\/\/mobilus.pl\/de\/wp-json\/wp\/v2\/media?parent=13085"}],"curies":[{"name":"wp","href":"https:\/\/api.w.org\/{rel}","templated":true}]}}