{"id":12731,"date":"2022-02-09T09:24:29","date_gmt":"2022-02-09T09:24:29","guid":{"rendered":"https:\/\/mobilus.pl\/?page_id=12731"},"modified":"2024-05-27T10:38:34","modified_gmt":"2024-05-27T10:38:34","slug":"s-wl","status":"publish","type":"page","link":"https:\/\/mobilus.pl\/de\/mobilus-products\/czujniki-mobilus\/s-wl\/","title":{"rendered":"MOBILUS S-WL"},"content":{"rendered":"<div class=\"wpb-content-wrapper\">[vc_row el_class=\"he_gray\"][vc_column][vc_column_text el_class=\"clearrr\"]\n<h4><strong><span style=\"color: #ffffff;\">Sensor S-WL<\/span><\/strong><\/h4>\n[\/vc_column_text][\/vc_column][\/vc_row][vc_row][vc_column][vc_row_inner][vc_column_inner width=\"1\/2\"][vc_gallery interval=\"5\" images=\"12750,12751\" img_size=\"large\" onclick=\"\"][vc_facebook][\/vc_column_inner][vc_column_inner width=\"1\/2\"][vc_gallery type=\"image_grid\" images=\"6547\" img_size=\"full\" onclick=\"\"][vc_column_text css=\".vc_custom_1496391868755{margin-top: -15px !important;}\"]\n<h4><strong>Spezifikation<\/strong><\/h4>\n<ul>\n<li>ECHTZEIT-ERKENNUNG VON WINDGESCHWINDIGKEIT UND LICHTINTENSIT\u00c4T<\/li>\n<li>EINWEGKOMMUNIKATION COSMO | 2WAY READY<\/li>\n<li>SCHUTZGRAD: IP44<\/li>\n<li>ZASILANIE: EINGEBAUTES SOLARPANEL UND LITHIUMBATTERIE (3.7V, 180mAh)<\/li>\n<li>ARBEITSTEMPERATUR: -20\u00b0C bis 60\u00b0C<\/li>\n<li>LED-ANZEIGE<\/li>\n<li>DYNAMISCHER CODE<\/li>\n<li>868 MHz<\/li>\n<li>ABMESSUNGEN: 22 x 120 x 55 mm<\/li>\n<\/ul>\n[\/vc_column_text][\/vc_column_inner][\/vc_row_inner][\/vc_column][\/vc_row][vc_row][vc_column][vc_empty_space height=\"12px\"][\/vc_column][\/vc_row][vc_row][vc_column][\/vc_column][vc_column_text][vc_column_text css=\".vc_custom_1430895935670{margin-bottom: -1px !important;}\"]\n<h4><strong>Beschreibung<\/strong><\/h4>\n<p><span style=\"font-size: medium;\">Sensor <strong>MOBILUS S-WL<\/strong> \u00a0Es wird verwendet, um die Windst\u00e4rke und das Sonnenlicht zu \u00fcberwachen. Jede Wind- und Lichtintensit\u00e4tsstufe wird aufgezeichnet, wodurch Sie zus\u00e4tzliche Automatisierung Ihrer Abdeckungen (z. B. Markise, Fassadenjalousien) erhalten.<\/span><\/p>\n<p><span style=\"font-size: medium;\">Der Sensor hat 7 Stufen der Windempfindlichkeit und 7 Stufen der Sonnenlichtintensit\u00e4t.<br \/>\nSie k\u00f6nnen den Sensor so einstellen, dass sich die Markise bei starkem Wind zu kr\u00e4useln beginnt. Dank dessen wird es sie vor Sch\u00e4den sch\u00fctzen.<br \/>\nAuf der anderen Seite wird die starke s\u00fcdliche Sonne dazu f\u00fchren, dass sich die mit dem Sensor verbundene Markise entwickelt.<\/span><\/p>\n<h5><b>Lassen Sie sich inspirieren, mit uns ein Smart Home zu schaffen.<\/b><\/h5>\n<p><strong>Garantie 2 Jahre<\/strong><\/p>\n<h4><strong>DOWNLOADS<\/strong><\/h4>\n<div class=\"custom-table custom-table-2\">\n<table width=\"100%\">\n<thead style=\"background-color: #ffffff;\">\n<tr>\n<th style=\"text-align: center;\"><span style=\"color: #ffffff;\">\u00a0 LISTE DER DATELINE<\/span><\/th>\n<th style=\"text-align: center;\"><span style=\"color: #ffffff;\">PL<\/span><\/th>\n<th style=\"text-align: center;\"><span style=\"color: #ffffff;\">ENG<\/span><\/th>\n<th style=\"text-align: center;\"><span style=\"color: #ffffff;\">DE<\/span><\/th>\n<th style=\"text-align: center;\"><span style=\"color: #ffffff;\">FR<\/span><\/th>\n<\/tr>\n<\/thead>\n<tbody>\n<tr>\n<td style=\"text-align: left;\"><strong>\u00a0\u00a0Bedienungsanleitung des Sensors Mobilus S-WL<\/strong><\/td>\n<td style=\"text-align: center;\"><a href=\"http:\/\/mobilus.pl\/files\/instrukcje\/mobilus_s-wl_pl.pdf\"><img loading=\"lazy\" decoding=\"async\" class=\"aligncenter wp-image-9837\" src=\"https:\/\/mobilus.pl\/wp-content\/uploads\/2016\/11\/ikona_pobierz_v2-300x223.png\" alt=\"\" width=\"26\" height=\"19\" srcset=\"https:\/\/mobilus.pl\/wp-content\/uploads\/2016\/11\/ikona_pobierz_v2-300x223.png 300w, https:\/\/mobilus.pl\/wp-content\/uploads\/2016\/11\/ikona_pobierz_v2-768x571.png 768w, https:\/\/mobilus.pl\/wp-content\/uploads\/2016\/11\/ikona_pobierz_v2-1024x761.png 1024w, https:\/\/mobilus.pl\/wp-content\/uploads\/2016\/11\/ikona_pobierz_v2-470x340.png 470w, https:\/\/mobilus.pl\/wp-content\/uploads\/2016\/11\/ikona_pobierz_v2.png 1891w\" sizes=\"(max-width: 26px) 100vw, 26px\" \/><\/a><\/td>\n<td style=\"text-align: center;\"><a href=\"http:\/\/mobilus.pl\/files\/instrukcje\/mobilus_s-wl_eng.pdf\"><img loading=\"lazy\" decoding=\"async\" class=\"aligncenter wp-image-9837\" src=\"https:\/\/mobilus.pl\/wp-content\/uploads\/2016\/11\/ikona_pobierz_v2-300x223.png\" alt=\"\" width=\"26\" height=\"19\" srcset=\"https:\/\/mobilus.pl\/wp-content\/uploads\/2016\/11\/ikona_pobierz_v2-300x223.png 300w, https:\/\/mobilus.pl\/wp-content\/uploads\/2016\/11\/ikona_pobierz_v2-768x571.png 768w, https:\/\/mobilus.pl\/wp-content\/uploads\/2016\/11\/ikona_pobierz_v2-1024x761.png 1024w, https:\/\/mobilus.pl\/wp-content\/uploads\/2016\/11\/ikona_pobierz_v2-470x340.png 470w, https:\/\/mobilus.pl\/wp-content\/uploads\/2016\/11\/ikona_pobierz_v2.png 1891w\" sizes=\"(max-width: 26px) 100vw, 26px\" \/><\/a><\/td>\n<td style=\"text-align: center;\"><a href=\"http:\/\/mobilus.pl\/files\/instrukcje\/mobilus_s-wl_de.pdf\"><img loading=\"lazy\" decoding=\"async\" class=\"aligncenter wp-image-9837\" src=\"https:\/\/mobilus.pl\/wp-content\/uploads\/2016\/11\/ikona_pobierz_v2-300x223.png\" alt=\"\" width=\"26\" height=\"19\" srcset=\"https:\/\/mobilus.pl\/wp-content\/uploads\/2016\/11\/ikona_pobierz_v2-300x223.png 300w, https:\/\/mobilus.pl\/wp-content\/uploads\/2016\/11\/ikona_pobierz_v2-768x571.png 768w, https:\/\/mobilus.pl\/wp-content\/uploads\/2016\/11\/ikona_pobierz_v2-1024x761.png 1024w, https:\/\/mobilus.pl\/wp-content\/uploads\/2016\/11\/ikona_pobierz_v2-470x340.png 470w, https:\/\/mobilus.pl\/wp-content\/uploads\/2016\/11\/ikona_pobierz_v2.png 1891w\" sizes=\"(max-width: 26px) 100vw, 26px\" \/><\/a><\/td>\n<td style=\"text-align: center;\"><\/td>\n<\/tr>\n<\/tbody>\n<\/table>\n<\/div>\n[\/vc_column_text][vc_row][\/vc_row][vc_row][vc_column][\/vc_column][vc_column][\/vc_column][vc_column_text css=\".vc_custom_1623247012201{margin-top: 30px !important;margin-bottom: 20px !important;}\"]\n<h4><strong>Instrukcje video<\/strong><\/h4>\n[\/vc_column_text][vc_row][vc_column width=\"1\/3\"][vc_column_text css=\".vc_custom_1648111850737{margin-bottom: 0px !important;}\"]\n<h5><strong>1. Montage<br \/>\nSensor.<\/strong><\/h5>\n[\/vc_column_text][vc_separator color=\"custom\" align=\"align_left\" el_width=\"80\" accent_color=\"#bcbcbc\"][vc_video link=\"https:\/\/youtu.be\/nFZvQV34RHs\" el_width=\"80\" css_animation=\"fadeIn\" css=\".vc_custom_1648111805875{padding-top: 0px !important;}\"][\/vc_column][vc_column width=\"1\/3\"][vc_column_text css=\".vc_custom_1648111638041{margin-bottom: 0px !important;}\"]\n<h5><strong>2. Programmierung<br \/>\nSensor mit Empf\u00e4nger.<\/strong><\/h5>\n[\/vc_column_text][vc_separator color=\"custom\" align=\"align_left\" el_width=\"80\" accent_color=\"#bcbcbc\"][vc_video link=\"https:\/\/youtu.be\/_tyMfWuxr7o\" el_width=\"80\"][\/vc_column][vc_column width=\"1\/3\"][vc_column_text css=\".vc_custom_1648111671441{margin-bottom: 0px !important;}\"]\n<h5><strong>3. \u00c4nderung des Wertes<br \/>\nWindsensor.<\/strong><\/h5>\n[\/vc_column_text][vc_separator color=\"custom\" align=\"align_left\" el_width=\"80\" accent_color=\"#bcbcbc\"][vc_video link=\"https:\/\/youtu.be\/6YZRzHi2Jpk\" el_width=\"80\"][\/vc_column][\/vc_row][vc_row][vc_column width=\"1\/3\"][vc_column_text css=\".vc_custom_1648111710186{margin-bottom: 0px !important;}\"]\n<h5><strong>4. \u00c4nderung des Wertes<br \/>\nLichtsensor.<\/strong><\/h5>\n[\/vc_column_text][vc_separator color=\"custom\" align=\"align_left\" el_width=\"80\" accent_color=\"#bcbcbc\"][vc_video link=\"https:\/\/youtu.be\/QLvvNZoMT50\" el_width=\"80\" css_animation=\"fadeIn\" css=\".vc_custom_1648111793363{padding-top: 0px !important;}\"][\/vc_column][\/vc_row]\n<\/div>","protected":false},"excerpt":{"rendered":"<p>[vc_row el_class=&#8221;he_gray&#8221;][vc_column][vc_column_text el_class=&#8221;clearrr&#8221;]<br \/>\nSensor S-WL<br \/>\n[\/vc_column_text][\/vc_column][\/vc_row][vc_row][vc_column][vc_row_inner][vc_column_inner width=&#8221;1\/2&#8243;][vc_gallery interval=&#8221;5&#8243; images=&#8221;12750,12751&#8243; img_size=&#8221;large&#8221; onclick=&#8221;&#8221;][vc_facebook][\/vc_column_inner][vc_column_inner width=&#8221;1\/2&#8243;][vc_gallery type=&#8221;image_grid&#8221; images=&#8221;6547&#8243; img_size=&#8221;full&#8221; onclick=&#8221;&#8221;][vc_column_text css=&#8221;.vc_custom_1496391868755{margin-top: -15px !important;}&#8221;]<br \/>\nSpezifikation<\/p>\n<p>ECHTZEIT-ERKENNUNG VON WINDGESCHWINDIGKEIT UND LICHTINTENSIT\u00c4T<br \/>\nEINWEGKOMMUNIKATION COSMO | 2WAY READY<br \/>\nSCHUTZGRAD: IP44<br \/>\nZASILANIE: EINGEBAUTES SOLARPANEL UND LITHIUMBATTERIE (3.7V, 180mAh)<br \/>\nARBEITSTEMPERATUR: -20\u00b0C bis 60\u00b0C<br \/>\nLED-ANZEIGE<br \/>\nDYNAMISCHER CODE<br \/>\n868 MHz<br \/>\nABMESSUNGEN: 22 x 120 x 55 mm<\/p>\n<p>[\/vc_column_text][\/vc_column_inner][\/vc_row_inner][\/vc_column][\/vc_row][vc_row][vc_column][vc_empty_space height=&#8221;12px&#8221;][\/vc_column][\/vc_row][vc_row][vc_column][\/vc_column][vc_column_text][vc_column_text css=&#8221;.vc_custom_1430895935670{margin-bottom: -1px !important;}&#8221;]<br \/>\nBeschreibung<\/p>\n<p>Sensor MOBILUS S-WL \u00a0Es wird verwendet, um die Windst\u00e4rke und das Sonnenlicht zu \u00fcberwachen. Jede Wind- und Lichtintensit\u00e4tsstufe wird aufgezeichnet, wodurch Sie zus\u00e4tzliche Automatisierung Ihrer Abdeckungen (z. B. Markise, Fassadenjalousien) erhalten.<\/p>\n<p>Der Sensor hat 7 Stufen der Windempfindlichkeit und 7 Stufen der Sonnenlichtintensit\u00e4t.<br \/>\nSie k\u00f6nnen den<\/p>\n","protected":false},"author":1,"featured_media":0,"parent":12718,"menu_order":0,"comment_status":"open","ping_status":"closed","template":"page-sidebar-left.php","meta":{"footnotes":""},"class_list":["post-12731","page","type-page","status-publish","hentry"],"yoast_head":"<!-- This site is optimized with the Yoast SEO plugin v24.4 - https:\/\/yoast.com\/wordpress\/plugins\/seo\/ -->\n<title>MOBILUS S-WL - Mobilus Motor<\/title>\n<meta name=\"robots\" content=\"index, follow, max-snippet:-1, max-image-preview:large, max-video-preview:-1\" \/>\n<link rel=\"canonical\" href=\"https:\/\/mobilus.pl\/mobilus-products\/czujniki-mobilus\/s-wl\/\" \/>\n<meta property=\"og:locale\" content=\"de_DE\" \/>\n<meta property=\"og:type\" content=\"article\" \/>\n<meta property=\"og:title\" content=\"MOBILUS S-WL - Mobilus Motor\" \/>\n<meta property=\"og:description\" content=\"[vc_row el_class=&quot;he_gray&quot;][vc_column][vc_column_text el_class=&quot;clearrr&quot;] Sensor S-WL [\/vc_column_text][\/vc_column][\/vc_row][vc_row][vc_column][vc_row_inner][vc_column_inner width=&quot;1\/2&quot;][vc_gallery interval=&quot;5&quot; images=&quot;12750,12751&quot; img_size=&quot;large&quot; onclick=&quot;&quot;][vc_facebook][\/vc_column_inner][vc_column_inner width=&quot;1\/2&quot;][vc_gallery type=&quot;image_grid&quot; images=&quot;6547&quot; img_size=&quot;full&quot; onclick=&quot;&quot;][vc_column_text css=&quot;.vc_custom_1496391868755{margin-top: -15px !important;}&quot;] Spezifikation ECHTZEIT-ERKENNUNG VON WINDGESCHWINDIGKEIT UND LICHTINTENSIT\u00c4T EINWEGKOMMUNIKATION COSMO | 2WAY READY SCHUTZGRAD: IP44 ZASILANIE: EINGEBAUTES SOLARPANEL UND LITHIUMBATTERIE (3.7V, 180mAh) ARBEITSTEMPERATUR: -20\u00b0C bis 60\u00b0C LED-ANZEIGE DYNAMISCHER CODE 868 MHz ABMESSUNGEN: 22 x 120 x 55 mm [\/vc_column_text][\/vc_column_inner][\/vc_row_inner][\/vc_column][\/vc_row][vc_row][vc_column][vc_empty_space height=&quot;12px&quot;][\/vc_column][\/vc_row][vc_row][vc_column][\/vc_column][vc_column_text][vc_column_text css=&quot;.vc_custom_1430895935670{margin-bottom: -1px !important;}&quot;] Beschreibung Sensor MOBILUS S-WL \u00a0Es wird verwendet, um die Windst\u00e4rke und das Sonnenlicht zu \u00fcberwachen. Jede Wind- und Lichtintensit\u00e4tsstufe wird aufgezeichnet, wodurch Sie zus\u00e4tzliche Automatisierung Ihrer Abdeckungen (z. B. Markise, Fassadenjalousien) erhalten. Der Sensor hat 7 Stufen der Windempfindlichkeit und 7 Stufen der Sonnenlichtintensit\u00e4t. Sie k\u00f6nnen den\" \/>\n<meta property=\"og:url\" content=\"https:\/\/mobilus.pl\/mobilus-products\/czujniki-mobilus\/s-wl\/\" \/>\n<meta property=\"og:site_name\" content=\"Mobilus Motor\" \/>\n<meta property=\"article:publisher\" content=\"https:\/\/web.facebook.com\/mobiluspl\/\" \/>\n<meta property=\"article:modified_time\" content=\"2024-05-27T10:38:34+00:00\" \/>\n<meta property=\"og:image\" content=\"https:\/\/mobilus.pl\/wp-content\/uploads\/2016\/11\/ikona_pobierz_v2-300x223.png\" \/>\n<meta name=\"twitter:card\" content=\"summary_large_image\" \/>\n<meta name=\"twitter:label1\" content=\"Gesch\u00e4tzte Lesezeit\" \/>\n\t<meta name=\"twitter:data1\" content=\"3\u00a0Minuten\" \/>\n<script type=\"application\/ld+json\" class=\"yoast-schema-graph\">{\"@context\":\"https:\/\/schema.org\",\"@graph\":[{\"@type\":\"WebPage\",\"@id\":\"https:\/\/mobilus.pl\/mobilus-products\/czujniki-mobilus\/s-wl\/\",\"url\":\"https:\/\/mobilus.pl\/mobilus-products\/czujniki-mobilus\/s-wl\/\",\"name\":\"MOBILUS S-WL - Mobilus Motor\",\"isPartOf\":{\"@id\":\"https:\/\/mobilus.pl\/#website\"},\"primaryImageOfPage\":{\"@id\":\"https:\/\/mobilus.pl\/mobilus-products\/czujniki-mobilus\/s-wl\/#primaryimage\"},\"image\":{\"@id\":\"https:\/\/mobilus.pl\/mobilus-products\/czujniki-mobilus\/s-wl\/#primaryimage\"},\"thumbnailUrl\":\"https:\/\/mobilus.pl\/wp-content\/uploads\/2016\/11\/ikona_pobierz_v2-300x223.png\",\"datePublished\":\"2022-02-09T09:24:29+00:00\",\"dateModified\":\"2024-05-27T10:38:34+00:00\",\"breadcrumb\":{\"@id\":\"https:\/\/mobilus.pl\/mobilus-products\/czujniki-mobilus\/s-wl\/#breadcrumb\"},\"inLanguage\":\"de\",\"potentialAction\":[{\"@type\":\"ReadAction\",\"target\":[\"https:\/\/mobilus.pl\/mobilus-products\/czujniki-mobilus\/s-wl\/\"]}]},{\"@type\":\"ImageObject\",\"inLanguage\":\"de\",\"@id\":\"https:\/\/mobilus.pl\/mobilus-products\/czujniki-mobilus\/s-wl\/#primaryimage\",\"url\":\"https:\/\/mobilus.pl\/wp-content\/uploads\/2016\/11\/ikona_pobierz_v2-300x223.png\",\"contentUrl\":\"https:\/\/mobilus.pl\/wp-content\/uploads\/2016\/11\/ikona_pobierz_v2-300x223.png\"},{\"@type\":\"BreadcrumbList\",\"@id\":\"https:\/\/mobilus.pl\/mobilus-products\/czujniki-mobilus\/s-wl\/#breadcrumb\",\"itemListElement\":[{\"@type\":\"ListItem\",\"position\":1,\"name\":\"Strona g\u0142\u00f3wna\",\"item\":\"https:\/\/mobilus.pl\/\"},{\"@type\":\"ListItem\",\"position\":2,\"name\":\"Produkty &#8211; Mobilus\",\"item\":\"https:\/\/mobilus.pl\/mobilus-products\/\"},{\"@type\":\"ListItem\",\"position\":3,\"name\":\"Mobilus &#8211; sensoren\",\"item\":\"https:\/\/mobilus.pl\/mobilus-products\/czujniki-mobilus\/\"},{\"@type\":\"ListItem\",\"position\":4,\"name\":\"MOBILUS S-WL\"}]},{\"@type\":\"WebSite\",\"@id\":\"https:\/\/mobilus.pl\/#website\",\"url\":\"https:\/\/mobilus.pl\/\",\"name\":\"Mobilus Motor\",\"description\":\"enjoy the mobility\",\"publisher\":{\"@id\":\"https:\/\/mobilus.pl\/#organization\"},\"potentialAction\":[{\"@type\":\"SearchAction\",\"target\":{\"@type\":\"EntryPoint\",\"urlTemplate\":\"https:\/\/mobilus.pl\/?s={search_term_string}\"},\"query-input\":{\"@type\":\"PropertyValueSpecification\",\"valueRequired\":true,\"valueName\":\"search_term_string\"}}],\"inLanguage\":\"de\"},{\"@type\":\"Organization\",\"@id\":\"https:\/\/mobilus.pl\/#organization\",\"name\":\"Mobilus Motor\",\"url\":\"https:\/\/mobilus.pl\/\",\"logo\":{\"@type\":\"ImageObject\",\"inLanguage\":\"de\",\"@id\":\"https:\/\/mobilus.pl\/#\/schema\/logo\/image\/\",\"url\":\"https:\/\/mobilus.pl\/wp-content\/uploads\/2014\/09\/mobilus_2013_small.png\",\"contentUrl\":\"https:\/\/mobilus.pl\/wp-content\/uploads\/2014\/09\/mobilus_2013_small.png\",\"width\":180,\"height\":50,\"caption\":\"Mobilus Motor\"},\"image\":{\"@id\":\"https:\/\/mobilus.pl\/#\/schema\/logo\/image\/\"},\"sameAs\":[\"https:\/\/web.facebook.com\/mobiluspl\/\",\"https:\/\/www.instagram.com\/mobiluspl\/\",\"https:\/\/www.youtube.com\/channel\/UCB6ay8tvzv2HRlpIRqWaZeQ\"]}]}<\/script>\n<!-- \/ Yoast SEO plugin. -->","yoast_head_json":{"title":"MOBILUS S-WL - Mobilus Motor","robots":{"index":"index","follow":"follow","max-snippet":"max-snippet:-1","max-image-preview":"max-image-preview:large","max-video-preview":"max-video-preview:-1"},"canonical":"https:\/\/mobilus.pl\/mobilus-products\/czujniki-mobilus\/s-wl\/","og_locale":"de_DE","og_type":"article","og_title":"MOBILUS S-WL - Mobilus Motor","og_description":"[vc_row el_class=\"he_gray\"][vc_column][vc_column_text el_class=\"clearrr\"] Sensor S-WL [\/vc_column_text][\/vc_column][\/vc_row][vc_row][vc_column][vc_row_inner][vc_column_inner width=\"1\/2\"][vc_gallery interval=\"5\" images=\"12750,12751\" img_size=\"large\" onclick=\"\"][vc_facebook][\/vc_column_inner][vc_column_inner width=\"1\/2\"][vc_gallery type=\"image_grid\" images=\"6547\" img_size=\"full\" onclick=\"\"][vc_column_text css=\".vc_custom_1496391868755{margin-top: -15px !important;}\"] Spezifikation ECHTZEIT-ERKENNUNG VON WINDGESCHWINDIGKEIT UND LICHTINTENSIT\u00c4T EINWEGKOMMUNIKATION COSMO | 2WAY READY SCHUTZGRAD: IP44 ZASILANIE: EINGEBAUTES SOLARPANEL UND LITHIUMBATTERIE (3.7V, 180mAh) ARBEITSTEMPERATUR: -20\u00b0C bis 60\u00b0C LED-ANZEIGE DYNAMISCHER CODE 868 MHz ABMESSUNGEN: 22 x 120 x 55 mm [\/vc_column_text][\/vc_column_inner][\/vc_row_inner][\/vc_column][\/vc_row][vc_row][vc_column][vc_empty_space height=\"12px\"][\/vc_column][\/vc_row][vc_row][vc_column][\/vc_column][vc_column_text][vc_column_text css=\".vc_custom_1430895935670{margin-bottom: -1px !important;}\"] Beschreibung Sensor MOBILUS S-WL \u00a0Es wird verwendet, um die Windst\u00e4rke und das Sonnenlicht zu \u00fcberwachen. Jede Wind- und Lichtintensit\u00e4tsstufe wird aufgezeichnet, wodurch Sie zus\u00e4tzliche Automatisierung Ihrer Abdeckungen (z. B. Markise, Fassadenjalousien) erhalten. Der Sensor hat 7 Stufen der Windempfindlichkeit und 7 Stufen der Sonnenlichtintensit\u00e4t. Sie k\u00f6nnen den","og_url":"https:\/\/mobilus.pl\/mobilus-products\/czujniki-mobilus\/s-wl\/","og_site_name":"Mobilus Motor","article_publisher":"https:\/\/web.facebook.com\/mobiluspl\/","article_modified_time":"2024-05-27T10:38:34+00:00","og_image":[{"url":"https:\/\/mobilus.pl\/wp-content\/uploads\/2016\/11\/ikona_pobierz_v2-300x223.png","type":"","width":"","height":""}],"twitter_card":"summary_large_image","twitter_misc":{"Gesch\u00e4tzte Lesezeit":"3\u00a0Minuten"},"schema":{"@context":"https:\/\/schema.org","@graph":[{"@type":"WebPage","@id":"https:\/\/mobilus.pl\/mobilus-products\/czujniki-mobilus\/s-wl\/","url":"https:\/\/mobilus.pl\/mobilus-products\/czujniki-mobilus\/s-wl\/","name":"MOBILUS S-WL - Mobilus Motor","isPartOf":{"@id":"https:\/\/mobilus.pl\/#website"},"primaryImageOfPage":{"@id":"https:\/\/mobilus.pl\/mobilus-products\/czujniki-mobilus\/s-wl\/#primaryimage"},"image":{"@id":"https:\/\/mobilus.pl\/mobilus-products\/czujniki-mobilus\/s-wl\/#primaryimage"},"thumbnailUrl":"https:\/\/mobilus.pl\/wp-content\/uploads\/2016\/11\/ikona_pobierz_v2-300x223.png","datePublished":"2022-02-09T09:24:29+00:00","dateModified":"2024-05-27T10:38:34+00:00","breadcrumb":{"@id":"https:\/\/mobilus.pl\/mobilus-products\/czujniki-mobilus\/s-wl\/#breadcrumb"},"inLanguage":"de","potentialAction":[{"@type":"ReadAction","target":["https:\/\/mobilus.pl\/mobilus-products\/czujniki-mobilus\/s-wl\/"]}]},{"@type":"ImageObject","inLanguage":"de","@id":"https:\/\/mobilus.pl\/mobilus-products\/czujniki-mobilus\/s-wl\/#primaryimage","url":"https:\/\/mobilus.pl\/wp-content\/uploads\/2016\/11\/ikona_pobierz_v2-300x223.png","contentUrl":"https:\/\/mobilus.pl\/wp-content\/uploads\/2016\/11\/ikona_pobierz_v2-300x223.png"},{"@type":"BreadcrumbList","@id":"https:\/\/mobilus.pl\/mobilus-products\/czujniki-mobilus\/s-wl\/#breadcrumb","itemListElement":[{"@type":"ListItem","position":1,"name":"Strona g\u0142\u00f3wna","item":"https:\/\/mobilus.pl\/"},{"@type":"ListItem","position":2,"name":"Produkty &#8211; Mobilus","item":"https:\/\/mobilus.pl\/mobilus-products\/"},{"@type":"ListItem","position":3,"name":"Mobilus &#8211; sensoren","item":"https:\/\/mobilus.pl\/mobilus-products\/czujniki-mobilus\/"},{"@type":"ListItem","position":4,"name":"MOBILUS S-WL"}]},{"@type":"WebSite","@id":"https:\/\/mobilus.pl\/#website","url":"https:\/\/mobilus.pl\/","name":"Mobilus Motor","description":"enjoy the mobility","publisher":{"@id":"https:\/\/mobilus.pl\/#organization"},"potentialAction":[{"@type":"SearchAction","target":{"@type":"EntryPoint","urlTemplate":"https:\/\/mobilus.pl\/?s={search_term_string}"},"query-input":{"@type":"PropertyValueSpecification","valueRequired":true,"valueName":"search_term_string"}}],"inLanguage":"de"},{"@type":"Organization","@id":"https:\/\/mobilus.pl\/#organization","name":"Mobilus Motor","url":"https:\/\/mobilus.pl\/","logo":{"@type":"ImageObject","inLanguage":"de","@id":"https:\/\/mobilus.pl\/#\/schema\/logo\/image\/","url":"https:\/\/mobilus.pl\/wp-content\/uploads\/2014\/09\/mobilus_2013_small.png","contentUrl":"https:\/\/mobilus.pl\/wp-content\/uploads\/2014\/09\/mobilus_2013_small.png","width":180,"height":50,"caption":"Mobilus Motor"},"image":{"@id":"https:\/\/mobilus.pl\/#\/schema\/logo\/image\/"},"sameAs":["https:\/\/web.facebook.com\/mobiluspl\/","https:\/\/www.instagram.com\/mobiluspl\/","https:\/\/www.youtube.com\/channel\/UCB6ay8tvzv2HRlpIRqWaZeQ"]}]}},"_links":{"self":[{"href":"https:\/\/mobilus.pl\/de\/wp-json\/wp\/v2\/pages\/12731"}],"collection":[{"href":"https:\/\/mobilus.pl\/de\/wp-json\/wp\/v2\/pages"}],"about":[{"href":"https:\/\/mobilus.pl\/de\/wp-json\/wp\/v2\/types\/page"}],"author":[{"embeddable":true,"href":"https:\/\/mobilus.pl\/de\/wp-json\/wp\/v2\/users\/1"}],"replies":[{"embeddable":true,"href":"https:\/\/mobilus.pl\/de\/wp-json\/wp\/v2\/comments?post=12731"}],"version-history":[{"count":3,"href":"https:\/\/mobilus.pl\/de\/wp-json\/wp\/v2\/pages\/12731\/revisions"}],"predecessor-version":[{"id":13248,"href":"https:\/\/mobilus.pl\/de\/wp-json\/wp\/v2\/pages\/12731\/revisions\/13248"}],"up":[{"embeddable":true,"href":"https:\/\/mobilus.pl\/de\/wp-json\/wp\/v2\/pages\/12718"}],"wp:attachment":[{"href":"https:\/\/mobilus.pl\/de\/wp-json\/wp\/v2\/media?parent=12731"}],"curies":[{"name":"wp","href":"https:\/\/api.w.org\/{rel}","templated":true}]}}