{"id":11862,"date":"2018-09-03T08:36:53","date_gmt":"2018-09-03T08:36:53","guid":{"rendered":"https:\/\/mobilus.pl\/?page_id=11862"},"modified":"2018-09-03T09:32:43","modified_gmt":"2018-09-03T09:32:43","slug":"regulamin-dom","status":"publish","type":"page","link":"https:\/\/mobilus.pl\/de\/regulamin-dom\/","title":{"rendered":"Datenschutzrichtlinie"},"content":{"rendered":"<div class=\"wpb-content-wrapper\">[vc_row parallax=\"\" parallax_image=\"\" full_width=\"\" poster=\"\" mp4=\"\" m4v=\"\" webm=\"\" ogv=\"\" overlay=\"\"][vc_column width=\"1\/1\"][vc_column_text]\n<h4><strong>DATENSCHUTZ UND COOKIES-Webseite-Richtlinie, die in Domains und Subdomains von MOBILUS.PL gef\u00fchrt wird und die, von MOBILUS MOTOR Sp.z o.o.(GmbH) angebotenen Dienstleistungen.<\/strong><\/h4>\n<h4><strong>1. ALLGEMEINE INFORMATIONEN. <\/strong><\/h4>\n<ol>\n<li>Der Administrator der Webseite www.mobilus.pl ist  Mobilus Motor Sp. z o.o.(GmbH) mit Sitz in Pozna\u0144, in Mi\u0119towa Str. 37, in dem Register der Unternehmer des Landesgerichtsregisters beim Bezirksgericht f\u00fcr Poznan-Neustadt und Wilda, VIII Wirtschaftsabteilung des Landesgerichtsregisters unter der KRS- Nummer (nationales Gerichtsregister-Nummer )-0000188418, NIP 972-10-78-008-(Steuernummer), mit Aktienkapital 496,000.00PLN voll bezahlt. <\/li>\n<li>Diese Richtlinie ist ein Informationsdokument und ersetzt nicht die Sicherheitsrichtlinie, die vom Administrator gem\u00e4\u00df den Bestimmungen zum Schutz personenbezogener Daten aufbewahrt wird. <\/li>\n<\/ol>\n<h4><strong>2. DEFINITIONEN.<\/strong><\/h4>\n<ol>\n<li>www.mobilus.pl - Webseite von Mobilus Motor Sp.z o.o.(GmbH) gef\u00fchrt.<\/li>\n<li>Administrator - Mobilus Motor Sp. z o. o.(GmbH) mit Sitz in Pozna\u0144, in Mi\u0119towa Str.37, in dem Register der Unternehmer des Landesgerichtsregisters beim Amtsgericht in Poznan, Bezirk Poznan-Neustadt und Wilda, VIII Wirtschaftsabteilung des Landesgerichtsregisters unter der Nummer KRS-( nationales Gerichtsregister-Nummer) 0000188418, NIP 972-10-78-008--(Steuernummer), mit Aktienkapital 496,000.00PLN voll bezahlt.<\/li>\n<li>Die Webseite erfasst Informationen \u00fcber Benutzer und Ger\u00e4te auf folgende Weise:\n<ul>\n<li>durch freiwillig in Formularen eingegebene Informationen,<\/li>\n<li>durch in den Endger\u00e4ten gespeicherte Cookie-Dateien (sogenannte \"Cookies\"),<\/li>\n<li>durch Sammeln von Logs von Ger\u00e4ten durch den Administrator.<\/li>\n<\/ul>\n<\/li>\n<li>Cookies - Computerdaten, Textdateien, die auf den Ger\u00e4ten gespeichert werden und \u00fcber die der Benutzer  die Webseite des Administrators verwendet.<\/li>\n<li>Ger\u00e4t - ein elektronisches Ger\u00e4t, \u00fcber das, der Benutzer Zugang zur Webseite des Administrators erh\u00e4lt. <\/li>\n<li>Nutzer - bezeichnet eine Einheit, f\u00fcr die elektronische Dienstleistungen, gem\u00e4\u00df den Rechtsvorschriften, erbracht werden k\u00f6nnen oder mit denen eine Vereinbarung \u00fcber die Erbringung elektronischer Dienstleistungen geschlossen werden kann.<\/li>\n<li>Systemprotokolle - Anmeldung am Server in sogenannten Systemprotokollen der gegebenen Produkte, die beim Benutzer installiert sind. Zu den auf diese Weise gespeicherten Daten geh\u00f6ren: Ger\u00e4tetypen, Softwareversion, IP-Adresse.<\/li>\n<\/ol>\n<h4><strong>3. Zweck und Umfang der Datenerhebung durch den Administrator.<\/strong><\/h4>\n<ol>\n<li>Der Administrator sammelt die Daten zur:\n<ul>\n<li>ordnungsgem\u00e4\u00dfen Bedienung der angebotenen Produkte, einschlie\u00dflich technischer Unterst\u00fctzung bei der Erbringung von Dienstleistungen,<\/li>\n<li>Bearbeitung von Bestellungen und Zahlungen, Lieferungen und Bearbeitung von Reklamationen,<\/li>\n<li>Erf\u00fcllung des Vertrags und Erbringung von Dienstleistungen f\u00fcr die betreffenden Personen, <\/li>\n<li>Telefonischem Kontakt, um Fragen zu beantworten,<\/li>\n<li>Anpassung seiner Dienstleistungen und Produkte an die Bed\u00fcrfnisse der Nutzer, <\/li>\n<li>Direktmarketing von Mobilus-Produkten und -Dienstleistungen, einschlie\u00dflich des Versands eines Newsletters,<\/li>\n<li>Pr\u00e4sentation des kommerziellen Angebots von Mobilus.<\/li>\n<\/ul>\n<\/li>\n<li>Der Administrator kann die folgenden pers\u00f6nlichen Daten der Benutzer verarbeiten:\n<ul>\n<li>Wohnadresse, Ort und Postleitzahl,<\/li>\n<li>Telefonnummer, E-Mail-Adresse,<\/li>\n<li>Typen, Seriennummern und IP von Produkten,<\/li>\n<li>Standortdaten (Land, Stadt), Nutzungsstatistiken,<\/li>\n<li>andere, wenn es vereinbart ist.<\/li>\n<\/ul>\n<\/li>\n<li>Die Anwendung dieser personenbezogenen Daten kann notwendig sein, einen Vertrag \u00fcber die Bereitstellung von Elektronischen Dienstleistungen  im Service auszuf\u00fchren. Jedes Mal wird der Umfang der Daten, die f\u00fcr den Abschluss eines Vertrags erforderlich sind, bereits auf der Webseite und in den Bestimmungen der Webseite angegeben. <\/li>\n<li>Die Daten, die  auf der Grundlage der Zustimmung erhalten werden, werden so lange bearbeitet, wie Sie ein Konto auf der Webseite haben, oder bis zu Ihrer Einlegung des Widerspruchs gegen eine solche Verarbeitung, je nachdem, welche dieser Ereignisse fr\u00fcher eintritt.<\/li>\n<\/ol>\n<h4><strong>4. VERWENDUNG VON COOKIES.<\/strong><\/h4>\n<ol>\n<li>Die Webseite verwendet Cookies.<\/li>\n<li>Cookies sind Computerdaten, insbesondere Textdateien, die auf dem Endger\u00e4t des Service-Benutzers  gespeichert werden und werden zum Nutzen von Webseiten des Service verwendet. Cookies enthalten in der Regel den Namen der Webseite, von der sie stammen, ihre Speicherzeit auf dem Endger\u00e4t und eine eindeutige Nummer.<\/li>\n<li>Die Einheit , die Cookies-Dateien auf dem Endger\u00e4t des Nutzers platziert und den Zugang zu ihnen erh\u00e4lt, ist der Betreiber der Webseite.<\/li>\n<li>Cookies werden f\u00fcr folgende Zwecke verwendet:\n<ul>\n<li>Erstellung von Statistiken, die helfen zu verstehen, wie die Service-Benutzer  die Web-Seiten verwenden k\u00f6nnen, was ihre Struktur und Inhalt zu verbessern erm\u00f6glicht,<\/li>\n<li>Bestimmung des Benutzerprofils, um die, ihm angepasste  Materialien und Werbenetzwerke, insbesondere das Google-Netzwerk anzuzeigen,<\/li>\n<li>Aufrechterhaltung der Sitzung des Benutzers der Website (nach der Anmeldung), dank der, der Benutzer sein Login und Passwort nicht auf jeder Unterseite der Webseite erneut eingeben muss.<\/li>\n<\/ul>\n<\/li>\n<li>Die Webseite verwendet zwei grundlegende Arten von Cookies: Sitzungscookies (session cookies) und dauerhafte Cookies (persistent cookies). Sitzungscookies sind tempor\u00e4re Dateien, die in Endger\u00e4ten des Nutzers gespeichert werden, bis sie sich abmelden, die Webseite verlassen oder die Software (Webbrowser) ausschalten. Permanente Cookies werden f\u00fcr die in den Cookies-Datei-Parametern angegebene Zeit auf dem Ger\u00e4t des Benutzers gespeichert oder bis sie vom Benutzer gel\u00f6scht werden.<\/li>\n<li>Software zum Browsen von Webseiten (Webbrowser) erlaubt standardm\u00e4\u00dfig das Speichern von Cookies auf dem Endger\u00e4t des Nutzers. Webseite-Benutzer k\u00f6nnen die Einstellungen in diesem Bereich \u00e4ndern. Der Webbrowser erlaubt das L\u00f6schen von Cookies. Es ist auch m\u00f6glich, Cookies automatisch zu blockieren.Informationen zu diesem Thema finden Sie in der Dokumentation des Webbrowsers.<\/li>\n<li>Einschr\u00e4nkungen bei der Verwendung von Cookies k\u00f6nnen einige, auf der Webseite, verf\u00fcgbaren Funktionen beeintr\u00e4chtigen. <\/li>\n<li>Cookies, die auf dem Endger\u00e4t des Nutzers platziert werden, k\u00f6nnen von Werbetreibenden und Partnern verwendet werden, die mit dem Betreiber der Webseite zusammenarbeiten.<\/li>\n<li>Wir empfehlen Ihnen, die Datenschutzrichtlinien dieser Unternehmen zu lesen, um mehr \u00fcber die Regeln f\u00fcr die Verwendung von Cookies in den Statistiken zu erfahren: Google Analytics-Datenschutzerkl\u00e4rung.<\/li>\n<li>Cookies-Dateien d\u00fcrfen von Werbenetzwerken, insbesondere dem Google-Netzwerk, verwendet werden, um Werbung anzuzeigen, die auf die Art und Weise zugeschnitten ist, in der der Nutzer die Webseite nutzt. Zu diesem Zweck k\u00f6nnen die Dateien  Informationen \u00fcber den Navigationspfad des Benutzers oder den Zeitpunkt des Aufenthalts auf einer bestimmten Seite speichern.<\/li>\n<li>In Bezug auf Informationen \u00fcber Nutzerpr\u00e4ferenzen, die vom Werbenetzwerk von Google erfasst werden, kann der Nutzer mithilfe von Google dank Cookies erstellte Informationen anzeigen und bearbeiten. <a href=\"https:\/\/www.google.com\/ads\/preferences\/\">Werkzeuge Google<\/a>.<\/li>\n<\/ol>\n<h4><strong>5. COOKIES-MANAGEMENT <\/strong><\/h4>\n<ol>\n<li>Wenn der Benutzer keine Cookies erhalten m\u00f6chte, kann er die Browsereinstellungen \u00e4ndern. Wir behalten uns vor, dass die Deaktivierung von Cookies, die f\u00fcr Authentifizierungsprozesse erforderlich sind, die Sicherheit und die Pflege von Benutzereinstellungen  schwierig machen und in extremen F\u00e4llen die Verwendung von Websites verhindern k\u00f6nnen.<\/li>\n<li>Um die Cookies-Einstellungen zu verwalten, w\u00e4hlen Sie das System aus der folgenden Liste und folgen Sie den Anweisungen:<br \/>\n<\/a><\/p>\n<ul>\n<li><a href=\"http:\/\/support.microsoft.com\/kb\/196955\" target=\"_blank\" rel=\"noopener\">Internet Explorer<\/a><\/li>\n<li><a href=\"http:\/\/support.google.com\/chrome\/bin\/answer.py?hl=pl&amp;answer=95647\" target=\"_blank\" rel=\"noopener\">Chrome<\/a><\/li>\n<li><a href=\"http:\/\/support.apple.com\/kb\/PH5042\" target=\"_blank\" rel=\"noopener\">Safari<\/a><\/li>\n<li><a href=\"http:\/\/support.mozilla.org\/pl\/kb\/W%C5%82%C4%85czanie%20i%20wy%C5%82%C4%85czanie%20obs%C5%82ugi%20ciasteczek\" target=\"_blank\" rel=\"noopener\">Firefox<\/a><\/li>\n<li><a href=\"http:\/\/help.opera.com\/Windows\/12.10\/pl\/cookies.html\" target=\"_blank\" rel=\"noopener\">Opera<\/a><\/li>\n<li><a href=\"http:\/\/support.google.com\/chrome\/bin\/answer.py?hl=pl&amp;answer=95647\">Android<\/a><\/li>\n<li><a href=\"http:\/\/support.apple.com\/kb\/HT1677?viewlocale=pl_PL\" target=\"_blank\" rel=\"noopener\">Safari (iOS)<\/a><\/li>\n<\/ul>\n<\/li>\n<\/ol>\n<h4><strong>6. SERVER-PROTOKOLLE<\/strong><\/h4>\n<ol>\n<li>Informationen \u00fcber einige Verhaltensweisen von Benutzern unterliegen der Anmeldung auf der Serverebene. Diese Daten werden nur zur Verwaltung der Webseite und zur Gew\u00e4hrleistung der effizientesten Dienste von Hosting-Diensten verwendet.<\/li>\n<li>Die Daten sind nicht bestimmten Personen zugeordnet, die auf der Webseite surfen.<\/li>\n<li>Die Daten werden nur f\u00fcr die Verwaltung des Servers verwendet.<\/li>\n<\/ol>\n<h4><strong>7. DAS RECHT, DEN INHALT IHRER DATEN ZU KONTROLLIEREN, ZUZUGREIFEN UND ZU VERBESSERN.<\/strong><\/h4>\n<ol>\n<li>Pers\u00f6nlichen Daten unserer Kunden werden in \u00dcbereinstimmung mit dem Gesetz zum Schutz pers\u00f6nlicher Daten und der Verordnung des Europ\u00e4ischen Parlaments und des Rates (EU) 2016\/679 vom 27. April 2016. hinsichtlich der Verarbeitung personenbezogener Daten und zum freien Verkehr dieser auf den Schutz von Personen verarbeiteten Daten und zur Aufhebung der Richtlinie 95\/46 (allgemeine Datenschutzvorschriften).<\/li>\n<li>Der Administrator kann die personenbezogenen Daten des Kunden gem\u00e4\u00df den im Gesetz \u00fcber den Schutz personenbezogener Daten und der Datenschutz-Grundverordnung festgelegten Grunds\u00e4tzen anderen Unternehmen (Subunternehmern oder Gesch\u00e4ftspartnern) anvertrauen. Der Administrator f\u00fchrt Aufzeichnungen \u00fcber Personen, die zur Verarbeitung personenbezogener Daten berechtigt sind.<\/li>\n<li>Die Bereitstellung von personenbezogenen Daten durch Kunden ist immer freiwillig. Das Vers\u00e4umnis, die als notwendig gekennzeichneten Daten zur Verf\u00fcgung zu stellen, verhindert jedoch den Abschluss des Dienstleistungsvertrags.<\/li>\n<li>Auf  Wunsch des Kunden k\u00f6nnen freiwillig erteilte Einwilligungen jederzeit widerrufen werden.<\/li>\n<li>Der Kontobenutzer, der seine pers\u00f6nlichen Daten dem Administrator gespendet hat, hat das Recht auf:\n<ul>\n<li>Zugriff auf Ihre pers\u00f6nlichen Daten, <\/li>\n<li>Die Daten korrigieren, wenn verarbeitete Daten unrichtig oder unvollst\u00e4ndig sind, <\/li>\n<li>Datenentfernungsanfrage,<\/li>\n<li>Beschr\u00e4nkungsanfrage der Datenverarbeitung, <\/li>\n<li>Daten\u00fcbertragung, das hei\u00dft, das Recht auf  Erhaltung der, dem Administrator, bereitgestellten pers\u00f6nlichen Daten und sie an einen anderen Administrator zuzusenden,<\/li>\n<li>Widerspruch gegen die Datenverarbeitung erheben,<\/li>\n<li>Beschwerde bei der polnischen Aufsichtsbeh\u00f6rde oder bei der Aufsichtsbeh\u00f6rde eines anderen Mitgliedstaates der Europ\u00e4ischen Union, die f\u00fcr den gew\u00f6hnlichen Aufenthaltsort oder  das Arbeitsort der betroffenen  Person , auf die sich die Daten beziehen, zust\u00e4ndig ist, aufgrund der Stelle der angeblichen Verletzung von GDPR-( Verordnung \u00fcber den Schutz personenbezogener Daten),<\/li>\n<li>Widerruf der Einwilligung jederzeit (ohne die Rechtm\u00e4\u00dfigkeit der Verarbeitung zu beeintr\u00e4chtigen, die auf Zustimmung vor seinem R\u00fcckzug beruhte),<\/li>\n<li>von dem Administrator den Eingriff zu erhalten zum Ausdruck ihrer eigenen Position und eine Entscheidung auf  Basis der automatisierten Datenverarbeitung anzufechten.<\/li>\n<\/ul>\n<\/li>\n<li>Um die oben genannten Rechte aus\u00fcben zu k\u00f6nnen, k\u00f6nnen Sie sich an den Administrator wenden, indem Sie eine entsprechende Nachricht schriftlich oder per e-mail an die Adresse dom@mobilus.pl senden Nach Erhalt der Nachricht wird sich der Administrator sofort darauf beziehen. <\/li>\n<\/ol>\n<h4><strong>8. SCHLUSSBESTIMMUNGEN .<\/strong><\/h4>\n<ol>\n<li>Der Administrator wendet technische und organisatorische Ma\u00dfnahmen an, die den Schutz der zu verarbeitenden personenbezogenen Daten gew\u00e4hrleisten, die den Bedrohungen und Kategorien der zu sch\u00fctzenden Daten entsprechen. Insbesondere sch\u00fctzt es Daten vor unberechtigtem Zugriff, unbefugter Entfernung, Verarbeitung unter Verletzung der geltenden Gesetze und \u00c4nderungen, Verlust, Besch\u00e4digung oder Zerst\u00f6rung. <\/li>\n<li>Daten, die auf elektronischem Weg gesendet werden, werden durch die Verwendung von Schutzmechanismen wie Antivirus-Programm und SSL-Verschl\u00fcsselung vor unbefugtem Zugriff gesch\u00fctzt.<\/li>\n<li>Die Verarbeitung personenbezogener Daten durch den Datenverwalter umfasst Profilerstellung. Mit dem Ziel, die Bed\u00fcrfnisse des Kunden zu befriedigen und die Genauigkeit bei der Auswahl der Daten sicherzustellen, stellt der Datenverwalter Informationen bereit, an denen der Kunde interessiert sein k\u00f6nnte. Basierend auf dem Ergebnis der Profilerstellung erh\u00e4lt der Kunde m\u00f6glicherweise zus\u00e4tzliche Informationen, Marketingmaterialien, die an eine bestimmte Kundengruppe gerichtet werden, Angebote oder Umfragen.<\/li>\n<li>Der Dienstleister beh\u00e4lt sich das Recht vor, die Datenschutzerkl\u00e4rung und Cookies zu \u00e4ndern.<\/li>\n<\/ol>\n[\/vc_column_text][\/vc_column][\/vc_row]\n<\/div>","protected":false},"excerpt":{"rendered":"<p>[vc_row parallax=&#8221;&#8221; parallax_image=&#8221;&#8221; full_width=&#8221;&#8221; poster=&#8221;&#8221; mp4=&#8221;&#8221; m4v=&#8221;&#8221; webm=&#8221;&#8221; ogv=&#8221;&#8221; overlay=&#8221;&#8221;][vc_column width=&#8221;1\/1&#8243;][vc_column_text]<br \/>\nDATENSCHUTZ UND COOKIES-Webseite-Richtlinie, die in Domains und Subdomains von MOBILUS.PL gef\u00fchrt wird und die, von MOBILUS MOTOR Sp.z o.o.(GmbH) angebotenen Dienstleistungen.<br \/>\n1. ALLGEMEINE INFORMATIONEN. <\/p>\n<p>Der Administrator der Webseite www.mobilus.pl ist  Mobilus Motor Sp. z o.o.(GmbH) mit Sitz in Pozna\u0144, in Mi\u0119towa Str. 37, in dem Register der Unternehmer des Landesgerichtsregisters beim Bezirksgericht f\u00fcr Poznan-Neustadt und Wilda, VIII Wirtschaftsabteilung des Landesgerichtsregisters unter der KRS- Nummer (nationales Gerichtsregister-Nummer )-0000188418, NIP 972-10-78-008-(Steuernummer), mit Aktienkapital 496,000.00PLN voll bezahlt.<br \/>\nDiese Richtlinie ist ein Informationsdokument und<\/p>\n","protected":false},"author":1,"featured_media":0,"parent":0,"menu_order":0,"comment_status":"open","ping_status":"open","template":"page-nosidebar.php","meta":{"footnotes":""},"class_list":["post-11862","page","type-page","status-publish","hentry"],"yoast_head":"<!-- This site is optimized with the Yoast SEO plugin v24.4 - https:\/\/yoast.com\/wordpress\/plugins\/seo\/ -->\n<title>Datenschutzrichtlinie - Mobilus Motor<\/title>\n<meta name=\"robots\" content=\"index, follow, max-snippet:-1, max-image-preview:large, max-video-preview:-1\" \/>\n<link rel=\"canonical\" href=\"https:\/\/mobilus.pl\/regulamin-dom\/\" \/>\n<meta property=\"og:locale\" content=\"de_DE\" \/>\n<meta property=\"og:type\" content=\"article\" \/>\n<meta property=\"og:title\" content=\"[:pl]Regulamin us\u0142ugi Dom Mobilus[:en]Privacy policy[:de]Datenschutzrichtlinie[:] - Mobilus Motor\" \/>\n<meta property=\"og:description\" content=\"[vc_row parallax=&quot;&quot; parallax_image=&quot;&quot; full_width=&quot;&quot; poster=&quot;&quot; mp4=&quot;&quot; m4v=&quot;&quot; webm=&quot;&quot; ogv=&quot;&quot; overlay=&quot;&quot;][vc_column width=&quot;1\/1&quot;][vc_column_text] DATENSCHUTZ UND COOKIES-Webseite-Richtlinie, die in Domains und Subdomains von MOBILUS.PL gef\u00fchrt wird und die, von MOBILUS MOTOR Sp.z o.o.(GmbH) angebotenen Dienstleistungen. 1. ALLGEMEINE INFORMATIONEN.  Der Administrator der Webseite www.mobilus.pl ist Mobilus Motor Sp. z o.o.(GmbH) mit Sitz in Pozna\u0144, in Mi\u0119towa Str. 37, in dem Register der Unternehmer des Landesgerichtsregisters beim Bezirksgericht f\u00fcr Poznan-Neustadt und Wilda, VIII Wirtschaftsabteilung des Landesgerichtsregisters unter der KRS- Nummer (nationales Gerichtsregister-Nummer )-0000188418, NIP 972-10-78-008-(Steuernummer), mit Aktienkapital 496,000.00PLN voll bezahlt. Diese Richtlinie ist ein Informationsdokument und\" \/>\n<meta property=\"og:url\" content=\"https:\/\/mobilus.pl\/regulamin-dom\/\" \/>\n<meta property=\"og:site_name\" content=\"Mobilus Motor\" \/>\n<meta property=\"article:publisher\" content=\"https:\/\/web.facebook.com\/mobiluspl\/\" \/>\n<meta property=\"article:modified_time\" content=\"2018-09-03T09:32:43+00:00\" \/>\n<meta name=\"twitter:card\" content=\"summary_large_image\" \/>\n<meta name=\"twitter:label1\" content=\"Gesch\u00e4tzte Lesezeit\" \/>\n\t<meta name=\"twitter:data1\" content=\"29\u00a0Minuten\" \/>\n<script type=\"application\/ld+json\" class=\"yoast-schema-graph\">{\"@context\":\"https:\/\/schema.org\",\"@graph\":[{\"@type\":\"WebPage\",\"@id\":\"https:\/\/mobilus.pl\/regulamin-dom\/\",\"url\":\"https:\/\/mobilus.pl\/regulamin-dom\/\",\"name\":\"[:pl]Regulamin us\u0142ugi Dom Mobilus[:en]Privacy policy[:de]Datenschutzrichtlinie[:] - Mobilus Motor\",\"isPartOf\":{\"@id\":\"https:\/\/mobilus.pl\/#website\"},\"datePublished\":\"2018-09-03T08:36:53+00:00\",\"dateModified\":\"2018-09-03T09:32:43+00:00\",\"breadcrumb\":{\"@id\":\"https:\/\/mobilus.pl\/regulamin-dom\/#breadcrumb\"},\"inLanguage\":\"de\",\"potentialAction\":[{\"@type\":\"ReadAction\",\"target\":[\"https:\/\/mobilus.pl\/regulamin-dom\/\"]}]},{\"@type\":\"BreadcrumbList\",\"@id\":\"https:\/\/mobilus.pl\/regulamin-dom\/#breadcrumb\",\"itemListElement\":[{\"@type\":\"ListItem\",\"position\":1,\"name\":\"Strona g\u0142\u00f3wna\",\"item\":\"https:\/\/mobilus.pl\/\"},{\"@type\":\"ListItem\",\"position\":2,\"name\":\"Regulamin us\u0142ugi Dom Mobilus\"}]},{\"@type\":\"WebSite\",\"@id\":\"https:\/\/mobilus.pl\/#website\",\"url\":\"https:\/\/mobilus.pl\/\",\"name\":\"Mobilus Motor\",\"description\":\"enjoy the mobility\",\"publisher\":{\"@id\":\"https:\/\/mobilus.pl\/#organization\"},\"potentialAction\":[{\"@type\":\"SearchAction\",\"target\":{\"@type\":\"EntryPoint\",\"urlTemplate\":\"https:\/\/mobilus.pl\/?s={search_term_string}\"},\"query-input\":{\"@type\":\"PropertyValueSpecification\",\"valueRequired\":true,\"valueName\":\"search_term_string\"}}],\"inLanguage\":\"de\"},{\"@type\":\"Organization\",\"@id\":\"https:\/\/mobilus.pl\/#organization\",\"name\":\"Mobilus Motor\",\"url\":\"https:\/\/mobilus.pl\/\",\"logo\":{\"@type\":\"ImageObject\",\"inLanguage\":\"de\",\"@id\":\"https:\/\/mobilus.pl\/#\/schema\/logo\/image\/\",\"url\":\"https:\/\/mobilus.pl\/wp-content\/uploads\/2014\/09\/mobilus_2013_small.png\",\"contentUrl\":\"https:\/\/mobilus.pl\/wp-content\/uploads\/2014\/09\/mobilus_2013_small.png\",\"width\":180,\"height\":50,\"caption\":\"Mobilus Motor\"},\"image\":{\"@id\":\"https:\/\/mobilus.pl\/#\/schema\/logo\/image\/\"},\"sameAs\":[\"https:\/\/web.facebook.com\/mobiluspl\/\",\"https:\/\/www.instagram.com\/mobiluspl\/\",\"https:\/\/www.youtube.com\/channel\/UCB6ay8tvzv2HRlpIRqWaZeQ\"]}]}<\/script>\n<!-- \/ Yoast SEO plugin. -->","yoast_head_json":{"title":"[:pl]Regulamin us\u0142ugi Dom Mobilus[:en]Privacy policy[:de]Datenschutzrichtlinie[:] - Mobilus Motor","robots":{"index":"index","follow":"follow","max-snippet":"max-snippet:-1","max-image-preview":"max-image-preview:large","max-video-preview":"max-video-preview:-1"},"canonical":"https:\/\/mobilus.pl\/regulamin-dom\/","og_locale":"de_DE","og_type":"article","og_title":"[:pl]Regulamin us\u0142ugi Dom Mobilus[:en]Privacy policy[:de]Datenschutzrichtlinie[:] - Mobilus Motor","og_description":"[vc_row parallax=\"\" parallax_image=\"\" full_width=\"\" poster=\"\" mp4=\"\" m4v=\"\" webm=\"\" ogv=\"\" overlay=\"\"][vc_column width=\"1\/1\"][vc_column_text] DATENSCHUTZ UND COOKIES-Webseite-Richtlinie, die in Domains und Subdomains von MOBILUS.PL gef\u00fchrt wird und die, von MOBILUS MOTOR Sp.z o.o.(GmbH) angebotenen Dienstleistungen. 1. ALLGEMEINE INFORMATIONEN.  Der Administrator der Webseite www.mobilus.pl ist Mobilus Motor Sp. z o.o.(GmbH) mit Sitz in Pozna\u0144, in Mi\u0119towa Str. 37, in dem Register der Unternehmer des Landesgerichtsregisters beim Bezirksgericht f\u00fcr Poznan-Neustadt und Wilda, VIII Wirtschaftsabteilung des Landesgerichtsregisters unter der KRS- Nummer (nationales Gerichtsregister-Nummer )-0000188418, NIP 972-10-78-008-(Steuernummer), mit Aktienkapital 496,000.00PLN voll bezahlt. Diese Richtlinie ist ein Informationsdokument und","og_url":"https:\/\/mobilus.pl\/regulamin-dom\/","og_site_name":"Mobilus Motor","article_publisher":"https:\/\/web.facebook.com\/mobiluspl\/","article_modified_time":"2018-09-03T09:32:43+00:00","twitter_card":"summary_large_image","twitter_misc":{"Gesch\u00e4tzte Lesezeit":"29\u00a0Minuten"},"schema":{"@context":"https:\/\/schema.org","@graph":[{"@type":"WebPage","@id":"https:\/\/mobilus.pl\/regulamin-dom\/","url":"https:\/\/mobilus.pl\/regulamin-dom\/","name":"[:pl]Regulamin us\u0142ugi Dom Mobilus[:en]Privacy policy[:de]Datenschutzrichtlinie[:] - Mobilus Motor","isPartOf":{"@id":"https:\/\/mobilus.pl\/#website"},"datePublished":"2018-09-03T08:36:53+00:00","dateModified":"2018-09-03T09:32:43+00:00","breadcrumb":{"@id":"https:\/\/mobilus.pl\/regulamin-dom\/#breadcrumb"},"inLanguage":"de","potentialAction":[{"@type":"ReadAction","target":["https:\/\/mobilus.pl\/regulamin-dom\/"]}]},{"@type":"BreadcrumbList","@id":"https:\/\/mobilus.pl\/regulamin-dom\/#breadcrumb","itemListElement":[{"@type":"ListItem","position":1,"name":"Strona g\u0142\u00f3wna","item":"https:\/\/mobilus.pl\/"},{"@type":"ListItem","position":2,"name":"Regulamin us\u0142ugi Dom Mobilus"}]},{"@type":"WebSite","@id":"https:\/\/mobilus.pl\/#website","url":"https:\/\/mobilus.pl\/","name":"Mobilus Motor","description":"enjoy the mobility","publisher":{"@id":"https:\/\/mobilus.pl\/#organization"},"potentialAction":[{"@type":"SearchAction","target":{"@type":"EntryPoint","urlTemplate":"https:\/\/mobilus.pl\/?s={search_term_string}"},"query-input":{"@type":"PropertyValueSpecification","valueRequired":true,"valueName":"search_term_string"}}],"inLanguage":"de"},{"@type":"Organization","@id":"https:\/\/mobilus.pl\/#organization","name":"Mobilus Motor","url":"https:\/\/mobilus.pl\/","logo":{"@type":"ImageObject","inLanguage":"de","@id":"https:\/\/mobilus.pl\/#\/schema\/logo\/image\/","url":"https:\/\/mobilus.pl\/wp-content\/uploads\/2014\/09\/mobilus_2013_small.png","contentUrl":"https:\/\/mobilus.pl\/wp-content\/uploads\/2014\/09\/mobilus_2013_small.png","width":180,"height":50,"caption":"Mobilus Motor"},"image":{"@id":"https:\/\/mobilus.pl\/#\/schema\/logo\/image\/"},"sameAs":["https:\/\/web.facebook.com\/mobiluspl\/","https:\/\/www.instagram.com\/mobiluspl\/","https:\/\/www.youtube.com\/channel\/UCB6ay8tvzv2HRlpIRqWaZeQ"]}]}},"_links":{"self":[{"href":"https:\/\/mobilus.pl\/de\/wp-json\/wp\/v2\/pages\/11862"}],"collection":[{"href":"https:\/\/mobilus.pl\/de\/wp-json\/wp\/v2\/pages"}],"about":[{"href":"https:\/\/mobilus.pl\/de\/wp-json\/wp\/v2\/types\/page"}],"author":[{"embeddable":true,"href":"https:\/\/mobilus.pl\/de\/wp-json\/wp\/v2\/users\/1"}],"replies":[{"embeddable":true,"href":"https:\/\/mobilus.pl\/de\/wp-json\/wp\/v2\/comments?post=11862"}],"version-history":[{"count":3,"href":"https:\/\/mobilus.pl\/de\/wp-json\/wp\/v2\/pages\/11862\/revisions"}],"predecessor-version":[{"id":11865,"href":"https:\/\/mobilus.pl\/de\/wp-json\/wp\/v2\/pages\/11862\/revisions\/11865"}],"wp:attachment":[{"href":"https:\/\/mobilus.pl\/de\/wp-json\/wp\/v2\/media?parent=11862"}],"curies":[{"name":"wp","href":"https:\/\/api.w.org\/{rel}","templated":true}]}}