{"id":11852,"date":"2018-08-16T09:52:00","date_gmt":"2018-08-16T09:52:00","guid":{"rendered":"https:\/\/mobilus.pl\/?page_id=11852"},"modified":"2018-09-10T12:12:05","modified_gmt":"2018-09-10T12:12:05","slug":"polityka-prywatnosci-dom","status":"publish","type":"page","link":"https:\/\/mobilus.pl\/de\/polityka-prywatnosci-dom\/","title":{"rendered":"Polityka prywatno\u015bci Dom Mobilus"},"content":{"rendered":"<div class=\"wpb-content-wrapper\">[vc_row parallax=\"\" parallax_image=\"\" full_width=\"\" poster=\"\" mp4=\"\" m4v=\"\" webm=\"\" ogv=\"\" overlay=\"\"][vc_column width=\"1\/1\"][vc_column_text]\n<h4><strong>Polityka prywatno\u015bci i plik\u00f3w Cookies serwisu internetowego prowadzonego w domenach i subdomenach mobilus.pl oraz us\u0142ug \u015bwiadczonych przez Mobilus Motor Sp. z o.o.<\/strong><\/h4>\n<h4><strong>1. Informacje og\u00f3lne.<\/strong><\/h4>\n<ol>\n<li>Administratorem Serwisu www.dom.mobilus.pl jest Mobilus Motor Sp. z o. o. z siedzib\u0105 w Poznaniu, ul. Mi\u0119towa 37, zarejestrowana w rejestrze przedsi\u0119biorc\u00f3w Krajowego Rejestru S\u0105dowego prowadzonym przez S\u0105d Rejonowy Pozna\u0144-Nowe Miasto i Wilda w Poznaniu, VIII Wydzia\u0142 Gospodarczy Krajowego Rejestru S\u0105dowego pod numerem KRS 0000188418, posiadaj\u0105ca NIP 972-10-78-008, kapita\u0142 zak\u0142adowy 496,000.00PLN, w ca\u0142o\u015bci op\u0142acony.<\/li>\n<li>Niniejsza Polityka jest dokumentem informacyjnym i nie zast\u0119puje Polityki Bezpiecze\u0144stwa, prowadzonej przez Admi- nistratora zgodnie z przepisami o Ochronie Danych Osobowych.<\/li>\n<\/ol>\n<h4><strong>2. Definicje.<\/strong><\/h4>\n<ol>\n<li>www.dom.mobilus.pl - serwis internetowy, s\u0142u\u017c\u0105cy do zarz\u0105dzania urz\u0105dzeniami po\u0142\u0105czonymi z centralk\u0105 COSMO | GTW.<\/li>\n<li>Administrator \u2013 Mobilus Motor Sp. z o. o. z siedzib\u0105 w Poznaniu, ul. Mi\u0119towa 37, zarejestrowana w rejestrze przed- si\u0119biorc\u00f3w Krajowego Rejestru S\u0105dowego prowadzonym przez S\u0105d Rejonowy w Poznaniu S\u0105d, Rejonowy Pozna\u0144-Nowe Miasto i Wilda w Poznaniu, VIII Wydzia\u0142 Gospodarczy Krajowego Rejestru S\u0105dowego pod numerem KRS 0000188418, posiadaj\u0105ca NIP 972-10-78-008, kapita\u0142 zak\u0142adowy 496,000.00PLN, w ca\u0142o\u015bci op\u0142acony.<\/li>\n<li>Serwis pozyskuje informacje o u\u017cytkownikach i urz\u0105dzeniach w nast\u0119puj\u0105cy spos\u00f3b:\n<ul>\n<li>poprzez informacje wprowadzane dobrowolnie w formularzach,<\/li>\n<li>poprzez pliki cookie (tzw. \"ciasteczka\") zapisywane w urz\u0105dzeniach ko\u0144cowych,<\/li>\n<li>poprzez gromadzenie log\u00f3w urz\u0105dze\u0144 przez Administratora.<\/li>\n<\/ul>\n<\/li>\n<li>Cookies \u2013 dane informatyczne, niewielkie pliki tekstowe, zapisywane i przechowywane na urz\u0105dzeniach, za po\u015brednictwem kt\u00f3rych U\u017cytkownik korzysta ze strony internetowej Administratora.<\/li>\n<li> Produkt - produkt z oferty Mobilus Motor.<\/li>\n<li>U\u017cytkownik \u2013 oznacza podmiot, na rzecz kt\u00f3rego zgodnie z Regulaminem i przepisami prawa mog\u0105 by\u0107 \u015bwiadczone us\u0142ugi drog\u0105 elektroniczn\u0105 lub z kt\u00f3rym zawarta mo\u017ce by\u0107 Umowa o \u015bwiadczenie us\u0142ug drog\u0105 elektroniczn\u0105.<\/li>\n<li>Logi systemowe - rejestrowanie na serwerze w tzw. logach systemowych danych produkt\u00f3w zainstalowanych u U\u017cytkownika. Zapisywane w ten spos\u00f3b dane to m.in.: rodzaje urz\u0105dze\u0144, wersja oprogramowania, adres IP.<\/li>\n<\/ol>\n<h4><strong>3. Cel i zakres zbierania danych przez administratora.<\/strong><\/h4>\n<ol>\n<li>Administrator zbiera dane w celu :\n<ul>\n<li>prawid\u0142owej obs\u0142ugi oferowanych produkt\u00f3w w tym wsparcia technicznego przy realizacji us\u0142ug,<\/li>\n<li>przetwarzania zam\u00f3wie\u0144 i\u00a0p\u0142atno\u015bci, realizacji dostaw oraz rozpatrywania reklamacji,<\/li>\n<li>realizacji umowy oraz \u015bwiadczenia us\u0142ug na rzecz os\u00f3b kt\u00f3rych dotycz\u0105,<\/li>\n<li>kontaktu telefonicznego w celu odpowiedzi na pytania,<\/li>\n<li>dostosowania swoich us\u0142ug i\u00a0produkt\u00f3w do wymaga\u0144 u\u017cytkownik\u00f3w,<\/li>\n<li>marketingu bezpo\u015bredniego produkt\u00f3w i us\u0142ug firmy Mobilus, w tym wysy\u0142anie newslettera,<\/li>\n<li>przedstawienia oferty handlowej Mobilus.<\/li>\n<\/ul>\n<\/li>\n<li>Administrator mo\u017ce przetwarza\u0107 nast\u0119puj\u0105ce dane osobowe U\u017cytkownik\u00f3w:\n<ul>\n<li>adres zamieszkania, miasto i kod pocztowy,<\/li>\n<li>numer telefonu, adres-mail,<\/li>\n<li>rodzaje, numery seryjne oraz IP produkt\u00f3w,<\/li>\n<li>dane lokalizacyjne (kraj, miasto), statystyki u\u017cytkowania,<\/li>\n<li>inne, gdy ma na nie zgod\u0119.<\/li>\n<\/ul>\n<\/li>\n<li>Podanie powy\u017cszych danych osobowych mo\u017ce by\u0107 niezb\u0119dne w celu realizacji umowy o\u00a0\u015bwiadczenie Us\u0142ug Elektronicznych w\u00a0Serwisie. Ka\u017cdorazowo zakres wymaganych do zawarcia umowy danych wskazany jest uprzednio na stronie Serwisu oraz w\u00a0Regulaminie Serwisu.<\/li>\n<li>Dane uzyskane na podstawie zgody b\u0119d\u0105 przetwarzane tak d\u0142ugo, jak d\u0142ugo posiadaj\u0105 Pa\u0144stwo konto w serwisie, lub do momentu wniesienia przez Pa\u0144stwa sprzeciwu wobec takiego przetwarzania, w zale\u017cno\u015bci od tego, kt\u00f3re z tych zdarze\u0144 wyst\u0105pi wcze\u015bniej.<\/li>\n<\/ol>\n<h4><strong>4. Stosowanie plik\u00f3w Cookies.<\/strong><\/h4>\n<ol>\n<li>Administrator za po\u015brednictwem strony internetowej dom.mobilus.pl wykorzystuje pliki Cookies.<\/li>\n<li>Informacje zgromadzone na podstawie plik\u00f3w Cookies wykorzystywane s\u0105 w celach w\u0142a\u015bciwej optymalizacji dzia\u0142ania strony internetowej, a tak\u017ce w celach statystycznych oraz reklamowych Mobilus.<\/li>\n<li>Pliki Cookies rejestruj\u0105 aktywno\u015b\u0107 U\u017cytkownika strony internetowej rozpoznaj\u0105c urz\u0105dzenie, dzi\u0119ki czemu strona internetowa wy\u015bwietlana jest w spos\u00f3b zoptymalizowany do indywidualnych preferencji U\u017cytkownika.<\/li>\n<li>Stosowane na stronie internetowej rozwi\u0105zania s\u0105 bezpieczne dla urz\u0105dze\u0144 U\u017cytkownik\u00f3w korzystaj\u0105cych ze strony internetowej Administratora. Nie jest mo\u017cliwe przedostanie si\u0119 do Urz\u0105dze\u0144 U\u017cytkownik\u00f3w niebezpiecznego lub z\u0142o\u015bliwego oprogramowania.<\/li>\n<li>Administrator wykorzystuje dwa typy plik\u00f3w Cookies:\n<ul>\n<li>Cookies sesyjne: to pliki, kt\u00f3re s\u0105 przechowywane na urz\u0105dzeniu U\u017cytkownika i pozostaj\u0105 tam do momentu zako\u0144cze- nia sesji danej przegl\u0105darki. Zapisane informacje s\u0105 w\u00f3wczas trwale usuwane z pami\u0119ci Urz\u0105dzenia. Mechanizm Cookies sesyjnych nie pozwala na pobieranie jakichkolwiek danych osobowych ani \u017cadnych informacji poufnych z urz\u0105dzenia U\u017cytkownika.<\/li>\n<li>Cookies trwa\u0142e: s\u0105 przechowywane na urz\u0105dzeniu U\u017cytkownika i pozostaj\u0105 tam do momentu ich skasowania. Zako\u0144- czenie sesji danej przegl\u0105darki lub wy\u0142\u0105czenie Urz\u0105dzenia nie powoduje ich usuni\u0119cia z urz\u0105dzenia. Mechanizm Cookies trwa\u0142ych nie pozwala na pobieranie jakichkolwiek danych osobowych ani \u017cadnych informacji poufnych z urz\u0105dzenia U\u017cytkownika.<\/li>\n<\/ol>\n<h4><strong>5. SPOSOBY OKRE\u015aLENIA WARUNK\u00d3W PRZECHOWYWANIA LUB UZYSKIWANIA DOST\u0118P\u00d3W DO COOKIES.<\/strong><\/h4>\n<ol>\n<li>U\u017cytkownik ma mo\u017cliwo\u015b\u0107 ograniczenia lub wy\u0142\u0105czenia dost\u0119pu plik\u00f3w Cookies do swojego urz\u0105dzenia. W takim przypadku korzystanie z Serwisu b\u0119dzie mo\u017cliwe, poza funkcjami, kt\u00f3re ze swojej natury wymagaj\u0105 plik\u00f3w Cookies.<\/li>\n<li>U\u017cytkownik mo\u017ce samodzielnie i w ka\u017cdym czasie zmieni\u0107 ustawienia dotycz\u0105ce plik\u00f3w Cookies, okre\u015blaj\u0105c warunki ich przechowywania i uzyskiwania dost\u0119pu przez pliki Cookies do urz\u0105dzenia U\u017cytkownika. Zmiany ustawie\u0144, o kt\u00f3rych mowa powy\u017cej, U\u017cytkownik mo\u017ce dokona\u0107 za pomoc\u0105 ustawie\u0144 przegl\u0105darki internetowej lub za pomoc\u0105 konfiguracji us\u0142ugi. Ustawienia te mog\u0105 zosta\u0107 zmienione, w szczeg\u00f3lno\u015bci w taki spos\u00f3b, aby blokowa\u0107 automatyczn\u0105 obs\u0142ug\u0119 plik\u00f3w Cookies w ustawieniach przegl\u0105darki internetowej b\u0105d\u017a informowa\u0107 o ich ka\u017cdorazowym zamieszczeniu Cookies na urz\u0105dzeniu. Szczeg\u00f3\u0142owe informacje o mo\u017cliwo\u015bci i sposobach obs\u0142ugi plik\u00f3w Cookies dost\u0119pne s\u0105 w ustawieniach oprogramowania (przegl\u0105darki internetowej).<\/li>\n<li>U\u017cytkownik mo\u017ce w ka\u017cdej chwili usun\u0105\u0107 pliki Cookies, korzystaj\u0105c z dost\u0119pnych funkcji w przegl\u0105darce internetowej, kt\u00f3rej u\u017cywa.<\/li>\n<li> Ograniczenie stosowania plik\u00f3w Cookies, mo\u017ce wp\u0142yn\u0105\u0107 na niekt\u00f3re funkcjonalno\u015bci dost\u0119pne na stronie internetowej Administratora.<\/li>\n<\/ol>\n<h4><strong>6. Logi systemowe.<\/strong><\/h4>\n<ol>\n<li>Administrator za po\u015brednictwem strony internetowej dom.mobilus.pl wykorzystuje informacje o produktach. Dane te s\u0105 wykorzystywane w celu administrowania oraz w celu zapewnienia sprawnej obs\u0142ugi urz\u0105dze\u0144 oraz \u015bwiadczonych us\u0142ug.<\/li>\n<\/ol>\n<h4><strong>7. Prawo do kontroli, dost\u0119pu i poprawiania tre\u015bci swoich danych.<\/strong><\/h4>\n<ol>\n<li>Dane osobowe Klient\u00f3w s\u0105 przetwarzane zgodnie z przepisami Ustawy o Ochronie Danych Osobowych oraz Rozporz\u0105dzenia Parlamentu Europejskiego i Rady (UE) 2016\/679 z dnia 27 kwietnia 2016 r. w sprawie ochrony os\u00f3b fizycznych w zwi\u0105zku z przetwarzaniem danych osobowych i w sprawie swobodnego przep\u0142ywu takich danych oraz uchylenia dyrektywy 95\/46\/WE (og\u00f3lne rozporz\u0105dzenie o ochronie danych).<\/li>\n<li>Administrator mo\u017ce powierzy\u0107 do przetwarzania dane osobowe Klient\u00f3w innym podmiotom (podwykonawcom lub partnerom biznesowym), zgodnie z zasadami okre\u015blonymi w ustawie o Ochronie Danych Osobowych oraz og\u00f3lnym Rozporz\u0105dzeniu o ochronie danych. Administrator prowadzi ewidencj\u0119 os\u00f3b upowa\u017cnionych do przetwarzania danych osobowych.<\/li>\n<li>Podawanie przez Klient\u00f3w danych osobowych jest zawsze dobrowolne. Jednak\u017ce nie podanie danych oznaczonych, jako niezb\u0119dne uniemo\u017cliwia zawarcie Umowy o \u015awiadczenie Us\u0142ug.<\/li>\n<li>Na wniosek Klienta dobrowolnie udzielone zgody mog\u0105 by\u0107 w ka\u017cdej chwili cofni\u0119te.<\/li>\n<li>U\u017cytkownik Konta, kt\u00f3ry przekaza\u0142 swoje dane osobowe Administratorowi ma prawo:\n<ul>\n<li>dost\u0119pu do tre\u015bci swoich danych osobowych,<\/li>\n<li>sprostowania danych, je\u017celi przetwarzane dane s\u0105 nieprawid\u0142owe lub niekompletne,<\/li>\n<li>\u017c\u0105dania usuni\u0119cia danych,<\/li>\n<li>\u017c\u0105dania ograniczenia przetwarzania danych,<\/li>\n<li>przenoszenia danych, czyli prawo do otrzymania dostarczonych Administratorowi danych osobowych oraz przes\u0142ania ich innemu administratorowi,<\/li>\n<li>wniesienia sprzeciwu wobec przetwarzania danych,<\/li>\n<li>wniesienia skargi do polskiego organu nadzorczego lub organu nadzorczego innego pa\u0144stwa cz\u0142onkowskiego Unii Europejskiej, w\u0142a\u015bciwego ze wzgl\u0119du na miejsce zwyk\u0142ego pobytu lub pracy osoby, kt\u00f3rej dane dotycz\u0105 lub ze wzgl\u0119du na miejsce domniemanego naruszenia RODO,<\/li>\n<li>cofni\u0119cia zgody w dowolnym momencie (bez wp\u0142ywu na zgodno\u015b\u0107 z prawem przetwarzania, kt\u00f3rego dokonano na podstawie zgody przed jej cofni\u0119ciem),<\/li>\n<li>uzyskania interwencji ze strony Administratora, wyra\u017cenia w\u0142asnego stanowiska i do zakwestionowania decyzji opartej\u00a0 na zautomatyzowanym przetwarzaniu danych.<\/li>\n<\/ul>\n<\/li>\n<li>W\u00a0celu realizacji uprawnie\u0144, o\u00a0kt\u00f3rych mowa powy\u017cej, mo\u017cna kontaktowa\u0107 si\u0119 z\u00a0Administratorem poprzez przes\u0142anie stosownej wiadomo\u015bci pisemnie lub poczt\u0105 elektroniczn\u0105 na adres dom@mobilus.pl. Po otrzymaniu wiadomo\u015bci Administrator niezw\u0142ocznie odniesie si\u0119 do niej.<\/li>\n<\/ol>\n<h4><strong>8. Postanowienia ko\u0144cowe.<\/strong><\/h4>\n<ol>\n<li>Administrator stosuje \u015brodki techniczne i\u00a0organizacyjne, zapewniaj\u0105ce ochron\u0119 przetwarzanych danych osobowych, odpowiedni\u0105 do zagro\u017ce\u0144 oraz kategorii danych obj\u0119tych ochron\u0105. W\u00a0szczeg\u00f3lno\u015bci zabezpiecza dane przed ich udost\u0119pnieniem osobom nieupowa\u017cnionym, zabraniem przez osob\u0119 nieuprawnion\u0105, przetwarzaniem z\u00a0naruszeniem obowi\u0105zuj\u0105cych przepis\u00f3w oraz zmian\u0105, utrat\u0105, uszkodzeniem lub zniszczeniem.<\/li>\n<li>Dane przesy\u0142ane drog\u0105 elektroniczn\u0105 s\u0105 zabezpieczone przed ich pozyskiwaniem i modyfikowaniem przez osoby nieuprawnione poprzez zastosowanie zabezpiecze\u0144 takich jak: program antywirusowy oraz szyfrowanie SSL.<\/li>\n<li>Przetwarzanie danych osobowych przez Administratora Danych obejmuje profilowanie. D\u0105\u017c\u0105c do zaspokajania potrzeb Klienta i zapewnienia trafno\u015bci w doborze danych, Administrator Danych przekazuje informacje, kt\u00f3re mog\u0105 Klienta zainteresowa\u0107. W oparciu o wynik profilowania, Klient mo\u017ce otrzymywa\u0107 dodatkowe informacje, materia\u0142y marketingowe skierowane do okre\u015blonej grupy Klient\u00f3w, oferty lub ankiety.<\/li>\n<li>Us\u0142ugodawca zastrzega prawo zmiany Polityki prywatno\u015bci i plik\u00f3w cookies.<\/li>\n<\/ol>\n<\/li>\n<\/ol>\n[\/vc_column_text][\/vc_column][\/vc_row]\n<\/div>","protected":false},"excerpt":{"rendered":"<p>[vc_row parallax=&#8221;&#8221; parallax_image=&#8221;&#8221; full_width=&#8221;&#8221; poster=&#8221;&#8221; mp4=&#8221;&#8221; m4v=&#8221;&#8221; webm=&#8221;&#8221; ogv=&#8221;&#8221; overlay=&#8221;&#8221;][vc_column width=&#8221;1\/1&#8243;][vc_column_text]<br \/>\nPolityka prywatno\u015bci i plik\u00f3w Cookies serwisu internetowego prowadzonego w domenach i subdomenach mobilus.pl oraz us\u0142ug \u015bwiadczonych przez Mobilus Motor Sp. z o.o.<br \/>\n1. Informacje og\u00f3lne.<\/p>\n<p>Administratorem Serwisu www.dom.mobilus.pl jest Mobilus Motor Sp. z o. o. z siedzib\u0105 w Poznaniu, ul. Mi\u0119towa 37, zarejestrowana w rejestrze przedsi\u0119biorc\u00f3w Krajowego Rejestru S\u0105dowego prowadzonym przez S\u0105d Rejonowy Pozna\u0144-Nowe Miasto i Wilda w Poznaniu, VIII Wydzia\u0142 Gospodarczy Krajowego Rejestru S\u0105dowego pod numerem KRS 0000188418, posiadaj\u0105ca NIP 972-10-78-008, kapita\u0142 zak\u0142adowy 496,000.00PLN, w ca\u0142o\u015bci op\u0142acony.<br \/>\nNiniejsza Polityka jest dokumentem informacyjnym<\/p>\n","protected":false},"author":1,"featured_media":0,"parent":0,"menu_order":0,"comment_status":"open","ping_status":"open","template":"page-nosidebar.php","meta":{"footnotes":""},"class_list":["post-11852","page","type-page","status-publish","hentry"],"yoast_head":"<!-- This site is optimized with the Yoast SEO plugin v24.4 - https:\/\/yoast.com\/wordpress\/plugins\/seo\/ -->\n<title>Polityka prywatno\u015bci Dom Mobilus - Mobilus Motor<\/title>\n<meta name=\"robots\" content=\"index, follow, max-snippet:-1, max-image-preview:large, max-video-preview:-1\" \/>\n<link rel=\"canonical\" href=\"https:\/\/mobilus.pl\/polityka-prywatnosci-dom\/\" \/>\n<meta property=\"og:locale\" content=\"de_DE\" \/>\n<meta property=\"og:type\" content=\"article\" \/>\n<meta property=\"og:title\" content=\"Polityka prywatno\u015bci Dom Mobilus - Mobilus Motor\" \/>\n<meta property=\"og:description\" content=\"[vc_row parallax=&quot;&quot; parallax_image=&quot;&quot; full_width=&quot;&quot; poster=&quot;&quot; mp4=&quot;&quot; m4v=&quot;&quot; webm=&quot;&quot; ogv=&quot;&quot; overlay=&quot;&quot;][vc_column width=&quot;1\/1&quot;][vc_column_text] Polityka prywatno\u015bci i plik\u00f3w Cookies serwisu internetowego prowadzonego w domenach i subdomenach mobilus.pl oraz us\u0142ug \u015bwiadczonych przez Mobilus Motor Sp. z o.o. 1. Informacje og\u00f3lne. Administratorem Serwisu www.dom.mobilus.pl jest Mobilus Motor Sp. z o. o. z siedzib\u0105 w Poznaniu, ul. Mi\u0119towa 37, zarejestrowana w rejestrze przedsi\u0119biorc\u00f3w Krajowego Rejestru S\u0105dowego prowadzonym przez S\u0105d Rejonowy Pozna\u0144-Nowe Miasto i Wilda w Poznaniu, VIII Wydzia\u0142 Gospodarczy Krajowego Rejestru S\u0105dowego pod numerem KRS 0000188418, posiadaj\u0105ca NIP 972-10-78-008, kapita\u0142 zak\u0142adowy 496,000.00PLN, w ca\u0142o\u015bci op\u0142acony. Niniejsza Polityka jest dokumentem informacyjnym\" \/>\n<meta property=\"og:url\" content=\"https:\/\/mobilus.pl\/polityka-prywatnosci-dom\/\" \/>\n<meta property=\"og:site_name\" content=\"Mobilus Motor\" \/>\n<meta property=\"article:publisher\" content=\"https:\/\/web.facebook.com\/mobiluspl\/\" \/>\n<meta property=\"article:modified_time\" content=\"2018-09-10T12:12:05+00:00\" \/>\n<meta name=\"twitter:card\" content=\"summary_large_image\" \/>\n<meta name=\"twitter:label1\" content=\"Gesch\u00e4tzte Lesezeit\" \/>\n\t<meta name=\"twitter:data1\" content=\"8\u00a0Minuten\" \/>\n<script type=\"application\/ld+json\" class=\"yoast-schema-graph\">{\"@context\":\"https:\/\/schema.org\",\"@graph\":[{\"@type\":\"WebPage\",\"@id\":\"https:\/\/mobilus.pl\/polityka-prywatnosci-dom\/\",\"url\":\"https:\/\/mobilus.pl\/polityka-prywatnosci-dom\/\",\"name\":\"Polityka prywatno\u015bci Dom Mobilus - Mobilus Motor\",\"isPartOf\":{\"@id\":\"https:\/\/mobilus.pl\/#website\"},\"datePublished\":\"2018-08-16T09:52:00+00:00\",\"dateModified\":\"2018-09-10T12:12:05+00:00\",\"breadcrumb\":{\"@id\":\"https:\/\/mobilus.pl\/polityka-prywatnosci-dom\/#breadcrumb\"},\"inLanguage\":\"de\",\"potentialAction\":[{\"@type\":\"ReadAction\",\"target\":[\"https:\/\/mobilus.pl\/polityka-prywatnosci-dom\/\"]}]},{\"@type\":\"BreadcrumbList\",\"@id\":\"https:\/\/mobilus.pl\/polityka-prywatnosci-dom\/#breadcrumb\",\"itemListElement\":[{\"@type\":\"ListItem\",\"position\":1,\"name\":\"Strona g\u0142\u00f3wna\",\"item\":\"https:\/\/mobilus.pl\/\"},{\"@type\":\"ListItem\",\"position\":2,\"name\":\"Polityka prywatno\u015bci Dom Mobilus\"}]},{\"@type\":\"WebSite\",\"@id\":\"https:\/\/mobilus.pl\/#website\",\"url\":\"https:\/\/mobilus.pl\/\",\"name\":\"Mobilus Motor\",\"description\":\"enjoy the mobility\",\"publisher\":{\"@id\":\"https:\/\/mobilus.pl\/#organization\"},\"potentialAction\":[{\"@type\":\"SearchAction\",\"target\":{\"@type\":\"EntryPoint\",\"urlTemplate\":\"https:\/\/mobilus.pl\/?s={search_term_string}\"},\"query-input\":{\"@type\":\"PropertyValueSpecification\",\"valueRequired\":true,\"valueName\":\"search_term_string\"}}],\"inLanguage\":\"de\"},{\"@type\":\"Organization\",\"@id\":\"https:\/\/mobilus.pl\/#organization\",\"name\":\"Mobilus Motor\",\"url\":\"https:\/\/mobilus.pl\/\",\"logo\":{\"@type\":\"ImageObject\",\"inLanguage\":\"de\",\"@id\":\"https:\/\/mobilus.pl\/#\/schema\/logo\/image\/\",\"url\":\"https:\/\/mobilus.pl\/wp-content\/uploads\/2014\/09\/mobilus_2013_small.png\",\"contentUrl\":\"https:\/\/mobilus.pl\/wp-content\/uploads\/2014\/09\/mobilus_2013_small.png\",\"width\":180,\"height\":50,\"caption\":\"Mobilus Motor\"},\"image\":{\"@id\":\"https:\/\/mobilus.pl\/#\/schema\/logo\/image\/\"},\"sameAs\":[\"https:\/\/web.facebook.com\/mobiluspl\/\",\"https:\/\/www.instagram.com\/mobiluspl\/\",\"https:\/\/www.youtube.com\/channel\/UCB6ay8tvzv2HRlpIRqWaZeQ\"]}]}<\/script>\n<!-- \/ Yoast SEO plugin. -->","yoast_head_json":{"title":"Polityka prywatno\u015bci Dom Mobilus - Mobilus Motor","robots":{"index":"index","follow":"follow","max-snippet":"max-snippet:-1","max-image-preview":"max-image-preview:large","max-video-preview":"max-video-preview:-1"},"canonical":"https:\/\/mobilus.pl\/polityka-prywatnosci-dom\/","og_locale":"de_DE","og_type":"article","og_title":"Polityka prywatno\u015bci Dom Mobilus - Mobilus Motor","og_description":"[vc_row parallax=\"\" parallax_image=\"\" full_width=\"\" poster=\"\" mp4=\"\" m4v=\"\" webm=\"\" ogv=\"\" overlay=\"\"][vc_column width=\"1\/1\"][vc_column_text] Polityka prywatno\u015bci i plik\u00f3w Cookies serwisu internetowego prowadzonego w domenach i subdomenach mobilus.pl oraz us\u0142ug \u015bwiadczonych przez Mobilus Motor Sp. z o.o. 1. Informacje og\u00f3lne. Administratorem Serwisu www.dom.mobilus.pl jest Mobilus Motor Sp. z o. o. z siedzib\u0105 w Poznaniu, ul. Mi\u0119towa 37, zarejestrowana w rejestrze przedsi\u0119biorc\u00f3w Krajowego Rejestru S\u0105dowego prowadzonym przez S\u0105d Rejonowy Pozna\u0144-Nowe Miasto i Wilda w Poznaniu, VIII Wydzia\u0142 Gospodarczy Krajowego Rejestru S\u0105dowego pod numerem KRS 0000188418, posiadaj\u0105ca NIP 972-10-78-008, kapita\u0142 zak\u0142adowy 496,000.00PLN, w ca\u0142o\u015bci op\u0142acony. Niniejsza Polityka jest dokumentem informacyjnym","og_url":"https:\/\/mobilus.pl\/polityka-prywatnosci-dom\/","og_site_name":"Mobilus Motor","article_publisher":"https:\/\/web.facebook.com\/mobiluspl\/","article_modified_time":"2018-09-10T12:12:05+00:00","twitter_card":"summary_large_image","twitter_misc":{"Gesch\u00e4tzte Lesezeit":"8\u00a0Minuten"},"schema":{"@context":"https:\/\/schema.org","@graph":[{"@type":"WebPage","@id":"https:\/\/mobilus.pl\/polityka-prywatnosci-dom\/","url":"https:\/\/mobilus.pl\/polityka-prywatnosci-dom\/","name":"Polityka prywatno\u015bci Dom Mobilus - Mobilus Motor","isPartOf":{"@id":"https:\/\/mobilus.pl\/#website"},"datePublished":"2018-08-16T09:52:00+00:00","dateModified":"2018-09-10T12:12:05+00:00","breadcrumb":{"@id":"https:\/\/mobilus.pl\/polityka-prywatnosci-dom\/#breadcrumb"},"inLanguage":"de","potentialAction":[{"@type":"ReadAction","target":["https:\/\/mobilus.pl\/polityka-prywatnosci-dom\/"]}]},{"@type":"BreadcrumbList","@id":"https:\/\/mobilus.pl\/polityka-prywatnosci-dom\/#breadcrumb","itemListElement":[{"@type":"ListItem","position":1,"name":"Strona g\u0142\u00f3wna","item":"https:\/\/mobilus.pl\/"},{"@type":"ListItem","position":2,"name":"Polityka prywatno\u015bci Dom Mobilus"}]},{"@type":"WebSite","@id":"https:\/\/mobilus.pl\/#website","url":"https:\/\/mobilus.pl\/","name":"Mobilus Motor","description":"enjoy the mobility","publisher":{"@id":"https:\/\/mobilus.pl\/#organization"},"potentialAction":[{"@type":"SearchAction","target":{"@type":"EntryPoint","urlTemplate":"https:\/\/mobilus.pl\/?s={search_term_string}"},"query-input":{"@type":"PropertyValueSpecification","valueRequired":true,"valueName":"search_term_string"}}],"inLanguage":"de"},{"@type":"Organization","@id":"https:\/\/mobilus.pl\/#organization","name":"Mobilus Motor","url":"https:\/\/mobilus.pl\/","logo":{"@type":"ImageObject","inLanguage":"de","@id":"https:\/\/mobilus.pl\/#\/schema\/logo\/image\/","url":"https:\/\/mobilus.pl\/wp-content\/uploads\/2014\/09\/mobilus_2013_small.png","contentUrl":"https:\/\/mobilus.pl\/wp-content\/uploads\/2014\/09\/mobilus_2013_small.png","width":180,"height":50,"caption":"Mobilus Motor"},"image":{"@id":"https:\/\/mobilus.pl\/#\/schema\/logo\/image\/"},"sameAs":["https:\/\/web.facebook.com\/mobiluspl\/","https:\/\/www.instagram.com\/mobiluspl\/","https:\/\/www.youtube.com\/channel\/UCB6ay8tvzv2HRlpIRqWaZeQ"]}]}},"_links":{"self":[{"href":"https:\/\/mobilus.pl\/de\/wp-json\/wp\/v2\/pages\/11852"}],"collection":[{"href":"https:\/\/mobilus.pl\/de\/wp-json\/wp\/v2\/pages"}],"about":[{"href":"https:\/\/mobilus.pl\/de\/wp-json\/wp\/v2\/types\/page"}],"author":[{"embeddable":true,"href":"https:\/\/mobilus.pl\/de\/wp-json\/wp\/v2\/users\/1"}],"replies":[{"embeddable":true,"href":"https:\/\/mobilus.pl\/de\/wp-json\/wp\/v2\/comments?post=11852"}],"version-history":[{"count":3,"href":"https:\/\/mobilus.pl\/de\/wp-json\/wp\/v2\/pages\/11852\/revisions"}],"predecessor-version":[{"id":11885,"href":"https:\/\/mobilus.pl\/de\/wp-json\/wp\/v2\/pages\/11852\/revisions\/11885"}],"wp:attachment":[{"href":"https:\/\/mobilus.pl\/de\/wp-json\/wp\/v2\/media?parent=11852"}],"curies":[{"name":"wp","href":"https:\/\/api.w.org\/{rel}","templated":true}]}}