{"id":10466,"date":"2017-03-07T11:03:32","date_gmt":"2017-03-07T11:03:32","guid":{"rendered":"https:\/\/mobilus.pl\/?page_id=10466"},"modified":"2026-04-02T09:28:47","modified_gmt":"2026-04-02T09:28:47","slug":"cosmo-gtw","status":"publish","type":"page","link":"https:\/\/mobilus.pl\/de\/mobilus-products\/sterowanie-mobilus\/sterowanie-radiowe-mobilus\/cosmo-gtw\/","title":{"rendered":"COSMO | GTW"},"content":{"rendered":"<div class=\"wpb-content-wrapper\">[vc_row el_class=\"he_gray \"][vc_column][vc_column_text el_class=\"clearrr\"]\n<h4><strong><span style=\"color: #ffffff;\">Zentral COSMO |\u00a0GTW<\/span><\/strong><\/h4>\n[\/vc_column_text][\/vc_column][\/vc_row][vc_row][vc_column][vc_row_inner][vc_column_inner width=\"1\/2\"][vc_gallery interval=\"5\" images=\"10801,10805,10826\" img_size=\"450x600\" onclick=\"\"][vc_facebook][\/vc_column_inner][vc_column_inner width=\"1\/2\"][vc_gallery type=\"image_grid\" images=\"10691,10810,10809,10808,10807,6547,6525\" img_size=\"full\" onclick=\"\"][vc_column_text css=\".vc_custom_1499857874244{margin-top: -15px !important;}\"]\n<h4><strong>SPEZIFIKATION<\/strong><\/h4>\n<ul>\n<li>KOMMUNIKATIONSTECHNIK: COSMO | 2WAY<\/li>\n<li>100\u00a0KAN\u00c4LE<\/li>\n<li>INFINITE ANZAHL DER KANALGRUPPEN<\/li>\n<li>INFINIERUNGSZAHL DER DEFINIERTEN PL\u00c4TZE<\/li>\n<li>AUTOMATIK: TAGESMODUS, WOCHENMODUS, ASTRO-FUNKTIONEN<\/li>\n<li>FARBE: WEISS, SCHWARZ<\/li>\n<li>NETZTEIL: EINGANG 230 V~ \/ 50 Hz; AUSGANG 5V DC 2 A<\/li>\n<li>SCHNITTSTELLEN: Wi-Fi (2,4 GHz, 802.11 b\/g\/n), ETHERNET<\/li>\n<li>BANDBREITE 868 MHz<\/li>\n<li>120 x 120 x 35 mm<\/li>\n<li>NETTOGEWICHT 150g<\/li>\n<\/ul>\n<p><strong><span style=\"color: #51ac29;\"><img loading=\"lazy\" decoding=\"async\" class=\"alignnone wp-image-12307 size-full\" src=\"https:\/\/mobilus.pl\/wp-content\/uploads\/2020\/02\/XPM_BADGING_GoogleAssistant_HOR-kopia.png\" alt=\"\" width=\"200\" height=\"63\" \/><\/span><\/strong><br \/>\n<strong><span style=\"color: #51ac29;\"><a href=\"https:\/\/alexa_eng.mobilus.pl\"><img loading=\"lazy\" decoding=\"async\" class=\"alignnone size-full wp-image-11982\" src=\"https:\/\/mobilus.pl\/wp-content\/uploads\/2018\/11\/Amazon_Alexa_Enabled_RGB-1.jpg\" alt=\"\" width=\"200\" height=\"52\" \/><\/a><\/span><\/strong><\/p>\n<p><strong><span style=\"color: #51ac29;\">Neu!!! Gleich\u00a0im Angebot.<\/span><\/strong>[\/vc_column_text][\/vc_column_inner][\/vc_row_inner][\/vc_column][\/vc_row][vc_row][vc_column][vc_column_text]\n<h4><strong>Downloads<\/strong><\/h4>\n[vc_column_text]<strong><span style=\"color: #ff0000;\"><span style=\"color: #ff0000;\">Warnung! <\/span> Das Hinzuf\u00fcgen und Entfernen von Ger\u00e4ten in MOBILUS COSMO | GTW-Zentrale ben\u00f6tigt einen MASTER-Funksender (jeder MOBILUS-Mehrkanal-Funksender mit COSMO | 2WAY-Kommunikation). Der Handfunksender sollte mindestens so viele Kan\u00e4le haben wie die Anzahl der bedienten Ger\u00e4te.<\/span><\/strong>[\/vc_column_text]\n[vc_column_text css=\".vc_custom_1427373629509{margin-top: 0px !important;}\"]\n<div class=\"custom-table custom-table-2\">\n<table width=\"100%\">\n<thead style=\"background-color: #ffffff;\">\n<tr>\n<th style=\"text-align: center;\"><span style=\"color: #1e1e1e;\">\u00a0 <span style=\"color: #ffffff;\">LISTE DER DATELINE<\/span><\/span><\/th>\n<th style=\"text-align: center;\"><span style=\"color: #ffffff;\">PL<\/span><\/th>\n<th style=\"text-align: center;\"><span style=\"color: #ffffff;\">ENG<\/span><\/th>\n<th style=\"text-align: center;\"><span style=\"color: #ffffff;\">DE<\/span><\/th>\n<\/tr>\n<\/thead>\n<tbody>\n<tr>\n<td style=\"text-align: left;\"><strong>\u00a0\u00a0Fernbedienung zentral COSMO | GTW<\/strong><\/td>\n<td style=\"text-align: center;\"><a href=\"http:\/\/mobilus.pl\/files\/instrukcje\/instrukcja_cosmo_gtw.pdf\"><img loading=\"lazy\" decoding=\"async\" class=\"wp-image-9837 aligncenter\" src=\"https:\/\/mobilus.pl\/wp-content\/uploads\/2016\/11\/ikona_pobierz_v2-300x223.png\" width=\"26\" height=\"19\" srcset=\"https:\/\/mobilus.pl\/wp-content\/uploads\/2016\/11\/ikona_pobierz_v2-300x223.png 300w, https:\/\/mobilus.pl\/wp-content\/uploads\/2016\/11\/ikona_pobierz_v2-768x571.png 768w, https:\/\/mobilus.pl\/wp-content\/uploads\/2016\/11\/ikona_pobierz_v2-1024x761.png 1024w, https:\/\/mobilus.pl\/wp-content\/uploads\/2016\/11\/ikona_pobierz_v2-470x340.png 470w, https:\/\/mobilus.pl\/wp-content\/uploads\/2016\/11\/ikona_pobierz_v2.png 1891w\" sizes=\"(max-width: 26px) 100vw, 26px\" \/><\/a><\/td>\n<td style=\"text-align: center;\"><a href=\"http:\/\/mobilus.pl\/files\/instrukcje\/mobilus_cosmo_gtw_eng.pdf\"><img loading=\"lazy\" decoding=\"async\" class=\"aligncenter wp-image-9837\" src=\"https:\/\/mobilus.pl\/wp-content\/uploads\/2016\/11\/ikona_pobierz_v2-300x223.png\" alt=\"\" width=\"26\" height=\"19\" srcset=\"https:\/\/mobilus.pl\/wp-content\/uploads\/2016\/11\/ikona_pobierz_v2-300x223.png 300w, https:\/\/mobilus.pl\/wp-content\/uploads\/2016\/11\/ikona_pobierz_v2-768x571.png 768w, https:\/\/mobilus.pl\/wp-content\/uploads\/2016\/11\/ikona_pobierz_v2-1024x761.png 1024w, https:\/\/mobilus.pl\/wp-content\/uploads\/2016\/11\/ikona_pobierz_v2-470x340.png 470w, https:\/\/mobilus.pl\/wp-content\/uploads\/2016\/11\/ikona_pobierz_v2.png 1891w\" sizes=\"(max-width: 26px) 100vw, 26px\" \/><\/a><\/td>\n<td style=\"text-align: center;\"><a href=\"http:\/\/mobilus.pl\/files\/instrukcje\/mobilus_cosmo_gtw_de.pdf\"><img loading=\"lazy\" decoding=\"async\" class=\"aligncenter wp-image-9837\" src=\"https:\/\/mobilus.pl\/wp-content\/uploads\/2016\/11\/ikona_pobierz_v2-300x223.png\" alt=\"\" width=\"26\" height=\"19\" srcset=\"https:\/\/mobilus.pl\/wp-content\/uploads\/2016\/11\/ikona_pobierz_v2-300x223.png 300w, https:\/\/mobilus.pl\/wp-content\/uploads\/2016\/11\/ikona_pobierz_v2-768x571.png 768w, https:\/\/mobilus.pl\/wp-content\/uploads\/2016\/11\/ikona_pobierz_v2-1024x761.png 1024w, https:\/\/mobilus.pl\/wp-content\/uploads\/2016\/11\/ikona_pobierz_v2-470x340.png 470w, https:\/\/mobilus.pl\/wp-content\/uploads\/2016\/11\/ikona_pobierz_v2.png 1891w\" sizes=\"(max-width: 26px) 100vw, 26px\" \/><\/a><\/td>\n<\/tr>\n<tr>\n<td style=\"text-align: left;\"><strong>\u00a0\u00a0Mobilus Finder<\/strong><\/td>\n<td style=\"text-align: center;\"><a href=\"http:\/\/mobilus.pl\/files\/software\/gtw\/mobilusfinder.zip\"><img loading=\"lazy\" decoding=\"async\" class=\"wp-image-9837 aligncenter\" src=\"https:\/\/mobilus.pl\/wp-content\/uploads\/2016\/11\/ikona_pobierz_v2-300x223.png\" width=\"26\" height=\"19\" srcset=\"https:\/\/mobilus.pl\/wp-content\/uploads\/2016\/11\/ikona_pobierz_v2-300x223.png 300w, https:\/\/mobilus.pl\/wp-content\/uploads\/2016\/11\/ikona_pobierz_v2-768x571.png 768w, https:\/\/mobilus.pl\/wp-content\/uploads\/2016\/11\/ikona_pobierz_v2-1024x761.png 1024w, https:\/\/mobilus.pl\/wp-content\/uploads\/2016\/11\/ikona_pobierz_v2-470x340.png 470w, https:\/\/mobilus.pl\/wp-content\/uploads\/2016\/11\/ikona_pobierz_v2.png 1891w\" sizes=\"(max-width: 26px) 100vw, 26px\" \/><\/a><\/td>\n<td style=\"text-align: center;\"><\/td>\n<td style=\"text-align: center;\"><\/td>\n<\/tr>\n<\/tbody>\n<\/table>\n<\/div>\n[\/vc_column_text][\/vc_column][\/vc_row]\n<\/div>","protected":false},"excerpt":{"rendered":"<p>[vc_row el_class=&#8221;he_gray &#8220;][vc_column][vc_column_text el_class=&#8221;clearrr&#8221;]<br \/>\nZentral COSMO |\u00a0GTW<br \/>\n[\/vc_column_text][\/vc_column][\/vc_row][vc_row][vc_column][vc_row_inner][vc_column_inner width=&#8221;1\/2&#8243;][vc_gallery interval=&#8221;5&#8243; images=&#8221;10801,10805,10826&#8243; img_size=&#8221;450&#215;600&#8243; onclick=&#8221;&#8221;][vc_facebook][\/vc_column_inner][vc_column_inner width=&#8221;1\/2&#8243;][vc_gallery type=&#8221;image_grid&#8221; images=&#8221;10691,10810,10809,10808,10807,6547,6525&#8243; img_size=&#8221;full&#8221; onclick=&#8221;&#8221;][vc_column_text css=&#8221;.vc_custom_1499857874244{margin-top: -15px !important;}&#8221;]<br \/>\nSPEZIFIKATION<\/p>\n<p>KOMMUNIKATIONSTECHNIK: COSMO | 2WAY<br \/>\n100\u00a0KAN\u00c4LE<br \/>\nINFINITE ANZAHL DER KANALGRUPPEN<br \/>\nINFINIERUNGSZAHL DER DEFINIERTEN PL\u00c4TZE<br \/>\nAUTOMATIK: TAGESMODUS, WOCHENMODUS, ASTRO-FUNKTIONEN<br \/>\nFARBE: WEISS, SCHWARZ<br \/>\nNETZTEIL: EINGANG 230 V~ \/ 50 Hz; AUSGANG 5V DC 2 A<br \/>\nSCHNITTSTELLEN: Wi-Fi (2,4 GHz, 802.11 b\/g\/n), ETHERNET<br \/>\nBANDBREITE 868 MHz<br \/>\n120 x 120 x 35 mm<br \/>\nNETTOGEWICHT 150g<\/p>\n<p>Neu!!! Gleich\u00a0im Angebot.[\/vc_column_text][\/vc_column_inner][\/vc_row_inner][\/vc_column][\/vc_row][vc_row][vc_column][vc_column_text]<br \/>\nDownloads<br \/>\n[vc_column_text]Warnung!  Das Hinzuf\u00fcgen und Entfernen von Ger\u00e4ten in MOBILUS COSMO | GTW-Zentrale ben\u00f6tigt einen MASTER-Funksender (jeder MOBILUS-Mehrkanal-Funksender mit COSMO | 2WAY-Kommunikation). Der Handfunksender sollte mindestens so viele Kan\u00e4le haben wie<\/p>\n","protected":false},"author":1,"featured_media":0,"parent":6863,"menu_order":0,"comment_status":"open","ping_status":"closed","template":"page-sidebar-left.php","meta":{"footnotes":""},"class_list":["post-10466","page","type-page","status-publish","hentry","page_keywords-aplikacja","page_keywords-automatyka","page_keywords-automatyka-roletowa","page_keywords-centralka","page_keywords-centralka-domu-inteligentnego","page_keywords-cosmo-2way","page_keywords-smart-home","page_keywords-smartfon","page_keywords-sterowanie-mobilus","page_keywords-sterowanie-zdalne"],"yoast_head":"<!-- This site is optimized with the Yoast SEO plugin v24.4 - https:\/\/yoast.com\/wordpress\/plugins\/seo\/ -->\n<title>COSMO | GTW - Mobilus Motor<\/title>\n<meta name=\"robots\" content=\"index, follow, max-snippet:-1, max-image-preview:large, max-video-preview:-1\" \/>\n<link rel=\"canonical\" href=\"https:\/\/mobilus.pl\/mobilus-products\/sterowanie-mobilus\/sterowanie-radiowe-mobilus\/cosmo-gtw\/\" \/>\n<meta property=\"og:locale\" content=\"de_DE\" \/>\n<meta property=\"og:type\" content=\"article\" \/>\n<meta property=\"og:title\" content=\"COSMO | GTW - Mobilus Motor\" \/>\n<meta property=\"og:description\" content=\"[vc_row el_class=&quot;he_gray &quot;][vc_column][vc_column_text el_class=&quot;clearrr&quot;] Zentral COSMO |\u00a0GTW [\/vc_column_text][\/vc_column][\/vc_row][vc_row][vc_column][vc_row_inner][vc_column_inner width=&quot;1\/2&quot;][vc_gallery interval=&quot;5&quot; images=&quot;10801,10805,10826&quot; img_size=&quot;450x600&quot; onclick=&quot;&quot;][vc_facebook][\/vc_column_inner][vc_column_inner width=&quot;1\/2&quot;][vc_gallery type=&quot;image_grid&quot; images=&quot;10691,10810,10809,10808,10807,6547,6525&quot; img_size=&quot;full&quot; onclick=&quot;&quot;][vc_column_text css=&quot;.vc_custom_1499857874244{margin-top: -15px !important;}&quot;] SPEZIFIKATION KOMMUNIKATIONSTECHNIK: COSMO | 2WAY 100\u00a0KAN\u00c4LE INFINITE ANZAHL DER KANALGRUPPEN INFINIERUNGSZAHL DER DEFINIERTEN PL\u00c4TZE AUTOMATIK: TAGESMODUS, WOCHENMODUS, ASTRO-FUNKTIONEN FARBE: WEISS, SCHWARZ NETZTEIL: EINGANG 230 V~ \/ 50 Hz; AUSGANG 5V DC 2 A SCHNITTSTELLEN: Wi-Fi (2,4 GHz, 802.11 b\/g\/n), ETHERNET BANDBREITE 868 MHz 120 x 120 x 35 mm NETTOGEWICHT 150g  Neu!!! Gleich\u00a0im Angebot.[\/vc_column_text][\/vc_column_inner][\/vc_row_inner][\/vc_column][\/vc_row][vc_row][vc_column][vc_column_text] Downloads [vc_column_text]Warnung! Das Hinzuf\u00fcgen und Entfernen von Ger\u00e4ten in MOBILUS COSMO | GTW-Zentrale ben\u00f6tigt einen MASTER-Funksender (jeder MOBILUS-Mehrkanal-Funksender mit COSMO | 2WAY-Kommunikation). Der Handfunksender sollte mindestens so viele Kan\u00e4le haben wie\" \/>\n<meta property=\"og:url\" content=\"https:\/\/mobilus.pl\/mobilus-products\/sterowanie-mobilus\/sterowanie-radiowe-mobilus\/cosmo-gtw\/\" \/>\n<meta property=\"og:site_name\" content=\"Mobilus Motor\" \/>\n<meta property=\"article:publisher\" content=\"https:\/\/web.facebook.com\/mobiluspl\/\" \/>\n<meta property=\"article:modified_time\" content=\"2026-04-02T09:28:47+00:00\" \/>\n<meta property=\"og:image\" content=\"https:\/\/mobilus.pl\/wp-content\/uploads\/2020\/02\/XPM_BADGING_GoogleAssistant_HOR-kopia.png\" \/>\n<meta name=\"twitter:card\" content=\"summary_large_image\" \/>\n<meta name=\"twitter:label1\" content=\"Gesch\u00e4tzte Lesezeit\" \/>\n\t<meta name=\"twitter:data1\" content=\"9\u00a0Minuten\" \/>\n<script type=\"application\/ld+json\" class=\"yoast-schema-graph\">{\"@context\":\"https:\/\/schema.org\",\"@graph\":[{\"@type\":\"WebPage\",\"@id\":\"https:\/\/mobilus.pl\/mobilus-products\/sterowanie-mobilus\/sterowanie-radiowe-mobilus\/cosmo-gtw\/\",\"url\":\"https:\/\/mobilus.pl\/mobilus-products\/sterowanie-mobilus\/sterowanie-radiowe-mobilus\/cosmo-gtw\/\",\"name\":\"COSMO | GTW - Mobilus Motor\",\"isPartOf\":{\"@id\":\"https:\/\/mobilus.pl\/#website\"},\"primaryImageOfPage\":{\"@id\":\"https:\/\/mobilus.pl\/mobilus-products\/sterowanie-mobilus\/sterowanie-radiowe-mobilus\/cosmo-gtw\/#primaryimage\"},\"image\":{\"@id\":\"https:\/\/mobilus.pl\/mobilus-products\/sterowanie-mobilus\/sterowanie-radiowe-mobilus\/cosmo-gtw\/#primaryimage\"},\"thumbnailUrl\":\"https:\/\/mobilus.pl\/wp-content\/uploads\/2020\/02\/XPM_BADGING_GoogleAssistant_HOR-kopia.png\",\"datePublished\":\"2017-03-07T11:03:32+00:00\",\"dateModified\":\"2026-04-02T09:28:47+00:00\",\"breadcrumb\":{\"@id\":\"https:\/\/mobilus.pl\/mobilus-products\/sterowanie-mobilus\/sterowanie-radiowe-mobilus\/cosmo-gtw\/#breadcrumb\"},\"inLanguage\":\"de\",\"potentialAction\":[{\"@type\":\"ReadAction\",\"target\":[\"https:\/\/mobilus.pl\/mobilus-products\/sterowanie-mobilus\/sterowanie-radiowe-mobilus\/cosmo-gtw\/\"]}]},{\"@type\":\"ImageObject\",\"inLanguage\":\"de\",\"@id\":\"https:\/\/mobilus.pl\/mobilus-products\/sterowanie-mobilus\/sterowanie-radiowe-mobilus\/cosmo-gtw\/#primaryimage\",\"url\":\"https:\/\/mobilus.pl\/wp-content\/uploads\/2020\/02\/XPM_BADGING_GoogleAssistant_HOR-kopia.png\",\"contentUrl\":\"https:\/\/mobilus.pl\/wp-content\/uploads\/2020\/02\/XPM_BADGING_GoogleAssistant_HOR-kopia.png\"},{\"@type\":\"BreadcrumbList\",\"@id\":\"https:\/\/mobilus.pl\/mobilus-products\/sterowanie-mobilus\/sterowanie-radiowe-mobilus\/cosmo-gtw\/#breadcrumb\",\"itemListElement\":[{\"@type\":\"ListItem\",\"position\":1,\"name\":\"Strona g\u0142\u00f3wna\",\"item\":\"https:\/\/mobilus.pl\/\"},{\"@type\":\"ListItem\",\"position\":2,\"name\":\"Produkty &#8211; Mobilus\",\"item\":\"https:\/\/mobilus.pl\/mobilus-products\/\"},{\"@type\":\"ListItem\",\"position\":3,\"name\":\"Mobilus &#8211; controls\",\"item\":\"https:\/\/mobilus.pl\/mobilus-products\/sterowanie-mobilus\/\"},{\"@type\":\"ListItem\",\"position\":4,\"name\":\"Mobilus &#8211; radio control\",\"item\":\"https:\/\/mobilus.pl\/mobilus-products\/sterowanie-mobilus\/sterowanie-radiowe-mobilus\/\"},{\"@type\":\"ListItem\",\"position\":5,\"name\":\"COSMO | GTW\"}]},{\"@type\":\"WebSite\",\"@id\":\"https:\/\/mobilus.pl\/#website\",\"url\":\"https:\/\/mobilus.pl\/\",\"name\":\"Mobilus Motor\",\"description\":\"enjoy the mobility\",\"publisher\":{\"@id\":\"https:\/\/mobilus.pl\/#organization\"},\"potentialAction\":[{\"@type\":\"SearchAction\",\"target\":{\"@type\":\"EntryPoint\",\"urlTemplate\":\"https:\/\/mobilus.pl\/?s={search_term_string}\"},\"query-input\":{\"@type\":\"PropertyValueSpecification\",\"valueRequired\":true,\"valueName\":\"search_term_string\"}}],\"inLanguage\":\"de\"},{\"@type\":\"Organization\",\"@id\":\"https:\/\/mobilus.pl\/#organization\",\"name\":\"Mobilus Motor\",\"url\":\"https:\/\/mobilus.pl\/\",\"logo\":{\"@type\":\"ImageObject\",\"inLanguage\":\"de\",\"@id\":\"https:\/\/mobilus.pl\/#\/schema\/logo\/image\/\",\"url\":\"https:\/\/mobilus.pl\/wp-content\/uploads\/2014\/09\/mobilus_2013_small.png\",\"contentUrl\":\"https:\/\/mobilus.pl\/wp-content\/uploads\/2014\/09\/mobilus_2013_small.png\",\"width\":180,\"height\":50,\"caption\":\"Mobilus Motor\"},\"image\":{\"@id\":\"https:\/\/mobilus.pl\/#\/schema\/logo\/image\/\"},\"sameAs\":[\"https:\/\/web.facebook.com\/mobiluspl\/\",\"https:\/\/www.instagram.com\/mobiluspl\/\",\"https:\/\/www.youtube.com\/channel\/UCB6ay8tvzv2HRlpIRqWaZeQ\"]}]}<\/script>\n<!-- \/ Yoast SEO plugin. -->","yoast_head_json":{"title":"COSMO | GTW - Mobilus Motor","robots":{"index":"index","follow":"follow","max-snippet":"max-snippet:-1","max-image-preview":"max-image-preview:large","max-video-preview":"max-video-preview:-1"},"canonical":"https:\/\/mobilus.pl\/mobilus-products\/sterowanie-mobilus\/sterowanie-radiowe-mobilus\/cosmo-gtw\/","og_locale":"de_DE","og_type":"article","og_title":"COSMO | GTW - Mobilus Motor","og_description":"[vc_row el_class=\"he_gray \"][vc_column][vc_column_text el_class=\"clearrr\"] Zentral COSMO |\u00a0GTW [\/vc_column_text][\/vc_column][\/vc_row][vc_row][vc_column][vc_row_inner][vc_column_inner width=\"1\/2\"][vc_gallery interval=\"5\" images=\"10801,10805,10826\" img_size=\"450x600\" onclick=\"\"][vc_facebook][\/vc_column_inner][vc_column_inner width=\"1\/2\"][vc_gallery type=\"image_grid\" images=\"10691,10810,10809,10808,10807,6547,6525\" img_size=\"full\" onclick=\"\"][vc_column_text css=\".vc_custom_1499857874244{margin-top: -15px !important;}\"] SPEZIFIKATION KOMMUNIKATIONSTECHNIK: COSMO | 2WAY 100\u00a0KAN\u00c4LE INFINITE ANZAHL DER KANALGRUPPEN INFINIERUNGSZAHL DER DEFINIERTEN PL\u00c4TZE AUTOMATIK: TAGESMODUS, WOCHENMODUS, ASTRO-FUNKTIONEN FARBE: WEISS, SCHWARZ NETZTEIL: EINGANG 230 V~ \/ 50 Hz; AUSGANG 5V DC 2 A SCHNITTSTELLEN: Wi-Fi (2,4 GHz, 802.11 b\/g\/n), ETHERNET BANDBREITE 868 MHz 120 x 120 x 35 mm NETTOGEWICHT 150g  Neu!!! Gleich\u00a0im Angebot.[\/vc_column_text][\/vc_column_inner][\/vc_row_inner][\/vc_column][\/vc_row][vc_row][vc_column][vc_column_text] Downloads [vc_column_text]Warnung! Das Hinzuf\u00fcgen und Entfernen von Ger\u00e4ten in MOBILUS COSMO | GTW-Zentrale ben\u00f6tigt einen MASTER-Funksender (jeder MOBILUS-Mehrkanal-Funksender mit COSMO | 2WAY-Kommunikation). Der Handfunksender sollte mindestens so viele Kan\u00e4le haben wie","og_url":"https:\/\/mobilus.pl\/mobilus-products\/sterowanie-mobilus\/sterowanie-radiowe-mobilus\/cosmo-gtw\/","og_site_name":"Mobilus Motor","article_publisher":"https:\/\/web.facebook.com\/mobiluspl\/","article_modified_time":"2026-04-02T09:28:47+00:00","og_image":[{"url":"https:\/\/mobilus.pl\/wp-content\/uploads\/2020\/02\/XPM_BADGING_GoogleAssistant_HOR-kopia.png","type":"","width":"","height":""}],"twitter_card":"summary_large_image","twitter_misc":{"Gesch\u00e4tzte Lesezeit":"9\u00a0Minuten"},"schema":{"@context":"https:\/\/schema.org","@graph":[{"@type":"WebPage","@id":"https:\/\/mobilus.pl\/mobilus-products\/sterowanie-mobilus\/sterowanie-radiowe-mobilus\/cosmo-gtw\/","url":"https:\/\/mobilus.pl\/mobilus-products\/sterowanie-mobilus\/sterowanie-radiowe-mobilus\/cosmo-gtw\/","name":"COSMO | GTW - Mobilus Motor","isPartOf":{"@id":"https:\/\/mobilus.pl\/#website"},"primaryImageOfPage":{"@id":"https:\/\/mobilus.pl\/mobilus-products\/sterowanie-mobilus\/sterowanie-radiowe-mobilus\/cosmo-gtw\/#primaryimage"},"image":{"@id":"https:\/\/mobilus.pl\/mobilus-products\/sterowanie-mobilus\/sterowanie-radiowe-mobilus\/cosmo-gtw\/#primaryimage"},"thumbnailUrl":"https:\/\/mobilus.pl\/wp-content\/uploads\/2020\/02\/XPM_BADGING_GoogleAssistant_HOR-kopia.png","datePublished":"2017-03-07T11:03:32+00:00","dateModified":"2026-04-02T09:28:47+00:00","breadcrumb":{"@id":"https:\/\/mobilus.pl\/mobilus-products\/sterowanie-mobilus\/sterowanie-radiowe-mobilus\/cosmo-gtw\/#breadcrumb"},"inLanguage":"de","potentialAction":[{"@type":"ReadAction","target":["https:\/\/mobilus.pl\/mobilus-products\/sterowanie-mobilus\/sterowanie-radiowe-mobilus\/cosmo-gtw\/"]}]},{"@type":"ImageObject","inLanguage":"de","@id":"https:\/\/mobilus.pl\/mobilus-products\/sterowanie-mobilus\/sterowanie-radiowe-mobilus\/cosmo-gtw\/#primaryimage","url":"https:\/\/mobilus.pl\/wp-content\/uploads\/2020\/02\/XPM_BADGING_GoogleAssistant_HOR-kopia.png","contentUrl":"https:\/\/mobilus.pl\/wp-content\/uploads\/2020\/02\/XPM_BADGING_GoogleAssistant_HOR-kopia.png"},{"@type":"BreadcrumbList","@id":"https:\/\/mobilus.pl\/mobilus-products\/sterowanie-mobilus\/sterowanie-radiowe-mobilus\/cosmo-gtw\/#breadcrumb","itemListElement":[{"@type":"ListItem","position":1,"name":"Strona g\u0142\u00f3wna","item":"https:\/\/mobilus.pl\/"},{"@type":"ListItem","position":2,"name":"Produkty &#8211; Mobilus","item":"https:\/\/mobilus.pl\/mobilus-products\/"},{"@type":"ListItem","position":3,"name":"Mobilus &#8211; controls","item":"https:\/\/mobilus.pl\/mobilus-products\/sterowanie-mobilus\/"},{"@type":"ListItem","position":4,"name":"Mobilus &#8211; radio control","item":"https:\/\/mobilus.pl\/mobilus-products\/sterowanie-mobilus\/sterowanie-radiowe-mobilus\/"},{"@type":"ListItem","position":5,"name":"COSMO | GTW"}]},{"@type":"WebSite","@id":"https:\/\/mobilus.pl\/#website","url":"https:\/\/mobilus.pl\/","name":"Mobilus Motor","description":"enjoy the mobility","publisher":{"@id":"https:\/\/mobilus.pl\/#organization"},"potentialAction":[{"@type":"SearchAction","target":{"@type":"EntryPoint","urlTemplate":"https:\/\/mobilus.pl\/?s={search_term_string}"},"query-input":{"@type":"PropertyValueSpecification","valueRequired":true,"valueName":"search_term_string"}}],"inLanguage":"de"},{"@type":"Organization","@id":"https:\/\/mobilus.pl\/#organization","name":"Mobilus Motor","url":"https:\/\/mobilus.pl\/","logo":{"@type":"ImageObject","inLanguage":"de","@id":"https:\/\/mobilus.pl\/#\/schema\/logo\/image\/","url":"https:\/\/mobilus.pl\/wp-content\/uploads\/2014\/09\/mobilus_2013_small.png","contentUrl":"https:\/\/mobilus.pl\/wp-content\/uploads\/2014\/09\/mobilus_2013_small.png","width":180,"height":50,"caption":"Mobilus Motor"},"image":{"@id":"https:\/\/mobilus.pl\/#\/schema\/logo\/image\/"},"sameAs":["https:\/\/web.facebook.com\/mobiluspl\/","https:\/\/www.instagram.com\/mobiluspl\/","https:\/\/www.youtube.com\/channel\/UCB6ay8tvzv2HRlpIRqWaZeQ"]}]}},"_links":{"self":[{"href":"https:\/\/mobilus.pl\/de\/wp-json\/wp\/v2\/pages\/10466"}],"collection":[{"href":"https:\/\/mobilus.pl\/de\/wp-json\/wp\/v2\/pages"}],"about":[{"href":"https:\/\/mobilus.pl\/de\/wp-json\/wp\/v2\/types\/page"}],"author":[{"embeddable":true,"href":"https:\/\/mobilus.pl\/de\/wp-json\/wp\/v2\/users\/1"}],"replies":[{"embeddable":true,"href":"https:\/\/mobilus.pl\/de\/wp-json\/wp\/v2\/comments?post=10466"}],"version-history":[{"count":4,"href":"https:\/\/mobilus.pl\/de\/wp-json\/wp\/v2\/pages\/10466\/revisions"}],"predecessor-version":[{"id":13667,"href":"https:\/\/mobilus.pl\/de\/wp-json\/wp\/v2\/pages\/10466\/revisions\/13667"}],"up":[{"embeddable":true,"href":"https:\/\/mobilus.pl\/de\/wp-json\/wp\/v2\/pages\/6863"}],"wp:attachment":[{"href":"https:\/\/mobilus.pl\/de\/wp-json\/wp\/v2\/media?parent=10466"}],"curies":[{"name":"wp","href":"https:\/\/api.w.org\/{rel}","templated":true}]}}